{"id":4521,"date":"2019-10-15T12:49:13","date_gmt":"2019-10-15T10:49:13","guid":{"rendered":"https:\/\/quantum.com.pl\/?post_type=product&#038;p=4521"},"modified":"2020-08-25T23:02:42","modified_gmt":"2020-08-25T21:02:42","slug":"sr100","status":"publish","type":"product","link":"https:\/\/quantum.com.pl\/pl\/product\/sr100\/","title":{"rendered":"SR100"},"content":{"rendered":"<h4>Intel\u00ae QM87 MIL-STD System typu \u201erugged\u201d bez wentylatora z procesorem Haswell Intel\u00ae Core&#x2122; i7, 9V do 36V DC-in oraz szerokim zakresem temperatur: -40 ~ 70 \u00b0C<\/h4>\n<p>&nbsp;<\/p>\n<p>SR100, oparty na chipsecie Intel\u00ae Haswell QM87, jest zasilany przez wbudowany procesor Intel\u00ae Core&#x2122; i7\/i5\/i3 IV generacji. SR100 mo\u017ce dzia\u0142a\u0107 efektywnie w trudnych warunkach, w zakresie temperatur od -40 do 70\u00b0C, i jest idealnym rozwi\u0105zaniem dla aplikacji wojskowych, transportowych, automatyki przemys\u0142owej oraz zastosowa\u0144 Digital Signage.<\/p>\n<p>SR100 bazuje na obudowie EBX, kt\u00f3ra oferuje funkcje z rozszerzalnych gniazd PCIe\/104 i FPE, na pok\u0142adzie Nano SATA (3.0) 16\/32 Giga Byte SSD i Swissbit XR-DIMM do 8GB. Obs\u0142uguje potr\u00f3jny wy\u015bwietlacz, 2 DP i 1 DVI-I, 2 GIGA LAN port, 4 USB 3.0, 1 port COM i 2 gniazda rozszerze\u0144 mPCIe (jeden uk\u0142ad z mSATA). SR100 dostarcza szerokie napi\u0119cie zasilania od 9 do 36V DC-in.<\/p>\n<h4>Dane techniczne SR100:<\/h4>\n<ul>\n<li>IV generacja procesor\u00f3w Intel\u00ae Core&#x2122; i7 Haswell (BGA)<\/li>\n<li>XR-DIMM do 8 GB pami\u0119ci RAM<\/li>\n<li>Wbudowany uSSD SATAIII do 64 GB<\/li>\n<li>Multiwy\u015bwietlacze: 2 x DP, 1 x DVI-I<\/li>\n<li>2 x gniazdo rozszerze\u0144 mPCIe (jeden uk\u0142ad z mSATA)<\/li>\n<li>2 x PCIe Intel\u00ae Gigabit Ethernet<\/li>\n<li>4 x USB 3.0, 1 x port COM<\/li>\n<li>9V ~ 36V DC-in z op\u00f3\u017anieniem zasilania w\u0142.\/wy\u0142.<\/li>\n<li>Zakres temperatur: -40 do 70\u00b0C<\/li>\n<\/ul>\n<p><img loading=\"lazy\" decoding=\"async\" class=\"aligncenter wp-image-4522 size-full\" src=\"https:\/\/quantum.com.pl\/wp-content\/uploads\/2019\/10\/SR100-front-side.jpg\" alt=\"SR100 front and back side\" width=\"1347\" height=\"413\" srcset=\"https:\/\/quantum.com.pl\/wp-content\/uploads\/2019\/10\/SR100-front-side.jpg 1347w, https:\/\/quantum.com.pl\/wp-content\/uploads\/2019\/10\/SR100-front-side-300x92.jpg 300w, https:\/\/quantum.com.pl\/wp-content\/uploads\/2019\/10\/SR100-front-side-768x235.jpg 768w, https:\/\/quantum.com.pl\/wp-content\/uploads\/2019\/10\/SR100-front-side-1024x314.jpg 1024w, https:\/\/quantum.com.pl\/wp-content\/uploads\/2019\/10\/SR100-front-side-860x264.jpg 860w, https:\/\/quantum.com.pl\/wp-content\/uploads\/2019\/10\/SR100-front-side-600x184.jpg 600w\" sizes=\"auto, (max-width: 1347px) 100vw, 1347px\" \/><\/p>\n<h4>Skuteczne rozwi\u0105zanie ch\u0142odz\u0105ce do projektowania termicznego<\/h4>\n<p>STACKRACK implementuje unikalne rozwi\u0105zanie ch\u0142odz\u0105ce do SR100, aby osi\u0105gn\u0105\u0107 maksymalne rozpraszanie ciep\u0142a z miedzianym heat spreaderem, czyst\u0105 miedzian\u0105 heat pipe i aluminiowym heat sinkiem. Dzi\u0119ki aluminiowej obudowie heat sinka umo\u017cliwia dwustronne rozpraszanie ciep\u0142a. Szczeg\u00f3lnie wykorzystuje si\u0119 w tym przypadku fizyczne w\u0142asno\u015bci miedzi i aluminium. Miedziany heat spreader dotyka \u017ar\u00f3d\u0142a ciep\u0142a \u2013 procesor i chipset \u2013 i szybko absorbuje ciep\u0142o, aby nast\u0119pnie przenie\u015b\u0107 je do heat pipe; heat pipe odpowiada z kolei za dwufazowy transfer ciep\u0142a polegaj\u0105cy na zmianie fazy ciecz-para z pracuj\u0105cego p\u0142ynu. Aluminiowy heat sink natychmiast odprowadza ciep\u0142o do otaczaj\u0105cego powietrza. Dzi\u0119ki zaletom konstrukcji bez wentylatora, SR100 mo\u017ce zapewni\u0107 wysok\u0105 niezawodno\u015b\u0107 i stabilno\u015b\u0107 podczas pracy w szerokim zakresie temperatur od -40 do 70\u00b0C.<\/p>\n<h4>Standard MIL-STD-810G zaprojektowany z my\u015bl\u0105 o wstrz\u0105sach i wibracjach<\/h4>\n<p>SR100 jest zaprojektowany tak, aby spe\u0142ni\u0107 norm\u0119 MIL-STD-810G dla wstrz\u0105s\u00f3w i wibracji. Norma MIL-STD-810G jest uwa\u017cana za najwa\u017cniejsz\u0105 zasad\u0119, kt\u00f3ra gwarantuje, \u017ce system osi\u0105ga najwy\u017csz\u0105 jako\u015b\u0107 i stabilno\u015b\u0107 podczas pracy w ekstremalnie trudnych warunkach. Aby potwierdzi\u0107 spe\u0142nienie tej normy przez powy\u017cszy produkt, zosta\u0142y przeprowadzone badania z szeregiem procedur testowych odporno\u015bci na wstrz\u0105sy, wibracje, kurz, wilgotno\u015b\u0107 i ekstremalne temperatury. Co wi\u0119cej, aby system by\u0142 jeszcze bardziej wytrzyma\u0142y, SR100 zaprojektowano z obudow\u0105 EBX i mo\u017cliwo\u015bci\u0105 uk\u0142adania w stosy. Dzi\u0119ki wspomnianym cechom, produkt mo\u017ce zapewni\u0107 maksymaln\u0105 trwa\u0142o\u015b\u0107 przy uk\u0142adaniu razem, poniewa\u017c jest wolny od wibracji. Z kluczowymi elementami CPU i SSD lutowanymi na pok\u0142adzie, daje zwi\u0119kszon\u0105 mo\u017cliwo\u015b\u0107 wstrz\u0105s\u00f3w i wibracji.<\/p>\n<h4>Mo\u017cliwo\u015b\u0107 uk\u0142adania w stosy z rozszerzalno\u015bci\u0105 PCIe\/104 &amp; FPE<\/h4>\n<p>Znane z wytrzyma\u0142o\u015bci aplikacji, niezawodno\u015bci, w\u0142a\u015bciwo\u015bci uszczelniaj\u0105cych i cech zwarto\u015bci, z\u0142\u0105cza PCIe\/104 &amp; FPE idealnie nadaj\u0105 si\u0119 do wysokiej klasy urz\u0105dze\u0144 elektronicznych i wykorzystania w ekstremalnych warunkach \u015brodowiskowych. Z \u0142atwym po\u0142\u0105czeniem\/roz\u0142\u0105czeniem oraz blind mating, SR100 ma funkcjonalne \u017cycie wi\u0119ksze ni\u017c 10 000 cykli krycia. Z\u0142\u0105cze PCIe\/104 w SR100, kt\u00f3re okre\u015bla standard SAMTEC Q2&#x2122; serii QMS\/QFS ma trzy banki (156-pin) orientacji dla modu\u0142u uk\u0142adania. SAMTEC zaprojektowa\u0142 seri\u0119 QMS\/QFS z 15.24 mm wysoko\u015bci stosu dla g\u00f3rnej i dolnej deski uk\u0142adania, a Q2&#x2122; charakteryzuje si\u0119 potr\u00f3jnym przecieraniem wielu high-speed mezzanine interconnects, co sprawia, \u017ce SR100 jest najlepszym wyborem dla trudnych warunk\u00f3w \u015brodowiskowych.<\/p>\n<h4>P\u0142yta g\u0142\u00f3wna systemu: EBX SBC-OXY5737A<\/h4>\n<p>&nbsp;<\/p>\n<p><strong>(1) Procesor Intel\u00ae Core i7 wlutowany na pok\u0142adzie<\/strong><\/p>\n<p>OXY5737A jest oparty na komputerze jednop\u0142ytkowym EBX typu \u201erugged\u201d zasilanym przez procesor Intel Ivy Bridge i7-4700EQ quad core plus chipset QM87 przylutowany na pok\u0142adzie. Dzi\u0119ki temu odporno\u015b\u0107 na wstrz\u0105sy i wibracje jest zwi\u0119kszona, a produkt mo\u017ce dzia\u0142a\u0107 we wszystkich mo\u017cliwych warunkach. Przylutowany procesor pozwala obni\u017cy\u0107 rezystancj\u0119, a indukcyjno\u015b\u0107 na po\u0142\u0105czeniu zwi\u0119ksza efektywn\u0105 transmisj\u0119, kt\u00f3ra mo\u017ce gwarantowa\u0107 lepsz\u0105 wydajno\u015b\u0107 systemu o wi\u0119kszej cz\u0119stotliwo\u015bci.<\/p>\n<p><strong>(2) Mo\u017cliwo\u015b\u0107 rozszerzenia o modu\u0142 dodatkowego przechowywania, SK401<\/strong><\/p>\n<p>SR100 nosi stos rozszerze\u0144 PCIe 104 i FPE, co pozwala systemowi z opcjonalnym modu\u0142em \u0142\u0105czy zwi\u0119ksza\u0107 r\u00f3\u017cnorodno\u015b\u0107 pod\u0142\u0105czania urz\u0105dze\u0144. SR100 mo\u017ce pracowa\u0107 z modu\u0142em sk\u0142adowania SK401. Ze SK401 Storage Module Stacking na pok\u0142adzie mo\u017cna dodatkowo obs\u0142ugiwa\u0107 2 x 2.5&#8243;SSD lub HDD i 2x mSATA. SK401 obs\u0142uguje OS Win 7, Win XP, Linux, DOS, etc.<\/p>\n<p><strong>(3) Szeroki zakres wej\u015bciowy DC od 9V ~ 36V<\/strong><\/p>\n<p>W przypadku niekt\u00f3rych zastosowa\u0107, takich jak transport i wojsko, zawsze istnieje ryzyko niestabilnej energii, kt\u00f3ra mo\u017ce spowodowa\u0107 uszkodzenie systemu. Szeroki zakres wej\u015bciowy DC staje si\u0119 niezb\u0119dnym elementem dla tych aplikacji. SR100 obs\u0142uguje szeroki zakres 9V ~ 36V DC-in w celu ochrony systemu przed uszkodzeniem spowodowanym nag\u0142ym przepi\u0119ciem lub skokiem napi\u0119cia. Funkcja ta gwarantuje elastyczn\u0105 \u015bcie\u017ck\u0119 migracji systemu i eliminuje konieczno\u015b\u0107 przeprojektowania istniej\u0105cej architektury zasilania.<\/p>\n<p>&nbsp;<\/p>\n\n<table id=\"tablepress-171\" class=\"tablepress tablepress-id-171 tbody-has-connected-cells\">\n<thead>\n<tr class=\"row-1\">\n\t<th class=\"column-1\"><strong>Operating Temp.<\/strong><\/th><th class=\"column-2\">-40\u00b0C ~ +70\u00b0C<\/th><td class=\"column-3\"><\/td>\n<\/tr>\n<\/thead>\n<tbody class=\"row-striping row-hover\">\n<tr class=\"row-2\">\n\t<td rowspan=\"6\" class=\"column-1\"><strong>System<\/strong><\/td><td class=\"column-2\">CPU<\/td><td class=\"column-3\">Intel\u00ae Core\u2122 i7 Haswell , BGA type<br \/>\nIntel\u00ae Core i7-4700EQ (4C x 3.4\/2.4 GHz GHz), 6M Cache (47W)<\/td>\n<\/tr>\n<tr class=\"row-3\">\n\t<td class=\"column-2\">Chipset<\/td><td class=\"column-3\">Intel\u00ae QM87 Chipset (Intel\u00ae DH82QM87 PCH)<\/td>\n<\/tr>\n<tr class=\"row-4\">\n\t<td class=\"column-2\">Memory Type<\/td><td class=\"column-3\">1 x DDR3 1600 XR-DIMM up to 8 GB with ECC<\/td>\n<\/tr>\n<tr class=\"row-5\">\n\t<td class=\"column-2\">Expansion Slot<\/td><td class=\"column-3\">2 x mPCIe (1 x colay with mSATA) for GEN2<\/td>\n<\/tr>\n<tr class=\"row-6\">\n\t<td class=\"column-2\">Storage Device<\/td><td class=\"column-3\">1 x mSATA up to 512GB<\/td>\n<\/tr>\n<tr class=\"row-7\">\n\t<td class=\"column-2\">Ethernet Chipset<\/td><td class=\"column-3\">2 x RJ45 : Intel\u00ae I210IT &amp; i217LM GbE , 2 x M12 : Intel\u00ae I210IT<\/td>\n<\/tr>\n<tr class=\"row-8\">\n\t<td rowspan=\"5\" class=\"column-1\"><strong>Front I\/O<\/strong><\/td><td class=\"column-2\">Power Button<\/td><td class=\"column-3\">1 with backlight<\/td>\n<\/tr>\n<tr class=\"row-9\">\n\t<td class=\"column-2\">Power LED<\/td><td class=\"column-3\">1<\/td>\n<\/tr>\n<tr class=\"row-10\">\n\t<td class=\"column-2\">HDD LED<\/td><td class=\"column-3\">1<\/td>\n<\/tr>\n<tr class=\"row-11\">\n\t<td class=\"column-2\">LAN LED<\/td><td class=\"column-3\">2 sets<\/td>\n<\/tr>\n<tr class=\"row-12\">\n\t<td class=\"column-2\">USB<\/td><td class=\"column-3\">2 x USB 3.0<\/td>\n<\/tr>\n<tr class=\"row-13\">\n\t<td rowspan=\"7\" class=\"column-1\"><strong>Rear I\/O<\/strong><\/td><td class=\"column-2\">Power Input<\/td><td class=\"column-3\">1 x 4-pin X-code M12 connector<\/td>\n<\/tr>\n<tr class=\"row-14\">\n\t<td class=\"column-2\">DisplayPort<\/td><td class=\"column-3\">2 x 20-pin DP connector (female)<\/td>\n<\/tr>\n<tr class=\"row-15\">\n\t<td class=\"column-2\">DVI-I<\/td><td class=\"column-3\">1 x 29-pin DVI-D connector (female)<\/td>\n<\/tr>\n<tr class=\"row-16\">\n\t<td class=\"column-2\">Ethernet<\/td><td class=\"column-3\">2 x RJ45 ports<br \/>\n2 x 8-pin A-code M12 connector<\/td>\n<\/tr>\n<tr class=\"row-17\">\n\t<td class=\"column-2\">Audio<\/td><td class=\"column-3\">Mic-in, Line-out<\/td>\n<\/tr>\n<tr class=\"row-18\">\n\t<td class=\"column-2\">COM<\/td><td class=\"column-3\">1x RS-232\/422\/485 ports, Jumper-selectable (DB9 male)<br \/>\n<strong>Serial Signals<\/strong><br \/>\nRS232: DCD-, RXD, TXD, DTR-, GND, DSR-, RTS-, CTS-<br \/>\nRS422: TX-, RX+, TX+, RX-, GND<br \/>\nRS485- 4W: TxD+, TxD-, RxD+, RxD-, GND<br \/>\nRS485- 2W: DATA-, DATA+, GND<\/td>\n<\/tr>\n<tr class=\"row-19\">\n\t<td class=\"column-2\">USB<\/td><td class=\"column-3\">2 x USB 3.0<br \/>\n<\/td>\n<\/tr>\n<tr class=\"row-20\">\n\t<td rowspan=\"2\" class=\"column-1\"><strong>Display<\/strong><\/td><td class=\"column-2\">Display Interface<\/td><td class=\"column-3\">DVI-I interface x 1: 29-pin DVI-I connectors(female); resolution up to 1920 x 1200@60 Hz;<br \/>\nDisplayPort interface x 2: 20-pin display port connectors (female); resolution up to 3840 x 2160@60 Hz<\/td>\n<\/tr>\n<tr class=\"row-21\">\n\t<td class=\"column-2\">Graphics Controller<\/td><td class=\"column-3\">Onboard Intel\u00ae HD 4600 graphics<\/td>\n<\/tr>\n<tr class=\"row-22\">\n\t<td rowspan=\"2\" class=\"column-1\"><strong>OS support list<\/strong><\/td><td class=\"column-2\">Windows<\/td><td class=\"column-3\">Windows 7 x32\/x64\u3001Windows 8 x32\/x64\u3001Windows 8.1 x32\/x64\u3001Windows 10 x32\/x64<\/td>\n<\/tr>\n<tr class=\"row-23\">\n\t<td class=\"column-2\">Linux<\/td><td class=\"column-3\">Fedora 20\u3001Ubuntu 13.04\u3001Ubuntu 13.10\u3001Ubuntu 14.04<\/td>\n<\/tr>\n<tr class=\"row-24\">\n\t<td rowspan=\"6\" class=\"column-1\"><strong>Mechanical and Environment<\/strong><\/td><td class=\"column-2\">Power Requirement<\/td><td class=\"column-3\">9V to 36V DC-in, AT\/ATX mode with power delay on<\/td>\n<\/tr>\n<tr class=\"row-25\">\n\t<td class=\"column-2\">Dimension<\/td><td class=\"column-3\">262 x 149 x 76mm<\/td>\n<\/tr>\n<tr class=\"row-26\">\n\t<td class=\"column-2\">Weight<\/td><td class=\"column-3\">2.98 Kg (6.57 lbs)<\/td>\n<\/tr>\n<tr class=\"row-27\">\n\t<td class=\"column-2\">Operating Temp.<\/td><td class=\"column-3\">-40 to 70\u00b0C(ambient with air flow)<\/td>\n<\/tr>\n<tr class=\"row-28\">\n\t<td class=\"column-2\">Storage Temp.<\/td><td class=\"column-3\">-40 to 85\u00b0C<\/td>\n<\/tr>\n<tr class=\"row-29\">\n\t<td class=\"column-2\">Relative Humidity<\/td><td class=\"column-3\">5% to 95%, non-condensing<\/td>\n<\/tr>\n<tr class=\"row-30\">\n\t<td rowspan=\"3\" class=\"column-1\"><strong>TEST STANDARD<\/strong><\/td><td class=\"column-2\">MIL-STD-810G Test<\/td><td class=\"column-3\">Method 507.5, Procedure II (Temperature &amp; Humidity)<br \/>\nMethod 516.6 Shock-Procedure V Non-Operating (Mechanical Shock)<br \/>\nMethod 516.6 Shock-Procedure I Operating (Mechanical Shock)<br \/>\nMethod 514.6 Vibration Category 24\/Non-Operating (Category 20 &amp; 24, Vibration)<br \/>\nMethod 514.6 Vibration Category 20\/Operating (Category 20 &amp; 24, Vibration)<br \/>\nMethod 501.5, Procedure I (Storage\/High Temperature)<br \/>\nMethod 501.5, Procedure II (Operation\/High Temperature)<br \/>\nMethod 502.5, Procedure I (Storage\/Low Temperature)<br \/>\nMethod 502.5, Procedure II (Operation\/Low Temperature)<br \/>\nMethod 503.5, Procedure I (Temperature shock)<\/td>\n<\/tr>\n<tr class=\"row-31\">\n\t<td class=\"column-2\">EMC<\/td><td class=\"column-3\">CE and FCC certificated<\/td>\n<\/tr>\n<tr class=\"row-32\">\n\t<td class=\"column-2\">Green Product<\/td><td class=\"column-3\">RoHS, WEEE compliance<\/td>\n<\/tr>\n<\/tbody>\n<\/table>\n<!-- #tablepress-171 from cache -->\n","protected":false},"excerpt":{"rendered":"<p>Intel\u00ae QM87 MIL-STD System typu \u201erugged\u201d bez wentylatora z procesorem Haswell Intel\u00ae Core&#x2122; i7, 9V do 36V DC-in oraz szerokim zakresem temperatur: -40 ~ 70 \u00b0C<\/p>\n","protected":false},"featured_media":11090,"template":"","meta":{"_acf_changed":false,"inline_featured_image":false,"_monsterinsights_skip_tracking":false,"_monsterinsights_sitenote_active":false,"_monsterinsights_sitenote_note":"","_monsterinsights_sitenote_category":0},"product_brand":[],"product_cat":[531,1591,509],"product_tag":[],"class_list":{"0":"post-4521","1":"product","2":"type-product","3":"status-publish","4":"has-post-thumbnail","6":"product_cat-komputery-typu-rugged","7":"product_cat-komputery-rugged","8":"product_cat-perfectron","10":"first","11":"instock","12":"shipping-taxable","13":"product-type-simple"},"acf":[],"_links":{"self":[{"href":"https:\/\/quantum.com.pl\/pl\/wp-json\/wp\/v2\/product\/4521","targetHints":{"allow":["GET"]}}],"collection":[{"href":"https:\/\/quantum.com.pl\/pl\/wp-json\/wp\/v2\/product"}],"about":[{"href":"https:\/\/quantum.com.pl\/pl\/wp-json\/wp\/v2\/types\/product"}],"wp:featuredmedia":[{"embeddable":true,"href":"https:\/\/quantum.com.pl\/pl\/wp-json\/wp\/v2\/media\/11090"}],"wp:attachment":[{"href":"https:\/\/quantum.com.pl\/pl\/wp-json\/wp\/v2\/media?parent=4521"}],"wp:term":[{"taxonomy":"product_brand","embeddable":true,"href":"https:\/\/quantum.com.pl\/pl\/wp-json\/wp\/v2\/product_brand?post=4521"},{"taxonomy":"product_cat","embeddable":true,"href":"https:\/\/quantum.com.pl\/pl\/wp-json\/wp\/v2\/product_cat?post=4521"},{"taxonomy":"product_tag","embeddable":true,"href":"https:\/\/quantum.com.pl\/pl\/wp-json\/wp\/v2\/product_tag?post=4521"}],"curies":[{"name":"wp","href":"https:\/\/api.w.org\/{rel}","templated":true}]}}