{"id":4538,"date":"2019-10-15T14:01:59","date_gmt":"2019-10-15T12:01:59","guid":{"rendered":"https:\/\/quantum.com.pl\/?post_type=product&#038;p=4538"},"modified":"2020-08-25T23:02:42","modified_gmt":"2020-08-25T21:02:42","slug":"sr10a","status":"publish","type":"product","link":"https:\/\/quantum.com.pl\/pl\/product\/sr10a\/","title":{"rendered":"SR10A"},"content":{"rendered":"<h4>Intel\u00ae QM87 MIL-STD odporny na wibracje system typu \u201erugged\u201d bez wentylatora z procesorem Intel\u00ae Core&#x2122; i7 Haswell, rozszerzeniem mPCIe 9V do 36V DC-in i szerokim zakresem temperatur: -40 ~ 70 \u00b0C<\/h4>\n<p>SR10A, oparty na chipsecie Intel\u00ae Haswell QM87, jest zasilany przez wbudowany procesor Intel\u00ae Core&#x2122; i7\/i5\/i3 IV generacji. SR10A mo\u017ce dzia\u0142a\u0107 efektywnie w trudnych warunkach, w zakresie temperatur od -40 do 70\u00b0C, i jest idealnym rozwi\u0105zaniem dla aplikacji wojskowych, transportowych, automatyki przemys\u0142owej oraz zastosowa\u0144 Digital Signage. SR10A bazuje na obudowie EBX i Swissbit XR-DIMM do 8GB. Obs\u0142uguje potr\u00f3jny wy\u015bwietlacz, 2 DP i 1 DVI-I, 2 GIGA LAN port, 4 USB 3.0 i 1 port COM. SR10A dostarcza szerokie napi\u0119cie zasilania od 9 do 36V DC-in.<\/p>\n<h4>Dane techniczne:<\/h4>\n<ul>\n<li>IV generacja procesor\u00f3w Intel\u00ae Core&#x2122; i7 Haswell (BGA)<\/li>\n<li>DDR3 do 8 GB XR-DIMM<\/li>\n<li>mSATA do 256GB<\/li>\n<li>Multiwy\u015bwietlacze: 2 x DP, 1 x DVI-I<\/li>\n<li>1 x gniazdo rozszerze\u0144 mPCIe \u2013 2 x PCIe Intel\u00ae Gigabit Ethernet<\/li>\n<li>4 x USB 3.0, 1 x port COM (RS232\/422\/485)<\/li>\n<li>9V ~ 36V DC-in z op\u00f3\u017anieniem zasilania w\u0142.\/wy\u0142.<\/li>\n<li>Zakres temperatur: -40 do 70\u00b0C<\/li>\n<li>Opcjonalny unikalny projekt zderzaka z akcesoriami dla odporno\u015bci na wibracje<\/li>\n<\/ul>\n<p><img loading=\"lazy\" decoding=\"async\" class=\"aligncenter wp-image-4540 size-full\" src=\"https:\/\/quantum.com.pl\/wp-content\/uploads\/2019\/10\/SR10A-front-and-back-side.jpg\" alt=\"SR10A front and back side\" width=\"1347\" height=\"413\" srcset=\"https:\/\/quantum.com.pl\/wp-content\/uploads\/2019\/10\/SR10A-front-and-back-side.jpg 1347w, https:\/\/quantum.com.pl\/wp-content\/uploads\/2019\/10\/SR10A-front-and-back-side-300x92.jpg 300w, https:\/\/quantum.com.pl\/wp-content\/uploads\/2019\/10\/SR10A-front-and-back-side-768x235.jpg 768w, https:\/\/quantum.com.pl\/wp-content\/uploads\/2019\/10\/SR10A-front-and-back-side-1024x314.jpg 1024w, https:\/\/quantum.com.pl\/wp-content\/uploads\/2019\/10\/SR10A-front-and-back-side-860x264.jpg 860w, https:\/\/quantum.com.pl\/wp-content\/uploads\/2019\/10\/SR10A-front-and-back-side-600x184.jpg 600w\" sizes=\"auto, (max-width: 1347px) 100vw, 1347px\" \/><\/p>\n<h4>Standard MIL-STD-810G zaprojektowany z my\u015bl\u0105 o wstrz\u0105sach i wibracjach<\/h4>\n<p>SR10A jest zaprojektowany tak, aby spe\u0142ni\u0107 norm\u0119 MIL-STD-810G dla wstrz\u0105s\u00f3w i wibracji. Norma MIL-STD-810G jest uwa\u017cana za najwa\u017cniejsz\u0105 zasad\u0119, kt\u00f3ra gwarantuje, \u017ce system osi\u0105ga najwy\u017csz\u0105 jako\u015b\u0107 i stabilno\u015b\u0107 podczas pracy w ekstremalnie trudnych warunkach. Aby potwierdzi\u0107 spe\u0142nienie tej normy przez powy\u017cszy produkt, zosta\u0142y przeprowadzone badania z szeregiem procedur testowych odporno\u015bci na wstrz\u0105sy, wibracje, kurz, wilgotno\u015b\u0107 i ekstremalne temperatury. Co wi\u0119cej, aby system by\u0142 jeszcze bardziej wytrzyma\u0142y, SR10A zaprojektowano z obudow\u0105 EBX i mo\u017cliwo\u015bci\u0105 uk\u0142adania w stosy. Dzi\u0119ki wspomnianym cechom, produkt mo\u017ce zapewni\u0107 maksymaln\u0105 trwa\u0142o\u015b\u0107 przy uk\u0142adaniu razem, poniewa\u017c jest wolny od wibracji. Z kluczowymi elementami CPU i SSD lutowanymi na pok\u0142adzie, daje zwi\u0119kszon\u0105 mo\u017cliwo\u015b\u0107 wstrz\u0105s\u00f3w i wibracji. Dzi\u0119ki opcjonalnej konstrukcji zderzaka poziom odporno\u015bci na wibracje mo\u017ce by\u0107 jeszcze wi\u0119kszy.<\/p>\n<h4>Izolator Wire Roper Vibration zaprojektowany dla wy\u017cszej odporno\u015bci na wibracje<\/h4>\n<p>STACKRACK specjalnie zaprojektowa\u0142 izolator Wire Rope Vibration dla SR10A. Izolator ten mo\u017ce utrzymywa\u0107 wy\u017csz\u0105 odporno\u015b\u0107 na wibracje samego produktu. \u2028\u2028Izolator Wire Rope Vibration jest szeroko stosowany przy wspieraniu sprz\u0119tu wojskowego, poniewa\u017c mo\u017ce poch\u0142ania\u0107 wibracje i tym samym chroni\u0107 obiekt przed uszkodzeniem spowodowanym wibracjami w dowolnych osiach jedocze\u015bnie \u2013 ochrona ta mo\u017ce przed\u0142u\u017cy\u0107 \u017cywotno\u015b\u0107 produktu dzia\u0142aj\u0105cego w warunkach wielogodzinnych wibracji i wstrz\u0105s\u00f3w wibracyjnych. Izolator jest narz\u0119dziem bezobs\u0142ugowym o d\u0142ugiej \u017cywotno\u015bci i mo\u017ce si\u0119 roz\u0142adowywa\u0107, gdy jest to wymagane. Poza tym, Izolatory Wire Rope Vibration mog\u0105 przetrwa\u0107 w ekstremalnych temperaturach, korozji, radioaktywno\u015bci, skrajnie niskiej lub wysokiej wilgotno\u015bci i promieniowania UV \u015brodowiska.<\/p>\n<h4>P\u0142yta g\u0142\u00f3wna systemu: EBX SBC-OXY5737A<\/h4>\n<p>&nbsp;<\/p>\n<p><strong>(1) Procesor Intel\u00ae Core i7 wlutowany na pok\u0142adzie<\/strong><\/p>\n<p>OXY5737A jest oparty na komputerze jednop\u0142ytkowym EBX typu \u201erugged\u201d zasilanym przez procesor Intel Ivy Bridge i7-4700EQ quad core plus chipset QM87 przylutowany na pok\u0142adzie. Dzi\u0119ki temu odporno\u015b\u0107 na wstrz\u0105sy i wibracje jest zwi\u0119kszona, a produkt mo\u017ce dzia\u0142a\u0107 we wszystkich mo\u017cliwych warunkach. Przylutowany procesor pozwala obni\u017cy\u0107 rezystancj\u0119, a indukcyjno\u015b\u0107 na po\u0142\u0105czeniu zwi\u0119ksza efektywn\u0105 transmisj\u0119, kt\u00f3ra mo\u017ce gwarantowa\u0107 lepsz\u0105 wydajno\u015b\u0107 systemu o wi\u0119kszej cz\u0119stotliwo\u015bci.<\/p>\n<p><strong>(2) Mo\u017cliwo\u015b\u0107 rozszerzenia o gniazdo mPCIe x 2<\/strong><\/p>\n<p>SR10A ma dwa gniazda mPCIe: jedno wsp\u00f3\u0142dzielone z mSATA, a drugie dla mo\u017cliwo\u015bci dodatkowego rozszerzenia produktu.<\/p>\n<p><strong>(3) Szeroki zakres wej\u015bciowy DC od 9V ~ 36V<\/strong><\/p>\n<p>W przypadku niekt\u00f3rych zastosowa\u0144, takich jak transport i wojsko, zawsze istnieje ryzyko niestabilnej energii, kt\u00f3ra mo\u017ce spowodowa\u0107 uszkodzenie systemu. Szeroki zakres wej\u015bciowy DC staje si\u0119 niezb\u0119dnym elementem dla tych aplikacji. SR10A obs\u0142uguje szeroki zakres 9V ~ 36V DC-in w celu ochrony systemu przed uszkodzeniem spowodowanym nag\u0142ym przepi\u0119ciem lub skokiem napi\u0119cia. Funkcja ta gwarantuje elastyczn\u0105 \u015bcie\u017ck\u0119 migracji systemu i eliminuje konieczno\u015b\u0107 przeprojektowania istniej\u0105cej architektury zasilania.<\/p>\n<p>&nbsp;<\/p>\n\n<table id=\"tablepress-172\" class=\"tablepress tablepress-id-172 tbody-has-connected-cells\">\n<thead>\n<tr class=\"row-1\">\n\t<th class=\"column-1\"><strong>Operating Temp.<\/strong><\/th><th class=\"column-2\">-40\u00b0C ~ 70\u00b0C<\/th><td class=\"column-3\"><\/td>\n<\/tr>\n<\/thead>\n<tbody class=\"row-striping row-hover\">\n<tr class=\"row-2\">\n\t<td rowspan=\"5\" class=\"column-1\"><strong>System<\/strong><\/td><td class=\"column-2\">CPU<\/td><td class=\"column-3\">Intel\u00ae Core\u2122 i7 Haswell , BGA type<br \/>\nIntel\u00ae Core i7-4700EQ (4C x 3.4\/2.4 GHz), 6M Cache (47W)<\/td>\n<\/tr>\n<tr class=\"row-3\">\n\t<td class=\"column-2\">Chipset<\/td><td class=\"column-3\">Intel\u00ae QM87 Chipset (Intel\u00ae DH82QM87 PCH)<\/td>\n<\/tr>\n<tr class=\"row-4\">\n\t<td class=\"column-2\">Memory Type<\/td><td class=\"column-3\">1 x DDR3 1600 XR-DIMM up to 8 GB with ECC<\/td>\n<\/tr>\n<tr class=\"row-5\">\n\t<td class=\"column-2\">Expansion Slot<\/td><td class=\"column-3\">2 x mPCIe (1 x colay with mSATA) for GEN2<\/td>\n<\/tr>\n<tr class=\"row-6\">\n\t<td class=\"column-2\">Storage Device<\/td><td class=\"column-3\">64GB Onboard SSD<br \/>\n1 x mSATA<br \/>\n1 x 2.5\" HDD\/SSD<br \/>\n1 x SatckPC Slot<\/td>\n<\/tr>\n<tr class=\"row-7\">\n\t<td rowspan=\"7\" class=\"column-1\"><strong>Front I\/O<\/strong><\/td><td class=\"column-2\">Power Button<\/td><td class=\"column-3\">Waterproof Power Button with LED backlight<\/td>\n<\/tr>\n<tr class=\"row-8\">\n\t<td class=\"column-2\">Power Input<\/td><td class=\"column-3\">1 x DC input (4-pin Rugged M12 connector)<\/td>\n<\/tr>\n<tr class=\"row-9\">\n\t<td class=\"column-2\">X1<\/td><td class=\"column-3\">2 x USB2.0 (8-pin Rugged M12 connector)<\/td>\n<\/tr>\n<tr class=\"row-10\">\n\t<td class=\"column-2\">X2<\/td><td class=\"column-3\">1 x GbE LAN (8-pin Rugged M12 connector)<\/td>\n<\/tr>\n<tr class=\"row-11\">\n\t<td class=\"column-2\">X3<\/td><td class=\"column-3\">1 x GbE LAN (8-pin Rugged M12 connector)<\/td>\n<\/tr>\n<tr class=\"row-12\">\n\t<td class=\"column-2\">X4<\/td><td class=\"column-3\">1 x VGA (12-pin Rugged M12 connector)<\/td>\n<\/tr>\n<tr class=\"row-13\">\n\t<td class=\"column-2\">X5<\/td><td class=\"column-3\">1 x RS232, 1 x RS485 (12-pin Rugged M12 connector)<\/td>\n<\/tr>\n<tr class=\"row-14\">\n\t<td rowspan=\"2\" class=\"column-1\"><strong>OS support list<\/strong><\/td><td class=\"column-2\">Windows<\/td><td class=\"column-3\">Windows 7 x32\/x64\u3001Windows 8 x32\/x64\u3001Windows 8.1 x32\/x64\u3001Windows 10 x32\/x64<\/td>\n<\/tr>\n<tr class=\"row-15\">\n\t<td class=\"column-2\">Linux<\/td><td class=\"column-3\">Fedora 20\u3001Ubuntu 13.04\u3001Ubuntu 13.10\u3001Ubuntu 14.04\u3001Open SUSE 12.2<\/td>\n<\/tr>\n<tr class=\"row-16\">\n\t<td rowspan=\"6\" class=\"column-1\"><strong>Mechanical and Environment<\/strong><\/td><td class=\"column-2\">Power Requirement<\/td><td class=\"column-3\">9V to 36V DC-in, AT\/ATX mode supports<\/td>\n<\/tr>\n<tr class=\"row-17\">\n\t<td class=\"column-2\">Dimension<\/td><td class=\"column-3\">350 x 230 x 76 mm<\/td>\n<\/tr>\n<tr class=\"row-18\">\n\t<td class=\"column-2\">Weight<\/td><td class=\"column-3\">8.6 kg (18.9 lbs)<\/td>\n<\/tr>\n<tr class=\"row-19\">\n\t<td class=\"column-2\">Operating Temp.<\/td><td class=\"column-3\">-40 to 70\u00b0C(ambient with air flow)<\/td>\n<\/tr>\n<tr class=\"row-20\">\n\t<td class=\"column-2\">Storage Temp.<\/td><td class=\"column-3\">-40 to 85\u00b0C<\/td>\n<\/tr>\n<tr class=\"row-21\">\n\t<td class=\"column-2\">Relative Humidity<\/td><td class=\"column-3\">5% to 95%, non-condensing<\/td>\n<\/tr>\n<tr class=\"row-22\">\n\t<td rowspan=\"3\" class=\"column-1\"><strong>TEST STANDARD<\/strong><\/td><td class=\"column-2\">MIL-STD-810G Test<\/td><td class=\"column-3\">Method 507.5, Procedure II (Temperature &amp; Humidity)<br \/>\nMethod 516.6 Shock-Procedure V Non-Operating (Mechanical Shock)<br \/>\nMethod 516.6 Shock-Procedure I Operating (Mechanical Shock)<br \/>\nMethod 514.6 Vibration Category 24\/Non-Operating (Category 20 &amp; 24, Vibration)<br \/>\nMethod 514.6 Vibration Category 20\/Operating (Category 20 &amp; 24, Vibration)<br \/>\nMethod 501.5, Procedure I (Storage\/High Temperature)<br \/>\nMethod 501.5, Procedure II (Operation\/High Temperature)<br \/>\nMethod 502.5, Procedure I (Storage\/Low Temperature)<br \/>\nMethod 502.5, Procedure II (Operation\/Low Temperature)<br \/>\nMethod 503.5, Procedure I (Temperature shock)<\/td>\n<\/tr>\n<tr class=\"row-23\">\n\t<td class=\"column-2\">EMC<\/td><td class=\"column-3\">CE and FCC compliance<br \/>\nMIL-STD 461F (With Optional Power Module)<\/td>\n<\/tr>\n<tr class=\"row-24\">\n\t<td class=\"column-2\">Green Product<\/td><td class=\"column-3\">RoHS, WEEE compliance<\/td>\n<\/tr>\n<\/tbody>\n<\/table>\n\n","protected":false},"excerpt":{"rendered":"<p>Intel\u00ae QM87 MIL-STD odporny na wibracje system typu \u201erugged\u201d bez wentylatora z procesorem Intel\u00ae Core&#x2122; i7 Haswell, rozszerzeniem mPCIe 9V do 36V DC-in i szerokim zakresem temperatur: -40 ~ 70 \u00b0C<\/p>\n","protected":false},"featured_media":11092,"template":"","meta":{"_acf_changed":false,"inline_featured_image":false,"_monsterinsights_skip_tracking":false,"_monsterinsights_sitenote_active":false,"_monsterinsights_sitenote_note":"","_monsterinsights_sitenote_category":0},"product_brand":[],"product_cat":[531,1591,509],"product_tag":[],"class_list":{"0":"post-4538","1":"product","2":"type-product","3":"status-publish","4":"has-post-thumbnail","6":"product_cat-komputery-typu-rugged","7":"product_cat-komputery-rugged","8":"product_cat-perfectron","10":"first","11":"instock","12":"shipping-taxable","13":"product-type-simple"},"acf":[],"_links":{"self":[{"href":"https:\/\/quantum.com.pl\/pl\/wp-json\/wp\/v2\/product\/4538","targetHints":{"allow":["GET"]}}],"collection":[{"href":"https:\/\/quantum.com.pl\/pl\/wp-json\/wp\/v2\/product"}],"about":[{"href":"https:\/\/quantum.com.pl\/pl\/wp-json\/wp\/v2\/types\/product"}],"wp:featuredmedia":[{"embeddable":true,"href":"https:\/\/quantum.com.pl\/pl\/wp-json\/wp\/v2\/media\/11092"}],"wp:attachment":[{"href":"https:\/\/quantum.com.pl\/pl\/wp-json\/wp\/v2\/media?parent=4538"}],"wp:term":[{"taxonomy":"product_brand","embeddable":true,"href":"https:\/\/quantum.com.pl\/pl\/wp-json\/wp\/v2\/product_brand?post=4538"},{"taxonomy":"product_cat","embeddable":true,"href":"https:\/\/quantum.com.pl\/pl\/wp-json\/wp\/v2\/product_cat?post=4538"},{"taxonomy":"product_tag","embeddable":true,"href":"https:\/\/quantum.com.pl\/pl\/wp-json\/wp\/v2\/product_tag?post=4538"}],"curies":[{"name":"wp","href":"https:\/\/api.w.org\/{rel}","templated":true}]}}