{"id":4551,"date":"2019-10-15T15:31:18","date_gmt":"2019-10-15T13:31:18","guid":{"rendered":"https:\/\/quantum.com.pl\/?post_type=product&#038;p=4551"},"modified":"2020-08-25T23:02:43","modified_gmt":"2020-08-25T21:02:43","slug":"sr10b","status":"publish","type":"product","link":"https:\/\/quantum.com.pl\/pl\/product\/sr10b\/","title":{"rendered":"SR10B"},"content":{"rendered":"<h4>Intel\u00ae QM87 MIL-STD odporny na wibracje system typu \u201erugged\u201d bez wentylatora z procesorem Intel\u00ae Core&#x2122; i7 Haswell, \u0142atw\u0105 do wymiany klatk\u0105 SSD, rozszerzeniem mPCIe 9V do 36V DC-in i szerokim zakresem temperatur: -40 ~ 70 \u00b0C<\/h4>\n<p>&nbsp;<\/p>\n<p>SR10B, oparty na chipsecie Intel\u00ae Haswell QM87, jest zasilany przez wbudowany procesor Intel\u00ae Core&#x2122; i7\/i5\/i3 IV generacji. SR10B mo\u017ce dzia\u0142a\u0107 efektywnie w trudnych warunkach, w zakresie temperatur od -40 do 70\u00b0C, i jest idealnym rozwi\u0105zaniem dla aplikacji wojskowych, transportowych, automatyki przemys\u0142owej oraz zastosowa\u0144 Digital Signage. SR10B bazuje na obudowie EBX i Swissbit XR-DIMM do 8GB. Obs\u0142uguje potr\u00f3jny wy\u015bwietlacz, 2 DP i 1 DVI-I, 4 GIGA LAN port, 4 USB 3.0 i 4 port COM. SR10B dostarcza szerokie napi\u0119cie zasilania od 9 do 36V DC-in.<\/p>\n<h4>Dane techniczne:<\/h4>\n<ul>\n<li>IV generacja procesor\u00f3w Intel\u00ae Core&#x2122; i7 Haswell (BGA)<\/li>\n<li>DDR3 do 8 GB XR-DIMM<\/li>\n<li>mSATA do 512GB<\/li>\n<li>Multiwy\u015bwietlacze: 2 x DP, 1 x DVI-I<\/li>\n<li>1 x gniazdo rozszerze\u0144 mPCIe<\/li>\n<li>4 x PCIe Intel\u00ae Gigabit Ethernet<\/li>\n<li>4 x USB 3.0, 4 x port COM (2 x RS232\/422\/485, 2 x RS232)<\/li>\n<li>9V ~ 36V DC-in z op\u00f3\u017anieniem zasilania w\u0142.\/wy\u0142.<\/li>\n<li>Zakres temperatur: -40 do 70\u00b0C<\/li>\n<li>Opcjonalny unikalny projekt zderzaka z akcesoriami dla odporno\u015bci na wibracje<\/li>\n<\/ul>\n<p><img loading=\"lazy\" decoding=\"async\" class=\"aligncenter wp-image-4552 size-full\" src=\"https:\/\/quantum.com.pl\/wp-content\/uploads\/2019\/10\/SR10B-front-and-back-side.jpg\" alt=\"SR10B front and back side\" width=\"1347\" height=\"413\" srcset=\"https:\/\/quantum.com.pl\/wp-content\/uploads\/2019\/10\/SR10B-front-and-back-side.jpg 1347w, https:\/\/quantum.com.pl\/wp-content\/uploads\/2019\/10\/SR10B-front-and-back-side-300x92.jpg 300w, https:\/\/quantum.com.pl\/wp-content\/uploads\/2019\/10\/SR10B-front-and-back-side-768x235.jpg 768w, https:\/\/quantum.com.pl\/wp-content\/uploads\/2019\/10\/SR10B-front-and-back-side-1024x314.jpg 1024w, https:\/\/quantum.com.pl\/wp-content\/uploads\/2019\/10\/SR10B-front-and-back-side-860x264.jpg 860w, https:\/\/quantum.com.pl\/wp-content\/uploads\/2019\/10\/SR10B-front-and-back-side-600x184.jpg 600w\" sizes=\"auto, (max-width: 1347px) 100vw, 1347px\" \/><\/p>\n<p>&nbsp;<\/p>\n<h4>Standard MIL-STD-810G zaprojektowany z my\u015bl\u0105 o wstrz\u0105sach i wibracjach<\/h4>\n<p>SR10B jest zaprojektowany tak, aby spe\u0142ni\u0107 norm\u0119 MIL-STD-810G dla wstrz\u0105s\u00f3w i wibracji. Norma MIL-STD-810G jest uwa\u017cana za najwa\u017cniejsz\u0105 zasad\u0119, kt\u00f3ra gwarantuje, \u017ce system osi\u0105ga najwy\u017csz\u0105 jako\u015b\u0107 i stabilno\u015b\u0107 podczas pracy w ekstremalnie trudnych warunkach. Aby potwierdzi\u0107 spe\u0142nienie tej normy przez powy\u017cszy produkt, zosta\u0142y przeprowadzone badania z szeregiem procedur testowych odporno\u015bci na wstrz\u0105sy, wibracje, kurz, wilgotno\u015b\u0107 i ekstremalne temperatury. Co wi\u0119cej, aby system by\u0142 jeszcze bardziej wytrzyma\u0142y, SR10B zaprojektowano z obudow\u0105 EBX i mo\u017cliwo\u015bci\u0105 uk\u0142adania w stosy. Dzi\u0119ki wspomnianym cechom, produkt mo\u017ce zapewni\u0107 maksymaln\u0105 trwa\u0142o\u015b\u0107 przy uk\u0142adaniu razem, poniewa\u017c jest wolny od wibracji. Z kluczowymi elementami CPU i SSD lutowanymi na pok\u0142adzie, daje zwi\u0119kszon\u0105 mo\u017cliwo\u015b\u0107 wstrz\u0105s\u00f3w i wibracji. Dzi\u0119ki unikatowej konstrukcji izolatora Wipe Rope Vibration poziom odporno\u015bci na wibracje mo\u017ce by\u0107 jeszcze wi\u0119kszy.<\/p>\n<h4>Izolator Wire Roper Vibration zaprojektowany dla wy\u017cszej odporno\u015bci na wibracje<\/h4>\n<p>STACKRACK specjalnie zaprojektowa\u0142 izolator Wire Rope Vibration dla SR10B. Izolator ten mo\u017ce utrzymywa\u0107 wy\u017csz\u0105 odporno\u015b\u0107 na wibracje samego produktu. Izolator Wire Rope Vibration jest szeroko stosowany przy wspieraniu sprz\u0119tu wojskowego, poniewa\u017c mo\u017ce poch\u0142ania\u0107 wibracje i tym samym chroni\u0107 obiekt przed uszkodzeniem spowodowanym wibracjami w dowolnych osiach jedocze\u015bnie \u2013 ochrona ta mo\u017ce przed\u0142u\u017cy\u0107 \u017cywotno\u015b\u0107 produktu dzia\u0142aj\u0105cego w warunkach wielogodzinnych wibracji i wstrz\u0105s\u00f3w wibracyjnych. Izolator jest narz\u0119dziem bezobs\u0142ugowym o d\u0142ugiej \u017cywotno\u015bci i mo\u017ce si\u0119 roz\u0142adowywa\u0107, gdy jest to wymagane. Poza tym, Izolatory Wire Rope Vibration mog\u0105 przetrwa\u0107 w ekstremalnych temperaturach, korozji, radioaktywno\u015bci, skrajnie niskiej lub wysokiej wilgotno\u015bci i promieniowania UV \u015brodowiska.<\/p>\n<p>&nbsp;<\/p>\n<h4>P\u0142yta g\u0142\u00f3wna systemu: EBX SBC-OXY5737A<\/h4>\n<p>&nbsp;<\/p>\n<p><strong>(1) Procesor Intel\u00ae Core i7 wlutowany na pok\u0142adzie<\/strong><\/p>\n<p>OXY5737A jest oparty na komputerze jednop\u0142ytkowym EBX typu \u201erugged\u201d zasilanym przez procesor Intel Ivy Bridge i7-4700EQ quad core plus chipset QM87 przylutowany na pok\u0142adzie. Dzi\u0119ki temu odporno\u015b\u0107 na wstrz\u0105sy i wibracje jest zwi\u0119kszona, a produkt mo\u017ce dzia\u0142a\u0107 we wszystkich mo\u017cliwych warunkach. Przylutowany procesor pozwala obni\u017cy\u0107 rezystancj\u0119, a indukcyjno\u015b\u0107 na po\u0142\u0105czeniu zwi\u0119ksza efektywn\u0105 transmisj\u0119, kt\u00f3ra mo\u017ce gwarantowa\u0107 lepsz\u0105 wydajno\u015b\u0107 systemu o wi\u0119kszej cz\u0119stotliwo\u015bci.<\/p>\n<p><strong>(2) 2.5&#8243; SATA Easy Storage Accessible Tray<\/strong><\/p>\n<p>Easy Storage Accessible Tray umo\u017cliwia klientowi dost\u0119p do pami\u0119ci masowej bez demonta\u017cu systemu. Pozwala to u\u017cytkownikowi na \u0142atwe usuni\u0119cie, zast\u0105pienie oraz przeprowadzenie dysku twardego. Dzi\u0119ki tej funkcji SR10 mo\u017ce mie\u0107 szerokie zastosowanie w monitoringu, przechowywaniu danych i rozrywkowo-informacyjnych celach dziennikarskich ze wzgl\u0119du na konieczno\u015b\u0107 sporadycznego lub codziennego prze\u0142adowywania pami\u0119ci w tych w\u0142a\u015bnie obszarach.<\/p>\n<p><strong>(3) Szeroki zakres wej\u015bciowy DC od 9V ~ 36V<\/strong><\/p>\n<p>W przypadku niekt\u00f3rych zastosowa\u0144, takich jak transport i wojsko, zawsze istnieje ryzyko niestabilnej energii, kt\u00f3ra mo\u017ce spowodowa\u0107 uszkodzenie systemu. Szeroki zakres wej\u015bciowy DC staje si\u0119 niezb\u0119dnym elementem dla tych aplikacji. SR10A obs\u0142uguje szeroki zakres 9V ~ 36V DC-in w celu ochrony systemu przed uszkodzeniem spowodowanym nag\u0142ym przepi\u0119ciem lub skokiem napi\u0119cia. Funkcja ta gwarantuje elastyczn\u0105 \u015bcie\u017ck\u0119 migracji systemu i eliminuje konieczno\u015b\u0107 przeprojektowania istniej\u0105cej architektury zasilania.<\/p>\n\n<table id=\"tablepress-173\" class=\"tablepress tablepress-id-173\">\n<thead>\n<tr class=\"row-1\">\n\t<th class=\"column-1\"><strong>Model<\/strong><\/th><td class=\"column-2\"><\/td><th class=\"column-3\"><strong>OXY5535B-UT<\/strong><br \/>\n<\/th>\n<\/tr>\n<\/thead>\n<tbody class=\"row-striping row-hover\">\n<tr class=\"row-2\">\n\t<td class=\"column-1\">Temperatura operacyjna<\/td><td class=\"column-2\"><\/td><td class=\"column-3\">-40\u00b0C ~ +85\u00b0C<br \/>\n<\/td>\n<\/tr>\n<tr class=\"row-3\">\n\t<td class=\"column-1\">System<\/td><td class=\"column-2\">Typ CPU<\/td><td class=\"column-3\">Intel\u00ae Ivy Bridge, typ FCBGA1023 <br \/>\nCore\u2122 i3 3217UE (2C x 1.6GHz), 3M L2 cache (17W)<br \/>\nCore\u2122 i7 3517UE (2C x 1.7GHz), 4M L2 cashe (17W)<br \/>\nCeleron 1047UE (1.4GHz), 2M L2 cache (17W)<\/td>\n<\/tr>\n<tr class=\"row-4\">\n\t<td class=\"column-1\"><\/td><td class=\"column-2\">Chipset<\/td><td class=\"column-3\">Intel\u00ae QM77<br \/>\n<\/td>\n<\/tr>\n<tr class=\"row-5\">\n\t<td class=\"column-1\"><\/td><td class=\"column-2\">Typ pami\u0119ci<\/td><td class=\"column-3\">1 x DDR3 1333\/1600 MHz XR-DIMM z ECC do 8 GB<\/td>\n<\/tr>\n<tr class=\"row-6\">\n\t<td class=\"column-1\"><\/td><td class=\"column-2\">BIOS<\/td><td class=\"column-3\">AMI\u00ae UEFI BIOS<br \/>\n<\/td>\n<\/tr>\n<tr class=\"row-7\">\n\t<td class=\"column-1\"><\/td><td class=\"column-2\">Zegar nadzoruj\u0105cy<\/td><td class=\"column-3\">1-255 sek. lub 1-255 min. programowalny software<br \/>\n<\/td>\n<\/tr>\n<tr class=\"row-8\">\n\t<td class=\"column-1\">Gniazdo rozszerze\u0144<\/td><td class=\"column-2\">StackPC<\/td><td class=\"column-3\">1<\/td>\n<\/tr>\n<tr class=\"row-9\">\n\t<td class=\"column-1\"><\/td><td class=\"column-2\">FPE<\/td><td class=\"column-3\">1<\/td>\n<\/tr>\n<tr class=\"row-10\">\n\t<td class=\"column-1\">Obraz<\/td><td class=\"column-2\">Chipset<\/td><td class=\"column-3\">Zintegrowany GFX w procesorze Ivy Bridge<br \/>\n<\/td>\n<\/tr>\n<tr class=\"row-11\">\n\t<td class=\"column-1\"><\/td><td class=\"column-2\">VGA<\/td><td class=\"column-3\">1<\/td>\n<\/tr>\n<tr class=\"row-12\">\n\t<td class=\"column-1\"><\/td><td class=\"column-2\">DVI-D<\/td><td class=\"column-3\">1<\/td>\n<\/tr>\n<tr class=\"row-13\">\n\t<td class=\"column-1\"><\/td><td class=\"column-2\">LVDS<\/td><td class=\"column-3\">Dwukana\u0142owy 24-bitowy LVDS<br \/>\n<\/td>\n<\/tr>\n<tr class=\"row-14\">\n\t<td class=\"column-1\"><\/td><td class=\"column-2\">Typ obrazu<\/td><td class=\"column-3\">VGA + LVDS<br \/>\n<\/td>\n<\/tr>\n<tr class=\"row-15\">\n\t<td class=\"column-1\">Audio<\/td><td class=\"column-2\">Codec<\/td><td class=\"column-3\">Realtek ALC887 High Definition Audio Codec<br \/>\n<\/td>\n<\/tr>\n<tr class=\"row-16\">\n\t<td class=\"column-1\">Ethernet<\/td><td class=\"column-2\">Chipset<\/td><td class=\"column-3\">Intel\u00ae 82579LM &amp; 82574IT GbE<br \/>\n<\/td>\n<\/tr>\n<tr class=\"row-17\">\n\t<td class=\"column-1\">Wewn\u0119trzne I\/O<\/td><td class=\"column-2\">SATA<\/td><td class=\"column-3\">2 x SATAIII (6 Gb\/s)<br \/>\n<\/td>\n<\/tr>\n<tr class=\"row-18\">\n\t<td class=\"column-1\"><\/td><td class=\"column-2\">Dysk flash NAND<br \/>\n<\/td><td class=\"column-3\">Onbaord 32 GB MLC<br \/>\n<\/td>\n<\/tr>\n<tr class=\"row-19\">\n\t<td class=\"column-1\"><\/td><td class=\"column-2\">USB 2.0<\/td><td class=\"column-3\">4<\/td>\n<\/tr>\n<tr class=\"row-20\">\n\t<td class=\"column-1\"><\/td><td class=\"column-2\">COM<\/td><td class=\"column-3\">4 (2x RS232, 2x RS422\/485)<br \/>\n<\/td>\n<\/tr>\n<tr class=\"row-21\">\n\t<td class=\"column-1\"><\/td><td class=\"column-2\">VGA<\/td><td class=\"column-3\">Z\u0142\u0105cze 1 na 1 x 10-stykowe (maks. Rozdzielczo\u015b\u0107 SXGA 2048 x 1536 @ 60 Hz)<br \/>\n<\/td>\n<\/tr>\n<tr class=\"row-22\">\n\t<td class=\"column-1\"><\/td><td class=\"column-2\">LVDS<\/td><td class=\"column-3\">Z\u0142\u0105cze 1 na 1 x 30-stykowe<br \/>\n<\/td>\n<\/tr>\n<tr class=\"row-23\">\n\t<td class=\"column-1\"><\/td><td class=\"column-2\">Inverter<\/td><td class=\"column-3\">Z\u0142\u0105cze 1 na 1 x 5-stykowe<br \/>\n<\/td>\n<\/tr>\n<tr class=\"row-24\">\n\t<td class=\"column-1\"><\/td><td class=\"column-2\">DVI-D<\/td><td class=\"column-3\">Z\u0142\u0105cze 1 na 1 x 30-stykowe (maks. Rozdzielczo\u015b\u0107 1920 x 1080)<br \/>\n<\/td>\n<\/tr>\n<tr class=\"row-25\">\n\t<td class=\"column-1\"><\/td><td class=\"column-2\">DIO<\/td><td class=\"column-3\">8-bit (4 wej\u015bcia \/ 4 wyj\u015bcia bez izolacji)<br \/>\n<\/td>\n<\/tr>\n<tr class=\"row-26\">\n\t<td class=\"column-1\"><\/td><td class=\"column-2\">PS\/2<\/td><td class=\"column-3\">Z\u0142\u0105cze 1 na 1 x 6-stykowe<br \/>\n<\/td>\n<\/tr>\n<tr class=\"row-27\">\n\t<td class=\"column-1\"><\/td><td class=\"column-2\">FAN<\/td><td class=\"column-3\">1<\/td>\n<\/tr>\n<tr class=\"row-28\">\n\t<td class=\"column-1\"><\/td><td class=\"column-2\"><strong>Mechanika i \u015brodowisko<\/strong><\/td><td class=\"column-3\"><\/td>\n<\/tr>\n<tr class=\"row-29\">\n\t<td class=\"column-1\">Form Factor<br \/>\n<\/td><td class=\"column-2\"><\/td><td class=\"column-3\">PCIe\/104 (StackPC)<br \/>\n<\/td>\n<\/tr>\n<tr class=\"row-30\">\n\t<td class=\"column-1\">Typ mocy<\/td><td class=\"column-2\"><\/td><td class=\"column-3\">Wej\u015bcie 12V DC, 4-stykowe z\u0142\u0105cze zasilania ATX, obs\u0142uga trybu AT \/ ATX<br \/>\n<\/td>\n<\/tr>\n<tr class=\"row-31\">\n\t<td class=\"column-1\">Wymiary<\/td><td class=\"column-2\"><\/td><td class=\"column-3\">95.89 x 115.57 mm (3.8\" x 4.6\")<br \/>\n<\/td>\n<\/tr>\n<tr class=\"row-32\">\n\t<td class=\"column-1\">Temperatura operacyjna<\/td><td class=\"column-2\"><\/td><td class=\"column-3\">-40\u00b0C do 85\u00b0C<br \/>\n<\/td>\n<\/tr>\n<tr class=\"row-33\">\n\t<td class=\"column-1\">Temperatura przechowywania<\/td><td class=\"column-2\"><\/td><td class=\"column-3\">-40\u00b0C do 85\u00b0C<br \/>\n<\/td>\n<\/tr>\n<tr class=\"row-34\">\n\t<td class=\"column-1\">Wzgl\u0119dna wilgotno\u015b\u0107<\/td><td class=\"column-2\"><\/td><td class=\"column-3\">10% do 90%, bez kondensacji<br \/>\n<\/td>\n<\/tr>\n<tr class=\"row-35\">\n\t<td class=\"column-1\"><\/td><td class=\"column-2\"><strong>Testy zgodno\u015bci<\/strong><\/td><td class=\"column-3\"><\/td>\n<\/tr>\n<tr class=\"row-36\">\n\t<td class=\"column-1\"><\/td><td class=\"column-2\">Szok temperaturowy<br \/>\n<\/td><td class=\"column-3\">MIL-STD-810G Metoda badawcza 503.5 Procedura szoku termicznego I-C \/ Przechowywanie (Szoki wielocyklowe od sta\u0142ej ekstremalnej temperatury, od 85 \u2103 do -40 \u2103, trzy cykle)<br \/>\n<\/td>\n<\/tr>\n<tr class=\"row-37\">\n\t<td class=\"column-1\">MIL-STD-810G<\/td><td class=\"column-2\">Wysoka temperatura<\/td><td class=\"column-3\">Metoda testowa MIL-STD-810G wysoka temperatura 501,5 (96 godzin przy 75 \u2103 bez dzia\u0142ania + 72 godziny przy 75 \u2103 podczas pracy)<br \/>\n<\/td>\n<\/tr>\n<tr class=\"row-38\">\n\t<td class=\"column-1\"><\/td><td class=\"column-2\">Niska temperatura<\/td><td class=\"column-3\">MIL-STD-810G Metoda badawcza 502,5 Niska temperatura (96 godzin przy -40\u2103 bez dzia\u0142ania +72 godziny przy -40\u2103 podczas pracy)<\/td>\n<\/tr>\n<\/tbody>\n<\/table>\n<!-- #tablepress-173 from cache -->\n","protected":false},"excerpt":{"rendered":"<p>Intel\u00ae QM87 MIL-STD odporny na wibracje system typu \u201erugged\u201d bez wentylatora z procesorem Intel\u00ae Core&#x2122; i7 Haswell, \u0142atw\u0105 do wymiany klatk\u0105 SSD, rozszerzeniem mPCIe 9V do 36V DC-in i szerokim zakresem temperatur: -40 ~ 70 \u00b0C<\/p>\n","protected":false},"featured_media":11094,"template":"","meta":{"_acf_changed":false,"inline_featured_image":false,"_monsterinsights_skip_tracking":false,"_monsterinsights_sitenote_active":false,"_monsterinsights_sitenote_note":"","_monsterinsights_sitenote_category":0},"product_brand":[],"product_cat":[531,1591,509],"product_tag":[],"class_list":{"0":"post-4551","1":"product","2":"type-product","3":"status-publish","4":"has-post-thumbnail","6":"product_cat-komputery-typu-rugged","7":"product_cat-komputery-rugged","8":"product_cat-perfectron","10":"first","11":"instock","12":"shipping-taxable","13":"product-type-simple"},"acf":[],"_links":{"self":[{"href":"https:\/\/quantum.com.pl\/pl\/wp-json\/wp\/v2\/product\/4551","targetHints":{"allow":["GET"]}}],"collection":[{"href":"https:\/\/quantum.com.pl\/pl\/wp-json\/wp\/v2\/product"}],"about":[{"href":"https:\/\/quantum.com.pl\/pl\/wp-json\/wp\/v2\/types\/product"}],"wp:featuredmedia":[{"embeddable":true,"href":"https:\/\/quantum.com.pl\/pl\/wp-json\/wp\/v2\/media\/11094"}],"wp:attachment":[{"href":"https:\/\/quantum.com.pl\/pl\/wp-json\/wp\/v2\/media?parent=4551"}],"wp:term":[{"taxonomy":"product_brand","embeddable":true,"href":"https:\/\/quantum.com.pl\/pl\/wp-json\/wp\/v2\/product_brand?post=4551"},{"taxonomy":"product_cat","embeddable":true,"href":"https:\/\/quantum.com.pl\/pl\/wp-json\/wp\/v2\/product_cat?post=4551"},{"taxonomy":"product_tag","embeddable":true,"href":"https:\/\/quantum.com.pl\/pl\/wp-json\/wp\/v2\/product_tag?post=4551"}],"curies":[{"name":"wp","href":"https:\/\/api.w.org\/{rel}","templated":true}]}}