{"id":4566,"date":"2019-10-15T16:31:30","date_gmt":"2019-10-15T14:31:30","guid":{"rendered":"https:\/\/quantum.com.pl\/?post_type=product&#038;p=4566"},"modified":"2020-08-25T23:02:43","modified_gmt":"2020-08-25T21:02:43","slug":"sr10m","status":"publish","type":"product","link":"https:\/\/quantum.com.pl\/pl\/product\/sr10m\/","title":{"rendered":"SR10M"},"content":{"rendered":"<h4>Intel\u00ae QM87 MIL-STD System typu \u201erugged\u201d bez wentylatora z procesorem Haswell Intel\u00ae Core&#x2122; i7, z\u0142\u0105czami M12, 9V do 36V DC-in i szerokim zakresem temperatur: -40 ~ 70 \u00b0C<\/h4>\n<p>&nbsp;<\/p>\n<p>SR10M, oparty na obudowie EBX, jest zasilany przez chipset Intel\u00ae Haswell QM87, wbudowany procesor Core&#x2122; i7\/i5\/i3 IV generacji oraz Swissbit XR-DIMM do 8GB. SR10M jest zaprojektowany dla niezawodno\u015bci przy wymagaj\u0105cych MIL-SID810G. Mo\u017ce dzia\u0142a\u0107 efektywnie w trudnych warunkach, w zakresie temperatur od -40 do 70\u00b0C, i jest idealnym rozwi\u0105zaniem dla aplikacji wojskowych, transportowych, automatyki przemys\u0142owej oraz zastosowa\u0144 Digital Signage. SR10M ma wytrzyma\u0142\u0105 aluminiow\u0105 obudow\u0119 IP54 typu rugged ze z\u0142\u0105czami M12. Obs\u0142uguje bogate I\/O: 4xUSB 3.0, 1xCOM, 4x LAN \u2013 2 przez \u0142\u0105cze M12 typu rugged i 3 zamykane wyj\u015bcia wideo.<\/p>\n<h4>Dane techniczne:<\/h4>\n<ul>\n<li>Core-i7-4700EQ<\/li>\n<li>XR-DIMM do 8GB<\/li>\n<li>mSATA do 512GB SSD<\/li>\n<li>3 wy\u015bwietlacze: 2 x DP, 1 x DVI-I<\/li>\n<li>2 x porty Ethernet RJ45<\/li>\n<li>2 x porty LAN przez z\u0142\u0105cze M12<\/li>\n<li>4 x USB 3.0, 1 x port COM<\/li>\n<li>9V ~ 36V DC-in z M12<\/li>\n<li>Zakres temperatur:-40 do 70 \u00b0C<\/li>\n<li>Przycisk zasilaj\u0105cy z pokryw\u0105 typu Hand Screw<\/li>\n<li>Ch\u0142odzenie p\u0142yty i przewodnictwa<\/li>\n<\/ul>\n<p><img loading=\"lazy\" decoding=\"async\" class=\"aligncenter wp-image-4567 size-full\" src=\"https:\/\/quantum.com.pl\/wp-content\/uploads\/2019\/10\/SR10M-front-and-back-side.jpg\" alt=\"SR10M front and back side\" width=\"1347\" height=\"413\" srcset=\"https:\/\/quantum.com.pl\/wp-content\/uploads\/2019\/10\/SR10M-front-and-back-side.jpg 1347w, https:\/\/quantum.com.pl\/wp-content\/uploads\/2019\/10\/SR10M-front-and-back-side-300x92.jpg 300w, https:\/\/quantum.com.pl\/wp-content\/uploads\/2019\/10\/SR10M-front-and-back-side-768x235.jpg 768w, https:\/\/quantum.com.pl\/wp-content\/uploads\/2019\/10\/SR10M-front-and-back-side-1024x314.jpg 1024w, https:\/\/quantum.com.pl\/wp-content\/uploads\/2019\/10\/SR10M-front-and-back-side-860x264.jpg 860w, https:\/\/quantum.com.pl\/wp-content\/uploads\/2019\/10\/SR10M-front-and-back-side-600x184.jpg 600w\" sizes=\"auto, (max-width: 1347px) 100vw, 1347px\" \/><\/p>\n<p>SR10M to urz\u0105dzenie o ultra smuk\u0142ym rozmiarze, b\u0119d\u0105ce kompaktowym systemem bezfanowym odpowiednim dla klasy wojskowej. Z wymiarem 262x149x76mm, SR10M doskonale sprawdza si\u0119 w zastosowaniach systemowych na ograniczonej przestrzeni u\u017cytkowania. SR10M cechuje si\u0119 wytrzyma\u0142\u0105 aluminiow\u0105 obudow\u0105 IP54 typu rugged ze z\u0142\u0105czami M12. Obs\u0142uguje bogate I\/O: 4xUSB 3.0, 1 x COM, 4 X LAN \u2013 2 przez z\u0142\u0105cza M12 rugged i 3 zamykane wyj\u015bcia wideo.<\/p>\n<h4>Standard MIL-STD-810G i ch\u0142odzenie przewodz\u0105ce<\/h4>\n<p>SR10B jest zaprojektowany tak, aby spe\u0142ni\u0107 norm\u0119 MIL-STD-810G dla wstrz\u0105s\u00f3w, wibracji i wilgotno\u015bci\/EMI\/EMC. Norma MIL-STD-810G jest uwa\u017cana za najwa\u017cniejsz\u0105 zasad\u0119, kt\u00f3ra gwarantuje, \u017ce system osi\u0105ga najwy\u017csz\u0105 jako\u015b\u0107 i stabilno\u015b\u0107 podczas pracy w ekstremalnie trudnych warunkach. Co wi\u0119cej, SR10M jest zaprojektowany w obudowie EBX i daje mo\u017cliwo\u015b\u0107 uk\u0142adania w stosy. Aby potwierdzi\u0107 spe\u0142nienie standard\u00f3w przez powy\u017cszy produkt, zosta\u0142y przeprowadzone badania z szeregiem procedur testowych odporno\u015bci na wstrz\u0105sy, wibracje, kurz, wilgotno\u015b\u0107 i ekstremalne temperatury. Poza tym, SR10M wyposa\u017cony w konstrukcj\u0119 ch\u0142odzenia termicznego i ch\u0142odzenia przewodz\u0105cego, w ramach wszystkich zalet konstrukcji bez wentylatora, mo\u017ce zapewni\u0107 wysok\u0105 niezawodno\u015b\u0107 i stabilno\u015b\u0107 podczas pracy w szerokim zakresie temperatur od -40 do 70\u00b0C.<\/p>\n<p>&nbsp;<\/p>\n<h4>P\u0142yta g\u0142\u00f3wna systemu: EBX SBC-OXY5737A<\/h4>\n<p>&nbsp;<\/p>\n<p><strong>(1) Procesor Intel\u00ae Core i7 wlutowany na pok\u0142adzie<\/strong><\/p>\n<p>OXY5737A jest oparty na komputerze jednop\u0142ytkowym EBX typu \u201erugged\u201d zasilanym przez procesor Intel Ivy Bridge i7-4700EQ quad core plus chipset QM87 przylutowany na pok\u0142adzie. Dzi\u0119ki temu odporno\u015b\u0107 na wstrz\u0105sy i wibracje jest zwi\u0119kszona, a produkt mo\u017ce dzia\u0142a\u0107 we wszystkich mo\u017cliwych warunkach. Przylutowany procesor pozwala obni\u017cy\u0107 rezystancj\u0119, a indukcyjno\u015b\u0107 na po\u0142\u0105czeniu zwi\u0119ksza efektywn\u0105 transmisj\u0119, kt\u00f3ra mo\u017ce gwarantowa\u0107 lepsz\u0105 wydajno\u015b\u0107 systemu o wi\u0119kszej cz\u0119stotliwo\u015bci.<\/p>\n<p><strong>(2) Szeroki zakres wej\u015bciowy DC od 9V ~ 36V<\/strong><\/p>\n<p>W przypadku niekt\u00f3rych zastosowa\u0107, takich jak transport i wojsko, zawsze istnieje ryzyko niestabilnej energii, kt\u00f3ra mo\u017ce spowodowa\u0107 uszkodzenie systemu. Szeroki zakres wej\u015bciowy DC staje si\u0119 niezb\u0119dnym elementem dla tych aplikacji. SR10M obs\u0142uguje szeroki zakres 9V ~ 36V DC-in w celu ochrony systemu przed uszkodzeniem spowodowanym nag\u0142ym przepi\u0119ciem lub skokiem napi\u0119cia. Funkcja ta gwarantuje elastyczn\u0105 \u015bcie\u017ck\u0119 migracji systemu i eliminuje konieczno\u015b\u0107 przeprojektowania istniej\u0105cej architektury zasilania.<\/p>\n\n<table id=\"tablepress-174\" class=\"tablepress tablepress-id-174\">\n<thead>\n<tr class=\"row-1\">\n\t<th class=\"column-1\">Model urz\u0105dzenia<\/th><th class=\"column-2\">OXY5535B<\/th><th class=\"column-3\">Wynik testu<\/th><td class=\"column-4\"><\/td><th class=\"column-5\">Przej\u015bcie<\/th>\n<\/tr>\n<\/thead>\n<tbody class=\"row-striping row-hover\">\n<tr class=\"row-2\">\n\t<td class=\"column-1\">Tester<\/td><td class=\"column-2\">Ian Huang<br \/>\n<\/td><td class=\"column-3\"><\/td><td class=\"column-4\"><\/td><td class=\"column-5\"><\/td>\n<\/tr>\n<tr class=\"row-3\">\n\t<td class=\"column-1\"><\/td><td class=\"column-2\"><\/td><td class=\"column-3\">Test temperatury<\/td><td class=\"column-4\"><\/td><td class=\"column-5\">Test czasu<\/td>\n<\/tr>\n<tr class=\"row-4\">\n\t<td class=\"column-1\"><\/td><td class=\"column-2\"><\/td><td class=\"column-3\">Wysokiej<\/td><td class=\"column-4\">0~85\u00b0C<\/td><td class=\"column-5\">5 godzin<\/td>\n<\/tr>\n<tr class=\"row-5\">\n\t<td class=\"column-1\"><\/td><td class=\"column-2\"><\/td><td class=\"column-3\">Niskiej<\/td><td class=\"column-4\">-40~0\u00b0C<\/td><td class=\"column-5\">2 godziny<\/td>\n<\/tr>\n<tr class=\"row-6\">\n\t<td class=\"column-1\"><\/td><td class=\"column-2\"><\/td><td class=\"column-3\">Standard testowy<br \/>\n<\/td><td class=\"column-4\">Reference IEC60068-2<br \/>\n<\/td><td class=\"column-5\"><\/td>\n<\/tr>\n<tr class=\"row-7\">\n\t<td class=\"column-1\"><\/td><td class=\"column-2\"><\/td><td class=\"column-3\">Test oprogramowania<\/td><td class=\"column-4\">Test Burnin v7.1 \u3001<br \/>\nCrystal DiskMARK3.03,<br \/>\nNarz\u0119dzie Intel Extreme Tuning Utility<\/td><td class=\"column-5\"><\/td>\n<\/tr>\n<tr class=\"row-8\">\n\t<td class=\"column-1\"><br \/>\n<\/td><td class=\"column-2\"><\/td><td class=\"column-3\">Kryteria<\/td><td class=\"column-4\">Po przetestowaniu system nie mo\u017ce si\u0119 zatrzyma\u0107.<br \/>\n<\/td><td class=\"column-5\"><\/td>\n<\/tr>\n<\/tbody>\n<\/table>\n<!-- #tablepress-174 from cache -->\n","protected":false},"excerpt":{"rendered":"<p>Intel\u00ae QM87 MIL-STD System typu \u201erugged\u201d bez wentylatora z procesorem Haswell Intel\u00ae Core&#x2122; i7, z\u0142\u0105czami M12, 9V do 36V DC-in i szerokim zakresem temperatur: -40 ~ 70 \u00b0C<\/p>\n","protected":false},"featured_media":11096,"template":"","meta":{"_acf_changed":false,"inline_featured_image":false,"_monsterinsights_skip_tracking":false,"_monsterinsights_sitenote_active":false,"_monsterinsights_sitenote_note":"","_monsterinsights_sitenote_category":0},"product_brand":[],"product_cat":[531,1591,509],"product_tag":[],"class_list":{"0":"post-4566","1":"product","2":"type-product","3":"status-publish","4":"has-post-thumbnail","6":"product_cat-komputery-typu-rugged","7":"product_cat-komputery-rugged","8":"product_cat-perfectron","10":"first","11":"instock","12":"shipping-taxable","13":"product-type-simple"},"acf":[],"_links":{"self":[{"href":"https:\/\/quantum.com.pl\/pl\/wp-json\/wp\/v2\/product\/4566","targetHints":{"allow":["GET"]}}],"collection":[{"href":"https:\/\/quantum.com.pl\/pl\/wp-json\/wp\/v2\/product"}],"about":[{"href":"https:\/\/quantum.com.pl\/pl\/wp-json\/wp\/v2\/types\/product"}],"wp:featuredmedia":[{"embeddable":true,"href":"https:\/\/quantum.com.pl\/pl\/wp-json\/wp\/v2\/media\/11096"}],"wp:attachment":[{"href":"https:\/\/quantum.com.pl\/pl\/wp-json\/wp\/v2\/media?parent=4566"}],"wp:term":[{"taxonomy":"product_brand","embeddable":true,"href":"https:\/\/quantum.com.pl\/pl\/wp-json\/wp\/v2\/product_brand?post=4566"},{"taxonomy":"product_cat","embeddable":true,"href":"https:\/\/quantum.com.pl\/pl\/wp-json\/wp\/v2\/product_cat?post=4566"},{"taxonomy":"product_tag","embeddable":true,"href":"https:\/\/quantum.com.pl\/pl\/wp-json\/wp\/v2\/product_tag?post=4566"}],"curies":[{"name":"wp","href":"https:\/\/api.w.org\/{rel}","templated":true}]}}