{"id":4581,"date":"2019-10-15T18:03:05","date_gmt":"2019-10-15T16:03:05","guid":{"rendered":"https:\/\/quantum.com.pl\/?post_type=product&#038;p=4581"},"modified":"2020-08-25T23:02:43","modified_gmt":"2020-08-25T21:02:43","slug":"sr700","status":"publish","type":"product","link":"https:\/\/quantum.com.pl\/pl\/product\/sr700\/","title":{"rendered":"SR700"},"content":{"rendered":"<h4>Intel\u00ae QM87 MIL-STD System typu \u201erugged\u201d bez wentylatora z procesorem Intel\u00ae Core&#x2122; i7-4700EQ Haswell, ochron\u0105 IP65, z\u0142\u0105czami typu M12, 9V do 36V DC-in i szerokim zakresem temperatur: -40 ~ 70 \u00b0C<\/h4>\n<p>&nbsp;<\/p>\n<p>SR700, EBX system typu \u201erugged\u201d to pot\u0119\u017cny system nap\u0119dzany przez Intel\u00ae Haswell CPU IV generacji i chipset lutowany na pok\u0142adzie. Procesor i7-4700EQ plus Chipset Intel\u00ae QM87 obs\u0142uguje pr\u0119dko\u015b\u0107 zegara 2.4 GHz do 3.4 GHz. Produkt zosta\u0142 zaprojektowany w taki spos\u00f3b, aby radzi\u0107 sobie z ogromnym przetwarzaniem danych. SR700 wyr\u00f3\u017cnia si\u0119 ekstremaln\u0105 wytrzyma\u0142\u0105 konstrukcj\u0105, wysok\u0105 funkcjonalno\u015bci\u0105 oraz specjalnie zainstalowanymi z\u0142\u0105czami MIL-STD M12. Gwarantowana jest r\u00f3wnie\u017c pe\u0142na ochrona IP65.<\/p>\n<p>Jeszcze bardziej imponuj\u0105cym jest fakt, \u017ce SR700 mo\u017ce wytrzyma\u0107 wibracje do 10 Grms i wstrz\u0105s do 75G. Obs\u0142uguje rozszerzone temperatury pracy od -40 do 70\u00b0C. Zakres 9V ~ 36V DC-in mo\u017ce chroni\u0107 system przed uszkodzeniami spowodowanymi nag\u0142ym wzrostem napi\u0119cia, a tym samym dodatkowo zabezpieczy\u0107 niezawodno\u015b\u0107 jego niezb\u0119dnych komponent\u00f3w i samego systemu.<\/p>\n<p>SR700 to idealne rozwi\u0105zanie do cel\u00f3w wojskowych, takich jak obrona, \u017cegluga morska i technika lotnicza, poniewa\u017c produkt ten mo\u017ce przetrwa\u0107 w najtrudniejszych warunkach. Nawet w obszarach takich jak g\u00f3rnictwo i wiertnictwo morskie, SR700 jest w stanie zapewni\u0107 osza\u0142amiaj\u0105c\u0105 wydajno\u015b\u0107.<\/p>\n<h4>Dane techniczne:<\/h4>\n<ul>\n<li>Intel\u00ae Haswell BGA i7-4700EQ + Intel QM87 PCH (4 rdzenie x 2.4 GHz, 47W)<\/li>\n<li>DDR3 XR-DIMM do 8GB pami\u0119ci<\/li>\n<li>Wbudowany dysk SATAIII NAND do 64GB<\/li>\n<li>2 x gniazdo rozszerze\u0144 mPCIe (jedno po\u0142\u0105czone z mSATA)<\/li>\n<li>M12 z\u0142\u0105cza zastosowane<\/li>\n<li>Pe\u0142ne sklasyfikowane IP65<\/li>\n<li>Zgodno\u015b\u0107 z norm\u0105 MIL-STD 810G<\/li>\n<li>9V do 36V DC-in z op\u00f3\u017anieniem zasilania w\u0142.\/wy\u0142.<\/li>\n<li>Rozszerzony zakres temperatur: -40 do 70 \u00b0C<\/li>\n<\/ul>\n<p><img loading=\"lazy\" decoding=\"async\" class=\"aligncenter size-full wp-image-4582\" src=\"https:\/\/quantum.com.pl\/wp-content\/uploads\/2019\/10\/SR700-image.jpg\" alt=\"\" width=\"1347\" height=\"314\" srcset=\"https:\/\/quantum.com.pl\/wp-content\/uploads\/2019\/10\/SR700-image.jpg 1347w, https:\/\/quantum.com.pl\/wp-content\/uploads\/2019\/10\/SR700-image-300x70.jpg 300w, https:\/\/quantum.com.pl\/wp-content\/uploads\/2019\/10\/SR700-image-768x179.jpg 768w, https:\/\/quantum.com.pl\/wp-content\/uploads\/2019\/10\/SR700-image-1024x239.jpg 1024w, https:\/\/quantum.com.pl\/wp-content\/uploads\/2019\/10\/SR700-image-860x200.jpg 860w, https:\/\/quantum.com.pl\/wp-content\/uploads\/2019\/10\/SR700-image-600x140.jpg 600w\" sizes=\"auto, (max-width: 1347px) 100vw, 1347px\" \/><\/p>\n<h4>P\u0142yta g\u0142\u00f3wna systemu: EBX SBC-OXY5737A<\/h4>\n<p>&nbsp;<\/p>\n<p><strong>(1) Procesor Intel\u00ae Core i7 wlutowany na pok\u0142adzie<\/strong><\/p>\n<p>SR700, oparty na EBX SBC \u2013 OXY5737A, jest zasilany przez procesor Intel Ivy Bridge i7-4700EQ quad core plus chipset QM87 wlutowany na pok\u0142adzie. Dzi\u0119ki wbudowanemu lutowaniu CPU, przewodzenie ciep\u0142a i po\u0142\u0105cze\u0144 o wysokiej g\u0119sto\u015bci pomi\u0119dzy p\u0142yt\u0105 g\u0142\u00f3wn\u0105 a elementami jest mniejsze, co minimalizuje ryzyko przegrzania. Wytrzyma\u0142a konstrukcja systemu all-in-one gwarantuje pe\u0142n\u0105 pr\u0119dko\u015b\u0107 pracy procesora w temperaturze nawet 70 \u00b0C.<\/p>\n<p><strong>(2) Szerokie wej\u015bciowe napi\u0119cie 9 V ~ 36 V z op\u00f3\u017anieniem zasilania w\u0142.\/wy\u0142.<\/strong><\/p>\n<p>Szerokie wej\u015bciowe napi\u0119cie zasilania (9 ~ 36V) mo\u017ce chroni\u0107 system przed uszkodzeniami spowodowanymi nag\u0142ym wzrostem napi\u0119cia, co dodatkowo zabezpiecza niezawodno\u015b\u0107 jego niezb\u0119dnych komponent\u00f3w i samego systemu. Op\u00f3\u017anienie zasilania on\/off umo\u017cliwia z kolei wyb\u00f3r napi\u0119cia rozruchowego i wy\u0142\u0105czaj\u0105cego w celu ochrony przy niskiej mocy. SR700 zapewnia 8-poziomowy czas w\u0142\u0105czania\/wy\u0142\u0105czania zasilania oraz mo\u017cliwo\u015b\u0107 wykrycia stanu zap\u0142onu i niskiego napi\u0119cia.<\/p>\n<p><strong>(3) Mo\u017cliwo\u015b\u0107 rozszerzenia o Extension Storage Module, SK401<\/strong><\/p>\n<p>SR700 jest wyposa\u017cony w PCIe 104 z mo\u017cliwo\u015bci\u0105 uk\u0142adania w stos oraz gniazdo rozszerze\u0144 FPE. Pod\u0142\u0105czenie opcjonalnego modu\u0142u mo\u017cna uzyska\u0107 dla r\u00f3\u017cnych urz\u0105dze\u0144. Obs\u0142ugiwane jest \u0142\u0105czenie z modu\u0142em pami\u0119ci \u2013 SK401, 2 x 2.5&#8243; SSD lub HDD i 2 x mSATA. SK401 wspiera Win 7 OS, XP, Linux i DOS.<\/p>\n<p>&nbsp;<\/p>\n\n<table id=\"tablepress-175\" class=\"tablepress tablepress-id-175\">\n<thead>\n<tr class=\"row-1\">\n\t<th class=\"column-1\"><strong>Urz\u0105dzenie<\/strong><\/th><th class=\"column-2\"><strong>Konfiguracja<\/strong><\/th><th class=\"column-3\"><strong>Producent<\/strong><\/th><th class=\"column-4\"><strong>Numer partii<\/strong><\/th>\n<\/tr>\n<\/thead>\n<tbody class=\"row-striping row-hover\">\n<tr class=\"row-2\">\n\t<td class=\"column-1\">Typ CPU<\/td><td class=\"column-2\">Procesor Intel\u00ae Core\u2122 i7-3517UE (pami\u0119\u0107 podr\u0119czna 4 MB, do 2,80 GHz)<\/td><td class=\"column-3\">Intel<\/td><td class=\"column-4\">i7-3517UE<br \/>\n<\/td>\n<\/tr>\n<tr class=\"row-3\">\n\t<td class=\"column-1\">PCH<\/td><td class=\"column-2\">Mobile Intel Q77 Express Chipset<\/td><td class=\"column-3\">Intel<\/td><td class=\"column-4\">QM77<\/td>\n<\/tr>\n<tr class=\"row-4\">\n\t<td class=\"column-1\">Pami\u0119\u0107<\/td><td class=\"column-2\">Swissbit XR-DIMM 8 GB DDR3-1600<\/td><td class=\"column-3\">Swissbit<\/td><td class=\"column-4\">SGV08G72B1BB2SA-DCWRT<br \/>\n<\/td>\n<\/tr>\n<tr class=\"row-5\">\n\t<td class=\"column-1\">port0 SATAIII<\/td><td class=\"column-2\">Innodisk 64G SATA SSD<\/td><td class=\"column-3\">Innodisk<\/td><td class=\"column-4\">DES25-64GD08SC1QC-D26<br \/>\n<\/td>\n<\/tr>\n<tr class=\"row-6\">\n\t<td class=\"column-1\">port4 SATA II<\/td><td class=\"column-2\">Wbudowany dysk Apacer 32 GB SATA NAND<br \/>\n<\/td><td class=\"column-3\">Apacer<\/td><td class=\"column-4\">32GB-AP-USDC32GE429-BTM<br \/>\n<\/td>\n<\/tr>\n<tr class=\"row-7\">\n\t<td class=\"column-1\">USB3 ~ USB4<\/td><td class=\"column-2\">Klawiatura \/ mysz USB<br \/>\n<\/td><td class=\"column-3\"><\/td><td class=\"column-4\"><\/td>\n<\/tr>\n<tr class=\"row-8\">\n\t<td class=\"column-1\">LAN1<\/td><td class=\"column-2\">Intel\u00ae 82579LM GbE<\/td><td class=\"column-3\">Intel<\/td><td class=\"column-4\">82579LM<br \/>\n<\/td>\n<\/tr>\n<tr class=\"row-9\">\n\t<td class=\"column-1\">LAN2<\/td><td class=\"column-2\">Intel\u00ae 82574L GbE<\/td><td class=\"column-3\">Intel<\/td><td class=\"column-4\">82574IT<br \/>\n<\/td>\n<\/tr>\n<tr class=\"row-10\">\n\t<td class=\"column-1\">Test oprogramowania<\/td><td class=\"column-2\">Test Burnin v6.0 \u3001 HD Tune v4.01 \u3001 iperf \u3001 Passmark<br \/>\nUSB3.0 Intel Extreme Tuning Utility 4.3.0.11<\/td><td class=\"column-3\"><\/td><td class=\"column-4\"><\/td>\n<\/tr>\n<tr class=\"row-11\">\n\t<td class=\"column-1\">Komora<\/td><td class=\"column-2\">KSON THS-b4t-150 Chipeng SMO-3<\/td><td class=\"column-3\">KSON Chipeng<\/td><td class=\"column-4\">THS-b4t-150 SMO-3<br \/>\n<\/td>\n<\/tr>\n<\/tbody>\n<\/table>\n<!-- #tablepress-175 from cache -->\n<p>&nbsp;<\/p>\n","protected":false},"excerpt":{"rendered":"<p>Intel\u00ae QM87 MIL-STD System typu \u201erugged\u201d bez wentylatora z procesorem Intel\u00ae Core&#x2122; i7-4700EQ Haswell, ochron\u0105 IP65, z\u0142\u0105czami typu M12, 9V do 36V DC-in i szerokim zakresem temperatur: -40 ~ 70 \u00b0C<\/p>\n","protected":false},"featured_media":11098,"template":"","meta":{"_acf_changed":false,"inline_featured_image":false,"_monsterinsights_skip_tracking":false,"_monsterinsights_sitenote_active":false,"_monsterinsights_sitenote_note":"","_monsterinsights_sitenote_category":0},"product_brand":[],"product_cat":[531,1591,509],"product_tag":[],"class_list":{"0":"post-4581","1":"product","2":"type-product","3":"status-publish","4":"has-post-thumbnail","6":"product_cat-komputery-typu-rugged","7":"product_cat-komputery-rugged","8":"product_cat-perfectron","10":"first","11":"instock","12":"shipping-taxable","13":"product-type-simple"},"acf":[],"_links":{"self":[{"href":"https:\/\/quantum.com.pl\/pl\/wp-json\/wp\/v2\/product\/4581","targetHints":{"allow":["GET"]}}],"collection":[{"href":"https:\/\/quantum.com.pl\/pl\/wp-json\/wp\/v2\/product"}],"about":[{"href":"https:\/\/quantum.com.pl\/pl\/wp-json\/wp\/v2\/types\/product"}],"wp:featuredmedia":[{"embeddable":true,"href":"https:\/\/quantum.com.pl\/pl\/wp-json\/wp\/v2\/media\/11098"}],"wp:attachment":[{"href":"https:\/\/quantum.com.pl\/pl\/wp-json\/wp\/v2\/media?parent=4581"}],"wp:term":[{"taxonomy":"product_brand","embeddable":true,"href":"https:\/\/quantum.com.pl\/pl\/wp-json\/wp\/v2\/product_brand?post=4581"},{"taxonomy":"product_cat","embeddable":true,"href":"https:\/\/quantum.com.pl\/pl\/wp-json\/wp\/v2\/product_cat?post=4581"},{"taxonomy":"product_tag","embeddable":true,"href":"https:\/\/quantum.com.pl\/pl\/wp-json\/wp\/v2\/product_tag?post=4581"}],"curies":[{"name":"wp","href":"https:\/\/api.w.org\/{rel}","templated":true}]}}