{"id":4622,"date":"2019-10-16T14:32:36","date_gmt":"2019-10-16T12:32:36","guid":{"rendered":"https:\/\/quantum.com.pl\/?post_type=product&#038;p=4622"},"modified":"2020-08-25T23:00:00","modified_gmt":"2020-08-25T21:00:00","slug":"sk210-gt730m","status":"publish","type":"product","link":"https:\/\/quantum.com.pl\/pl\/product\/sk210-gt730m\/","title":{"rendered":"SK210-GT730M"},"content":{"rendered":"<h4>Modu\u0142 graficzny NVIDIA GeForce\u00ae GT730M StackPC \/ PCIe104, obs\u0142uguje cztery wyj\u015bcia DP i zapewnia ponad 3-letni\u0105 \u017cywotno\u015b\u0107<\/h4>\n<p>SK210-GT730M to wysokiej klasy modu\u0142 graficzny PCIe \/ 104 (StackPC) z NVIDIA\u00ae GPU GT730M, kt\u00f3ry zapewnia taktowanie GPU do 719 MHz, rdzenie CUDA 384 i obs\u0142uguje cztery niezale\u017cne wyj\u015bcia port\u00f3w wy\u015bwietlania (do trzech 1080p Full HD). Dzi\u0119ki doskona\u0142ej zdolno\u015bci przetwarzania grafiki, wyposa\u017cono go w pami\u0119\u0107 1024 MB DDR3, aby zaprezentowa\u0107 zaawansowane obliczenia graficzne dla wielomonitorowych, zaawansowanych aplikacji graficznych, takich jak centralne oznakowanie, wysokiej klasy cyfrowe oznakowanie, nawigacja, obrona i inne.<\/p>\n<h4>Dane techniczne<\/h4>\n<ul>\n<li>Zgodno\u015b\u0107 <span lang=\"pl\" tabindex=\"0\">StackPC i PCIe\/104<\/span><\/li>\n<li>Wykorzystuje \u0142\u0105cze PCIe x 8 i x 4<\/li>\n<li>Technologia NVIDIA CUDA<\/li>\n<li>Obs\u0142uga OpenGL 4.4<\/li>\n<li>Obs\u0142uga OCL 1.1<\/li>\n<li>Adaptacyjna synchronizacja pionowa NVIDIA<\/li>\n<li>Obs\u0142uga Microsoft DirectX 11<\/li>\n<\/ul>\n\n<table id=\"tablepress-183\" class=\"tablepress tablepress-id-183\">\n<thead>\n<tr class=\"row-1\">\n\t<th class=\"column-1\"><strong>Pojemno\u015b\u0107 przechowywania<\/strong><br \/>\n<\/th><th class=\"column-2\">4GB do 512GB<br \/>\n<\/th>\n<\/tr>\n<\/thead>\n<tbody class=\"row-striping row-hover\">\n<tr class=\"row-2\">\n\t<td class=\"column-1\"><strong>Flash Type<\/strong><\/td><td class=\"column-2\">SLC\/ MLC\/ iSLC<br \/>\n<\/td>\n<\/tr>\n<tr class=\"row-3\">\n\t<td class=\"column-1\"><strong>Interfejs hosta<\/strong><br \/>\n<\/td><td class=\"column-2\">Magistrala PCIe \/ 104 (Type2)<br \/>\n(Magistrala PCI \/ 104 jest r\u00f3wnie\u017c dost\u0119pna dla r\u00f3\u017cnych kryteri\u00f3w zestawiania)<\/td>\n<\/tr>\n<tr class=\"row-4\">\n\t<td class=\"column-1\"><strong>Gniazda SSD<\/strong><\/td><td class=\"column-2\">1 x 2.5\u201d SSD, 2 x mSATA<br \/>\n<\/td>\n<\/tr>\n<tr class=\"row-5\">\n\t<td class=\"column-1\"><strong>Bezprzewodowy<\/strong><\/td><td class=\"column-2\">Sygna\u0142y SATA z PCIe \/ 104<br \/>\n<\/td>\n<\/tr>\n<tr class=\"row-6\">\n\t<td class=\"column-1\"><strong>Temperatura operacyjna<\/strong><\/td><td class=\"column-2\">Rozszerzony zakres temperatury (-40\u00b0C do 85\u00b0C)<\/td>\n<\/tr>\n<tr class=\"row-7\">\n\t<td class=\"column-1\"><strong>Wymiary<\/strong><\/td><td class=\"column-2\">95 x 109mm<br \/>\n<\/td>\n<\/tr>\n<\/tbody>\n<\/table>\n<!-- #tablepress-183 from cache -->\n","protected":false},"excerpt":{"rendered":"<p>SK210-GT730M to wysokiej klasy modu\u0142 graficzny PCIe \/ 104 (StackPC) z NVIDIA\u00ae GPU GT730M, kt\u00f3ry zapewnia taktowanie GPU do 719 MHz, rdzenie CUDA 384 i obs\u0142uguje cztery niezale\u017cne wyj\u015bcia port\u00f3w wy\u015bwietlania (do trzech 1080p Full HD).<\/p>\n","protected":false},"featured_media":11060,"template":"","meta":{"_acf_changed":false,"inline_featured_image":false,"_monsterinsights_skip_tracking":false,"_monsterinsights_sitenote_active":false,"_monsterinsights_sitenote_note":"","_monsterinsights_sitenote_category":0},"product_brand":[],"product_cat":[1584,511,523,509],"product_tag":[],"class_list":{"0":"post-4622","1":"product","2":"type-product","3":"status-publish","4":"has-post-thumbnail","6":"product_cat-komputery-jednoplytkowe-sbc-2","7":"product_cat-komputery-jednoplytkowe-perfectron","8":"product_cat-pc-104","9":"product_cat-perfectron","11":"first","12":"instock","13":"shipping-taxable","14":"product-type-simple"},"acf":[],"_links":{"self":[{"href":"https:\/\/quantum.com.pl\/pl\/wp-json\/wp\/v2\/product\/4622","targetHints":{"allow":["GET"]}}],"collection":[{"href":"https:\/\/quantum.com.pl\/pl\/wp-json\/wp\/v2\/product"}],"about":[{"href":"https:\/\/quantum.com.pl\/pl\/wp-json\/wp\/v2\/types\/product"}],"wp:featuredmedia":[{"embeddable":true,"href":"https:\/\/quantum.com.pl\/pl\/wp-json\/wp\/v2\/media\/11060"}],"wp:attachment":[{"href":"https:\/\/quantum.com.pl\/pl\/wp-json\/wp\/v2\/media?parent=4622"}],"wp:term":[{"taxonomy":"product_brand","embeddable":true,"href":"https:\/\/quantum.com.pl\/pl\/wp-json\/wp\/v2\/product_brand?post=4622"},{"taxonomy":"product_cat","embeddable":true,"href":"https:\/\/quantum.com.pl\/pl\/wp-json\/wp\/v2\/product_cat?post=4622"},{"taxonomy":"product_tag","embeddable":true,"href":"https:\/\/quantum.com.pl\/pl\/wp-json\/wp\/v2\/product_tag?post=4622"}],"curies":[{"name":"wp","href":"https:\/\/api.w.org\/{rel}","templated":true}]}}