{"id":4623,"date":"2019-10-16T14:25:04","date_gmt":"2019-10-16T12:25:04","guid":{"rendered":"https:\/\/quantum.com.pl\/?post_type=product&#038;p=4623"},"modified":"2022-03-07T14:58:08","modified_gmt":"2022-03-07T13:58:08","slug":"f1-30","status":"publish","type":"product","link":"https:\/\/quantum.com.pl\/pl\/product\/f1-30\/","title":{"rendered":"F1-30"},"content":{"rendered":"<p>Core i7 Military COTS Computer typu \u201crugged\u201d \u2013 Small Form Factor (SFF) z architektur\u0105 PCIe\/104<\/p>\n<h4>Dane techniczne:<\/h4>\n<ul>\n<li>Computer COTS typu \u201erugged\u201d z procesorem Core-i7 Intel\u00ae trzeciej generacji<\/li>\n<li>NVIDIA\u00ae GPU GT730M obs\u0142uguje niezale\u017cne wy\u015bwietlacze CUDA 384 o rozdzielczo\u015bci 4 x DP<\/li>\n<li>Modu\u0142owa, wytrzyma\u0142a obudowa z mo\u017cliwo\u015bci\u0105 rozszerzenia karty I\/O PCIe\/104<\/li>\n<li>28V DC MIL-STD-1275\/704 Zasilacz z ochron\u0105 przeciwprzepi\u0119ciow\u0105<\/li>\n<li>MIL-STD-810G\/461F\/202 konstrukcja zapewniaj\u0105ca niezawodno\u015b\u0107 w wymagaj\u0105cych warunkach: szok termiczny, wibracje, wilgotno\u015b\u0107\/EMI\/EMC<\/li>\n<li>Wytrzyma\u0142a aluminiowa obudowa IP65 ze z\u0142\u0105czami Amphenol MIL-DTL-38999 lub M12 Phoenix Contact<\/li>\n<li>Zakres temperatur roboczych: od -40\u00b0C do 75\u00b0C<\/li>\n<\/ul>\n<p>&nbsp;<\/p>\n\n<table id=\"tablepress-184\" class=\"tablepress tablepress-id-184\">\n<thead>\n<tr class=\"row-1\">\n\t<th class=\"column-1\"><strong>Storage Capacity\t<\/strong><br \/>\n<\/th><th class=\"column-2\">4GB to 512GB<br \/>\n<\/th>\n<\/tr>\n<\/thead>\n<tbody class=\"row-striping row-hover\">\n<tr class=\"row-2\">\n\t<td class=\"column-1\"><strong>Flash Type<\/strong><\/td><td class=\"column-2\">SLC\/ MLC\/ iSLC<br \/>\n<\/td>\n<\/tr>\n<tr class=\"row-3\">\n\t<td class=\"column-1\"><strong>Host Interface<\/strong><br \/>\n<\/td><td class=\"column-2\">PCIe\/104 bus (Type2)<br \/>\n(PCI\/104 bus is also available for different stacking criteria)<\/td>\n<\/tr>\n<tr class=\"row-4\">\n\t<td class=\"column-1\"><strong>SSD Slots\t<\/strong><\/td><td class=\"column-2\">1 x 2.5\u201d SSD, 2 x mSATA<br \/>\n<\/td>\n<\/tr>\n<tr class=\"row-5\">\n\t<td class=\"column-1\"><strong>Cable-free\t<\/strong><\/td><td class=\"column-2\">SATA signals from PCIe\/104<br \/>\n<br \/>\n<\/td>\n<\/tr>\n<tr class=\"row-6\">\n\t<td class=\"column-1\"><strong>Operating Temperature\t<\/strong><\/td><td class=\"column-2\">Extended Temperature -40 to 85\u00b0C<br \/>\n<\/td>\n<\/tr>\n<tr class=\"row-7\">\n\t<td class=\"column-1\"><strong>Dimensions<\/strong><\/td><td class=\"column-2\">95 x 109mm<br \/>\n<\/td>\n<\/tr>\n<\/tbody>\n<\/table>\n<!-- #tablepress-184 from cache -->\n<p>&nbsp;<\/p>\n<p>Celem PCIe\/104 jest zapewnienie systemowi podej\u015bcia opartego na poziomie Stack-Up Only. Specyfikacja dostosowuje PCI-Express, Ethernet, SATA, USB, a tak\u017ce LPC, SPI, Field Buses oraz Common Power Connector do dowolnej architektury stosowej.<\/p>\n<p>Specyfikacja StackPC okre\u015bla wzgl\u0119dne po\u0142o\u017cenie \u0142\u0105cznik\u00f3w StackPC, FPE, StackPWR oraz wsp\u00f3lne podej\u015bcie organizacji system\u00f3w w stosie. Specyfikacja ta opisuje r\u00f3wnie\u017c u\u017cycie modu\u0142\u00f3w stosu w aplikacjach COM.<\/p>\n<p>Specyfikacja jest skierowana nie tylko do tradycyjnych system\u00f3w, kt\u00f3re mo\u017cna uk\u0142ada\u0107 w stosy dzi\u0119ki wszystkim p\u0142ytom o tej samej obudowie, ale tak\u017ce dla innych stosowych architektur, takich jak zastosowania COM (mezzanine Computer-On-Module w po\u0142\u0105czeniu z p\u0142yt\u0105 bazow\u0105) i rozszerzenia SBC (magistrala rozszerze\u0144 dla komputer\u00f3w jednop\u0142ytkowych w r\u00f3\u017cnych formach).<\/p>\n<p>PCI Express zosta\u0142 wybrany ze wzgl\u0119du na swoj\u0105 wydajno\u015b\u0107, skalowalno\u015b\u0107 i szerok\u0105 akceptacj\u0119 na rynku. Ethernet wybrano jako najpopularniejszy spos\u00f3b na przesy\u0142 danych na du\u017ce odleg\u0142o\u015bci, co jest nieuniknione w nowoczesnych \u015brodowiskach komputerowych. SATA \u2013 jako po\u0142\u0105czenie pami\u0119ci masowej ze wzgl\u0119du na szerok\u0105 akceptacj\u0119 i skalowalno\u015b\u0107 przepustowo\u015bci. Z kolei magistrala LPC, SPI i inne interfejsy sygnalizacyjne zosta\u0142y wybrane ze wzgl\u0119du na ich mo\u017cliwo\u015bci zapewnienia obs\u0142ugi starszych urz\u0105dze\u0144 oraz rozszerzenia funkcjonalno\u015bci procesora przez hosty w prosty i op\u0142acalny spos\u00f3b.<\/p>\n<p>Dodatkowo specyfikacja opisuje adaptacj\u0119 StackPC do popularnych standard\u00f3w, takich jak PC\/104, 3.5 cala, EPIC i EBX. To przyj\u0119cie jest wynikiem zgodno\u015bci StackPC i PCIe\/104 z sygna\u0142ami Bank1 (to samo z\u0142\u0105cze i podobne pinout).<br \/>\nSpecyfikacja StackPC zosta\u0142a zaprojektowana w celu sprostania wyzwaniom powodowanym przez nowoczesne szybkie interfejsy szeregowe point-to-point w architekturze stosowej, kt\u00f3ra opiera\u0142a si\u0119 wcze\u015bniej na tradycyjnych interfejsach magistrali r\u00f3wnoleg\u0142ej. Nowa specyfikacja jest odpowiednia do u\u017cytku z rozszerzeniem SBC i ca\u0142kowicie otwiera Computer On Module jako obszar zastosowa\u0144. To r\u00f3wnie\u017c toruje drog\u0119 do korzystania z jeszcze szybszych interfejs\u00f3w, kt\u00f3re dopiero si\u0119 pojawiaj\u0105.<\/p>\n<p>W por\u00f3wnaniu do system\u00f3w z lat ubieg\u0142ych, nowoczesne rozwi\u0105zania wbudowane wymagaj\u0105 obs\u0142ugi wi\u0119kszej liczby interfejs\u00f3w wej\u015bcia\/wyj\u015bcia. Z ka\u017cdym rokiem nowe modu\u0142y procesor\u00f3w obs\u0142uguj\u0105 coraz wi\u0119cej interfejs\u00f3w wej\u015bcia\/wyj\u015bcia zintegrowanych z logik\u0105 systemu. W\u0142a\u015bnie dlatego konieczne jest umieszczenie dodatkowych z\u0142\u0105czy interfejsu na procesorze i modu\u0142ach peryferyjnych. Kompaktowo\u015b\u0107 modu\u0142\u00f3w Small Form Factor stanowi wyzwanie dla umieszczenia niezb\u0119dnych komponent\u00f3w i wystarczaj\u0105cej liczby z\u0142\u0105czy wej\u015bciowych\/wyj\u015bciowych. Nale\u017cy tak\u017ce zauwa\u017cy\u0107, \u017ce stosowe modu\u0142y s\u0105 w wi\u0119kszo\u015bci zaprojektowane do pracy w trudnych warunkach i wymagaj\u0105 instalacji wewn\u0105trz obudowy, aby chroni\u0107 je przed uderzeniami mechanicznymi lub substancjami korozyjnymi. Dlatego producenci system\u00f3w wbudowanych musz\u0105 stosowa\u0107 r\u00f3\u017cne sztuczki, aby za pomoc\u0105 p\u0142askich kabli wyprowadzi\u0107 wszystkie interfejsy do z\u0142\u0105czy na przednim panelu obudowy.<\/p>\n<p>Jednym z rozwi\u0105za\u0144 mo\u017ce by\u0107 agregacja g\u0142\u00f3wnego zestawu interfejs\u00f3w wej\u015bcia\/wyj\u015bcia na z\u0142\u0105czach stosu. Pozwala to zrezygnowa\u0107 z niekt\u00f3rych z\u0142\u0105czy interfejsu (zwykle pin\u00f3w) i zapewnia wi\u0119cej miejsca w module na umieszczenie niezb\u0119dnych komponent\u00f3w. To z kolei prowadzi do obni\u017cenia koszt\u00f3w produkcji i zwi\u0119ksza elastyczno\u015b\u0107 w zakresie korzystania z modu\u0142u w aplikacjach wymagaj\u0105cych ograniczonej funkcjonalno\u015bci. Zmniejszenie okablowania wewn\u0105trz obudowy poprawia konwekcj\u0119, ogranicza odbi\u00f3r ha\u0142asu magnetycznego, a tym samym zwi\u0119ksza efektywno\u015b\u0107 systemu. Interfejsy zagregowane na z\u0142\u0105czach stosu mo\u017cna wyprowadzi\u0107 z obudowy za pomoc\u0105 niedrogiego i wydajnego rozwi\u0105zania &#8211; modu\u0142u interfejsu terminala zawieraj\u0105cego niezb\u0119dny zestaw standardowych z\u0142\u0105czy interfejsu.<\/p>\n<p>Jednym z do\u015b\u0107 wa\u017cnych wymaga\u0144 nowej specyfikacji jest kompatybilno\u015b\u0107 z rodzin\u0105 standard\u00f3w PC\/104. Zapewniona jest obs\u0142uga istniej\u0105cych i sprawdzonych modu\u0142\u00f3w PC\/104, PC\/104-Plus, PCI\/104, PCIe\/104 i PCI\/104-Express.<\/p>\n<p><img loading=\"lazy\" decoding=\"async\" class=\"aligncenter size-full wp-image-4604\" src=\"https:\/\/quantum.com.pl\/wp-content\/uploads\/2019\/10\/F1-structrure.jpg\" alt=\"F1 struktura\" width=\"644\" height=\"675\" srcset=\"https:\/\/quantum.com.pl\/wp-content\/uploads\/2019\/10\/F1-structrure.jpg 644w, https:\/\/quantum.com.pl\/wp-content\/uploads\/2019\/10\/F1-structrure-286x300.jpg 286w, https:\/\/quantum.com.pl\/wp-content\/uploads\/2019\/10\/F1-structrure-600x629.jpg 600w\" sizes=\"auto, (max-width: 644px) 100vw, 644px\" \/><\/p>\n<h4>Struktura:<\/h4>\n<p><strong>Przyk\u0142ad budowy StackPC:<\/strong><\/p>\n<p>SK509: Multi-I\/O interface<br \/>\nSK401: 2.5\u201d SSD\/mSATA<br \/>\nSK506: 4 x GbE<br \/>\nSK210: Nvdia GT730M<br \/>\nOXY5535B: Intel Core i7\/onboard 32GB SSD\/XR-DIMM 8GB<br \/>\nSK704: 9-36V DC-in<\/p>\n","protected":false},"excerpt":{"rendered":"<p>Core i7 Military COTS Computer typu \u201crugged\u201d \u2013 Small Form Factor (SFF) z architektur\u0105 PCIe\/104<\/p>\n","protected":false},"featured_media":11088,"template":"","meta":{"_acf_changed":false,"inline_featured_image":false,"_monsterinsights_skip_tracking":false,"_monsterinsights_sitenote_active":false,"_monsterinsights_sitenote_note":"","_monsterinsights_sitenote_category":0},"product_brand":[],"product_cat":[531,1591,509],"product_tag":[],"class_list":{"0":"post-4623","1":"product","2":"type-product","3":"status-publish","4":"has-post-thumbnail","6":"product_cat-komputery-typu-rugged","7":"product_cat-komputery-rugged","8":"product_cat-perfectron","10":"first","11":"instock","12":"shipping-taxable","13":"product-type-simple"},"acf":[],"_links":{"self":[{"href":"https:\/\/quantum.com.pl\/pl\/wp-json\/wp\/v2\/product\/4623","targetHints":{"allow":["GET"]}}],"collection":[{"href":"https:\/\/quantum.com.pl\/pl\/wp-json\/wp\/v2\/product"}],"about":[{"href":"https:\/\/quantum.com.pl\/pl\/wp-json\/wp\/v2\/types\/product"}],"wp:featuredmedia":[{"embeddable":true,"href":"https:\/\/quantum.com.pl\/pl\/wp-json\/wp\/v2\/media\/11088"}],"wp:attachment":[{"href":"https:\/\/quantum.com.pl\/pl\/wp-json\/wp\/v2\/media?parent=4623"}],"wp:term":[{"taxonomy":"product_brand","embeddable":true,"href":"https:\/\/quantum.com.pl\/pl\/wp-json\/wp\/v2\/product_brand?post=4623"},{"taxonomy":"product_cat","embeddable":true,"href":"https:\/\/quantum.com.pl\/pl\/wp-json\/wp\/v2\/product_cat?post=4623"},{"taxonomy":"product_tag","embeddable":true,"href":"https:\/\/quantum.com.pl\/pl\/wp-json\/wp\/v2\/product_tag?post=4623"}],"curies":[{"name":"wp","href":"https:\/\/api.w.org\/{rel}","templated":true}]}}