{"id":4646,"date":"2019-10-16T15:04:35","date_gmt":"2019-10-16T13:04:35","guid":{"rendered":"https:\/\/quantum.com.pl\/?post_type=product&#038;p=4646"},"modified":"2020-08-25T23:00:00","modified_gmt":"2020-08-25T21:00:00","slug":"sk401","status":"publish","type":"product","link":"https:\/\/quantum.com.pl\/pl\/product\/sk401\/","title":{"rendered":"SK401"},"content":{"rendered":"<h4>No\u015bnik pami\u0119ci SSD \/ mSATA PCIe \/ 104 (StackPC)<\/h4>\n<p>SK401 to modu\u0142 peryferyjny PCIe\/104 (StackPC) zaprojektowany do uk\u0142adania w stosy, rozszerzaj\u0105cy dodatkow\u0105 pami\u0119\u0107. No\u015bnik pami\u0119ci mo\u017ce obs\u0142ugiwa\u0107 dwa modu\u0142y mSATA lub jeden mSATA z jednym dyskiem SSD 2,5\u201d, kt\u00f3ry mo\u017cna \u0142\u0105czy\u0107 z innymi modu\u0142ami PCI\/104 Express, PCIe\/104, PCI\/104 i StackPC. Sygna\u0142 mSATA jest przesy\u0142any przez z\u0142\u0105cze PCIe\/104, jednak sama p\u0142ytka ma r\u00f3wnie\u017c interfejs PCI\/104, aby obs\u0142u\u017cy\u0107 r\u00f3\u017cne gniazda rozszerze\u0144 i stworzy\u0107 kolejne kryteria, kt\u00f3re mo\u017cna ustawia\u0107 jeden na drugim. Modu\u0142 pami\u0119ci jest wyposa\u017cony w standardowe porty mSATA, kt\u00f3re mog\u0105 zast\u0105pi\u0107 dowolne inne urz\u0105dzenia pami\u0119ci mSATA. W po\u0142\u0105czeniu z modu\u0142ami SSD mSATA mo\u017cna bezpo\u015brednio zwi\u0119kszy\u0107 pojemno\u015b\u0107, w celu rozszerzenia pojemno\u015bci i wydajno\u015bci. SK401 zapewnia moc 2,5-calowego dysku SSD, co pozwala u\u017cytkownikom na \u0142atwy monta\u017c dzi\u0119ki wbudowanemu systemowi. SK401 mo\u017ce by\u0107 dost\u0119pny nie tylko jako niezale\u017cny no\u015bnik SSD mSATA, ale tak\u017ce jako kompletne rozwi\u0105zanie do przechowywania.<\/p>\n<h4>Dane techniczne<\/h4>\n<ul>\n<li>Format StackPC<\/li>\n<li>Struktura ,,stackable&#8221; magistrali PCIe\/104<\/li>\n<li>Obs\u0142uguje dysk SSD 1 x 2,5\u201d<\/li>\n<li>Obs\u0142uguje 2 x gniazdo mSATA SSD, kompatybilne z JEDEC MO-300B<\/li>\n<li>Interfejs SATAII obs\u0142uguje 1,5 Gb\/s \/ 3,0 Gb\/s<\/li>\n<li>Z\u0142\u0105cze PCI\/104 do r\u00f3\u017cnych konfiguracji w systemie ,,stackable&#8221;<\/li>\n<li>Rozszerzony zakres temperatury (-40\u00b0C do 85\u00b0C)<\/li>\n<\/ul>\n\n<table id=\"tablepress-186\" class=\"tablepress tablepress-id-186\">\n<thead>\n<tr class=\"row-1\">\n\t<th class=\"column-1\"><strong>Function<\/strong><\/th><th class=\"column-2\">Total 6 x 10\/100\/100 mbps Ethernet connections<br \/>\n<\/th>\n<\/tr>\n<\/thead>\n<tbody class=\"row-striping row-hover\">\n<tr class=\"row-2\">\n\t<td class=\"column-1\"><strong>Network controller\t<\/strong><\/td><td class=\"column-2\">Intel i350-AM4 network controller<br \/>\n*Max TDP 4W<br \/>\n*EEE802.3\/10BASE-T, 100BASE-TX, 1000BASE-T<br \/>\n*Interrupt levels: INTA, INTB, INTC, INTD, MSI, MSI-X<br \/>\n*Supports Jumbo Frames<br \/>\n*Supports IEEE1588<br \/>\n*Supports Intel Data Direct I\/O Technology<br \/>\n*Innovative power management features including Energy Efficient Ethernet (EEE) and DDMA Coalescing for<br \/>\nincreased efficiency and reduced power consumption<\/td>\n<\/tr>\n<tr class=\"row-3\">\n\t<td class=\"column-1\"><strong>Host Interface<\/strong><\/td><td class=\"column-2\">PCIe x4 Interface to CPU through PCIe\/104 bus<br \/>\nStackPC compliant with PCIe\/104 Type1 and Type2 buses<\/td>\n<\/tr>\n<tr class=\"row-4\">\n\t<td class=\"column-1\"><strong>Physical connectors<\/strong><br \/>\n<\/td><td class=\"column-2\">4 independent LAN connections (from Intel i350-AM4)<br \/>\nplus 2 independent LAN interface (from CPU host board)<br \/>\nType R: 6 x RJ45 jacks (10\/100\/1000 Mbps)<br \/>\nType P: 6 x FCI connectors (5 x 2 pin, 10\/100\/1000 Mbps)<\/td>\n<\/tr>\n<tr class=\"row-5\">\n\t<td class=\"column-1\"><strong>Special Features<\/strong><br \/>\n<\/td><td class=\"column-2\">Intel Virtualization Technology for connectivity<br \/>\n*Supports on-chip QoS and Traffic<br \/>\nmanagement<br \/>\n*Supports Virtual Device Queues (VMDq)<br \/>\n*Supports PCI-SIG* SR-IOV capable<\/td>\n<\/tr>\n<tr class=\"row-6\">\n\t<td class=\"column-1\"><strong>Operating Temperature<\/strong><\/td><td class=\"column-2\">Extended Temperature -40 to 85\u00b0C<br \/>\n<\/td>\n<\/tr>\n<tr class=\"row-7\">\n\t<td class=\"column-1\"><strong>Dimensions<\/strong><\/td><td class=\"column-2\">95 x 90 mm<br \/>\n<\/td>\n<\/tr>\n<\/tbody>\n<\/table>\n<!-- #tablepress-186 from cache -->\n","protected":false},"excerpt":{"rendered":"<p>SK401 to modu\u0142 peryferyjny PCIe\/104 (StackPC) zaprojektowany do uk\u0142adania w stosy, rozszerzaj\u0105cy dodatkow\u0105 pami\u0119\u0107. No\u015bnik pami\u0119ci mo\u017ce obs\u0142ugiwa\u0107 dwa modu\u0142y mSATA lub jeden mSATA z jednym dyskiem SSD 2,5\u201d, kt\u00f3ry mo\u017cna \u0142\u0105czy\u0107 z innymi modu\u0142ami PCI\/104 Express, PCIe\/104, PCI\/104 i StackPC.<\/p>\n","protected":false},"featured_media":11062,"template":"","meta":{"_acf_changed":false,"inline_featured_image":false,"_monsterinsights_skip_tracking":false,"_monsterinsights_sitenote_active":false,"_monsterinsights_sitenote_note":"","_monsterinsights_sitenote_category":0},"product_brand":[],"product_cat":[1584,511,523,509],"product_tag":[],"class_list":{"0":"post-4646","1":"product","2":"type-product","3":"status-publish","4":"has-post-thumbnail","6":"product_cat-komputery-jednoplytkowe-sbc-2","7":"product_cat-komputery-jednoplytkowe-perfectron","8":"product_cat-pc-104","9":"product_cat-perfectron","11":"first","12":"instock","13":"shipping-taxable","14":"product-type-simple"},"acf":[],"_links":{"self":[{"href":"https:\/\/quantum.com.pl\/pl\/wp-json\/wp\/v2\/product\/4646","targetHints":{"allow":["GET"]}}],"collection":[{"href":"https:\/\/quantum.com.pl\/pl\/wp-json\/wp\/v2\/product"}],"about":[{"href":"https:\/\/quantum.com.pl\/pl\/wp-json\/wp\/v2\/types\/product"}],"wp:featuredmedia":[{"embeddable":true,"href":"https:\/\/quantum.com.pl\/pl\/wp-json\/wp\/v2\/media\/11062"}],"wp:attachment":[{"href":"https:\/\/quantum.com.pl\/pl\/wp-json\/wp\/v2\/media?parent=4646"}],"wp:term":[{"taxonomy":"product_brand","embeddable":true,"href":"https:\/\/quantum.com.pl\/pl\/wp-json\/wp\/v2\/product_brand?post=4646"},{"taxonomy":"product_cat","embeddable":true,"href":"https:\/\/quantum.com.pl\/pl\/wp-json\/wp\/v2\/product_cat?post=4646"},{"taxonomy":"product_tag","embeddable":true,"href":"https:\/\/quantum.com.pl\/pl\/wp-json\/wp\/v2\/product_tag?post=4646"}],"curies":[{"name":"wp","href":"https:\/\/api.w.org\/{rel}","templated":true}]}}