{"id":4665,"date":"2019-10-16T15:48:27","date_gmt":"2019-10-16T13:48:27","guid":{"rendered":"https:\/\/quantum.com.pl\/?post_type=product&#038;p=4665"},"modified":"2020-08-25T23:00:01","modified_gmt":"2020-08-25T21:00:01","slug":"sk506","status":"publish","type":"product","link":"https:\/\/quantum.com.pl\/pl\/product\/sk506\/","title":{"rendered":"SK506"},"content":{"rendered":"<h4>PCIe\/104 (modu\u0142 StackPC FPE) rozszerzony 4 dodatkowymi Gigabit Ethernet 10\/100\/1000 Mb\/s<\/h4>\n<p>SK506 to modu\u0142 peryferyjny PCIe\/104 (StackPC-FPE) przeznaczony do uk\u0142adania w stosy, rozszerzaj\u0105cy cztery dodatkowe po\u0142\u0105czenia Gigabit Ethernet o dwa oryginalne porty Gigabit Ethernet. Na p\u0142ycie znajduje si\u0119 wbudowany kontroler Ethernet Intel i350-AM4, obs\u0142uguj\u0105cy cztery porty Gigabit Ethernet poprzez struktur\u0119 magistrali PCIe\/104, podczas gdy oryginalne podw\u00f3jne porty Ethernet s\u0105 obs\u0142ugiwane przez p\u0142yt\u0119 hosta. Specyfikacja StackPC okre\u015bla nowe podej\u015bcie do projektowania i rozwoju system\u00f3w, kt\u00f3re mo\u017cna ustawia\u0107 jeden na drugim. Obejmuje to wszystkie standardy PCIe\/104 wraz z nowymi funkcjami z\u0142\u0105cza StackPC, tzn. StackPC mo\u017ce r\u00f3wnie\u017c obs\u0142ugiwa\u0107 sygna\u0142 PCIe\/104. Obecnie PERFECTRON wyda\u0142 OXY5535B, p\u0142yt\u0119 hosta PCIe\/104 (StackPC) zasilan\u0105 przez procesor Intel Ivy Bridge Core i7 do wsp\u00f3\u0142pracy z SK506. Aby spe\u0142ni\u0107 r\u00f3\u017cne wymagania systemowe, dost\u0119pne s\u0105 dwa typy interfejs\u00f3w &#8211; RJ45 i 5 x 2 z\u0142\u0105cza ko\u0142kowe.<\/p>\n<h4>Dane techniczne<\/h4>\n<ul>\n<li>Wsp\u00f3\u0142czynnik kszta\u0142tu StackPC-FPE<\/li>\n<li>Struktura ,,stackable&#8221; magistrali PCIe\/104<\/li>\n<li>Niezawodna technologia Ethernet od kontroler\u00f3w Intel i350-AM4<\/li>\n<li>W sumie 6 niezale\u017cnych po\u0142\u0105cze\u0144 LAN (2 z p\u0142yty g\u0142\u00f3wnej, 4 z kontroler\u00f3w Intel)<\/li>\n<li>Elastyczne opcje dla opcji Ethernet przez RJ45 lub 10 styk\u00f3w<\/li>\n<li>Wydajna konstrukcja bez mostk\u00f3w obs\u0142uguj\u0105ca PCI Express Gen 2.1 5GT\/ s<\/li>\n<li>Rozszerzony zakres temperatury (-40\u00b0C do 85\u00b0C)<\/li>\n<\/ul>\n\n<table id=\"tablepress-188\" class=\"tablepress tablepress-id-188\">\n<thead>\n<tr class=\"row-1\">\n\t<th class=\"column-1\"><strong>Model<\/strong><\/th><td class=\"column-2\"><\/td><th class=\"column-3\"><strong>SK507<\/strong><\/th>\n<\/tr>\n<\/thead>\n<tbody class=\"row-striping row-hover\">\n<tr class=\"row-2\">\n\t<td class=\"column-1\">System<\/td><td class=\"column-2\">Expansion Slot<\/td><td class=\"column-3\">2 x mPCIe<br \/>\n2 x SIM card holder<br \/>\n1 x PCIe x 8<\/td>\n<\/tr>\n<tr class=\"row-3\">\n\t<td class=\"column-1\"><\/td><td class=\"column-2\">DisplayPort<\/td><td class=\"column-3\">1 (through FPE)<br \/>\n<\/td>\n<\/tr>\n<tr class=\"row-4\">\n\t<td class=\"column-1\"><\/td><td class=\"column-2\">VGA<\/td><td class=\"column-3\">1 (through cable connecting to CPU module)<br \/>\n<\/td>\n<\/tr>\n<tr class=\"row-5\">\n\t<td class=\"column-1\">Rear I\/O<\/td><td class=\"column-2\">GbE<\/td><td class=\"column-3\">2 x RJ45 through StackPC (from CPU module)<br \/>\n2 x RJ45 through StackPC PCIex1 (Intel 82574IT)<\/td>\n<\/tr>\n<tr class=\"row-6\">\n\t<td class=\"column-1\"><\/td><td class=\"column-2\">USB 3.0<\/td><td class=\"column-3\">4 through FPE<br \/>\n<\/td>\n<\/tr>\n<tr class=\"row-7\">\n\t<td class=\"column-1\"><\/td><td class=\"column-2\">COM<\/td><td class=\"column-3\">2 x RS485 (FBUS)<br \/>\nTerminal Blocks. Driver with Isolation, the same as on CPU board.<\/td>\n<\/tr>\n<tr class=\"row-8\">\n\t<td class=\"column-1\"><\/td><td class=\"column-2\">SATA<\/td><td class=\"column-3\">1<\/td>\n<\/tr>\n<tr class=\"row-9\">\n\t<td class=\"column-1\">I\/O Interface<\/td><td class=\"column-2\">SATA Power<\/td><td class=\"column-3\">1<\/td>\n<\/tr>\n<tr class=\"row-10\">\n\t<td class=\"column-1\"><\/td><td class=\"column-2\">CFast<\/td><td class=\"column-3\">1<\/td>\n<\/tr>\n<tr class=\"row-11\">\n\t<td class=\"column-1\"><\/td><td class=\"column-2\">SIM card holder<\/td><td class=\"column-3\">1<\/td>\n<\/tr>\n<tr class=\"row-12\">\n\t<td class=\"column-1\"><\/td><td class=\"column-2\">Form Factor<br \/>\n<\/td><td class=\"column-3\">EPIC with StackPC-FPE<br \/>\n<\/td>\n<\/tr>\n<tr class=\"row-13\">\n\t<td class=\"column-1\"><\/td><td class=\"column-2\">Power Type<\/td><td class=\"column-3\">9 to 24V DC-in<br \/>\n<\/td>\n<\/tr>\n<tr class=\"row-14\">\n\t<td class=\"column-1\">Mechanical and Environment<\/td><td class=\"column-2\">Dimensions<\/td><td class=\"column-3\">115 x 165mm<br \/>\n<\/td>\n<\/tr>\n<tr class=\"row-15\">\n\t<td class=\"column-1\"><\/td><td class=\"column-2\">Operating Temp<\/td><td class=\"column-3\">-40\u00b0 C to 85 \u00b0 C<br \/>\n<\/td>\n<\/tr>\n<tr class=\"row-16\">\n\t<td class=\"column-1\"><\/td><td class=\"column-2\">Storage Temp.<\/td><td class=\"column-3\">-55\u00b0C to 90\u00b0C<br \/>\n<\/td>\n<\/tr>\n<tr class=\"row-17\">\n\t<td class=\"column-1\"><\/td><td class=\"column-2\">Relative humidity<\/td><td class=\"column-3\">10% to 90%, non-condensing<br \/>\n<\/td>\n<\/tr>\n<\/tbody>\n<\/table>\n<!-- #tablepress-188 from cache -->\n","protected":false},"excerpt":{"rendered":"<p>Specyfikacja StackPC okre\u015bla nowe podej\u015bcie do projektowania i rozwoju system\u00f3w, kt\u00f3re mo\u017cna ustawia\u0107 jeden na drugim. Obejmuje to wszystkie standardy PCIe\/104 wraz z nowymi funkcjami z\u0142\u0105cza StackPC, tzn. StackPC mo\u017ce r\u00f3wnie\u017c obs\u0142ugiwa\u0107 sygna\u0142 PCIe\/104.<\/p>\n","protected":false},"featured_media":10994,"template":"","meta":{"_acf_changed":false,"inline_featured_image":false,"_monsterinsights_skip_tracking":false,"_monsterinsights_sitenote_active":false,"_monsterinsights_sitenote_note":"","_monsterinsights_sitenote_category":0},"product_brand":[],"product_cat":[1584,511,523,509],"product_tag":[],"class_list":{"0":"post-4665","1":"product","2":"type-product","3":"status-publish","4":"has-post-thumbnail","6":"product_cat-komputery-jednoplytkowe-sbc-2","7":"product_cat-komputery-jednoplytkowe-perfectron","8":"product_cat-pc-104","9":"product_cat-perfectron","11":"first","12":"instock","13":"shipping-taxable","14":"product-type-simple"},"acf":[],"_links":{"self":[{"href":"https:\/\/quantum.com.pl\/pl\/wp-json\/wp\/v2\/product\/4665","targetHints":{"allow":["GET"]}}],"collection":[{"href":"https:\/\/quantum.com.pl\/pl\/wp-json\/wp\/v2\/product"}],"about":[{"href":"https:\/\/quantum.com.pl\/pl\/wp-json\/wp\/v2\/types\/product"}],"wp:featuredmedia":[{"embeddable":true,"href":"https:\/\/quantum.com.pl\/pl\/wp-json\/wp\/v2\/media\/10994"}],"wp:attachment":[{"href":"https:\/\/quantum.com.pl\/pl\/wp-json\/wp\/v2\/media?parent=4665"}],"wp:term":[{"taxonomy":"product_brand","embeddable":true,"href":"https:\/\/quantum.com.pl\/pl\/wp-json\/wp\/v2\/product_brand?post=4665"},{"taxonomy":"product_cat","embeddable":true,"href":"https:\/\/quantum.com.pl\/pl\/wp-json\/wp\/v2\/product_cat?post=4665"},{"taxonomy":"product_tag","embeddable":true,"href":"https:\/\/quantum.com.pl\/pl\/wp-json\/wp\/v2\/product_tag?post=4665"}],"curies":[{"name":"wp","href":"https:\/\/api.w.org\/{rel}","templated":true}]}}