{"id":4713,"date":"2019-10-16T17:15:03","date_gmt":"2019-10-16T15:15:03","guid":{"rendered":"https:\/\/quantum.com.pl\/?post_type=product&#038;p=4713"},"modified":"2020-08-25T23:00:01","modified_gmt":"2020-08-25T21:00:01","slug":"sk509","status":"publish","type":"product","link":"https:\/\/quantum.com.pl\/pl\/product\/sk509\/","title":{"rendered":"SK509"},"content":{"rendered":"<h4>PCIe\/104(StackPC) P\u0142yta I\/O<\/h4>\n<p>SK509 to wytrzyma\u0142y, czteroportowy modu\u0142 I\/O USB 2.0 dla urz\u0105dze\u0144 peryferyjnych PCIe\/104 (StackPC). Jest przeznaczony do ustawiania w systemie ,,stackable&#8221; u g\u00f3ry, w celu ochrony przed podwy\u017cszon\u0105 temperatur\u0105 od -40\u00b0C ~ 85\u00b0C podczas pracy. SK509 obs\u0142uguje wiele I \/ O, kt\u00f3re umo\u017cliwiaj\u0105 przekazywanie sygna\u0142\u00f3w przez p\u0142yt\u0119 CPU do g\u00f3rnej warstwy I \/ O struktury StackPC. Ten modu\u0142 interfejsu jest dobry do testowania funkcji in\u017cynieryjnych i \u0142atwego monta\u017cu do integracji z\u0142\u0105czy IP M12, D38999.<\/p>\n<h4>Dane techniczne<\/h4>\n<ul>\n<li>Format StackPC<\/li>\n<li>Struktura magistrali typu ,,stackable&#8221; PCIe\/104<\/li>\n<li>Ethernet: 2 x RJ45 LAN port<\/li>\n<li>Com: 3 x RS232 z 5 V \/ 12 V do wyboru (DB9 male), 1 x RS-232\/422\/485 port\u00f3w (DB9 male)<\/li>\n<li>mPCIe: 2 x mini gniazdo PCIe<\/li>\n<li>USB: 4 x USB 2.0<\/li>\n<li>Rozszerzona temperatura: -40\u00b0C ~ 85\u00b0C<\/li>\n<\/ul>\n\n<table id=\"tablepress-192\" class=\"tablepress tablepress-id-192\">\n<thead>\n<tr class=\"row-1\">\n\t<th class=\"column-1\"><strong>Interface<\/strong><\/th><th class=\"column-2\">StackPC PWR or PCIe\/104 stackable bus (Type2)<br \/>\n<\/th>\n<\/tr>\n<\/thead>\n<tbody class=\"row-striping row-hover\">\n<tr class=\"row-2\">\n\t<td class=\"column-1\"><strong>Input voltage<\/strong><\/td><td class=\"column-2\">+9V to +36V DC<br \/>\n<\/td>\n<\/tr>\n<tr class=\"row-3\">\n\t<td class=\"column-1\"><strong>Maximum output power<\/strong><br \/>\n<\/td><td class=\"column-2\">105W Max.<br \/>\n+3.3V@3A (10W Max.)<br \/>\n+5V@6A (30W Max.)<br \/>\n+5V_SB@1A (5W Max.)<br \/>\n+12V@4-5A (50-60W Max.)<\/td>\n<\/tr>\n<tr class=\"row-4\">\n\t<td class=\"column-1\"><strong>Efficiency<\/strong><\/td><td class=\"column-2\">Up to 90%<br \/>\n<\/td>\n<\/tr>\n<tr class=\"row-5\">\n\t<td class=\"column-1\"><strong>Operating Temperature<\/strong><\/td><td class=\"column-2\">Extended Temperature -40 to 85\u00b0C<br \/>\n<\/td>\n<\/tr>\n<tr class=\"row-6\">\n\t<td class=\"column-1\"><strong>Dimension<\/strong><\/td><td class=\"column-2\">95 x 90 mm<br \/>\n<\/td>\n<\/tr>\n<\/tbody>\n<\/table>\n<!-- #tablepress-192 from cache -->\n","protected":false},"excerpt":{"rendered":"<p>SK509 to wytrzyma\u0142y, czteroportowy modu\u0142 I\/O USB 2.0 dla urz\u0105dze\u0144 peryferyjnych PCIe\/104 (StackPC). Jest przeznaczony do ustawiania w systemie ,,stackable&#8221; u g\u00f3ry, w celu ochrony przed podwy\u017cszon\u0105 temperatur\u0105 od -40\u00b0C ~ 85\u00b0C podczas pracy.<\/p>\n","protected":false},"featured_media":10998,"template":"","meta":{"_acf_changed":false,"inline_featured_image":false,"_monsterinsights_skip_tracking":false,"_monsterinsights_sitenote_active":false,"_monsterinsights_sitenote_note":"","_monsterinsights_sitenote_category":0},"product_brand":[],"product_cat":[1584,511,523,509],"product_tag":[],"class_list":{"0":"post-4713","1":"product","2":"type-product","3":"status-publish","4":"has-post-thumbnail","6":"product_cat-komputery-jednoplytkowe-sbc-2","7":"product_cat-komputery-jednoplytkowe-perfectron","8":"product_cat-pc-104","9":"product_cat-perfectron","11":"first","12":"instock","13":"shipping-taxable","14":"product-type-simple"},"acf":[],"_links":{"self":[{"href":"https:\/\/quantum.com.pl\/pl\/wp-json\/wp\/v2\/product\/4713","targetHints":{"allow":["GET"]}}],"collection":[{"href":"https:\/\/quantum.com.pl\/pl\/wp-json\/wp\/v2\/product"}],"about":[{"href":"https:\/\/quantum.com.pl\/pl\/wp-json\/wp\/v2\/types\/product"}],"wp:featuredmedia":[{"embeddable":true,"href":"https:\/\/quantum.com.pl\/pl\/wp-json\/wp\/v2\/media\/10998"}],"wp:attachment":[{"href":"https:\/\/quantum.com.pl\/pl\/wp-json\/wp\/v2\/media?parent=4713"}],"wp:term":[{"taxonomy":"product_brand","embeddable":true,"href":"https:\/\/quantum.com.pl\/pl\/wp-json\/wp\/v2\/product_brand?post=4713"},{"taxonomy":"product_cat","embeddable":true,"href":"https:\/\/quantum.com.pl\/pl\/wp-json\/wp\/v2\/product_cat?post=4713"},{"taxonomy":"product_tag","embeddable":true,"href":"https:\/\/quantum.com.pl\/pl\/wp-json\/wp\/v2\/product_tag?post=4713"}],"curies":[{"name":"wp","href":"https:\/\/api.w.org\/{rel}","templated":true}]}}