{"id":4728,"date":"2019-10-16T17:52:41","date_gmt":"2019-10-16T15:52:41","guid":{"rendered":"https:\/\/quantum.com.pl\/?post_type=product&#038;p=4728"},"modified":"2020-08-25T23:00:01","modified_gmt":"2020-08-25T21:00:01","slug":"sk704","status":"publish","type":"product","link":"https:\/\/quantum.com.pl\/pl\/product\/sk704\/","title":{"rendered":"SK704"},"content":{"rendered":"<h4>Modu\u0142 zasilacza PCIe\/104 (StackPC) 105 W DC\/DC<\/h4>\n<p>SK704 jest modu\u0142em peryferyjnym PCIe\/104 (StackPC) przeznaczonym do wbudowanego systemu ,,stackable&#8221;, przenosz\u0105cym od 9 V ~ 36 V DC-in do +3,3 V, +5 V, +5 V_SB i + 12V DC-out. Modu\u0142 zasilania zapewnia maksymaln\u0105 moc wyj\u015bciow\u0105 105 W dzi\u0119ki strukturze magistrali PCIe\/104, kt\u00f3r\u0105 mo\u017cna ustawia\u0107 jedna na drugiej. Zosta\u0142 zaprojektowany z technologi\u0105 Linear Tech, zapewniaj\u0105c du\u017c\u0105 wydajno\u015b\u0107 uk\u0142ad\u00f3w scalonych i szerokie mo\u017cliwo\u015bci zasilania. Jest dost\u0119pny nie tylko ze z\u0142\u0105czami StackPWR, ale tak\u017ce ze z\u0142\u0105czami PCIe\/104. SK704 umo\u017cliwia szeroki zakres napi\u0119cia wej\u015bciowego od +9 V do +36 V pr\u0105du sta\u0142ego. Skomplikowane rozmieszczenie sterownik\u00f3w pozwala na prac\u0119 w trudnych warunkach od -40\u00b0C do 85\u00b0C. Wytwarzane ciep\u0142o gromadzi si\u0119 na dnie, dlatego mo\u017cna je \u0142atwo doprowadzi\u0107 do aluminiowego radiatora lub obudowy i dalej rozproszy\u0107. Poza tym pozwala to u\u017cytkownikom na \u0142atwiejsz\u0105 instalacj\u0119 systemu typu ,,fanless&#8221;. Dzi\u0119ki wysokiej wydajno\u015bci i mo\u017cliwo\u015bciom SK704 nadaje si\u0119 do trudnych zastosowa\u0144 o krytycznym znaczeniu, w tym do wojska, pojazd\u00f3w ci\u0119\u017ckich, przemys\u0142u lekkiego i innych.<\/p>\n<h4>Dane techniczne<\/h4>\n<ul>\n<li>Magistrala PCIe\/104 typu ,,stackable&#8221; (typ 2)<\/li>\n<li>Napi\u0119cie wej\u015bciowe od 9 V do 36 V DC-in<\/li>\n<li>Maksymalna moc wyj\u015bciowa &#8211; 105 W &#8211; \u3000+3.3V@3A (10W Max.)<br \/>\n+5V@6A (30W Max.)<br \/>\n+5V_SB@1A (5W Max.)<br \/>\n+12V@4-5A (50-60W Max.)<\/li>\n<li>Sprawno\u015b\u0107 do 90%<\/li>\n<li>W razie u\u017cycia Linear Tech &#8211; zapewnienie wysokiej wydajno\u015bci uk\u0142adu scalonego<\/li>\n<li>Zgodny z StackPC i PCIe\/104<\/li>\n<li>Rozszerzona temperatura (-40\u00b0C do 85\u00b0C)<\/li>\n<\/ul>\n\n<table id=\"tablepress-194\" class=\"tablepress tablepress-id-194\">\n<thead>\n<tr class=\"row-1\">\n\t<th class=\"column-1\"><strong>Model<\/strong><\/th><td class=\"column-2\"><\/td><th class=\"column-3\"><strong>OXY5362A<\/strong><\/th>\n<\/tr>\n<\/thead>\n<tbody class=\"row-striping row-hover\">\n<tr class=\"row-2\">\n\t<td class=\"column-1\">Operating Temp.<\/td><td class=\"column-2\"><\/td><td class=\"column-3\">-40~ +85\u00b0C<br \/>\n<\/td>\n<\/tr>\n<tr class=\"row-3\">\n\t<td class=\"column-1\"><\/td><td class=\"column-2\">CPU Type<\/td><td class=\"column-3\">Intel\u00ae Skylake-U SoC 14nm Core\u2122 i7\/i5\/i3 BGA Type<br \/>\nIntel\u00ae Core\u2122 i7-6600U Processor (2C, 4M Cache, up to 3.40 GHz)<br \/>\nIntel\u00ae Core\u2122 i5-6300U Processor (2C, 3M Cache, up to 3.00 GHz)<br \/>\nIntel\u00ae Core\u2122 i3-6100U Processor (2C, 3M Cache, 2.30 GHz)<\/td>\n<\/tr>\n<tr class=\"row-4\">\n\t<td class=\"column-1\"><\/td><td class=\"column-2\">Chipset<\/td><td class=\"column-3\">SoC, integrated with CPU<\/td>\n<\/tr>\n<tr class=\"row-5\">\n\t<td class=\"column-1\">System<\/td><td class=\"column-2\">Memory Type<\/td><td class=\"column-3\">2 x DDR4 SO-DIMM 1866\/2133 MHz up 32GB<br \/>\n<\/td>\n<\/tr>\n<tr class=\"row-6\">\n\t<td class=\"column-1\"><\/td><td class=\"column-2\">BIOS<\/td><td class=\"column-3\">AMI\u00ae SPI BIOS<br \/>\n<\/td>\n<\/tr>\n<tr class=\"row-7\">\n\t<td class=\"column-1\"><\/td><td class=\"column-2\">Watchdog<\/td><td class=\"column-3\">1-255 sec. or 1-255 min. software programmable<br \/>\n<\/td>\n<\/tr>\n<tr class=\"row-8\">\n\t<td class=\"column-1\">Expansion Slot<\/td><td class=\"column-2\">Mini PCIe<\/td><td class=\"column-3\">1 x Full-size mPCIe\/mSATA<br \/>\n1 x Half-size mPCIe\/mSATA<\/td>\n<\/tr>\n<tr class=\"row-9\">\n\t<td class=\"column-1\"><\/td><td class=\"column-2\">Chipset<\/td><td class=\"column-3\">Intel\u00ae HD Graphics 500 Series<br \/>\n<\/td>\n<\/tr>\n<tr class=\"row-10\">\n\t<td class=\"column-1\">Display<\/td><td class=\"column-2\">DisplayPort<\/td><td class=\"column-3\">2 (Max Resolution 4096*2304)<br \/>\n<\/td>\n<\/tr>\n<tr class=\"row-11\">\n\t<td class=\"column-1\"><\/td><td class=\"column-2\">LVDS<\/td><td class=\"column-3\">Dual Channel 24-bit LVDS<br \/>\n<\/td>\n<\/tr>\n<tr class=\"row-12\">\n\t<td class=\"column-1\"><\/td><td class=\"column-2\">Display Type<\/td><td class=\"column-3\">DisplayPort, LVDS<br \/>\n<\/td>\n<\/tr>\n<tr class=\"row-13\">\n\t<td class=\"column-1\">Audio<\/td><td class=\"column-2\">Codec<\/td><td class=\"column-3\">Realtek ALC888<br \/>\n<\/td>\n<\/tr>\n<tr class=\"row-14\">\n\t<td class=\"column-1\"><\/td><td class=\"column-2\">Chipset<\/td><td class=\"column-3\">1 x Intel\u00ae I210-IT i 1 x Intel\u00ae I219-LM GbE LAN<br \/>\n(obs\u0142uguje 10\/100\/1000 Mbps dla 2 port\u00f3w RJ45)<\/td>\n<\/tr>\n<tr class=\"row-15\">\n\t<td class=\"column-1\">Ethernet<\/td><td class=\"column-2\">WOL<\/td><td class=\"column-3\">Yes<\/td>\n<\/tr>\n<tr class=\"row-16\">\n\t<td class=\"column-1\"><\/td><td class=\"column-2\">Boot from LAN<\/td><td class=\"column-3\">Yes for PXE<br \/>\n<\/td>\n<\/tr>\n<tr class=\"row-17\">\n\t<td class=\"column-1\"><\/td><td class=\"column-2\">DisplayPort<\/td><td class=\"column-3\">2 x DisplayPort<br \/>\n<\/td>\n<\/tr>\n<tr class=\"row-18\">\n\t<td class=\"column-1\">Rear I\/O<\/td><td class=\"column-2\">Serial Port<\/td><td class=\"column-3\">1 x RS232 \/w 5V\/12V selectable<br \/>\n<\/td>\n<\/tr>\n<tr class=\"row-19\">\n\t<td class=\"column-1\"><\/td><td class=\"column-2\">Ethernet<\/td><td class=\"column-3\">2 x RJ45 ports (support 10\/100\/1000 Mbps for 2 x RJ45 ports)<br \/>\n<\/td>\n<\/tr>\n<tr class=\"row-20\">\n\t<td class=\"column-1\"><\/td><td class=\"column-2\">USB<\/td><td class=\"column-3\">4 x USB 3.0<br \/>\n<\/td>\n<\/tr>\n<tr class=\"row-21\">\n\t<td class=\"column-1\"><\/td><td class=\"column-2\">SATA<\/td><td class=\"column-3\">1 x SATAIII (6 Gb\/s)<br \/>\n<\/td>\n<\/tr>\n<tr class=\"row-22\">\n\t<td class=\"column-1\"><\/td><td class=\"column-2\">USB<\/td><td class=\"column-3\">2 x USB 2.0 by pin header<br \/>\n<\/td>\n<\/tr>\n<tr class=\"row-23\">\n\t<td class=\"column-1\"><\/td><td class=\"column-2\">COM<\/td><td class=\"column-3\">1 x RS232\/422\/485<br \/>\n<\/td>\n<\/tr>\n<tr class=\"row-24\">\n\t<td class=\"column-1\">Interface I\/O<\/td><td class=\"column-2\">Audio<\/td><td class=\"column-3\">Mic-in, Line-in\/out<br \/>\n<\/td>\n<\/tr>\n<tr class=\"row-25\">\n\t<td class=\"column-1\"><\/td><td class=\"column-2\">FAN<\/td><td class=\"column-3\">1 x CPU fan<br \/>\n<\/td>\n<\/tr>\n<tr class=\"row-26\">\n\t<td class=\"column-1\"><\/td><td class=\"column-2\">LVDS<\/td><td class=\"column-3\">40-pin connector<br \/>\n<\/td>\n<\/tr>\n<tr class=\"row-27\">\n\t<td class=\"column-1\"><\/td><td class=\"column-2\">DIO<\/td><td class=\"column-3\">8-bit (4 in\/4 out)<br \/>\n<\/td>\n<\/tr>\n<tr class=\"row-28\">\n\t<td class=\"column-1\">OS support list<\/td><td class=\"column-2\">Windows<\/td><td class=\"column-3\">Windows 7 x32\/x64\u3001Windows 8 x32\/x64\u3001Windows 8.1 x32\/x64\u3001Windows 10 x32\/x64<br \/>\n<\/td>\n<\/tr>\n<tr class=\"row-29\">\n\t<td class=\"column-1\"><\/td><td class=\"column-2\">Linux<\/td><td class=\"column-3\">Fedora 20\u3001Ubuntu 13.04\u3001Ubuntu 13.10\u3001Ubuntu 14.04<br \/>\n<\/td>\n<\/tr>\n<tr class=\"row-30\">\n\t<td class=\"column-1\"><\/td><td class=\"column-2\"><strong>Mechanical and Environment<\/strong><\/td><td class=\"column-3\"><\/td>\n<\/tr>\n<tr class=\"row-31\">\n\t<td class=\"column-1\">Form Factor<\/td><td class=\"column-2\"><\/td><td class=\"column-3\">3.5\" SBC<br \/>\n<\/td>\n<\/tr>\n<tr class=\"row-32\">\n\t<td class=\"column-1\">Power Type<\/td><td class=\"column-2\"><\/td><td class=\"column-3\">9~36V DC-in<br \/>\n<\/td>\n<\/tr>\n<tr class=\"row-33\">\n\t<td class=\"column-1\">Dimension<\/td><td class=\"column-2\"><\/td><td class=\"column-3\">146 x 102 mm (5.7\" x 4\")<br \/>\n<\/td>\n<\/tr>\n<tr class=\"row-34\">\n\t<td class=\"column-1\">Operating Temp.<\/td><td class=\"column-2\"><\/td><td class=\"column-3\">-40\u2103 to 85\u2103<br \/>\n<\/td>\n<\/tr>\n<tr class=\"row-35\">\n\t<td class=\"column-1\">Storage Temp.<\/td><td class=\"column-2\"><\/td><td class=\"column-3\">-40\u2103 to 85\u2103<br \/>\n<\/td>\n<\/tr>\n<tr class=\"row-36\">\n\t<td class=\"column-1\">Relative Humidity<\/td><td class=\"column-2\"><\/td><td class=\"column-3\">10% to 90%, non-condensing<br \/>\n<\/td>\n<\/tr>\n<\/tbody>\n<\/table>\n<!-- #tablepress-194 from cache -->\n","protected":false},"excerpt":{"rendered":"<p>SK704 jest modu\u0142em peryferyjnym PCIe\/104 (StackPC) przeznaczonym do wbudowanego systemu ,,stackable&#8221;, przenosz\u0105cym od 9 V ~ 36 V DC-in do +3,3 V, +5 V, +5 V_SB i + 12V DC-out. Modu\u0142 zasilania zapewnia maksymaln\u0105 moc wyj\u015bciow\u0105 105 W dzi\u0119ki strukturze magistrali PCIe\/104, kt\u00f3r\u0105 mo\u017cna ustawia\u0107 jedna na drugiej.<\/p>\n","protected":false},"featured_media":11000,"template":"","meta":{"_acf_changed":false,"inline_featured_image":false,"_monsterinsights_skip_tracking":false,"_monsterinsights_sitenote_active":false,"_monsterinsights_sitenote_note":"","_monsterinsights_sitenote_category":0},"product_brand":[],"product_cat":[1584,511,523,509],"product_tag":[],"class_list":{"0":"post-4728","1":"product","2":"type-product","3":"status-publish","4":"has-post-thumbnail","6":"product_cat-komputery-jednoplytkowe-sbc-2","7":"product_cat-komputery-jednoplytkowe-perfectron","8":"product_cat-pc-104","9":"product_cat-perfectron","11":"first","12":"instock","13":"shipping-taxable","14":"product-type-simple"},"acf":[],"_links":{"self":[{"href":"https:\/\/quantum.com.pl\/pl\/wp-json\/wp\/v2\/product\/4728","targetHints":{"allow":["GET"]}}],"collection":[{"href":"https:\/\/quantum.com.pl\/pl\/wp-json\/wp\/v2\/product"}],"about":[{"href":"https:\/\/quantum.com.pl\/pl\/wp-json\/wp\/v2\/types\/product"}],"wp:featuredmedia":[{"embeddable":true,"href":"https:\/\/quantum.com.pl\/pl\/wp-json\/wp\/v2\/media\/11000"}],"wp:attachment":[{"href":"https:\/\/quantum.com.pl\/pl\/wp-json\/wp\/v2\/media?parent=4728"}],"wp:term":[{"taxonomy":"product_brand","embeddable":true,"href":"https:\/\/quantum.com.pl\/pl\/wp-json\/wp\/v2\/product_brand?post=4728"},{"taxonomy":"product_cat","embeddable":true,"href":"https:\/\/quantum.com.pl\/pl\/wp-json\/wp\/v2\/product_cat?post=4728"},{"taxonomy":"product_tag","embeddable":true,"href":"https:\/\/quantum.com.pl\/pl\/wp-json\/wp\/v2\/product_tag?post=4728"}],"curies":[{"name":"wp","href":"https:\/\/api.w.org\/{rel}","templated":true}]}}