{"id":4747,"date":"2019-10-16T19:11:56","date_gmt":"2019-10-16T17:11:56","guid":{"rendered":"https:\/\/quantum.com.pl\/?post_type=product&#038;p=4747"},"modified":"2020-08-25T22:59:59","modified_gmt":"2020-08-25T20:59:59","slug":"oxy5362a","status":"publish","type":"product","link":"https:\/\/quantum.com.pl\/pl\/product\/oxy5362a\/","title":{"rendered":"OXY5362A"},"content":{"rendered":"<h4>Procesor Intel\u00ae 7. generacji Kabylake-U Core &#x2122; i7 \/ i5 \/ i3 3.5&#8243; SBC<\/h4>\n<ul>\n<li>Obs\u0142uga procesor\u00f3w Intel\u00ae Core &#x2122; i7-7600U 7. generacji<\/li>\n<li>2 x SO-DIMM, obs\u0142uguje Dual Channel DDR4 1866\/2133 do 32 GB<\/li>\n<li>1 x pe\u0142nowymiarowy mPCIe, 1 x p\u00f3\u0142 rozmiaru mPCIe<\/li>\n<li>Wiele wy\u015bwietlaczy: 2 x DisplayPort; 1 x 24-bitowy LVDS z podw\u00f3jnym kana\u0142em<\/li>\n<li>Dwa porty LAN (Intel I210-IT i 1 x I219-LM GbE)<\/li>\n<li>2 x porty COM: 1 x RS-232, 1 x RS232 \/ 422\/485<\/li>\n<li>6 port\u00f3w USB: 4 x USB 3.0, 2 x USB 2.0<\/li>\n<li>Szeroki zakres 9 ~ 36V DC-in<\/li>\n<li>Rozszerzona temperatura operacyjna (-20\u00b0C ~ +85\u00b0C)<\/li>\n<\/ul>\n<p>OXY5362A to wysoce zintegrowany 3,5-calowy wytrzyma\u0142y SBC nap\u0119dzany przez wbudowane na p\u0142ycie lutowanie Intel\u00ae Kabylake U SoC i7-7600U. Dzi\u0119ki procesorowi przytwierdzonemu na p\u0142ycie, mo\u017cna znacznie zwi\u0119kszy\u0107 odporno\u015b\u0107 na wibracje i wstrz\u0105sy. Procesor obs\u0142uguje grafik\u0119 (seria HD Graphics 620). Jest wyposa\u017cony w bogate, starsze funkcje I\/O, takie jak: 2 porty COM; 8 bit\u00f3w DIO; 6 port\u00f3w USB. Dzi\u0119ki 2 DisplayPort i dwukana\u0142owemu 24-bitowemu LVDS, OXY5362A mo\u017ce zaspokoi\u0107 r\u00f3\u017cnorodne potrzeby wsp\u00f3\u0142czesnych aplikacji do sterowania wy\u015bwietlaczami i monitorami. OXY5362A mo\u017ce pracowa\u0107 w trudnych warunkach w zakresie temperatur od -20\u00b0C do 85\u00b0C i unikn\u0105\u0107 uszkodze\u0144 spowodowanych nag\u0142ym skokiem napi\u0119cia dzi\u0119ki konstrukcji wej\u015bcia 9V ~ 36V DC.<\/p>\n<h4>Bogaty interfejs I \/ O &#8211; rozbudowana funkcjonalno\u015b\u0107<\/h4>\n<p>Bogata konstrukcja I\/O zapewnia funkcjonowanie obecnych urz\u0105dze\u0144 automatyki, w tym wy\u015bwietlacza i innych aplikacji wymagaj\u0105cych rozbudowanych funkcji. Dzi\u0119ki 2 portom COM, 6 USB, 2 LAN i dwukana\u0142owemu 24-bitowemu LVDS, OXY5362A zapewnia szeroki wyb\u00f3r opcji rozbudowy i pod\u0142\u0105czania do r\u00f3\u017cnych urz\u0105dze\u0144.<\/p>\n<h4>Praca w rozszerzonej temperaturze<\/h4>\n<p>PERFECTRON d\u0105\u017cy do zapewnienia doskona\u0142ej wydajno\u015bci we wszystkich typach stref temperaturowych. P\u0142yty te mog\u0105 wytrzyma\u0107 ekstremalne temperatury. OXY5362A mo\u017ce pracowa\u0107 w zakresie od -10 do 85 stopni. PERFECTRON gwarantuje najwy\u017csz\u0105 wydajno\u015b\u0107 w trudnych warunkach.<\/p>\n<h4>Wydajne rozwi\u0105zanie termiczne<\/h4>\n<p>Indywidualnie zaprojektowany rozpraszacz ciep\u0142a, kt\u00f3ry PERFECTRON zapewnia u\u017cytkownikom, aby skr\u00f3ci\u0107 okres projektowania mechanicznego, zapewnia r\u00f3wnie\u017c najwy\u017csz\u0105 skuteczno\u015b\u0107 rozpraszania. W przypadku OXY5362A dostosowany radiator umieszczony jest na g\u00f3rze procesora i mikrouk\u0142adu, dzia\u0142aj\u0105c jako medium, kt\u00f3re wymienia ciep\u0142o z otaczaj\u0105c\u0105 atmosfer\u0105. Wysokowydajny aluminiowy radiator ma przewodno\u015b\u0107 ciepln\u0105, kt\u00f3ra poch\u0142ania ciep\u0142o wytwarzane przez pompuj\u0105cy procesor.<\/p>\n\n<table id=\"tablepress-196\" class=\"tablepress tablepress-id-196\">\n<thead>\n<tr class=\"row-1\">\n\t<th class=\"column-1\"><strong>Model<\/strong><\/th><td class=\"column-2\"><\/td><th class=\"column-3\"><strong>OXY5362A<\/strong><\/th>\n<\/tr>\n<\/thead>\n<tbody class=\"row-striping row-hover\">\n<tr class=\"row-2\">\n\t<td class=\"column-1\">Temperatura operacyjna<\/td><td class=\"column-2\"><\/td><td class=\"column-3\">-40~ +85\u00b0C<br \/>\n<\/td>\n<\/tr>\n<tr class=\"row-3\">\n\t<td class=\"column-1\"><\/td><td class=\"column-2\">Typ CPU<\/td><td class=\"column-3\">Intel\u00ae Skylake-U SoC 14nm Core\u2122 i7\/i5\/i3 BGA Type<br \/>\nIntel\u00ae Core\u2122 i7-6600U Processor (2C, 4M Cache, up to 3.40 GHz)<br \/>\nIntel\u00ae Core\u2122 i5-6300U Processor (2C, 3M Cache, up to 3.00 GHz)<br \/>\nIntel\u00ae Core\u2122 i3-6100U Processor (2C, 3M Cache, 2.30 GHz)<\/td>\n<\/tr>\n<tr class=\"row-4\">\n\t<td class=\"column-1\"><\/td><td class=\"column-2\">Chipset<\/td><td class=\"column-3\">SoC, zintegrowany z CPU<br \/>\n<\/td>\n<\/tr>\n<tr class=\"row-5\">\n\t<td class=\"column-1\">System<\/td><td class=\"column-2\">Typ pami\u0119ci<\/td><td class=\"column-3\">2 x DDR4 SO-DIMM 1866\/2133 MHz up 32GB<br \/>\n<\/td>\n<\/tr>\n<tr class=\"row-6\">\n\t<td class=\"column-1\"><\/td><td class=\"column-2\">BIOS<\/td><td class=\"column-3\">AMI\u00ae SPI BIOS<br \/>\n<\/td>\n<\/tr>\n<tr class=\"row-7\">\n\t<td class=\"column-1\"><\/td><td class=\"column-2\">Zegar nadzoruj\u0105cy<\/td><td class=\"column-3\">1-255 sek. lub 1-255 min. programowalny software<br \/>\n<\/td>\n<\/tr>\n<tr class=\"row-8\">\n\t<td class=\"column-1\">Gniazdo rozszerze\u0144<\/td><td class=\"column-2\">Mini PCIe<\/td><td class=\"column-3\">1 x Full-size mPCIe\/mSATA<br \/>\n1 x Half-size mPCIe\/mSATA<\/td>\n<\/tr>\n<tr class=\"row-9\">\n\t<td class=\"column-1\"><\/td><td class=\"column-2\">Chipset<\/td><td class=\"column-3\">Intel\u00ae HD Graphics 500 Series<br \/>\n<\/td>\n<\/tr>\n<tr class=\"row-10\">\n\t<td class=\"column-1\">Wy\u015bwietlacz<\/td><td class=\"column-2\">DisplayPort<\/td><td class=\"column-3\">2 (maksymalna rozdzielczo\u015b\u0107 4096 * 2304)<br \/>\n<\/td>\n<\/tr>\n<tr class=\"row-11\">\n\t<td class=\"column-1\"><\/td><td class=\"column-2\">LVDS<\/td><td class=\"column-3\">Dwukana\u0142owy 24-bitowy LVDS<br \/>\n<\/td>\n<\/tr>\n<tr class=\"row-12\">\n\t<td class=\"column-1\"><\/td><td class=\"column-2\">Typ wy\u015bwietlacza<\/td><td class=\"column-3\">DisplayPort, LVDS<br \/>\n<\/td>\n<\/tr>\n<tr class=\"row-13\">\n\t<td class=\"column-1\">Audio<\/td><td class=\"column-2\">Codec<\/td><td class=\"column-3\">Realtek ALC888<br \/>\n<\/td>\n<\/tr>\n<tr class=\"row-14\">\n\t<td class=\"column-1\"><\/td><td class=\"column-2\">Chipset<\/td><td class=\"column-3\">1 x Intel\u00ae I210-IT i 1 x Intel\u00ae I219-LM GbE LAN<br \/>\n(obs\u0142uguje 10\/100\/1000 Mbps dla 2 port\u00f3w RJ45)<\/td>\n<\/tr>\n<tr class=\"row-15\">\n\t<td class=\"column-1\">Ethernet<\/td><td class=\"column-2\">WOL<\/td><td class=\"column-3\">Tak<\/td>\n<\/tr>\n<tr class=\"row-16\">\n\t<td class=\"column-1\"><\/td><td class=\"column-2\">Boot from LAN<\/td><td class=\"column-3\">Tak dla PXE<br \/>\n<\/td>\n<\/tr>\n<tr class=\"row-17\">\n\t<td class=\"column-1\"><\/td><td class=\"column-2\">DisplayPort<\/td><td class=\"column-3\">2 x DisplayPort<br \/>\n<\/td>\n<\/tr>\n<tr class=\"row-18\">\n\t<td class=\"column-1\">Tylne I\/O<\/td><td class=\"column-2\">Port szeregowy<\/td><td class=\"column-3\">1 x RS232 \/ w 5 V \/ 12V do wyboru<br \/>\n<\/td>\n<\/tr>\n<tr class=\"row-19\">\n\t<td class=\"column-1\"><\/td><td class=\"column-2\">Ethernet<\/td><td class=\"column-3\">2 porty RJ45 (obs\u0142uga 10\/100\/1000 Mbps dla 2 port\u00f3w RJ45)<br \/>\n<\/td>\n<\/tr>\n<tr class=\"row-20\">\n\t<td class=\"column-1\"><\/td><td class=\"column-2\">USB<\/td><td class=\"column-3\">4 x USB 3.0<br \/>\n<\/td>\n<\/tr>\n<tr class=\"row-21\">\n\t<td class=\"column-1\"><\/td><td class=\"column-2\">SATA<\/td><td class=\"column-3\">1 x SATAIII (6 Gb\/s)<br \/>\n<\/td>\n<\/tr>\n<tr class=\"row-22\">\n\t<td class=\"column-1\"><\/td><td class=\"column-2\">USB<\/td><td class=\"column-3\">2 x USB 2.0 przez stykowe z\u0142\u0105cze<br \/>\n<\/td>\n<\/tr>\n<tr class=\"row-23\">\n\t<td class=\"column-1\"><\/td><td class=\"column-2\">COM<\/td><td class=\"column-3\">1 x RS232\/422\/485<br \/>\n<\/td>\n<\/tr>\n<tr class=\"row-24\">\n\t<td class=\"column-1\">Interfejs I\/O<\/td><td class=\"column-2\">Audio<\/td><td class=\"column-3\">Mic-in, Line-in\/out<br \/>\n<\/td>\n<\/tr>\n<tr class=\"row-25\">\n\t<td class=\"column-1\"><\/td><td class=\"column-2\">FAN<\/td><td class=\"column-3\">1 x CPU fan<br \/>\n<\/td>\n<\/tr>\n<tr class=\"row-26\">\n\t<td class=\"column-1\"><\/td><td class=\"column-2\">LVDS<\/td><td class=\"column-3\">40-stykowe z\u0142\u0105cze<br \/>\n<\/td>\n<\/tr>\n<tr class=\"row-27\">\n\t<td class=\"column-1\"><\/td><td class=\"column-2\">DIO<\/td><td class=\"column-3\">8-bit (4 wej\u015bcia \/ 4 wyj\u015bcia)<br \/>\n<\/td>\n<\/tr>\n<tr class=\"row-28\">\n\t<td class=\"column-1\">Lista obs\u0142ugiwanych system\u00f3w operacyjnych<br \/>\n<\/td><td class=\"column-2\">Windows<\/td><td class=\"column-3\">Windows 7 x32\/x64\u3001Windows 8 x32\/x64\u3001Windows 8.1 x32\/x64\u3001Windows 10 x32\/x64<br \/>\n<\/td>\n<\/tr>\n<tr class=\"row-29\">\n\t<td class=\"column-1\"><\/td><td class=\"column-2\">Linux<\/td><td class=\"column-3\">Fedora 20\u3001Ubuntu 13.04\u3001Ubuntu 13.10\u3001Ubuntu 14.04<br \/>\n<\/td>\n<\/tr>\n<tr class=\"row-30\">\n\t<td class=\"column-1\"><\/td><td class=\"column-2\"><strong>Mechanika i \u015brodowisko<\/strong><\/td><td class=\"column-3\"><\/td>\n<\/tr>\n<tr class=\"row-31\">\n\t<td class=\"column-1\">Form Factor<\/td><td class=\"column-2\"><\/td><td class=\"column-3\">3.5\" SBC<br \/>\n<\/td>\n<\/tr>\n<tr class=\"row-32\">\n\t<td class=\"column-1\">Rodzaj zasilania<\/td><td class=\"column-2\"><\/td><td class=\"column-3\">9~36V DC-in<br \/>\n<\/td>\n<\/tr>\n<tr class=\"row-33\">\n\t<td class=\"column-1\">Wymiary<\/td><td class=\"column-2\"><\/td><td class=\"column-3\">146 x 102 mm (5.7\" x 4\")<br \/>\n<\/td>\n<\/tr>\n<tr class=\"row-34\">\n\t<td class=\"column-1\">Temperatura operacyjna<\/td><td class=\"column-2\"><\/td><td class=\"column-3\">-10\u2103 do 85\u2103<br \/>\n<\/td>\n<\/tr>\n<tr class=\"row-35\">\n\t<td class=\"column-1\">Temperatura przechowywania<\/td><td class=\"column-2\"><\/td><td class=\"column-3\">-40\u2103 do 85\u2103<br \/>\n<\/td>\n<\/tr>\n<tr class=\"row-36\">\n\t<td class=\"column-1\">Wzgl\u0119dna wilgotno\u015b\u0107<\/td><td class=\"column-2\"><\/td><td class=\"column-3\">10% do 90%, bez kondensacji<br \/>\n<\/td>\n<\/tr>\n<\/tbody>\n<\/table>\n<!-- #tablepress-196 from cache -->\n","protected":false},"excerpt":{"rendered":"<p>OXY5362A to wysoce zintegrowany 3,5-calowy wytrzyma\u0142y SBC nap\u0119dzany przez wbudowane na p\u0142ycie lutowanie Intel\u00ae Kabylake U SoC i7-7600U. Dzi\u0119ki procesorowi przytwierdzonemu na p\u0142ycie, mo\u017cna znacznie zwi\u0119kszy\u0107 odporno\u015b\u0107 na wibracje i wstrz\u0105sy.<\/p>\n","protected":false},"featured_media":11046,"template":"","meta":{"_acf_changed":false,"inline_featured_image":false,"_monsterinsights_skip_tracking":false,"_monsterinsights_sitenote_active":false,"_monsterinsights_sitenote_note":"","_monsterinsights_sitenote_category":0},"product_brand":[],"product_cat":[565,1584,511,509],"product_tag":[],"class_list":{"0":"post-4747","1":"product","2":"type-product","3":"status-publish","4":"has-post-thumbnail","6":"product_cat-35-sbc","7":"product_cat-komputery-jednoplytkowe-sbc-2","8":"product_cat-komputery-jednoplytkowe-perfectron","9":"product_cat-perfectron","11":"first","12":"instock","13":"shipping-taxable","14":"product-type-simple"},"acf":[],"_links":{"self":[{"href":"https:\/\/quantum.com.pl\/pl\/wp-json\/wp\/v2\/product\/4747","targetHints":{"allow":["GET"]}}],"collection":[{"href":"https:\/\/quantum.com.pl\/pl\/wp-json\/wp\/v2\/product"}],"about":[{"href":"https:\/\/quantum.com.pl\/pl\/wp-json\/wp\/v2\/types\/product"}],"wp:featuredmedia":[{"embeddable":true,"href":"https:\/\/quantum.com.pl\/pl\/wp-json\/wp\/v2\/media\/11046"}],"wp:attachment":[{"href":"https:\/\/quantum.com.pl\/pl\/wp-json\/wp\/v2\/media?parent=4747"}],"wp:term":[{"taxonomy":"product_brand","embeddable":true,"href":"https:\/\/quantum.com.pl\/pl\/wp-json\/wp\/v2\/product_brand?post=4747"},{"taxonomy":"product_cat","embeddable":true,"href":"https:\/\/quantum.com.pl\/pl\/wp-json\/wp\/v2\/product_cat?post=4747"},{"taxonomy":"product_tag","embeddable":true,"href":"https:\/\/quantum.com.pl\/pl\/wp-json\/wp\/v2\/product_tag?post=4747"}],"curies":[{"name":"wp","href":"https:\/\/api.w.org\/{rel}","templated":true}]}}