{"id":4764,"date":"2019-10-16T20:11:34","date_gmt":"2019-10-16T18:11:34","guid":{"rendered":"https:\/\/quantum.com.pl\/?post_type=product&#038;p=4764"},"modified":"2020-08-25T22:59:59","modified_gmt":"2020-08-25T20:59:59","slug":"oxy5361a","status":"publish","type":"product","link":"https:\/\/quantum.com.pl\/pl\/product\/oxy5361a\/","title":{"rendered":"OXY5361A"},"content":{"rendered":"<h4>Wbudowany procesor Intel\u00ae Skylake U i7 \/ i5 \/ i3 3.5 &#8222;SBC , z podwy\u017cszon\u0105 temperatur\u0105 (-40\u00b0C do 85\u00b0C)<\/h4>\n<ul>\n<li>Obs\u0142uga procesor\u00f3w Intel\u00ae Core &#x2122; i7-6600U 6. generacji<\/li>\n<li>2 x SO-DIMM, obs\u0142uguje Dual Channel DDR4 1866\/2133 do 32 GB<\/li>\n<li>1 x pe\u0142nowymiarowy mPCIe, 1 x p\u00f3\u0142 rozmiaru mPCIe<\/li>\n<li>Wiele wy\u015bwietlaczy: 2 x DisplayPort; 1 x 24-bitowy LVDS z podw\u00f3jnym kana\u0142em<\/li>\n<li>Dwa porty LAN (Intel I210-IT i 1 x I219-LM GbE)<\/li>\n<li>2 x porty COM: 1 x RS-232, 1 x RS232 \/ 422\/485<\/li>\n<li>6 port\u00f3w USB: 4 x USB 3.0, 2 x USB 2.0<\/li>\n<li>Szeroki zakres 9 ~ 36V DC-in<\/li>\n<li>Rozszerzona temperatura operacyjna (-40\u00b0C ~ +85\u00b0C)<\/li>\n<\/ul>\n<p>OXY5361A to wysoce zintegrowany 3,5-calowy wytrzyma\u0142y SBC nap\u0119dzany przez wbudowane na p\u0142ycie lutowanie Intel\u00ae Skylake U SoC i7-6600U. Dzi\u0119ki procesorowi przytwierdzonemu na p\u0142ycie, mo\u017cna znacznie zwi\u0119kszy\u0107 odporno\u015b\u0107 na wibracje i wstrz\u0105sy. Procesor obs\u0142uguje grafik\u0119 (seria HD Graphics 500). Jest wyposa\u017cony w bogate, starsze funkcje I\/O, takie jak: 2 porty COM; 8 bit\u00f3w DIO; 6 port\u00f3w USB. Dzi\u0119ki 2 DisplayPort i dwukana\u0142owemu 24-bitowemu LVDS, OXY5361A mo\u017ce zaspokoi\u0107 r\u00f3\u017cnorodne potrzeby wsp\u00f3\u0142czesnych aplikacji do sterowania wy\u015bwietlaczami i monitorami. OXY5361A mo\u017ce pracowa\u0107 w trudnych warunkach w zakresie temperatur od -40\u00b0C do 85\u00b0C i unikn\u0105\u0107 uszkodze\u0144 spowodowanych nag\u0142ym skokiem napi\u0119cia dzi\u0119ki konstrukcji wej\u015bcia 9V ~ 36V DC.<\/p>\n<h4>Bogaty interfejs I \/ O &#8211; rozbudowana funkcjonalno\u015b\u0107<\/h4>\n<p>Bogata konstrukcja I\/O zapewnia funkcjonowanie obecnych urz\u0105dze\u0144 automatyki, w tym wy\u015bwietlacza i innych aplikacji wymagaj\u0105cych rozbudowanych funkcji. Dzi\u0119ki 2 portom COM, 6 USB, 2 LAN i dwukana\u0142owemu 24-bitowemu LVDS, OXY5361A zapewnia szeroki wyb\u00f3r opcji rozbudowy i pod\u0142\u0105czania do r\u00f3\u017cnych urz\u0105dze\u0144.<\/p>\n<h4>Praca w rozszerzonej temperaturze<\/h4>\n<p>PERFECTRON d\u0105\u017cy do zapewnienia doskona\u0142ej wydajno\u015bci we wszystkich typach stref temperaturowych. P\u0142yty te mog\u0105 wytrzyma\u0107 ekstremalne temperatury. OXY5361A mo\u017ce pracowa\u0107 w zakresie od -40 do 85 stopni. PERFECTRON gwarantuje najwy\u017csz\u0105 wydajno\u015b\u0107 w trudnych warunkach.<\/p>\n<h4>Wydajne rozwi\u0105zanie termiczne<\/h4>\n<p>Indywidualnie zaprojektowany rozpraszacz ciep\u0142a, kt\u00f3ry PERFECTRON zapewnia u\u017cytkownikom, aby skr\u00f3ci\u0107 okres projektowania mechanicznego, zapewnia r\u00f3wnie\u017c najwy\u017csz\u0105 skuteczno\u015b\u0107 rozpraszania. W przypadku OXY5361A dostosowany radiator umieszczony jest na g\u00f3rze procesora i mikrouk\u0142adu, dzia\u0142aj\u0105c jako medium, kt\u00f3re wymienia ciep\u0142o z otaczaj\u0105c\u0105 atmosfer\u0105. Wysokowydajny aluminiowy radiator ma przewodno\u015b\u0107 ciepln\u0105, kt\u00f3ra poch\u0142ania ciep\u0142o wytwarzane przez pompuj\u0105cy procesor.<\/p>\n\n<table id=\"tablepress-199\" class=\"tablepress tablepress-id-199 tbody-has-connected-cells\">\n<thead>\n<tr class=\"row-1\">\n\t<th class=\"column-1\"><strong>Operating Temp.<\/strong><\/th><th class=\"column-2\">-40\u00b0C ~ 70\u00b0C<\/th><td class=\"column-3\"><\/td>\n<\/tr>\n<\/thead>\n<tbody class=\"row-striping row-hover\">\n<tr class=\"row-2\">\n\t<td rowspan=\"6\" class=\"column-1\"><strong>System<\/strong><\/td><td class=\"column-2\">CPU<\/td><td class=\"column-3\">Intel\u00ae Core\u2122 i7 Haswell , BGA type<br \/>\nIntel\u00ae Core i7-4700EQ (4C x 3.4\/2.4 GHz), 6M Cache (47W)<\/td>\n<\/tr>\n<tr class=\"row-3\">\n\t<td class=\"column-2\">Chipset<\/td><td class=\"column-3\">Intel\u00ae QM87 Chipset (Intel\u00ae DH82QM87 PCH)<\/td>\n<\/tr>\n<tr class=\"row-4\">\n\t<td class=\"column-2\">GPU<\/td><td class=\"column-3\">NVIDIA GeForce GTX950M<\/td>\n<\/tr>\n<tr class=\"row-5\">\n\t<td class=\"column-2\">Memory Type<\/td><td class=\"column-3\">1 x DDR3 1600 XR-DIMM up to 8 GB with ECC<\/td>\n<\/tr>\n<tr class=\"row-6\">\n\t<td class=\"column-2\">Expansion Slot<\/td><td class=\"column-3\">2 x mPCIe (1 x colay with mSATA)<\/td>\n<\/tr>\n<tr class=\"row-7\">\n\t<td class=\"column-2\">Storage Device<\/td><td class=\"column-3\">64GB Onboard SSD<br \/>\n1 x mSATA<br \/>\n1 x 2.5\" HDD\/SSD<\/td>\n<\/tr>\n<tr class=\"row-8\">\n\t<td rowspan=\"7\" class=\"column-1\"><strong>Front I\/O<\/strong><\/td><td class=\"column-2\">Power Button<\/td><td class=\"column-3\">Waterproof Power Button with LED backlight<\/td>\n<\/tr>\n<tr class=\"row-9\">\n\t<td class=\"column-2\">DC IN<\/td><td class=\"column-3\">1 x DC input (4-pin Rugged M12 connector)<\/td>\n<\/tr>\n<tr class=\"row-10\">\n\t<td class=\"column-2\">X1<\/td><td class=\"column-3\">2 x USB2.0 (8-pin Rugged M12 connector)<\/td>\n<\/tr>\n<tr class=\"row-11\">\n\t<td class=\"column-2\">X2<\/td><td class=\"column-3\">1 x GbE LAN (8-pin Rugged M12 connector)<\/td>\n<\/tr>\n<tr class=\"row-12\">\n\t<td class=\"column-2\">X3<\/td><td class=\"column-3\">1 x GbE LAN (8-pin Rugged M12 connector)<\/td>\n<\/tr>\n<tr class=\"row-13\">\n\t<td class=\"column-2\">X4<\/td><td class=\"column-3\">1 x VGA (12-pin Rugged M12 connector)<\/td>\n<\/tr>\n<tr class=\"row-14\">\n\t<td class=\"column-2\">X5<\/td><td class=\"column-3\">1 x RS232, 1 x RS485 (12-pin Rugged M12 connector)<\/td>\n<\/tr>\n<tr class=\"row-15\">\n\t<td rowspan=\"2\" class=\"column-1\"><strong>OS support list<\/strong><\/td><td class=\"column-2\">Windows<\/td><td class=\"column-3\">Windows 7 x32\/x64\u3001Windows 8 x32\/x64\u3001Windows 8.1 x32\/x64\u3001Windows 10 x32\/x64<\/td>\n<\/tr>\n<tr class=\"row-16\">\n\t<td class=\"column-2\">Linux<\/td><td class=\"column-3\">Fedora 20\u3001Ubuntu 13.04\u3001Ubuntu 13.10\u3001Ubuntu 14.04\u3001Open SUSE 12.2<\/td>\n<\/tr>\n<tr class=\"row-17\">\n\t<td rowspan=\"6\" class=\"column-1\"><strong>Mechanical and Environment<\/strong><\/td><td class=\"column-2\">Power Requirement<\/td><td class=\"column-3\">9V to 36V DC-in, AT\/ATX mode supports<\/td>\n<\/tr>\n<tr class=\"row-18\">\n\t<td class=\"column-2\">Dimension<\/td><td class=\"column-3\">350 x 230 x 76 mm<\/td>\n<\/tr>\n<tr class=\"row-19\">\n\t<td class=\"column-2\">Weight<\/td><td class=\"column-3\">8.6 kg (18.9 lbs)<\/td>\n<\/tr>\n<tr class=\"row-20\">\n\t<td class=\"column-2\">Operating Temp.<\/td><td class=\"column-3\">-40 to 70\u00b0C(ambient with air flow)<\/td>\n<\/tr>\n<tr class=\"row-21\">\n\t<td class=\"column-2\">Storage Temp.<\/td><td class=\"column-3\">-40 to 85\u00b0C<\/td>\n<\/tr>\n<tr class=\"row-22\">\n\t<td class=\"column-2\">Relative Humidity<\/td><td class=\"column-3\">5% to 95%, non-condensing<\/td>\n<\/tr>\n<tr class=\"row-23\">\n\t<td rowspan=\"3\" class=\"column-1\"><strong>TEST STANDARD<\/strong><\/td><td class=\"column-2\">MIL-STD-810G Test<\/td><td class=\"column-3\">Method 507.5, Procedure II (Temperature &amp; Humidity)<br \/>\nMethod 516.6 Shock-Procedure V Non-Operating (Mechanical Shock)<br \/>\nMethod 516.6 Shock-Procedure I Operating (Mechanical Shock)<br \/>\nMethod 514.6 Vibration Category 24\/Non-Operating (Category 20 &amp; 24, Vibration)<br \/>\nMethod 514.6 Vibration Category 20\/Operating (Category 20 &amp; 24, Vibration)<br \/>\nMethod 501.5, Procedure I (Storage\/High Temperature)<br \/>\nMethod 501.5, Procedure II (Operation\/High Temperature)<br \/>\nMethod 502.5, Procedure I (Storage\/Low Temperature)<br \/>\nMethod 502.5, Procedure II (Operation\/Low Temperature)<br \/>\nMethod 503.5, Procedure I (Temperature shock)<\/td>\n<\/tr>\n<tr class=\"row-24\">\n\t<td class=\"column-2\">EMC<\/td><td class=\"column-3\">CE and FCC compliance<br \/>\nMIL-STD 461F (With Optional Power Module)<\/td>\n<\/tr>\n<tr class=\"row-25\">\n\t<td class=\"column-2\">Green Product<\/td><td class=\"column-3\">RoHS, WEEE compliance<\/td>\n<\/tr>\n<\/tbody>\n<\/table>\n<!-- #tablepress-199 from cache -->\n","protected":false},"excerpt":{"rendered":"<p>OXY5361A to wysoce zintegrowany 3,5-calowy wytrzyma\u0142y SBC nap\u0119dzany przez wbudowane na p\u0142ycie lutowanie Intel\u00ae Skylake U SoC i7-6600U. Dzi\u0119ki procesorowi przytwierdzonemu na p\u0142ycie, mo\u017cna znacznie zwi\u0119kszy\u0107 odporno\u015b\u0107 na wibracje i wstrz\u0105sy.<\/p>\n","protected":false},"featured_media":11044,"template":"","meta":{"_acf_changed":false,"inline_featured_image":false,"_monsterinsights_skip_tracking":false,"_monsterinsights_sitenote_active":false,"_monsterinsights_sitenote_note":"","_monsterinsights_sitenote_category":0},"product_brand":[],"product_cat":[565,1584,511,509],"product_tag":[],"class_list":{"0":"post-4764","1":"product","2":"type-product","3":"status-publish","4":"has-post-thumbnail","6":"product_cat-35-sbc","7":"product_cat-komputery-jednoplytkowe-sbc-2","8":"product_cat-komputery-jednoplytkowe-perfectron","9":"product_cat-perfectron","11":"first","12":"instock","13":"shipping-taxable","14":"product-type-simple"},"acf":[],"_links":{"self":[{"href":"https:\/\/quantum.com.pl\/pl\/wp-json\/wp\/v2\/product\/4764","targetHints":{"allow":["GET"]}}],"collection":[{"href":"https:\/\/quantum.com.pl\/pl\/wp-json\/wp\/v2\/product"}],"about":[{"href":"https:\/\/quantum.com.pl\/pl\/wp-json\/wp\/v2\/types\/product"}],"wp:featuredmedia":[{"embeddable":true,"href":"https:\/\/quantum.com.pl\/pl\/wp-json\/wp\/v2\/media\/11044"}],"wp:attachment":[{"href":"https:\/\/quantum.com.pl\/pl\/wp-json\/wp\/v2\/media?parent=4764"}],"wp:term":[{"taxonomy":"product_brand","embeddable":true,"href":"https:\/\/quantum.com.pl\/pl\/wp-json\/wp\/v2\/product_brand?post=4764"},{"taxonomy":"product_cat","embeddable":true,"href":"https:\/\/quantum.com.pl\/pl\/wp-json\/wp\/v2\/product_cat?post=4764"},{"taxonomy":"product_tag","embeddable":true,"href":"https:\/\/quantum.com.pl\/pl\/wp-json\/wp\/v2\/product_tag?post=4764"}],"curies":[{"name":"wp","href":"https:\/\/api.w.org\/{rel}","templated":true}]}}