{"id":4777,"date":"2019-10-21T10:54:02","date_gmt":"2019-10-21T08:54:02","guid":{"rendered":"https:\/\/quantum.com.pl\/?post_type=product&#038;p=4777"},"modified":"2020-08-25T22:59:58","modified_gmt":"2020-08-25T20:59:58","slug":"oxy5338a","status":"publish","type":"product","link":"https:\/\/quantum.com.pl\/pl\/product\/oxy5338a\/","title":{"rendered":"OXY5338A"},"content":{"rendered":"<h4>3.5&#8243; SBC, wbudowany procesor Intel\u00ae Broadwell U i7-5650U \/ i5-5350U, z podwy\u017cszon\u0105 temperatur\u0105\u00a0 od -20\u00b0C do 70\u00b0C<\/h4>\n<ul>\n<li>Obs\u0142uga procesor\u00f3w Intel\u00ae Broadwell Core &#x2122; i7-5650U \/ i5-5350U<\/li>\n<li>1 x SO-DIMM do DDR III 16 GB<\/li>\n<li>Gniazda rozszerze\u0144: 2 x mPCIe<\/li>\n<li>Wiele wy\u015bwietlaczy: HDMI x 2, LVDS x 1<\/li>\n<li>Szeroki zakres wej\u015bciowy pr\u0105du sta\u0142ego 8 V-32 V<\/li>\n<li>4 x porty COM: 3 x RS-232, 1 x RS232 \/ 422\/485 (COM2)<\/li>\n<li>6 x porty USB: 2 x USB 3.0, 4 x USB 2.0<\/li>\n<li>Temp. pracy -20\u00b0C ~ +70\u00b0C<\/li>\n<\/ul>\n<p>OXY5338A, solidny SBC 3.5&#8221;, jest nap\u0119dzany procesorami Intel\u00ae Broadwell i5-5350U \/ i7-5650U. Oba procesory obs\u0142uguj\u0105 grafik\u0119 (HD Graphics 6000). Wydajno\u015b\u0107 procesor\u00f3w jest zapewniona przez podw\u00f3jne rdzenie 2,2 ~ 3,2 GHz (i7-5650U) \/ 1,8 ~ 2,9 GHz (i5-5350U) przy jednocze\u015bnie niskim zu\u017cyciu energii. W por\u00f3wnaniu do Core i7-5600U &#8211; i7-5650U ma ni\u017cszy zegar bazowy procesora, ale tak\u017ce wbudowany, szybszy GPU. Po\u0142\u0105czenie takich atrybut\u00f3w sprawia, \u017ce \u200b\u200bkompaktowy SBC jest maksymalnie wielozadaniowy.<\/p>\n<p>OXY5338A jest bogato wyposa\u017con\u0105 p\u0142yt\u0105, kt\u00f3ra mo\u017ce spe\u0142nia\u0107 wszelkie wymagania I\/O. Obs\u0142uguje wiele wy\u015bwietlaczy: 2 HDMI i 1 LVDS oraz 6 gniazd rozszerze\u0144 USB, 4 COM i 2 mPCIe. Wbudowany procesor zapewnia wi\u0119ksz\u0105 odporno\u015b\u0107 na wstrz\u0105sy i wibracje, co czyni OXY5338A idealnym SBC w zastosowaniach takich jak automatyka, energia czy transport.<\/p>\n<p>Konstrukcja szerokiego napi\u0119cia wej\u015bciowego 8 V ~ 32 V mo\u017ce chroni\u0107 system przed uszkodzeniami spowodowanymi nag\u0142ymi skokami napi\u0119cia, dodatkowo zapewniaj\u0105c niezawodno\u015b\u0107 jego krytycznych element\u00f3w i samego systemu.<\/p>\n\n<table id=\"tablepress-200\" class=\"tablepress tablepress-id-200 tbody-has-connected-cells\">\n<thead>\n<tr class=\"row-1\">\n\t<th class=\"column-1\"><strong>Operating Temp.<\/strong><\/th><th class=\"column-2\">-20 ~ +60\u00b0C<\/th><td class=\"column-3\"><\/td>\n<\/tr>\n<\/thead>\n<tbody class=\"row-striping row-hover\">\n<tr class=\"row-2\">\n\t<td rowspan=\"5\" class=\"column-1\"><strong>System<\/strong><\/td><td class=\"column-2\">Model<\/td><td class=\"column-3\">SR700-X2<br \/>\n<\/td>\n<\/tr>\n<tr class=\"row-3\">\n\t<td class=\"column-2\">CPU<\/td><td class=\"column-3\">SR700-X2-6820:<br \/>\nIntel\u00ae 6th Gen Core\u2122 i7-6820EQ (Frequency 2.8GHz, Turbo Boost Frequency up to<br \/>\n3.5GHz), Quad-Core, 8 Thread Support, 8MB SmartCache.<br \/>\nBuild-in HD Graphics 530 for excellent 3D, Turbo Boost Technology 2.0, VPro and<br \/>\nHyper-Threading support.<br \/>\n<br \/>\nSR700-X2-7820:<br \/>\nIntel\u00ae 7th Gen Core\u2122 i7-7820EQ (Frequency 3.0GHz, Turbo Boost Frequency up to<br \/>\n3.7GHz), Quad-Core, 8 Thread Support, 8MB SmartCache.<br \/>\nBuild-in HD Graphics 630 for excellent 3D, Turbo Boost Technology 2.0, VPro and<br \/>\nHyper-Threading support.<\/td>\n<\/tr>\n<tr class=\"row-4\">\n\t<td class=\"column-2\">Memory<\/td><td class=\"column-3\">Up to 32GB DDR4 SDRAM<\/td>\n<\/tr>\n<tr class=\"row-5\">\n\t<td class=\"column-2\">Chipset<\/td><td class=\"column-3\">Intel\u00ae QM170\/QM175 Chipset providing integrated USB 3.0 and supporting<br \/>\n6th\/7th generation Intel\u00ae Core\u2122 processor families<\/td>\n<\/tr>\n<tr class=\"row-6\">\n\t<td class=\"column-2\">Expansion Slot<\/td><td class=\"column-3\">1 x Full-size mPCIe ( w\/ SIM card supported )<br \/>\n1 x Full-size mPCIe ( w\/ mSATA supported )<br \/>\n1 x M.2 ( M-Key ), 2280 storage devices support ( SATA )<\/td>\n<\/tr>\n<tr class=\"row-7\">\n\t<td class=\"column-1\"><strong>Display<\/strong><\/td><td class=\"column-2\">VGA<\/td><td class=\"column-3\">Intel\u00ae HD Graphics 530\/630<br \/>\nOptional : NVidia\u00ae GTX1050 MXM graphics<br \/>\nResolution up to 1920x1200@60Hz or 2048x1152@60Hz with reduced blanking<\/td>\n<\/tr>\n<tr class=\"row-8\">\n\t<td rowspan=\"2\" class=\"column-1\"><strong>Storage<\/strong><\/td><td class=\"column-2\">mSATA<\/td><td class=\"column-3\">1 x Full-size mPCIe up to 512GB<\/td>\n<\/tr>\n<tr class=\"row-9\">\n\t<td class=\"column-2\">M.2<\/td><td class=\"column-3\">1 x M.2 ( M-Key ), 2280 storage devices support up to 1TB Capacity.<\/td>\n<\/tr>\n<tr class=\"row-10\">\n\t<td class=\"column-1\"><strong>Ethernet<\/strong><\/td><td class=\"column-2\">Ethernet<\/td><td class=\"column-3\">2 x Intel Gigabit Ethernet LAN Interfaces ( 10\/100\/1000Mbps )<\/td>\n<\/tr>\n<tr class=\"row-11\">\n\t<td rowspan=\"5\" class=\"column-1\"><strong>Front I\/O<\/strong><\/td><td class=\"column-2\">VGA<\/td><td class=\"column-3\">1 x Rugged M12 connector<\/td>\n<\/tr>\n<tr class=\"row-12\">\n\t<td class=\"column-2\">USB<\/td><td class=\"column-3\">1 x Rugged M12 connector ( 2 x USB 2.0 Ports )<\/td>\n<\/tr>\n<tr class=\"row-13\">\n\t<td class=\"column-2\">Serial Port<\/td><td class=\"column-3\">1 x Rugged M12 connector ( 1 x RS-232, 1 x RS-485 )<\/td>\n<\/tr>\n<tr class=\"row-14\">\n\t<td class=\"column-2\">Ethernet<\/td><td class=\"column-3\">2 x Rugged M12 connectors<br \/>\n<\/td>\n<\/tr>\n<tr class=\"row-15\">\n\t<td class=\"column-2\">DC-IN<\/td><td class=\"column-3\">1 x Rugged M12 connector<\/td>\n<\/tr>\n<tr class=\"row-16\">\n\t<td rowspan=\"2\" class=\"column-1\"><strong>Applications,<br \/>\nOperating System<\/strong><\/td><td class=\"column-2\">Applications<\/td><td class=\"column-3\">Commercial and Military Platforms Requiring Compliance to MIL-STD-810G<br \/>\nEmbedded Computing, Process Control, Intelligent Automation and<br \/>\nmanufacturing applications where Harsh Temperature, Shock, Vibration, Altitude,<br \/>\nDust and EMI Conditions. Used in all aspects of the military<\/td>\n<\/tr>\n<tr class=\"row-17\">\n\t<td class=\"column-2\">Operating System<\/td><td class=\"column-3\">Windows 10 32\/64Bit<br \/>\nUbuntu13.04, Ubuntu13.10, Ubuntu14.04, Fedora 20<\/td>\n<\/tr>\n<tr class=\"row-18\">\n\t<td rowspan=\"7\" class=\"column-1\"><strong>Physical<\/strong><\/td><td class=\"column-2\">Dimension ( W x D x H )<\/td><td class=\"column-3\">350 x 230 x 86 mm<\/td>\n<\/tr>\n<tr class=\"row-19\">\n\t<td class=\"column-2\">Weight<\/td><td class=\"column-3\">8.6 Kg ( 18.9 lbs )<\/td>\n<\/tr>\n<tr class=\"row-20\">\n\t<td class=\"column-2\">Chassis<\/td><td class=\"column-3\">Aluminum Alloy, Corrosion Resistant.<\/td>\n<\/tr>\n<tr class=\"row-21\">\n\t<td class=\"column-2\">Finish<\/td><td class=\"column-3\">Anodic aluminum oxide ( Color Iron gray )<\/td>\n<\/tr>\n<tr class=\"row-22\">\n\t<td class=\"column-2\">Cooling<\/td><td class=\"column-3\">Natural Passive Convection\/Conduction. No Moving Parts<\/td>\n<\/tr>\n<tr class=\"row-23\">\n\t<td class=\"column-2\">Connectors<\/td><td class=\"column-3\">DC-IN : Phoenix Contact 1424136<br \/>\nEthernet : Phoenix Contact 1424177<br \/>\nVGA : Phoenix Contact 1441833<br \/>\nUSB : Phoenix Contact 1424177<br \/>\nCOM : Phoenix Contact 1441833<\/td>\n<\/tr>\n<tr class=\"row-24\">\n\t<td class=\"column-2\">Ingress Protection<\/td><td class=\"column-3\">IP50<\/td>\n<\/tr>\n<tr class=\"row-25\">\n\t<td rowspan=\"6\" class=\"column-1\"><strong>Environmental<\/strong><\/td><td class=\"column-2\">MIL-STD-810G Test<\/td><td class=\"column-3\">Method 507.5, Procedure II (Temperature &amp; Humidity)<br \/>\nMethod 516.6 Shock-Procedure V Non-Operating (Mechanical Shock)<br \/>\nMethod 516.6 Shock-Procedure I Operating (Mechanical Shock)<br \/>\nMethod 514.6 Vibration Category 24\/Non-Operating (Category 20 &amp; 24, Vibration)<br \/>\nMethod 514.6 Vibration Category 20\/Operating (Category 20 &amp; 24, Vibration)<br \/>\nMethod 501.5, Procedure I (Storage\/High Temperature)<br \/>\nMethod 501.5, Procedure II (Operation\/High Temperature)<br \/>\nMethod 502.5, Procedure I (Storage\/Low Temperature)<br \/>\nMethod 502.5, Procedure II (Operation\/Low Temperature)<br \/>\nMethod 503.5, Procedure I (Temperature shock)<\/td>\n<\/tr>\n<tr class=\"row-26\">\n\t<td class=\"column-2\">Reliability<\/td><td class=\"column-3\">No Moving Parts; Passive Cooling.<br \/>\nDesigned &amp; Manufactured using ISO 9001\/2000 Certified Quality Program.<\/td>\n<\/tr>\n<tr class=\"row-27\">\n\t<td class=\"column-2\">Operating Temperature<\/td><td class=\"column-3\">-20 to 60\u00b0C<\/td>\n<\/tr>\n<tr class=\"row-28\">\n\t<td class=\"column-2\">Storage Temperature<\/td><td class=\"column-3\">-40 to 85\u00b0C<\/td>\n<\/tr>\n<tr class=\"row-29\">\n\t<td class=\"column-2\">EMC<\/td><td class=\"column-3\">CE and FCC compliance<\/td>\n<\/tr>\n<tr class=\"row-30\">\n\t<td class=\"column-2\">Green Product<\/td><td class=\"column-3\">RoHS, WEEE compliance<\/td>\n<\/tr>\n<\/tbody>\n<\/table>\n<!-- #tablepress-200 from cache -->\n","protected":false},"excerpt":{"rendered":"<p>OXY5338A, solidny SBC 3.5&#8221;, jest nap\u0119dzany procesorami Intel\u00ae Broadwell i5-5350U \/ i7-5650U. Oba procesory obs\u0142uguj\u0105 grafik\u0119 (HD Graphics 6000). Wydajno\u015b\u0107 procesor\u00f3w jest zapewniona przez podw\u00f3jne rdzenie 2,2 ~ 3,2 GHz (i7-5650U) \/ 1,8 ~ 2,9 GHz (i5-5350U) przy jednocze\u015bnie niskim zu\u017cyciu energii.<\/p>\n","protected":false},"featured_media":11042,"template":"","meta":{"_acf_changed":false,"inline_featured_image":false,"_monsterinsights_skip_tracking":false,"_monsterinsights_sitenote_active":false,"_monsterinsights_sitenote_note":"","_monsterinsights_sitenote_category":0},"product_brand":[],"product_cat":[565,1584,511,509],"product_tag":[],"class_list":{"0":"post-4777","1":"product","2":"type-product","3":"status-publish","4":"has-post-thumbnail","6":"product_cat-35-sbc","7":"product_cat-komputery-jednoplytkowe-sbc-2","8":"product_cat-komputery-jednoplytkowe-perfectron","9":"product_cat-perfectron","11":"first","12":"instock","13":"shipping-taxable","14":"product-type-simple"},"acf":[],"_links":{"self":[{"href":"https:\/\/quantum.com.pl\/pl\/wp-json\/wp\/v2\/product\/4777","targetHints":{"allow":["GET"]}}],"collection":[{"href":"https:\/\/quantum.com.pl\/pl\/wp-json\/wp\/v2\/product"}],"about":[{"href":"https:\/\/quantum.com.pl\/pl\/wp-json\/wp\/v2\/types\/product"}],"wp:featuredmedia":[{"embeddable":true,"href":"https:\/\/quantum.com.pl\/pl\/wp-json\/wp\/v2\/media\/11042"}],"wp:attachment":[{"href":"https:\/\/quantum.com.pl\/pl\/wp-json\/wp\/v2\/media?parent=4777"}],"wp:term":[{"taxonomy":"product_brand","embeddable":true,"href":"https:\/\/quantum.com.pl\/pl\/wp-json\/wp\/v2\/product_brand?post=4777"},{"taxonomy":"product_cat","embeddable":true,"href":"https:\/\/quantum.com.pl\/pl\/wp-json\/wp\/v2\/product_cat?post=4777"},{"taxonomy":"product_tag","embeddable":true,"href":"https:\/\/quantum.com.pl\/pl\/wp-json\/wp\/v2\/product_tag?post=4777"}],"curies":[{"name":"wp","href":"https:\/\/api.w.org\/{rel}","templated":true}]}}