{"id":4803,"date":"2019-10-21T13:22:57","date_gmt":"2019-10-21T11:22:57","guid":{"rendered":"https:\/\/quantum.com.pl\/?post_type=product&#038;p=4803"},"modified":"2020-08-25T23:02:43","modified_gmt":"2020-08-25T21:02:43","slug":"sr700-sg","status":"publish","type":"product","link":"https:\/\/quantum.com.pl\/pl\/product\/sr700-sg\/","title":{"rendered":"SR700-SG"},"content":{"rendered":"<h4>Intel\u00ae QM87 MIL-STD System typu \u201erugged\u201d bez wentylatora z procesorem Intel\u00ae Core&#x2122; i7-4700EQ Haswell , NVIDIA\u00ae GTX950M GPU, stopniem ochrony IP65, z\u0142\u0105czami typu M12, 9V \u2013 36V DC-in oraz szerokim zakresem temperatur: od -40 do 70\u00b0C<\/h4>\n<p>SR700-SG, EBX system typu \u201erugged\u201d to pot\u0119\u017cny system nap\u0119dzany przez Intel\u00ae Haswell CPU IV generacji i chipset lutowany na pok\u0142adzie. Procesor i7-4700EQ plus Chipset Intel\u00ae QM87 obs\u0142uguje pr\u0119dko\u015b\u0107 zegara 2.4 GHz do 3.4 GHz. Produkt zosta\u0142 zaprojektowany w taki spos\u00f3b, aby radzi\u0107 sobie z ogromnym przetwarzaniem danych. Opr\u00f3cz wyj\u0105tkowo wytrzyma\u0142ej konstrukcji, wysokiej funkcjonalno\u015bci, odporno\u015bci na wibracje do 10 Grms i wstrz\u0105s\u00f3w do 75G oraz specjalnie zainstalowanych z\u0142\u0105czy MIL-STD M12, SR700-SG wyr\u00f3\u017cnia si\u0119 swoj\u0105 instalacj\u0105 GPU. Co wi\u0119cej, zakres 9V ~ 36V DC-in mo\u017ce chroni\u0107 system przed uszkodzeniami spowodowanymi nag\u0142ym wzrostem napi\u0119cia, a tym samym dodatkowo zabezpieczy\u0107 niezawodno\u015b\u0107 jego niezb\u0119dnych komponent\u00f3w i samego systemu.<\/p>\n<p>SR700-SG to idealne rozwi\u0105zanie do cel\u00f3w wojskowych, takich jak obrona, \u017cegluga morska i technika lotnicza, poniewa\u017c produkt ten, dzi\u0119ki rozszerzonej tolerancji temperatur, mo\u017ce przetrwa\u0107 w najtrudniejszych warunkach. Nawet w obszarach takich jak g\u00f3rnictwo i wiertnictwo morskie, SR700-SG jest w stanie zapewni\u0107 osza\u0142amiaj\u0105c\u0105 wydajno\u015b\u0107.<\/p>\n<h4>NVIDIA GTX950M GPU \u2013 osza\u0142amiaj\u0105ca wydajno\u015b\u0107 graficzna<\/h4>\n<p>SR700-SG jest instalowany z procesorem graficznym NVIDIA GTX950M (CUDA 640, pr\u0119dko\u015b\u0107 zegara 914MHz), kt\u00f3ry generuje doskona\u0142\u0105 rozdzielczo\u015b\u0107 i obs\u0142uguje wysok\u0105 wydajno\u015b\u0107 i p\u0142ynno\u015b\u0107 przetwarzania obrazu z konkurencyjnym G3D Mark i niskim zu\u017cyciem energii. Dziedzicz\u0105c niezwyk\u0142\u0105 wytrzyma\u0142o\u015b\u0107 i dwustronn\u0105 konstrukcj\u0119 termiczn\u0105 od SR700, SR700-SG mo\u017ce skutecznie rozprasza\u0107 ciep\u0142o generowane zar\u00f3wno z procesora, jak i karty graficznej, zachowuj\u0105c stabilno\u015b\u0107 wydajno\u015bci tego rozwi\u0105zania.<\/p>\n<p>System ma ogromn\u0105 przewag\u0119 nad wykorzystywaniem przetwarzania obrazu, w\u0142\u0105czaj\u0105c w to mapowanie 2D\/3D i proces przetwarzania obrazu w czasie rzeczywistym dla pojazdu autonomicznego, system nadzoru centrum dowodzenia, inne systemy nawigacyjne, radarowe, wykrywaj\u0105ce, czujniki i systemy laserowe na wszystkich urz\u0105dzeniach morskich, naziemnych i powietrznych oraz zastosowania zar\u00f3wno w przemy\u015ble obronnym, jak i przemys\u0142owym.<\/p>\n<h4>Dane techniczne:<\/h4>\n<ul>\n<li>Intel\u00ae Haswell BGA i7-4700EQ + Intel QM87 PCH (4 rdzenie x 2.4 GHz, 47W)<\/li>\n<li>NVIDIA\u00ae GTX950M GPU<\/li>\n<li>DDR3 XR-DIMM do 8GB pami\u0119ci<\/li>\n<li>Wbudowany dysk SATAIII NAND do 64GB<\/li>\n<li>2 x gniazdo rozszerze\u0144 mPCIe (jedno po\u0142\u0105czone z mSATA)<\/li>\n<li>Z\u0142\u0105cza M12<\/li>\n<li>Pe\u0142ne sklasyfikowane IP65<\/li>\n<li>Zgodno\u015b\u0107 z norm\u0105 MIL-STD 810G<\/li>\n<li>9V do 36V DC-in z op\u00f3\u017anieniem zasilania w\u0142.\/wy\u0142.<\/li>\n<li>Rozszerzony zakres temperatur: -40 do 70\u00b0C<\/li>\n<\/ul>\n<p><img loading=\"lazy\" decoding=\"async\" class=\"aligncenter size-full wp-image-4582\" src=\"https:\/\/quantum.com.pl\/wp-content\/uploads\/2019\/10\/SR700-image.jpg\" alt=\"\" width=\"1347\" height=\"314\" srcset=\"https:\/\/quantum.com.pl\/wp-content\/uploads\/2019\/10\/SR700-image.jpg 1347w, https:\/\/quantum.com.pl\/wp-content\/uploads\/2019\/10\/SR700-image-300x70.jpg 300w, https:\/\/quantum.com.pl\/wp-content\/uploads\/2019\/10\/SR700-image-768x179.jpg 768w, https:\/\/quantum.com.pl\/wp-content\/uploads\/2019\/10\/SR700-image-1024x239.jpg 1024w, https:\/\/quantum.com.pl\/wp-content\/uploads\/2019\/10\/SR700-image-860x200.jpg 860w, https:\/\/quantum.com.pl\/wp-content\/uploads\/2019\/10\/SR700-image-600x140.jpg 600w\" sizes=\"auto, (max-width: 1347px) 100vw, 1347px\" \/><\/p>\n<h4>Rozwi\u0105zanie termiczne dla projektu system\u00f3w bez wentylatora<\/h4>\n<p>Unikalna konstrukcja serii STACKRACK integruje zar\u00f3wno ustawienie poziome, jak i pionowe. Dwustronny aluminiowy radiator dodatkowo zapewnia odprowadzanie ekstremalnego ciep\u0142a. STACKRACK zawiera wyj\u0105tkowy materia\u0142 promieniuj\u0105cy ciep\u0142o z wyj\u0105tkow\u0105 konstrukcj\u0105 ci\u0119cia CNC. Metoda bez wentylatora opiera si\u0119 w du\u017cej mierze na dok\u0142adnym obliczeniu wydajno\u015bci ka\u017cdego elementu rozpraszaj\u0105cego ciep\u0142o. Doskona\u0142a konstrukcja bez wentylatora gwarantuje cich\u0105 prac\u0119, kt\u00f3ra zwi\u0119ksza elastyczno\u015b\u0107 mobilno\u015bci oraz zapobiega wnikaniu py\u0142u i zanieczyszcze\u0144. SR700-SG umo\u017cliwia prac\u0119 w podwy\u017cszonej temperaturze od -40 do 70\u00b0C, osi\u0105gaj\u0105c najwy\u017csz\u0105 niezawodno\u015b\u0107 i stabilno\u015b\u0107.<\/p>\n<h4>Zgodno\u015b\u0107 z MIL-STD 810G oraz pe\u0142na ochrona IP65 przed wod\u0105 i kurzem<\/h4>\n<p>Dzi\u0119ki wlutowanym na pok\u0142adzie kluczowym komponentom, takim jak procesor, pami\u0119\u0107 oraz urz\u0105dzenia pami\u0119ci masowej, ryzyko szk\u00f3d spowodowanych nag\u0142ymi wibracjami czy uderzeniami jest ograniczone do minimum.<\/p>\n<p>Testy MIL-STD zosta\u0142y zalecone przez rz\u0105d USA w celu symulacji najbardziej prawdopodobnych reakcji okre\u015blonych materia\u0142\u00f3w na trudne warunki. SR700-SG przeszed\u0142 testy dotycz\u0105ce odporno\u015bci na ekstremalnie wysokie i niskie temperatury, wilgotno\u015b\u0107, wstrz\u0105sy i wibracje. Nie ma r\u00f3wnie\u017c w\u0105tpliwo\u015bci, \u017ce SR700-SG jest odporny na kurz i wod\u0119, co stanowi potwierdzenie jego wytrzyma\u0142o\u015bci i niezawodno\u015bci.<\/p>\n<h4>Wytrzyma\u0142e z\u0142\u0105cza (M12 i inne odmiany MIL-STD)<\/h4>\n<p>W SR700-SG zastosowano solidne i niezawodne z\u0142\u0105cza M12. Kompaktowa konstrukcja spotyka si\u0119 z wytrzyma\u0142ymi mo\u017cliwo\u015bciami \u2013 z\u0142\u0105cza M12 bezpiecznie uszczelniaj\u0105 ca\u0142y obszar z\u0142\u0105cza, dzi\u0119ki czemu praca mo\u017ce by\u0107 nieprzerwana nawet w najci\u0119\u017cszych warunkach. To, co wyr\u00f3\u017cnia SR700-SG od standardowego komercyjnego produktu, to fakt, \u017ce wszystkie z\u0142\u0105cza mo\u017cna dostosowa\u0107 do standardowych z\u0142\u0105czy wojskowych USA (seria D38999) znanego producenta z\u0142\u0105czy Amphenol.<\/p>\n<ul>\n<li>Seria D38999<\/li>\n<\/ul>\n<p>MIL-DTL-38999 to wysokowydajna rodzina z\u0142\u0105cz cylindrycznych zaprojektowana do zastosowa\u0144 cable-to-panel I\/O w wojsku, lotnictwie i innych wymagaj\u0105cych niebezpiecznych sytuacjach. Z\u0142\u0105cza klasy D38999 mog\u0105 pracowa\u0107 w zakresie temperatur od -65 do 200\u2103. S\u0105 niezwykle lekkie i mo\u017cliwe do zastosowa\u0144 w trudnych \u015brodowiskach. Wykonane ze zdejmowanymi zaciskanymi lub sta\u0142ymi hermetycznymi stykami lutowanymi, z\u0142\u0105cza te charakteryzuj\u0105 si\u0119 tolerancj\u0105 wysokiej wibracji i s\u0105 odpowiednie dla obszar\u00f3w o silnym wietrze i wilgoci.<\/p>\n<ul>\n<li>VG96912<\/li>\n<\/ul>\n<p>Wywodz\u0105cy si\u0119 z serii MIL-D38999, VG96912 to gwarancja lekko\u015bci, odporno\u015bci i wysokiej spoisto\u015bci kontaktu. Korki wtyczek i gniazd s\u0105 wykonane ze stopu aluminium i chronione kadmem lub niklowaniem.<\/p>\n<h4>P\u0142yta g\u0142\u00f3wna systemu: EBX SBC-OXY5737A<\/h4>\n<p><strong>(1) Procesor Intel\u00ae Core i7 wlutowany na pok\u0142adzie<\/strong><\/p>\n<p>SR700-SG, oparty na EBX SBC \u2013 OXY5737A, jest zasilany przez procesor Intel Ivy Bridge i7-4700EQ quad core plus chipset QM87 wlutowany na pok\u0142adzie. Dzi\u0119ki wbudowanemu lutowaniu CPU, przewodzenie ciep\u0142a i po\u0142\u0105cze\u0144 o wysokiej g\u0119sto\u015bci pomi\u0119dzy p\u0142yt\u0105 g\u0142\u00f3wn\u0105 a elementami jest mniejsze, co minimalizuje ryzyko przegrzania. Wytrzyma\u0142a konstrukcja systemu all-in-one gwarantuje pe\u0142n\u0105 pr\u0119dko\u015b\u0107 pracy procesora w temperaturze nawet 70 \u00b0C.<\/p>\n<p><strong>(2) Szerokie wej\u015bciowe napi\u0119cie 9 V ~ 36 V z op\u00f3\u017anieniem zasilania w\u0142.\/wy\u0142.<\/strong><\/p>\n<p>Szerokie wej\u015bciowe napi\u0119cie zasilania (9 ~ 36V) mo\u017ce chroni\u0107 system przed uszkodzeniami spowodowanymi nag\u0142ym wzrostem napi\u0119cia, co dodatkowo zabezpiecza niezawodno\u015b\u0107 jego niezb\u0119dnych komponent\u00f3w i samego systemu. Op\u00f3\u017anienie zasilania on\/off umo\u017cliwia z kolei wyb\u00f3r napi\u0119cia rozruchowego i wy\u0142\u0105czaj\u0105cego w celu ochrony przy niskiej mocy. SR700-SG zapewnia 8-poziomowy czas w\u0142\u0105czania\/wy\u0142\u0105czania zasilania oraz mo\u017cliwo\u015b\u0107 wykrycia stanu zap\u0142onu i niskiego napi\u0119cia.<\/p>\n<p><strong>(3) Mo\u017cliwo\u015b\u0107 rozszerzenia o Extension Storage Module, SK401<\/strong><\/p>\n<p>SR700-SG jest wyposa\u017cony w PCIe 104 z mo\u017cliwo\u015bci\u0105 uk\u0142adania w stos oraz gniazdo rozszerze\u0144 FPE. Pod\u0142\u0105czenie opcjonalnego modu\u0142u mo\u017cna uzyska\u0107 dla r\u00f3\u017cnych urz\u0105dze\u0144. Obs\u0142ugiwane jest \u0142\u0105czenie z modu\u0142em pami\u0119ci \u2013 SK401, 2 x 2.5\u2033 SSD lub HDD i 2 x mSATA. SK401 wspiera Win 7 OS, XP, Linux i DOS.<\/p>\n<p>&nbsp;<\/p>\n\n<table id=\"tablepress-202\" class=\"tablepress tablepress-id-202 tbody-has-connected-cells\">\n<thead>\n<tr class=\"row-1\">\n\t<th class=\"column-1\"><strong>Operating Temp.<\/strong><\/th><th class=\"column-2\">-40\u00b0C ~ 70\u00b0C<\/th><td class=\"column-3\"><\/td>\n<\/tr>\n<\/thead>\n<tbody class=\"row-striping row-hover\">\n<tr class=\"row-2\">\n\t<td rowspan=\"5\" class=\"column-1\"><strong>System<\/strong><\/td><td class=\"column-2\">CPU<\/td><td class=\"column-3\">Intel\u00ae Core\u2122 Broadwell-U Processor<br \/>\nIntel\u00ae Core\u2122 i5-5350U (2C x 1.8\/2.9 GHz), 3M Cache (15W)<br \/>\nIntel\u00ae Core\u2122 i7-5650U (4C x 2.2\/3.1 GHz), 4M Cache (15W)<\/td>\n<\/tr>\n<tr class=\"row-3\">\n\t<td class=\"column-2\">Memory Type<\/td><td class=\"column-3\">2 x XR-DIMM up to 16 GB<\/td>\n<\/tr>\n<tr class=\"row-4\">\n\t<td class=\"column-2\">Expansion Slot<\/td><td class=\"column-3\">2 x mPCIe (1 with mSATA supported)<\/td>\n<\/tr>\n<tr class=\"row-5\">\n\t<td class=\"column-2\">Storage Device<\/td><td class=\"column-3\">Onboard uSSD SATAIII up to 64 GB<\/td>\n<\/tr>\n<tr class=\"row-6\">\n\t<td class=\"column-2\">Ethernet Chipset<\/td><td class=\"column-3\">1 x Intel\u00ae I210-IT<br \/>\n1 x Intel\u00ae I218-LM<\/td>\n<\/tr>\n<tr class=\"row-7\">\n\t<td rowspan=\"6\" class=\"column-1\"><strong>Front I\/O<\/strong><\/td><td class=\"column-2\">Power Button<\/td><td class=\"column-3\">Water Resistive Power Button with LED Backlight<\/td>\n<\/tr>\n<tr class=\"row-8\">\n\t<td class=\"column-2\">X1 (COM)<\/td><td class=\"column-3\">12-Pin A-code Female M12 Connector (Amphenol M12A-12PMMS-SF8001)<\/td>\n<\/tr>\n<tr class=\"row-9\">\n\t<td class=\"column-2\">X2 (VGA)<\/td><td class=\"column-3\">12-Pin A-code Female M12 Connector (Amphenol M12A-12PMMS-SF8001)<\/td>\n<\/tr>\n<tr class=\"row-10\">\n\t<td class=\"column-2\">X3 (LAN)<\/td><td class=\"column-3\">8-Pin A-code Female M12 Connector (Amphenol M12S-04BFFB-SL7001)<\/td>\n<\/tr>\n<tr class=\"row-11\">\n\t<td class=\"column-2\">X4 (LAN)<\/td><td class=\"column-3\">8-Pin A-code Female M12 Connector (Amphenol M12S-04BFFB-SL7001)<\/td>\n<\/tr>\n<tr class=\"row-12\">\n\t<td class=\"column-2\">X5 (USB 2.0 x2)<\/td><td class=\"column-3\">8-Pin A-code Female M12 Connector (Amphenol M12S-04BFFB-SL7001)<\/td>\n<\/tr>\n<tr class=\"row-13\">\n\t<td rowspan=\"2\" class=\"column-1\"><strong>Rear I\/O<\/strong><\/td><td class=\"column-2\">Gound Screw<\/td><td class=\"column-3\">1<\/td>\n<\/tr>\n<tr class=\"row-14\">\n\t<td class=\"column-2\">DC-in<\/td><td class=\"column-3\">4-Pin S-code Male M12 Connector (Amphenol M12S-04PMMS-SF8001)<\/td>\n<\/tr>\n<tr class=\"row-15\">\n\t<td rowspan=\"2\" class=\"column-1\"><strong>Display<\/strong><\/td><td class=\"column-2\">Display Interface<\/td><td class=\"column-3\">VGA: M12 connectors; resolution up to 3840 x 2160<\/td>\n<\/tr>\n<tr class=\"row-16\">\n\t<td class=\"column-2\">Graphics Controller<\/td><td class=\"column-3\">NVIDIA GT730M(embedded on PCIe\/104 form factor)<\/td>\n<\/tr>\n<tr class=\"row-17\">\n\t<td rowspan=\"2\" class=\"column-1\"><strong>OS support list<\/strong><\/td><td class=\"column-2\">Windows<\/td><td class=\"column-3\">Windows 7 x32\/x64\u3001Windows 8 x32\/x64\u3001Windows 8.1 x32\/x64\u3001Windows 10 x32\/x64<\/td>\n<\/tr>\n<tr class=\"row-18\">\n\t<td class=\"column-2\">Linux<\/td><td class=\"column-3\">Fedora 20\u3001Ubuntu 13.04\u3001Ubuntu 13.10\u3001Ubuntu 14.04<\/td>\n<\/tr>\n<tr class=\"row-19\">\n\t<td rowspan=\"7\" class=\"column-1\"><strong>Mechanical and Environment<\/strong><\/td><td class=\"column-2\">Power Requirement<\/td><td class=\"column-3\">9V to 36V DC-in, AT\/ATX mode<\/td>\n<\/tr>\n<tr class=\"row-20\">\n\t<td class=\"column-2\">Dimension<\/td><td class=\"column-3\">220 x 380 x 56 mm<\/td>\n<\/tr>\n<tr class=\"row-21\">\n\t<td class=\"column-2\">Ingress Protection<\/td><td class=\"column-3\">IP65<\/td>\n<\/tr>\n<tr class=\"row-22\">\n\t<td class=\"column-2\">Weight<\/td><td class=\"column-3\">7.5 kg<\/td>\n<\/tr>\n<tr class=\"row-23\">\n\t<td class=\"column-2\">Operating Temp.<\/td><td class=\"column-3\">-40 to 70\u00b0C (ambient with air flow)<\/td>\n<\/tr>\n<tr class=\"row-24\">\n\t<td class=\"column-2\">Storage Temp.<\/td><td class=\"column-3\">-40 to 85\u00b0C<\/td>\n<\/tr>\n<tr class=\"row-25\">\n\t<td class=\"column-2\">Relative Humidity<\/td><td class=\"column-3\">5% to 95%, non-condensing<\/td>\n<\/tr>\n<tr class=\"row-26\">\n\t<td rowspan=\"3\" class=\"column-1\"><strong>TEST STANDARD<\/strong><\/td><td class=\"column-2\">MIL-STD-810G Test<\/td><td class=\"column-3\">Method 507.5, Procedure II (Temperature &amp; Humidity)<br \/>\nMethod 516.6 Shock-Procedure V Non-Operating (Mechanical Shock)<br \/>\nMethod 516.6 Shock-Procedure I Operating (Mechanical Shock)<br \/>\nMethod 514.6 Vibration Category 24\/Non-Operating (Category 20 &amp; 24, Vibration)<br \/>\nMethod 514.6 Vibration Category 20\/Operating (Category 20 &amp; 24, Vibration)<br \/>\nMethod 501.5, Procedure I (Storage\/High Temperature)<br \/>\nMethod 501.5, Procedure II (Operation\/High Temperature)<br \/>\nMethod 502.5, Procedure I (Storage\/Low Temperature)<br \/>\nMethod 502.5, Procedure II (Operation\/Low Temperature)<br \/>\nMethod 503.5, Procedure I (Temperature shock)<\/td>\n<\/tr>\n<tr class=\"row-27\">\n\t<td class=\"column-2\">EMC<\/td><td class=\"column-3\">CE and FCC compliance<\/td>\n<\/tr>\n<tr class=\"row-28\">\n\t<td class=\"column-2\">Green Product<\/td><td class=\"column-3\">RoHS, WEEE compliance<\/td>\n<\/tr>\n<\/tbody>\n<\/table>\n<!-- #tablepress-202 from cache -->\n","protected":false},"excerpt":{"rendered":"<p>Intel\u00ae QM87 MIL-STD System typu \u201erugged\u201d bez wentylatora z procesorem Intel\u00ae Core&#x2122; i7-4700EQ Haswell , NVIDIA\u00ae GTX950M GPU, stopniem ochrony IP65, z\u0142\u0105czami typu M12, 9V \u2013 36V DC-in oraz szerokim zakresem temperatur: od -40 do 70\u00b0C<\/p>\n","protected":false},"featured_media":11100,"template":"","meta":{"_acf_changed":false,"inline_featured_image":false,"_monsterinsights_skip_tracking":false,"_monsterinsights_sitenote_active":false,"_monsterinsights_sitenote_note":"","_monsterinsights_sitenote_category":0},"product_brand":[],"product_cat":[531,1591,509],"product_tag":[],"class_list":{"0":"post-4803","1":"product","2":"type-product","3":"status-publish","4":"has-post-thumbnail","6":"product_cat-komputery-typu-rugged","7":"product_cat-komputery-rugged","8":"product_cat-perfectron","10":"first","11":"instock","12":"shipping-taxable","13":"product-type-simple"},"acf":[],"_links":{"self":[{"href":"https:\/\/quantum.com.pl\/pl\/wp-json\/wp\/v2\/product\/4803","targetHints":{"allow":["GET"]}}],"collection":[{"href":"https:\/\/quantum.com.pl\/pl\/wp-json\/wp\/v2\/product"}],"about":[{"href":"https:\/\/quantum.com.pl\/pl\/wp-json\/wp\/v2\/types\/product"}],"wp:featuredmedia":[{"embeddable":true,"href":"https:\/\/quantum.com.pl\/pl\/wp-json\/wp\/v2\/media\/11100"}],"wp:attachment":[{"href":"https:\/\/quantum.com.pl\/pl\/wp-json\/wp\/v2\/media?parent=4803"}],"wp:term":[{"taxonomy":"product_brand","embeddable":true,"href":"https:\/\/quantum.com.pl\/pl\/wp-json\/wp\/v2\/product_brand?post=4803"},{"taxonomy":"product_cat","embeddable":true,"href":"https:\/\/quantum.com.pl\/pl\/wp-json\/wp\/v2\/product_cat?post=4803"},{"taxonomy":"product_tag","embeddable":true,"href":"https:\/\/quantum.com.pl\/pl\/wp-json\/wp\/v2\/product_tag?post=4803"}],"curies":[{"name":"wp","href":"https:\/\/api.w.org\/{rel}","templated":true}]}}