{"id":4817,"date":"2019-10-21T15:13:39","date_gmt":"2019-10-21T13:13:39","guid":{"rendered":"https:\/\/quantum.com.pl\/?post_type=product&#038;p=4817"},"modified":"2020-08-25T23:02:43","modified_gmt":"2020-08-25T21:02:43","slug":"sr700-x2","status":"publish","type":"product","link":"https:\/\/quantum.com.pl\/pl\/product\/sr700-x2\/","title":{"rendered":"SR700-X2"},"content":{"rendered":"<h4>Intel\u00ae QM170\/QM175 MIL-STD System typu \u201erugged\u201d bez wentylatora z procesorem Intel\u00ae Core&#x2122; i7 -6820EQ, CPU z mo\u017cliwo\u015bci\u0105 rozbudowy, GPU o wysokiej elastyczno\u015bci, ochron\u0105 IP65, z\u0142\u0105czami typu M12, wej\u015bcie 9V \u2013 36V DC-in oraz szerokim zakresem temperatur: od -20 do 60\u00b0C<\/h4>\n<p>Wytrzyma\u0142y SR700-X2 to pot\u0119\u017cny system skonfigurowany z procesorem Intel\u00ae Core &#x2122; i7-6820EQ VI generacji lub Intel\u00ae Core &#x2122; i7-7820EQ VII generacji i lutowanym chipsetem, co zapewnia niesamowity poziom wydajno\u015bci CPU.<\/p>\n<p>Procesor i7-6820EQ plus chipset Intel\u00aeQM170\/QM175 obs\u0142uguje wydajno\u015b\u0107 2.8GHz do 3.7GHz. Cztery rdzenie zwi\u0119kszono do o\u015bmiu rdzeni, aby poradzi\u0107 sobie z ogromnym przetwarzaniem danych. SR700-X2 wyr\u00f3\u017cnia si\u0119 mo\u017cliwo\u015bci\u0105 rozbudowy procesora, procesorem graficznym o wysokiej elastyczno\u015bci i ograniczonym zu\u017cyciem energii. Opr\u00f3cz ekstremalnie wytrzyma\u0142ej konstrukcji oraz wysokiej funkcjonalno\u015bci, SR700-X2 zosta\u0142 zaprojektowany zgodnie z MIL-STD-810G i ochron\u0105 IP65, posiadaj\u0105c wysok\u0105 adaptacj\u0119 do py\u0142u, wilgoci, wstrz\u0105s\u00f3w, wibracji, ekstremalnych temperatur, a tak\u017ce zak\u0142\u00f3ce\u0144 elektromagnetycznych.<\/p>\n<p>SR700-X2 to idealne rozwi\u0105zanie do cel\u00f3w wojskowych, takich jak obrona, \u017cegluga morska i technika lotnicza. Mo\u017ce przetrwa\u0107 w najtrudniejszych warunkach dzi\u0119ki tolerancji rozszerzonej temperatury od -20 do 60\u2103.<\/p>\n<h4>Dane techniczne:<\/h4>\n<ul>\n<li>Intel\u00ae Core i7-6820EQ VI generacji + Intel\u00ae Core i7-7820EQ VII generacji<\/li>\n<li>Wysoka elastyczno\u015b\u0107 dzi\u0119ki mo\u017cliwo\u015bciom rozbudowy CPU i GPU<\/li>\n<li>Do 32GB pami\u0119ci DDR4 SDRAM<\/li>\n<li>Dyski M.2 do 1TB<\/li>\n<li>2 x mPCIe, 1 x gniazdo rozszerze\u0144 M.2<\/li>\n<li>Z\u0142\u0105cza M12<\/li>\n<li>Pe\u0142na klasyfikacja IP65<\/li>\n<li>Zgodno\u015b\u0107 z MIL-STD 810G<\/li>\n<li>9V do 36V DC-in z op\u00f3\u017anieniem zasilania on\/off<\/li>\n<li>Rozszerzony zakres temperatur pracy: -20 ~ 60\u00b0C<\/li>\n<\/ul>\n<p><img loading=\"lazy\" decoding=\"async\" class=\"aligncenter size-full wp-image-4818\" src=\"https:\/\/quantum.com.pl\/wp-content\/uploads\/2019\/10\/SR700-X2-image.jpg\" alt=\"SR700-X2 image\" width=\"1347\" height=\"333\" srcset=\"https:\/\/quantum.com.pl\/wp-content\/uploads\/2019\/10\/SR700-X2-image.jpg 1347w, https:\/\/quantum.com.pl\/wp-content\/uploads\/2019\/10\/SR700-X2-image-300x74.jpg 300w, https:\/\/quantum.com.pl\/wp-content\/uploads\/2019\/10\/SR700-X2-image-768x190.jpg 768w, https:\/\/quantum.com.pl\/wp-content\/uploads\/2019\/10\/SR700-X2-image-1024x253.jpg 1024w, https:\/\/quantum.com.pl\/wp-content\/uploads\/2019\/10\/SR700-X2-image-860x213.jpg 860w, https:\/\/quantum.com.pl\/wp-content\/uploads\/2019\/10\/SR700-X2-image-600x148.jpg 600w\" sizes=\"auto, (max-width: 1347px) 100vw, 1347px\" \/><\/p>\n<h4>Rozwi\u0105zanie termiczne dla projektu system\u00f3w bez wentylatora<\/h4>\n<p>Unikalna konstrukcja serii STACKRACK integruje zar\u00f3wno ustawienie poziome, jak i pionowe. Dwustronny aluminiowy radiator dodatkowo zapewnia odprowadzanie ekstremalnego ciep\u0142a. STACKRACK zawiera wyj\u0105tkowy materia\u0142 promieniuj\u0105cy ciep\u0142o z wyj\u0105tkow\u0105 konstrukcj\u0105 ci\u0119cia CNC. Metoda bez wentylatora opiera si\u0119 w du\u017cej mierze na dok\u0142adnym obliczeniu wydajno\u015bci ka\u017cdego elementu rozpraszaj\u0105cego ciep\u0142o. Doskona\u0142a konstrukcja bez wentylatora gwarantuje cich\u0105 prac\u0119, kt\u00f3ra zwi\u0119ksza elastyczno\u015b\u0107 mobilno\u015bci oraz zapobiega wnikaniu py\u0142u i zanieczyszcze\u0144. SR700-X2 umo\u017cliwia prac\u0119 w podwy\u017cszonej temperaturze od -20 do 60\u00b0C, osi\u0105gaj\u0105c najwy\u017csz\u0105 niezawodno\u015b\u0107 i stabilno\u015b\u0107.<\/p>\n<h4>Zgodno\u015b\u0107 z MIL-STD 810G oraz pe\u0142na ochrona IP65 przed wod\u0105 i kurzem<\/h4>\n<p>Dzi\u0119ki wlutowanym na pok\u0142adzie kluczowym komponentom, takim jak procesor, pami\u0119\u0107 oraz urz\u0105dzenia pami\u0119ci masowej, ryzyko szk\u00f3d spowodowanych nag\u0142ymi wibracjami czy uderzeniami jest ograniczone do minimum.<\/p>\n<p>Testy MIL-STD zosta\u0142y zalecone przez rz\u0105d USA w celu symulacji najbardziej prawdopodobnych reakcji okre\u015blonych materia\u0142\u00f3w na trudne warunki. SR700-X2 przeszed\u0142 testy dotycz\u0105ce odporno\u015bci na ekstremalnie wysokie i niskie temperatury, wilgotno\u015b\u0107, wstrz\u0105sy i wibracje. Nie ma r\u00f3wnie\u017c w\u0105tpliwo\u015bci, \u017ce SR700-X2 jest odporny na kurz i wod\u0119, co stanowi potwierdzenie jego wytrzyma\u0142o\u015bci i niezawodno\u015bci.<\/p>\n<h4>Wytrzyma\u0142e z\u0142\u0105cza (M12 i inne odmiany MIL-STD)<\/h4>\n<p>W SR700-X2 zastosowano solidne i niezawodne z\u0142\u0105cza M12. Kompaktowa konstrukcja spotyka si\u0119 z wytrzyma\u0142ymi mo\u017cliwo\u015bciami \u2013 z\u0142\u0105cza M12 bezpiecznie uszczelniaj\u0105 ca\u0142y obszar z\u0142\u0105cza, dzi\u0119ki czemu praca mo\u017ce by\u0107 nieprzerwana nawet w najci\u0119\u017cszych warunkach. To, co wyr\u00f3\u017cnia SR700-X2 od standardowego komercyjnego produktu, to fakt, \u017ce wszystkie z\u0142\u0105cza mo\u017cna dostosowa\u0107 do standardowych z\u0142\u0105czy wojskowych USA (seria D38999) znanego producenta z\u0142\u0105czy Amphenol.<\/p>\n<ul>\n<li>Seria D38999<\/li>\n<\/ul>\n<p>MIL-DTL-38999 to wysokowydajna rodzina z\u0142\u0105cz cylindrycznych zaprojektowana do wytrzymywania ekstremalnych wstrz\u0105s\u00f3w i wibracji, kt\u00f3re s\u0105 powszechne w zastosowaniach obronnych i lotniczych. Z\u0142\u0105cza klasy D38999 mog\u0105 pracowa\u0107 w zakresie temperatur od -65 do 200\u2103. S\u0105 niezwykle lekkie i mo\u017cliwe do zastosowa\u0144 w trudnych \u015brodowiskach. Wykonane ze zdejmowanymi zaciskanymi lub sta\u0142ymi hermetycznymi stykami lutowanymi, z\u0142\u0105cza te charakteryzuj\u0105 si\u0119 tolerancj\u0105 wysokiej wibracji i s\u0105 odpowiednie dla obszar\u00f3w o silnym wietrze i wilgoci.<\/p>\n<ul>\n<li>VG96912<\/li>\n<\/ul>\n<p>Wywodz\u0105cy si\u0119 z serii MIL-D38999, VG96912 to gwarancja lekko\u015bci, odporno\u015bci i wysokiej spoisto\u015bci kontaktu. Korki wtyczek i gniazd s\u0105 wykonane ze stopu aluminium i chronione kadmem lub niklowaniem.<\/p>\n<p>&nbsp;<\/p>\n<h4>P\u0142yta g\u0142\u00f3wna systemu: SK513<\/h4>\n<p>&nbsp;<\/p>\n<p><strong>(1) Indywidualne wymagania dla r\u00f3\u017cnych aplikacji<\/strong><\/p>\n<p>SR700-X2 jest oparty na SK513, zasilany przez procesor Intel\u00ae Core &#x2122; i7-6820EQ VI generacji lub Intel\u00ae Core &#x2122; i7-7820EQ VII generacji i wlutowany chipset. SK513 mo\u017ce zosta\u0107 spersonalizowany z CPU, GPU (z mo\u017cliwo\u015bci\u0105 aktualizacji) w celu uzyskania wi\u0119kszej elastyczno\u015bci oraz po to, aby by\u0107 bardziej przyjaznym dla u\u017cytkownika. SK513 zosta\u0142 zaprojektowany do spe\u0142niania wymaga\u0144 r\u00f3\u017cnych zastosowa\u0144, takich jak obrona, nawigacja morska i technologia lotnicza.<\/p>\n<p><strong>(2) Wytrzyma\u0142e gniazdo rozszerze\u0144 zapewnia wysok\u0105 niezawodno\u015b\u0107<\/strong><\/p>\n<p>Dzi\u0119ki gniazdu rozszerze\u0144 PCIe 104, SK513 ma wiele zalet, w tym szybki transfer danych, niski koszt oraz wysok\u0105 niezawodno\u015b\u0107 ze wzgl\u0119du na nieod\u0142\u0105czn\u0105 wytrzyma\u0142o\u015b\u0107 PCIe 104 i d\u0142ugoterminowy zr\u00f3wnowa\u017cony rozw\u00f3j. Wytrzyma\u0142e modu\u0142y s\u0105 zoptymalizowane do krytycznych, trudnych warunk\u00f3w, dzi\u0119ki czemu awaria spowodowana nag\u0142ym wstrz\u0105sem lub nieprzewidywalnymi wibracjami nie wchodzi w gr\u0119.<\/p>\n\n<table id=\"tablepress-203\" class=\"tablepress tablepress-id-203 tbody-has-connected-cells\">\n<thead>\n<tr class=\"row-1\">\n\t<th class=\"column-1\"><strong>Operating Temp.<\/strong><\/th><th class=\"column-2\">-40\u00b0C ~ 70\u00b0C<\/th><td class=\"column-3\"><\/td>\n<\/tr>\n<\/thead>\n<tbody class=\"row-striping row-hover\">\n<tr class=\"row-2\">\n\t<td rowspan=\"5\" class=\"column-1\"><strong>System<\/strong><\/td><td class=\"column-2\">CPU<\/td><td class=\"column-3\">Intel\u00ae Core\u2122 Skylake-H Processor<br \/>\nIntel\u00ae Core\u2122i7-6822EQ Processor (2.8GHz, 4 cores, 8 threads)<\/td>\n<\/tr>\n<tr class=\"row-3\">\n\t<td class=\"column-2\">Memory Type<\/td><td class=\"column-3\">2 x SODIMMs up to 32GB DDR4 2133MHz SDRAM<\/td>\n<\/tr>\n<tr class=\"row-4\">\n\t<td class=\"column-2\">Expansion Slot<\/td><td class=\"column-3\">1 x mPCIe (1 with mSATA supported)<\/td>\n<\/tr>\n<tr class=\"row-5\">\n\t<td class=\"column-2\">Storage Device<\/td><td class=\"column-3\">1 x 2.5\" SATAIII up to 4TB<\/td>\n<\/tr>\n<tr class=\"row-6\">\n\t<td class=\"column-2\">Ethernet Chipset<\/td><td class=\"column-3\">1 x Intel\u00ae I210-IT<br \/>\n1 x Intel\u00ae I219-LM<\/td>\n<\/tr>\n<tr class=\"row-7\">\n\t<td rowspan=\"3\" class=\"column-1\"><strong>Front I\/O<\/strong><\/td><td class=\"column-2\">Power Button<\/td><td class=\"column-3\">Water Resistive Power Button with LED Backlight<\/td>\n<\/tr>\n<tr class=\"row-8\">\n\t<td class=\"column-2\">DC-IN<\/td><td class=\"column-3\">1 (Amphenol TV07RW-11-54P)<\/td>\n<\/tr>\n<tr class=\"row-9\">\n\t<td class=\"column-2\">Ground Screw<\/td><td class=\"column-3\">1 x M4 Screw<\/td>\n<\/tr>\n<tr class=\"row-10\">\n\t<td rowspan=\"5\" class=\"column-1\"><strong>Rear I\/O<\/strong><\/td><td class=\"column-2\">X1<\/td><td class=\"column-3\">1 x LAN (Amphenol TV07RW-13-98S)<br \/>\n<\/td>\n<\/tr>\n<tr class=\"row-11\">\n\t<td class=\"column-2\">X2<\/td><td class=\"column-3\">1 x LAN (Amphenol TV07RW-13-98S)<\/td>\n<\/tr>\n<tr class=\"row-12\">\n\t<td class=\"column-2\">X3<\/td><td class=\"column-3\">2 x USB (Amphenol TV07RW-13-98S)<\/td>\n<\/tr>\n<tr class=\"row-13\">\n\t<td class=\"column-2\">X4<\/td><td class=\"column-3\">2 x COM (Amphenol TV07RW-13-35S)<\/td>\n<\/tr>\n<tr class=\"row-14\">\n\t<td class=\"column-2\">X5<\/td><td class=\"column-3\">1 x VGA (Amphenol TV07RW-13-98S)<\/td>\n<\/tr>\n<tr class=\"row-15\">\n\t<td rowspan=\"2\" class=\"column-1\"><strong>Display<\/strong><\/td><td class=\"column-2\">Graphics Processor<\/td><td class=\"column-3\">Intel\u00ae HD Graphics 530<\/td>\n<\/tr>\n<tr class=\"row-16\">\n\t<td class=\"column-2\">Resolution<\/td><td class=\"column-3\">Up to 1920x1080@60Hz 32bpp<\/td>\n<\/tr>\n<tr class=\"row-17\">\n\t<td rowspan=\"2\" class=\"column-1\"><strong>OS support list<\/strong><\/td><td class=\"column-2\">Windows<\/td><td class=\"column-3\">Windows 10 64bit<br \/>\n<\/td>\n<\/tr>\n<tr class=\"row-18\">\n\t<td class=\"column-2\">Linux<\/td><td class=\"column-3\">Ubuntu14.04, Fedora 20\/23, RedHat Linux EL 7.1\/7.2<\/td>\n<\/tr>\n<tr class=\"row-19\">\n\t<td rowspan=\"7\" class=\"column-1\"><strong>Mechanical and Environment<\/strong><\/td><td class=\"column-2\">Power Requirement<\/td><td class=\"column-3\">Standard: 9V to 36V DC-in<br \/>\nOptional: MIL-STD-1275, MIL-STD 704 and DO-160 power supply ,<br \/>\n12 to 40V (150W max)<\/td>\n<\/tr>\n<tr class=\"row-20\">\n\t<td class=\"column-2\">Dimension<\/td><td class=\"column-3\">230 x 83 x 280mm (9.06\" x 3.27\" x 11.02\")<\/td>\n<\/tr>\n<tr class=\"row-21\">\n\t<td class=\"column-2\">Ingress Protection<\/td><td class=\"column-3\">IP65<\/td>\n<\/tr>\n<tr class=\"row-22\">\n\t<td class=\"column-2\">Weight<\/td><td class=\"column-3\">6.0 kg<\/td>\n<\/tr>\n<tr class=\"row-23\">\n\t<td class=\"column-2\">Operating Temp.<\/td><td class=\"column-3\">-40 to 70\u00b0C (ambient with air flow)<\/td>\n<\/tr>\n<tr class=\"row-24\">\n\t<td class=\"column-2\">Storage Temp.<\/td><td class=\"column-3\">-40 to 85\u00b0C<\/td>\n<\/tr>\n<tr class=\"row-25\">\n\t<td class=\"column-2\">Relative Humidity<\/td><td class=\"column-3\">5% to 95%, non-condensing<\/td>\n<\/tr>\n<tr class=\"row-26\">\n\t<td rowspan=\"3\" class=\"column-1\"><strong>TEST STANDARD<\/strong><\/td><td class=\"column-2\">MIL-STD-810G Test<\/td><td class=\"column-3\">Method 507.5, Procedure II (Temperature &amp; Humidity)<br \/>\nMethod 516.6 Shock-Procedure V Non-Operating (Mechanical Shock)<br \/>\nMethod 516.6 Shock-Procedure I Operating (Mechanical Shock)<br \/>\nMethod 514.6 Vibration Category 24\/Non-Operating (Category 20 &amp; 24, Vibration)<br \/>\nMethod 514.6 Vibration Category 20\/Operating (Category 20 &amp; 24, Vibration)<br \/>\nMethod 501.5, Procedure I (Storage\/High Temperature)<br \/>\nMethod 501.5, Procedure II (Operation\/High Temperature)<br \/>\nMethod 502.5, Procedure I (Storage\/Low Temperature)<br \/>\nMethod 502.5, Procedure II (Operation\/Low Temperature)<br \/>\nMethod 503.5, Procedure I (Temperature shock)<\/td>\n<\/tr>\n<tr class=\"row-27\">\n\t<td class=\"column-2\">EMC compliance<\/td><td class=\"column-3\">MIL-STD-461E :<br \/>\nCE102 basic curve, 10kHz - 30 MHz<br \/>\nRE102-4, (1.5 MHz) -30 MHz - 5 GHz<br \/>\nRS103, 1.5 MHz - 5 GHz, 50 V\/m equal for all frequencies<br \/>\nEN 61000-4-2: Air discharge: 8 kV, Contact discharge: 6kV<br \/>\nEN 61000-4-4: Signal and DC-Net: 1 kV<br \/>\nEN 61000-4-5: Leads vs. ground potential 1kV, Signal und DC-Net: 0.5 kV<br \/>\nEN 61000-4-2: Air discharge: 8 kV, Contact discharge: 6kV<br \/>\nEN 61000-4-4: Signal and DC-Net: 1 kV<br \/>\nEN 61000-4-5: Leads vs. ground potential 1kV, Signal und DC-Net: 0.5 kV<br \/>\nEN 61000-4-2: Air discharge: 8 kV, Contact discharge: 6kV<br \/>\nEN 61000-4-4: Signal and DC-Net: 1 kV<br \/>\nEN 61000-4-5: Leads vs. ground potential 1kV, Signal und DC-Net: 0.5 kV<br \/>\nEN 55022, class A<br \/>\nEN 61000-4-3: 10V\/m<br \/>\nCE and FCC<\/td>\n<\/tr>\n<tr class=\"row-28\">\n\t<td class=\"column-2\">Green Product<\/td><td class=\"column-3\">RoHS, WEEE compliance<\/td>\n<\/tr>\n<\/tbody>\n<\/table>\n<!-- #tablepress-203 from cache -->\n","protected":false},"excerpt":{"rendered":"<p>Intel\u00ae QM170\/QM175 MIL-STD System typu \u201erugged\u201d bez wentylatora z procesorem Intel\u00ae Core&#x2122; i7 -6820EQ, CPU z mo\u017cliwo\u015bci\u0105 rozbudowy, GPU o wysokiej elastyczno\u015bci, ochron\u0105 IP65, z\u0142\u0105czami typu M12, wej\u015bcie 9V \u2013 36V DC-in oraz szerokim zakresem temperatur: od -20 do 60\u00b0C<\/p>\n","protected":false},"featured_media":11102,"template":"","meta":{"_acf_changed":false,"inline_featured_image":false,"_monsterinsights_skip_tracking":false,"_monsterinsights_sitenote_active":false,"_monsterinsights_sitenote_note":"","_monsterinsights_sitenote_category":0},"product_brand":[],"product_cat":[531,1591,509],"product_tag":[],"class_list":{"0":"post-4817","1":"product","2":"type-product","3":"status-publish","4":"has-post-thumbnail","6":"product_cat-komputery-typu-rugged","7":"product_cat-komputery-rugged","8":"product_cat-perfectron","10":"first","11":"instock","12":"shipping-taxable","13":"product-type-simple"},"acf":[],"_links":{"self":[{"href":"https:\/\/quantum.com.pl\/pl\/wp-json\/wp\/v2\/product\/4817","targetHints":{"allow":["GET"]}}],"collection":[{"href":"https:\/\/quantum.com.pl\/pl\/wp-json\/wp\/v2\/product"}],"about":[{"href":"https:\/\/quantum.com.pl\/pl\/wp-json\/wp\/v2\/types\/product"}],"wp:featuredmedia":[{"embeddable":true,"href":"https:\/\/quantum.com.pl\/pl\/wp-json\/wp\/v2\/media\/11102"}],"wp:attachment":[{"href":"https:\/\/quantum.com.pl\/pl\/wp-json\/wp\/v2\/media?parent=4817"}],"wp:term":[{"taxonomy":"product_brand","embeddable":true,"href":"https:\/\/quantum.com.pl\/pl\/wp-json\/wp\/v2\/product_brand?post=4817"},{"taxonomy":"product_cat","embeddable":true,"href":"https:\/\/quantum.com.pl\/pl\/wp-json\/wp\/v2\/product_cat?post=4817"},{"taxonomy":"product_tag","embeddable":true,"href":"https:\/\/quantum.com.pl\/pl\/wp-json\/wp\/v2\/product_tag?post=4817"}],"curies":[{"name":"wp","href":"https:\/\/api.w.org\/{rel}","templated":true}]}}