{"id":4856,"date":"2019-10-21T18:09:01","date_gmt":"2019-10-21T16:09:01","guid":{"rendered":"https:\/\/quantum.com.pl\/?post_type=product&#038;p=4856"},"modified":"2020-08-25T23:02:42","modified_gmt":"2020-08-25T21:02:42","slug":"av710","status":"publish","type":"product","link":"https:\/\/quantum.com.pl\/pl\/product\/av710\/","title":{"rendered":"AV710"},"content":{"rendered":"<h4>MIL-STD System typu &#8222;rugged&#8221; z procesorem Intel\u00ae Core&#x2122; i7-6822EQ, ochron\u0105 IP65, z\u0142\u0105czami MIL-STD D38999, od 9V do 36V DC-in oraz szerokim zakresem temperatur: -40 do 70\u00b0C.<\/h4>\n<p>&nbsp;<\/p>\n<p>AV710 nap\u0119dzany jest wbudowanym procesorem sz\u00f3stej generacji Skylake-H i7-6822EQ, b\u0119d\u0105cym niezwykle kompaktowym Core I opartym na systemie typu \u201erugged\u201d bez wentylatora. Procesor Skylake-H obs\u0142uguje wyj\u0105tkow\u0105 wydajno\u015b\u0107 procesora i grafiki, zapewniaj\u0105c cztery rdzenie 2.8GHz przy jednoczesnym niskim zu\u017cyciu energii 25W.<\/p>\n<p>AV710 charakteryzuje si\u0119 swoj\u0105 solidn\u0105 konstrukcj\u0105 i wysok\u0105 funkcjonalno\u015bci\u0105, specjalnie zainstalowanymi z\u0142\u0105czami typu MIL-STD Amphenol i pe\u0142n\u0105 ochron\u0105 IP65, co pozwala systemowi wytrzyma\u0107 w ka\u017cdych trudnych warunkach. AV710 obs\u0142uguje rozszerzon\u0105 temperatur\u0119 od -40 do 70\u00b0C, a szeroki zakres wej\u015bciowy 9V ~ 36V DC (opcjonalny zasilacz MIL-STD-1275\/704\/461) mo\u017ce chroni\u0107 system przed uszkodzeniami spowodowanymi nag\u0142ym skokiem napi\u0119cia, a dodatkowo zapewni\u0107 niezawodno\u015b\u0107 jego niezb\u0119dnych element\u00f3w.<\/p>\n<p>&nbsp;<\/p>\n<h4>Dane techniczne:<\/h4>\n<ul>\n<li>MIL-STD-810G konstrukcja zapewniaj\u0105ca niezawodno\u015b\u0107 w wymagaj\u0105cych warunkach termicznych, wstrz\u0105sowych, wibracyjnych, wilgotno\u015bciowych \/ EMI \/ EMC<\/li>\n<li>Procesor Intel\u00aeCore &#x2122; i7-6822EQ (2.8 GHz, 4 rdzenie, 8 threads)<\/li>\n<li>Do 32GB pami\u0119ci DDR4<\/li>\n<li>1 x VGA, 2 x Gigabit Ethernet, 2 x USB, 2 x COM<\/li>\n<li>Z\u0142\u0105cza MIL-DTL-38999 typu &#8222;rugged&#8221;<\/li>\n<li>9 V ~ 36 V DC-in<\/li>\n<li>Opcjonalne wojskowe DC\/DC 12-40V DC-in<\/li>\n<li>Rozszerzona tolerancja temperatury: -40 do 70\u00b0C<\/li>\n<\/ul>\n<p>&nbsp;<\/p>\n\n<table id=\"tablepress-206\" class=\"tablepress tablepress-id-206 tbody-has-connected-cells\">\n<thead>\n<tr class=\"row-1\">\n\t<th class=\"column-1\"><strong>Operating Temp.<\/strong><\/th><th class=\"column-2\">-40\u00b0C ~ +70\u00b0C<\/th><td class=\"column-3\"><\/td>\n<\/tr>\n<\/thead>\n<tbody class=\"row-striping row-hover\">\n<tr class=\"row-2\">\n\t<td rowspan=\"6\" class=\"column-1\"><strong>System<\/strong><\/td><td class=\"column-2\">CPU<\/td><td class=\"column-3\">Intel\u00ae 22nm Ivy Bridge Processor (Mobile) socket(rPGA988)<br \/>\nIntel\u00ae Core\u2122 i7-3610QE (4C x 3.3 GHZ), 6M L2 cache (45W)<br \/>\nIntel\u00ae Core\u2122 i5-3610ME (2C x 2.7 GHZ), 3M L2 cache (35W)<br \/>\nIntel\u00ae Core\u2122 i3-3120ME (2C x 2.4 GHZ), 3M L2 cache (35W)<\/td>\n<\/tr>\n<tr class=\"row-3\">\n\t<td class=\"column-2\">Chipset<\/td><td class=\"column-3\">Intel\u00ae QM77 Express Chipset (Intel\u00ae BD82QM77 PCH)<br \/>\n<\/td>\n<\/tr>\n<tr class=\"row-4\">\n\t<td class=\"column-2\">Power System<\/td><td class=\"column-3\">EN50155 standard 48V solution (33.V to 62.4V DC in)<br \/>\nOpenUPS Uninterruptible Power Supply Board<br \/>\nCYCLON Battery Set supply 10V 2.5A for 1 hour<\/td>\n<\/tr>\n<tr class=\"row-5\">\n\t<td class=\"column-2\">Memory type<\/td><td class=\"column-3\">2 x 204-pin SO-DIMM DDR3 1333\/1600 MHz up to 16GB<\/td>\n<\/tr>\n<tr class=\"row-6\">\n\t<td class=\"column-2\">Expansion Slot<\/td><td class=\"column-3\">1 x Mini PCIe for GEN2<\/td>\n<\/tr>\n<tr class=\"row-7\">\n\t<td class=\"column-2\">Storage Device<\/td><td class=\"column-3\">2 x 2.5\" SATA HDD\/SSD (Easy Swap 2.5\" HDD cage)<br \/>\n2 x 2.5\" SATA HDD\/SSD (Fixed)<\/td>\n<\/tr>\n<tr class=\"row-8\">\n\t<td rowspan=\"4\" class=\"column-1\"><strong>Front I\/O<\/strong><\/td><td class=\"column-2\">Power Button<\/td><td class=\"column-3\">1<\/td>\n<\/tr>\n<tr class=\"row-9\">\n\t<td class=\"column-2\">LED Indicator<\/td><td class=\"column-3\">1 x Power LED<br \/>\n1 x HDD LED<br \/>\n4 x LAN LED<\/td>\n<\/tr>\n<tr class=\"row-10\">\n\t<td class=\"column-2\">LAN<\/td><td class=\"column-3\">2 x M12 Connectors Extended from Front Window<\/td>\n<\/tr>\n<tr class=\"row-11\">\n\t<td class=\"column-2\">Power Input<\/td><td class=\"column-3\">1 x M12 Power Connector<\/td>\n<\/tr>\n<tr class=\"row-12\">\n\t<td rowspan=\"7\" class=\"column-1\"><strong>Front Window<\/strong><\/td><td class=\"column-2\">VGA<\/td><td class=\"column-3\">1 x 15-pin VGA connector (female)<\/td>\n<\/tr>\n<tr class=\"row-13\">\n\t<td class=\"column-2\">DVI-D<\/td><td class=\"column-3\">1 x 25-pin DVI-D connector (female)<\/td>\n<\/tr>\n<tr class=\"row-14\">\n\t<td class=\"column-2\">HDMI<\/td><td class=\"column-3\">1 x 19-pin HDMI A Type connector (female)<\/td>\n<\/tr>\n<tr class=\"row-15\">\n\t<td class=\"column-2\">Ethernet<\/td><td class=\"column-3\">Intel\u00ae 82579LM &amp; 82574IT GbE LAN (support 10\/100\/1000 Mbps for x2 RJ45 ports)<\/td>\n<\/tr>\n<tr class=\"row-16\">\n\t<td class=\"column-2\">Audio<\/td><td class=\"column-3\">Mic-in, Line-out<\/td>\n<\/tr>\n<tr class=\"row-17\">\n\t<td class=\"column-2\">COM<\/td><td class=\"column-3\">1 x RS232\/422\/485<\/td>\n<\/tr>\n<tr class=\"row-18\">\n\t<td class=\"column-2\">USB<\/td><td class=\"column-3\">4 x USB 3.0<\/td>\n<\/tr>\n<tr class=\"row-19\">\n\t<td rowspan=\"2\" class=\"column-1\"><strong>Rear I\/O<\/strong><\/td><td class=\"column-2\">2.5\" HDD\/SSD Tray\t<\/td><td class=\"column-3\">2<\/td>\n<\/tr>\n<tr class=\"row-20\">\n\t<td class=\"column-2\">GND Screw<\/td><td class=\"column-3\">1<\/td>\n<\/tr>\n<tr class=\"row-21\">\n\t<td rowspan=\"2\" class=\"column-1\"><strong>OS support list<\/strong><\/td><td class=\"column-2\">Windows<\/td><td class=\"column-3\">Windows 7 32 bit, Windows 7 64 bit<\/td>\n<\/tr>\n<tr class=\"row-22\">\n\t<td class=\"column-2\">Linux<\/td><td class=\"column-3\">Open SUSE 12.2\u3001Ubuntu 12.04<\/td>\n<\/tr>\n<tr class=\"row-23\">\n\t<td rowspan=\"6\" class=\"column-1\"><strong>Mechanical and Environment<\/strong><\/td><td class=\"column-2\">Power Requirement<\/td><td class=\"column-3\">33.6V to 62.4V DC-in<\/td>\n<\/tr>\n<tr class=\"row-24\">\n\t<td class=\"column-2\">Dimension<\/td><td class=\"column-3\">440 x 44 x 463 mm (17.32\" x 1.73\" x 18.23\")<\/td>\n<\/tr>\n<tr class=\"row-25\">\n\t<td class=\"column-2\">Weight<\/td><td class=\"column-3\">9.05 kg (19.94 lbs)<\/td>\n<\/tr>\n<tr class=\"row-26\">\n\t<td class=\"column-2\">Operating Temp.<\/td><td class=\"column-3\">-40 to 70\u00b0C (ambient with air flow)<\/td>\n<\/tr>\n<tr class=\"row-27\">\n\t<td class=\"column-2\">Storage Temp.<\/td><td class=\"column-3\">-40 to 85\u00b0C<\/td>\n<\/tr>\n<tr class=\"row-28\">\n\t<td class=\"column-2\">Relative Humidity<\/td><td class=\"column-3\">10% to 90%, non-condensing<\/td>\n<\/tr>\n<tr class=\"row-29\">\n\t<td rowspan=\"2\" class=\"column-1\"><strong>Certifications<\/strong><\/td><td class=\"column-2\">EMC<\/td><td class=\"column-3\">CE, FCC Class A<\/td>\n<\/tr>\n<tr class=\"row-30\">\n\t<td class=\"column-2\">Railway<\/td><td class=\"column-3\">EN50155 Compliant<\/td>\n<\/tr>\n<\/tbody>\n<\/table>\n<!-- #tablepress-206 from cache -->\n","protected":false},"excerpt":{"rendered":"<p>MIL-STD System typu &#8222;rugged&#8221; z procesorem Intel\u00ae Core&#x2122; i7-6822EQ, ochron\u0105 IP65, z\u0142\u0105czami MIL-STD D38999, od 9V do 36V DC-in oraz szerokim zakresem temperatur: -40 do 70\u00b0C.<\/p>\n","protected":false},"featured_media":11084,"template":"","meta":{"_acf_changed":false,"inline_featured_image":false,"_monsterinsights_skip_tracking":false,"_monsterinsights_sitenote_active":false,"_monsterinsights_sitenote_note":"","_monsterinsights_sitenote_category":0},"product_brand":[],"product_cat":[531,1591,509,1602],"product_tag":[],"class_list":{"0":"post-4856","1":"product","2":"type-product","3":"status-publish","4":"has-post-thumbnail","6":"product_cat-komputery-typu-rugged","7":"product_cat-komputery-rugged","8":"product_cat-perfectron","9":"product_cat-przemysl-wojskowy","11":"first","12":"instock","13":"shipping-taxable","14":"product-type-simple"},"acf":[],"_links":{"self":[{"href":"https:\/\/quantum.com.pl\/pl\/wp-json\/wp\/v2\/product\/4856","targetHints":{"allow":["GET"]}}],"collection":[{"href":"https:\/\/quantum.com.pl\/pl\/wp-json\/wp\/v2\/product"}],"about":[{"href":"https:\/\/quantum.com.pl\/pl\/wp-json\/wp\/v2\/types\/product"}],"wp:featuredmedia":[{"embeddable":true,"href":"https:\/\/quantum.com.pl\/pl\/wp-json\/wp\/v2\/media\/11084"}],"wp:attachment":[{"href":"https:\/\/quantum.com.pl\/pl\/wp-json\/wp\/v2\/media?parent=4856"}],"wp:term":[{"taxonomy":"product_brand","embeddable":true,"href":"https:\/\/quantum.com.pl\/pl\/wp-json\/wp\/v2\/product_brand?post=4856"},{"taxonomy":"product_cat","embeddable":true,"href":"https:\/\/quantum.com.pl\/pl\/wp-json\/wp\/v2\/product_cat?post=4856"},{"taxonomy":"product_tag","embeddable":true,"href":"https:\/\/quantum.com.pl\/pl\/wp-json\/wp\/v2\/product_tag?post=4856"}],"curies":[{"name":"wp","href":"https:\/\/api.w.org\/{rel}","templated":true}]}}