{"id":4880,"date":"2019-10-21T19:09:40","date_gmt":"2019-10-21T17:09:40","guid":{"rendered":"https:\/\/quantum.com.pl\/?post_type=product&#038;p=4880"},"modified":"2020-05-08T11:43:29","modified_gmt":"2020-05-08T09:43:29","slug":"en235a","status":"publish","type":"product","link":"https:\/\/quantum.com.pl\/pl\/product\/en235a\/","title":{"rendered":"EN235A"},"content":{"rendered":"<h4>System bez wentylatora 1U Rackmount z procesorem Intel<b><sup>\u00ae<\/sup><\/b> Core&#x2122; trzeciej generacji, certyfikatem EN50155, 33.6V do 62.4V DC-in, Smart UPS oraz szerokim zakresem temperatur pracy: -40 ~ 70\u00b0C<\/h4>\n<p>&nbsp;<\/p>\n<p>EN235A to system bez wentylatora\u00a01U Rackmount 19&#8243;, odpowiedni do zastosowa\u0144 takich jak kolej, automatyka wysokiej klasy, itp. Zasilany przez procesor Intel\u00ae Ivy Bridge i7-3610QE i chipset QM77, czterordzeniowy CPU mo\u017ce mie\u0107 wysok\u0105 wydajno\u015b\u0107 2.3GHz \u2013 3.3GHz. Konstrukcja bez wentylatora zapewnia cich\u0105 prac\u0119 oraz eliminuje ryzyko gromadzenia si\u0119 kurzu i nap\u0142ywu resztek zewn\u0119trznych, co z czasem mog\u0142oby spowodowa\u0107 awari\u0119 systemu.<\/p>\n<p>EN235A integruje szeroki zakres DC-in (od 33.6V do 62.4V) z rozszerzonym zakresem temperatur pracy do + 70\u00b0C bez d\u0142awienia procesora. Co wi\u0119cej, posiadaj\u0105c certyfikat EN50155, EN235A cechuje si\u0119 wysok\u0105 wydajno\u015bci\u0105 w r\u00f3\u017cnych warunkach zasilania, szczeg\u00f3lnie w urz\u0105dzeniach taboru i kolejnictwie.<\/p>\n<h4>Dane techniczne:<\/h4>\n<ul>\n<li>Procesor Intel\u00ae Ivy Bridge Core i7<\/li>\n<li>2 x DDR3 SO-DIMM do 16GB<\/li>\n<li>4 x 2.5 &#8222;SATA HDD\/SSD (2 x Easy Swap 2.5&#8221; HDD cage)<\/li>\n<li>Dwa porty LAN GbE (z\u0142\u0105cze M12)<\/li>\n<li>4 x USB 3.0, 1 x VGA, 1 x HDMI, 1 x DVI-I<\/li>\n<li>33.6 V ~ 62.4 V DC-in<\/li>\n<li>Rozszerzony zakres temperatury pracy: -40 do 70\u00b0C<\/li>\n<li>Zgodno\u015b\u0107 z EN50155<\/li>\n<\/ul>\n<p><img loading=\"lazy\" decoding=\"async\" class=\"aligncenter size-full wp-image-4889\" src=\"https:\/\/quantum.com.pl\/wp-content\/uploads\/2019\/10\/EN235A-front-and-back-side.jpg\" alt=\"EN235A front and back side\" width=\"1347\" height=\"314\" srcset=\"https:\/\/quantum.com.pl\/wp-content\/uploads\/2019\/10\/EN235A-front-and-back-side.jpg 1347w, https:\/\/quantum.com.pl\/wp-content\/uploads\/2019\/10\/EN235A-front-and-back-side-300x70.jpg 300w, https:\/\/quantum.com.pl\/wp-content\/uploads\/2019\/10\/EN235A-front-and-back-side-768x179.jpg 768w, https:\/\/quantum.com.pl\/wp-content\/uploads\/2019\/10\/EN235A-front-and-back-side-1024x239.jpg 1024w, https:\/\/quantum.com.pl\/wp-content\/uploads\/2019\/10\/EN235A-front-and-back-side-860x200.jpg 860w, https:\/\/quantum.com.pl\/wp-content\/uploads\/2019\/10\/EN235A-front-and-back-side-600x140.jpg 600w\" sizes=\"auto, (max-width: 1347px) 100vw, 1347px\" \/><\/p>\n<h4>Zgodno\u015b\u0107 z EN50155<\/h4>\n<p>EN50155 to mi\u0119dzynarodowa norma obejmuj\u0105ca sprz\u0119t elektroniczny stosowany w taborze kolejowym. Standard obejmuje okre\u015blone aspekty tego sprz\u0119tu elektronicznego, w tym: temperatur\u0119, wilgotno\u015b\u0107, wstrz\u0105sy czy wibracje.<\/p>\n<p>EN235A jest zgodny z kluczowymi sekcjami normy EN50155. Zaliczaj\u0105c najbardziej krytyczn\u0105 klas\u0119 EN50155 Tx, EN235A mo\u017ce wytrzyma\u0107 warunki wewn\u0119trzne od -40 do 70\u00b0C \u2013 test ch\u0142odzenia: -40\u00b0C przez 2 godziny, test gor\u0105ca: +70\u00b0C przez 6 godzin. W przypadku wibracji: 5 do 150 Hz 5 godzin\/o\u015b (0,5 g) w przypadku braku dzia\u0142ania, 5 do 150 Hz 10 minut\/o\u015b (0,1 g) w przypadku pracy; Wstrz\u0105s jest testowany przez fal\u0119 Half Sine 50m\/s2 30ms na pod\u0142u\u017cnej, poprzecznej i pionowej, co czyni j\u0105 odpowiednim rozwi\u0105zaniem dla r\u00f3\u017cnych zastosowa\u0144 kolejowych, takich jak serwer tre\u015bci, infotainment pasa\u017cerski, itp.<\/p>\n<h4>Wewn\u0119trzny zestaw baterii zapasowych i UPS<\/h4>\n<p>W obliczu nag\u0142ego wy\u0142\u0105czenia g\u0142\u00f3wnego zasilania, EN235A jest wystarczaj\u0105co silny, aby samozasila\u0107 si\u0119 dzi\u0119ki wewn\u0119trznemu zestawowi akumulator\u00f3w i funkcji UPS. Wbudowane akumulatory 10V\/2500mA mog\u0105 obs\u0142ugiwa\u0107 maksymalnie 25W. Co wi\u0119cej, p\u0142yta UPS pozwala u\u017cytkownikom mie\u0107 wystarczaj\u0105co du\u017co czasu na prawid\u0142owe zamkni\u0119cie systemu lub wykonanie jego kopii zapasowej w przypadku nieoczekiwanej przerwy w zasilaniu.<\/p>\n<h4>Wyjmowana taca SSD<\/h4>\n<p>EN235A zosta\u0142 zaprojektowany tak, aby spe\u0142ni\u0107 wymagania r\u00f3\u017cnych aplikacji. Aby uzyska\u0107 wi\u0119ksz\u0105 elastyczno\u015b\u0107 i by\u0107 bardziej przyjaznym dla u\u017cytkownika, opr\u00f3cz mo\u017cliwo\u015bci rozszerzenia dw\u00f3ch dysk\u00f3w SSD, EN235A jest wyposa\u017cony w dwie wymienne tace SSD, kt\u00f3re mog\u0105 spe\u0142ni\u0107 kolejne dwa zapotrzebowania na dodatkowe miejsce. W przypadku aplikacji wymagaj\u0105cych cz\u0119stych zmian w pami\u0119ci masowej systemu, takich jak system informacyjno-rozrywkowy dla pasa\u017cer\u00f3w, serwer tre\u015bci, itp., najlepszym rozwi\u0105zaniem jest EN235A.<\/p>\n<p>&nbsp;<\/p>\n<h4>P\u0142yta g\u0142\u00f3wna EN235A: Mini ITX INS8335A<\/h4>\n<p>&nbsp;<\/p>\n<p><strong>1. Turbo Boost &#8211; Pe\u0142na pr\u0119dko\u015b\u0107 pracy od 2.3GHz do 3.3GHz<\/strong><\/p>\n<p>Silne po\u0142\u0105czenie procesora Intel Ivy Bridge 22 nm i chipsetu QM77 przyczynia si\u0119 do dzia\u0142ania procesora z pe\u0142n\u0105 pr\u0119dko\u015bci\u0105. Wydajno\u015b\u0107 mo\u017cna zwi\u0119kszy\u0107 z 2.3 GHz do 3.3 GHz. Czterordzeniowy procesor i7-3610QE wyposa\u017cony jest w technologi\u0119 Intel\u00ae Turbo Boost 2.0, kt\u00f3ra mo\u017ce dynamicznie zwi\u0119ksza\u0107 cz\u0119stotliwo\u015b\u0107 przy maksymalnej mocy TDP wynosz\u0105cej jedynie 45W.<\/p>\n<p><strong>2. Szeroki zakres DC-in<\/strong><\/p>\n<p>Szeroki zakres wej\u015bciowy od 9 do 24V zapewnia bezproblemow\u0105 uniwersalno\u015b\u0107, kt\u00f3r\u0105 mo\u017cna stosowa\u0107 w r\u00f3\u017cnych systemach DC. INS8335A to kompleksowe rozwi\u0105zanie zapewniaj\u0105ce elastyczno\u015b\u0107 dzia\u0142ania. Szeroki zakres DC-in chroni r\u00f3wnie\u017c przed uszkodzeniami spowodowanymi nag\u0142ymi wahaniami napi\u0119cia. Ta ochrona mo\u017ce tak\u017ce zapewni\u0107 skalowalno\u015b\u0107 i eliminowa\u0107 problem przeprojektowania istniej\u0105cej architektury zasilania. W ten spos\u00f3b zagwarantowana jest zdolno\u015b\u0107 do wytrzymania mocnego mechanizmu korbowego, a tak\u017ce przej\u015bciowych sytuacji przepi\u0119cia.<\/p>\n<p>&nbsp;<\/p>\n\n<table id=\"tablepress-209\" class=\"tablepress tablepress-id-209\">\n<thead>\n<tr class=\"row-1\">\n\t<th class=\"column-1\"><strong>Model<\/strong><\/th><td class=\"column-2\"><\/td><th class=\"column-3\"><strong>OXY5322A-UT<\/strong><\/th>\n<\/tr>\n<\/thead>\n<tbody class=\"row-striping row-hover\">\n<tr class=\"row-2\">\n\t<td class=\"column-1\">Temperatura operacyjna<\/td><td class=\"column-2\"><\/td><td class=\"column-3\">-40\u00b0C ~ +85\u00b0C<br \/>\n<\/td>\n<\/tr>\n<tr class=\"row-3\">\n\t<td class=\"column-1\">System<\/td><td class=\"column-2\">Typ CPU<\/td><td class=\"column-3\">Intel\u00ae Bay Trail-I E3845 (4C x 1.91 GHz), 2M Cache (10W)<\/td>\n<\/tr>\n<tr class=\"row-4\">\n\t<td class=\"column-1\"><\/td><td class=\"column-2\">Typ pami\u0119ci<\/td><td class=\"column-3\">1 x 204-pin SO-DIMM DDR3L 1600 MHz up to 8 GB w\/o ECC support<br \/>\n<\/td>\n<\/tr>\n<tr class=\"row-5\">\n\t<td class=\"column-1\"><\/td><td class=\"column-2\">BIOS<\/td><td class=\"column-3\">AMI\u00ae SPI BIOS<br \/>\n<\/td>\n<\/tr>\n<tr class=\"row-6\">\n\t<td class=\"column-1\"><\/td><td class=\"column-2\">Zegar nadzoruj\u0105cy<\/td><td class=\"column-3\">1-255 sek. lub 1-255 min. programowalny software<br \/>\n<\/td>\n<\/tr>\n<tr class=\"row-7\">\n\t<td class=\"column-1\">Gniazdo rozszerze\u0144<\/td><td class=\"column-2\">Mini PCIe<\/td><td class=\"column-3\">1 x full size Mini PCIe, 1 x half size Mini PCIe (co-lay with mSATA)<br \/>\n<\/td>\n<\/tr>\n<tr class=\"row-8\">\n\t<td class=\"column-1\"><\/td><td class=\"column-2\">mSATA<\/td><td class=\"column-3\">1 x mSATA<br \/>\n<br \/>\n<\/td>\n<\/tr>\n<tr class=\"row-9\">\n\t<td class=\"column-1\">Wy\u015bwietlacz<\/td><td class=\"column-2\">Chipset<\/td><td class=\"column-3\">Intel\u00ae Gen7 Graphic DX11<br \/>\n<\/td>\n<\/tr>\n<tr class=\"row-10\">\n\t<td class=\"column-1\"><\/td><td class=\"column-2\">LVDS<\/td><td class=\"column-3\">Dwukana\u0142owy 24-bitowy LVDS<br \/>\n<\/td>\n<\/tr>\n<tr class=\"row-11\">\n\t<td class=\"column-1\"><\/td><td class=\"column-2\">Typ wy\u015bwietlacza<\/td><td class=\"column-3\">VGA, LVDS, HDMI<br \/>\n<\/td>\n<\/tr>\n<tr class=\"row-12\">\n\t<td class=\"column-1\"><\/td><td class=\"column-2\">VGA<\/td><td class=\"column-3\">Tak <\/td>\n<\/tr>\n<tr class=\"row-13\">\n\t<td class=\"column-1\">Audio<\/td><td class=\"column-2\">Codec<\/td><td class=\"column-3\">Realtek ALC886<br \/>\n<br \/>\n<\/td>\n<\/tr>\n<tr class=\"row-14\">\n\t<td class=\"column-1\">Ethernet<\/td><td class=\"column-2\">Chipset<\/td><td class=\"column-3\">2 x Intel\u00ae i210IT GbE LAN(support 10\/100\/1000 Mbps for 2 x RJ45 ports)<br \/>\n<\/td>\n<\/tr>\n<tr class=\"row-15\">\n\t<td class=\"column-1\"><\/td><td class=\"column-2\">WOL<\/td><td class=\"column-3\">Tak<\/td>\n<\/tr>\n<tr class=\"row-16\">\n\t<td class=\"column-1\"><\/td><td class=\"column-2\">Boot from LAN<\/td><td class=\"column-3\">Tak dla PXE<br \/>\n<\/td>\n<\/tr>\n<tr class=\"row-17\">\n\t<td class=\"column-1\"><\/td><td class=\"column-2\">Chipset<\/td><td class=\"column-3\">\t1 x Intel\u00ae i211AT &amp; 1 x Intel\u00ae i218LM GbE LAN<br \/>\n(support 10\/100\/1000 Mbps for 2 x RJ45 ports)<\/td>\n<\/tr>\n<tr class=\"row-18\">\n\t<td class=\"column-1\">Tylne I\/O<\/td><td class=\"column-2\">VGA<\/td><td class=\"column-3\">1 x 15-pin VGA connector (female<br \/>\n<\/td>\n<\/tr>\n<tr class=\"row-19\">\n\t<td class=\"column-1\"><\/td><td class=\"column-2\">Ethernet<\/td><td class=\"column-3\">2 porty RJ45 (obs\u0142uga 10\/100\/1000 Mbps dla 2 port\u00f3w RJ45)<br \/>\n<\/td>\n<\/tr>\n<tr class=\"row-20\">\n\t<td class=\"column-1\"><\/td><td class=\"column-2\">USB<\/td><td class=\"column-3\">1 x USB 3.0, 1 x USB 2.0<br \/>\n<\/td>\n<\/tr>\n<tr class=\"row-21\">\n\t<td class=\"column-1\"><\/td><td class=\"column-2\">HDMI<\/td><td class=\"column-3\">1 x 19-pin HDMI A Type connector (female)<br \/>\n<\/td>\n<\/tr>\n<tr class=\"row-22\">\n\t<td class=\"column-1\">Interfejs I\/O<\/td><td class=\"column-2\">SATA<\/td><td class=\"column-3\">1 x SATAII (3 Gb\/s)<br \/>\n<\/td>\n<\/tr>\n<tr class=\"row-23\">\n\t<td class=\"column-1\"><\/td><td class=\"column-2\">USB<\/td><td class=\"column-3\">1 x USB 2.0<br \/>\n<\/td>\n<\/tr>\n<tr class=\"row-24\">\n\t<td class=\"column-1\"><\/td><td class=\"column-2\">COM<\/td><td class=\"column-3\">4 x COM ports (1 x RS232\/422\/485, 3 x RS232)<br \/>\n<\/td>\n<\/tr>\n<tr class=\"row-25\">\n\t<td class=\"column-1\"><\/td><td class=\"column-2\">Audio<\/td><td class=\"column-3\">Mic-in, Line-in, Line-out<br \/>\n<\/td>\n<\/tr>\n<tr class=\"row-26\">\n\t<td class=\"column-1\"><\/td><td class=\"column-2\">FAN<\/td><td class=\"column-3\">1 x CPU fan<br \/>\n<\/td>\n<\/tr>\n<tr class=\"row-27\">\n\t<td class=\"column-1\"><\/td><td class=\"column-2\">LVDS<\/td><td class=\"column-3\">30-stykowe z\u0142\u0105cze<br \/>\n<\/td>\n<\/tr>\n<tr class=\"row-28\">\n\t<td class=\"column-1\"><\/td><td class=\"column-2\">PS\/2<\/td><td class=\"column-3\">1 x 8-pin header<br \/>\n<\/td>\n<\/tr>\n<tr class=\"row-29\">\n\t<td class=\"column-1\"><\/td><td class=\"column-2\">DIO<\/td><td class=\"column-3\">8-bit (4 wej\u015bcia \/ 4 wyj\u015bcia)<br \/>\n<\/td>\n<\/tr>\n<tr class=\"row-30\">\n\t<td class=\"column-1\">Lista obs\u0142ugiwanych system\u00f3w operacyjnych<br \/>\n<\/td><td class=\"column-2\">Windows<\/td><td class=\"column-3\">TBC<br \/>\n<\/td>\n<\/tr>\n<tr class=\"row-31\">\n\t<td class=\"column-1\"><\/td><td class=\"column-2\">Linux<\/td><td class=\"column-3\">TBC<br \/>\n<\/td>\n<\/tr>\n<tr class=\"row-32\">\n\t<td class=\"column-1\"><\/td><td class=\"column-2\"><strong>Mechanika i \u015brodowisko<\/strong><\/td><td class=\"column-3\"><\/td>\n<\/tr>\n<tr class=\"row-33\">\n\t<td class=\"column-1\">Form Factor<\/td><td class=\"column-2\"><\/td><td class=\"column-3\">3.5\" SBC<br \/>\n<\/td>\n<\/tr>\n<tr class=\"row-34\">\n\t<td class=\"column-1\">Rodzaj zasilania<\/td><td class=\"column-2\"><\/td><td class=\"column-3\">8 ~ 32V DC-in, 4-pinowe z\u0142\u0105cze zasilania ATX, obs\u0142uga trybu AT \/ ATX<\/td>\n<\/tr>\n<tr class=\"row-35\">\n\t<td class=\"column-1\">Wymiary<\/td><td class=\"column-2\"><\/td><td class=\"column-3\">146 x 102 mm (5.7\" x 4\")<br \/>\n<\/td>\n<\/tr>\n<tr class=\"row-36\">\n\t<td class=\"column-1\">Temperatura operacyjna<\/td><td class=\"column-2\"><\/td><td class=\"column-3\">-40 to 85\u00b0C<br \/>\n<\/td>\n<\/tr>\n<tr class=\"row-37\">\n\t<td class=\"column-1\">Temperatura przechowywania<\/td><td class=\"column-2\"><\/td><td class=\"column-3\">-40 to 85\u00b0C<br \/>\n<\/td>\n<\/tr>\n<tr class=\"row-38\">\n\t<td class=\"column-1\">Wzgl\u0119dna wilgotno\u015b\u0107<\/td><td class=\"column-2\"><\/td><td class=\"column-3\">10% do 90%, bez kondensacji<br \/>\n<\/td>\n<\/tr>\n<\/tbody>\n<\/table>\n<!-- #tablepress-209 from cache -->\n","protected":false},"excerpt":{"rendered":"<p>System bez wentylatora 1U Rackmount z procesorem Intel\u00ae Core&#x2122; trzeciej generacji, certyfikatem EN50155, 33.6V do 62.4V DC-in, Smart UPS oraz szerokim zakresem temperatur pracy: -40 ~ 70\u00b0C.<\/p>\n","protected":false},"featured_media":10883,"template":"","meta":{"_acf_changed":false,"inline_featured_image":false,"_monsterinsights_skip_tracking":false,"_monsterinsights_sitenote_active":false,"_monsterinsights_sitenote_note":"","_monsterinsights_sitenote_category":0},"product_brand":[],"product_cat":[383,509],"product_tag":[],"class_list":{"0":"post-4880","1":"product","2":"type-product","3":"status-publish","4":"has-post-thumbnail","6":"product_cat-komputery-kolejnictwo-en50155","7":"product_cat-perfectron","9":"first","10":"instock","11":"shipping-taxable","12":"product-type-simple"},"acf":[],"_links":{"self":[{"href":"https:\/\/quantum.com.pl\/pl\/wp-json\/wp\/v2\/product\/4880","targetHints":{"allow":["GET"]}}],"collection":[{"href":"https:\/\/quantum.com.pl\/pl\/wp-json\/wp\/v2\/product"}],"about":[{"href":"https:\/\/quantum.com.pl\/pl\/wp-json\/wp\/v2\/types\/product"}],"wp:featuredmedia":[{"embeddable":true,"href":"https:\/\/quantum.com.pl\/pl\/wp-json\/wp\/v2\/media\/10883"}],"wp:attachment":[{"href":"https:\/\/quantum.com.pl\/pl\/wp-json\/wp\/v2\/media?parent=4880"}],"wp:term":[{"taxonomy":"product_brand","embeddable":true,"href":"https:\/\/quantum.com.pl\/pl\/wp-json\/wp\/v2\/product_brand?post=4880"},{"taxonomy":"product_cat","embeddable":true,"href":"https:\/\/quantum.com.pl\/pl\/wp-json\/wp\/v2\/product_cat?post=4880"},{"taxonomy":"product_tag","embeddable":true,"href":"https:\/\/quantum.com.pl\/pl\/wp-json\/wp\/v2\/product_tag?post=4880"}],"curies":[{"name":"wp","href":"https:\/\/api.w.org\/{rel}","templated":true}]}}