{"id":4907,"date":"2019-10-21T19:57:48","date_gmt":"2019-10-21T17:57:48","guid":{"rendered":"https:\/\/quantum.com.pl\/?post_type=product&#038;p=4907"},"modified":"2020-07-21T22:55:07","modified_gmt":"2020-07-21T20:55:07","slug":"en236a","status":"publish","type":"product","link":"https:\/\/quantum.com.pl\/pl\/product\/en236a\/","title":{"rendered":"EN236A"},"content":{"rendered":"<h4>System bez wentylatora 1U Rackmount z procesorem Intel\u00ae Core&#x2122; trzeciej generacji, certyfikatem EN50155, 33.6V do 62.4V DC-in, Smart UPS oraz szerokim zakresem temperatur pracy: -40 ~ 70\u00b0C.<\/h4>\n<p>&nbsp;<\/p>\n<p>EN236A to system bez wentylatora 1U Rackmount 19\u2033, odpowiedni do zastosowa\u0144 takich jak kolej, automatyka wysokiej klasy, itp. Zasilany przez procesor Intel\u00ae Ivy Bridge i7 i chipset HM76, dwurdzeniowy procesor typu BGA i7-3517UE ma tylko 17W poboru mocy. Konstrukcja bez wentylatora zapewnia cich\u0105 prac\u0119 oraz eliminuje ryzyko gromadzenia si\u0119 kurzu i nap\u0142ywu resztek zewn\u0119trznych, co z czasem mog\u0142oby spowodowa\u0107 awari\u0119 systemu.<\/p>\n<p>EN236A integruje szeroki zakres DC-in (od 33.6V do 62.4V) z rozszerzonym zakresem temperatur pracy do + 70\u00b0C bez d\u0142awienia procesora. Co wi\u0119cej, posiadaj\u0105c certyfikat EN50155, EN236A cechuje si\u0119 wysok\u0105 wydajno\u015bci\u0105 w r\u00f3\u017cnych warunkach zasilania, szczeg\u00f3lnie w urz\u0105dzeniach taboru i kolejnictwie.<\/p>\n<h4>Dane techniczne:<\/h4>\n<ul>\n<li>Procesor Intel\u00ae Ivy Bridge BGA typu i7<\/li>\n<li>1 x DDR3 SO-DIMM do 8GB<\/li>\n<li>2 x 2.5&#8243; SATA III Storage<\/li>\n<li>Dwa porty LAN GbE (z\u0142\u0105cze M12)<\/li>\n<li>2x USB 2.0, 1 x VGA<\/li>\n<li>33.6 V ~ 62.4 V DC-in<\/li>\n<li>Rozszerzony zakres temperatury pracy: -40 do 70\u00b0C<\/li>\n<li>Zgodno\u015b\u0107 z EN50155<\/li>\n<\/ul>\n<p><img loading=\"lazy\" decoding=\"async\" class=\"aligncenter size-full wp-image-4909\" src=\"https:\/\/quantum.com.pl\/wp-content\/uploads\/2019\/10\/EN236A-front-and-back-side.jpg\" alt=\"EN236A front and back side\" width=\"1347\" height=\"314\" srcset=\"https:\/\/quantum.com.pl\/wp-content\/uploads\/2019\/10\/EN236A-front-and-back-side.jpg 1347w, https:\/\/quantum.com.pl\/wp-content\/uploads\/2019\/10\/EN236A-front-and-back-side-300x70.jpg 300w, https:\/\/quantum.com.pl\/wp-content\/uploads\/2019\/10\/EN236A-front-and-back-side-768x179.jpg 768w, https:\/\/quantum.com.pl\/wp-content\/uploads\/2019\/10\/EN236A-front-and-back-side-1024x239.jpg 1024w, https:\/\/quantum.com.pl\/wp-content\/uploads\/2019\/10\/EN236A-front-and-back-side-860x200.jpg 860w, https:\/\/quantum.com.pl\/wp-content\/uploads\/2019\/10\/EN236A-front-and-back-side-600x140.jpg 600w\" sizes=\"auto, (max-width: 1347px) 100vw, 1347px\" \/><\/p>\n<h4>Zgodno\u015b\u0107 z EN50155<\/h4>\n<p>EN50155 to mi\u0119dzynarodowa norma obejmuj\u0105ca sprz\u0119t elektroniczny stosowany w taborze kolejowym. Standard obejmuje okre\u015blone aspekty tego sprz\u0119tu elektronicznego, w tym: temperatur\u0119, wilgotno\u015b\u0107, wstrz\u0105sy czy wibracje.<\/p>\n<p>EN235A jest zgodny z kluczowymi sekcjami normy EN50155. Zaliczaj\u0105c najbardziej krytyczn\u0105 klas\u0119 EN50155 Tx, EN235A mo\u017ce wytrzyma\u0107 warunki wewn\u0119trzne od -40 do 70\u00b0C \u2013 test ch\u0142odzenia: -40\u00b0C przez 2 godziny, test gor\u0105ca: +70\u00b0C przez 6 godzin. W przypadku wibracji: 5 do 150 Hz 5 godzin\/o\u015b (0,5 g) w przypadku braku dzia\u0142ania, 5 do 150 Hz 10 minut\/o\u015b (0,1 g) w przypadku pracy; Wstrz\u0105s jest testowany przez fal\u0119 Half Sine 50m\/s2 30ms na pod\u0142u\u017cnej, poprzecznej i pionowej, co czyni j\u0105 odpowiednim rozwi\u0105zaniem dla r\u00f3\u017cnych zastosowa\u0144 kolejowych, takich jak serwer tre\u015bci, infotainment pasa\u017cerski, itp.<\/p>\n<h4>Wewn\u0119trzny zestaw baterii zapasowych i UPS<\/h4>\n<p>W obliczu nag\u0142ego wy\u0142\u0105czenia g\u0142\u00f3wnego zasilania, EN236A jest wystarczaj\u0105co silny, aby samozasila\u0107 si\u0119 dzi\u0119ki wewn\u0119trznemu zestawowi akumulator\u00f3w i funkcji UPS. Pi\u0119\u0107 wbudowanych akumulator\u00f3w 10V\/2500mA, kt\u00f3re mog\u0105 wspiera\u0107 maksymalnie 30 ~ 31W, razem z p\u0142yt\u0105 UPS pozwalaj\u0105 EN236A na dzia\u0142anie do 30 minut przy pe\u0142nym obci\u0105\u017ceniu (5 godzin w trybie bezczynno\u015bci). Cecha ta pozwala u\u017cytkownikom mie\u0107 wystarczaj\u0105co du\u017co czasu na prawid\u0142owe zamkni\u0119cie systemu lub wykonanie jego kopii zapasowej w przypadku nieoczekiwanej przerwy w zasilaniu.<\/p>\n<h4>Wyjmowana taca SSD<\/h4>\n<p>EN236A zosta\u0142 zaprojektowany tak, aby spe\u0142ni\u0107 wymagania r\u00f3\u017cnych aplikacji. Aby uzyska\u0107 wi\u0119ksz\u0105 elastyczno\u015b\u0107 i by\u0107 bardziej przyjaznym dla u\u017cytkownika, EN236A jest wyposa\u017cony w dwie wymienne tace SSD. W przypadku aplikacji wymagaj\u0105cych cz\u0119stych zmian w pami\u0119ci masowej systemu, takich jak system informacyjno-rozrywkowy dla pasa\u017cer\u00f3w, serwer tre\u015bci, itp., najlepszym rozwi\u0105zaniem jest EN236A.<\/p>\n<p>&nbsp;<\/p>\n<h4>P\u0142yta g\u0142\u00f3wna EN236A: 3.5 &#8222;SBC &#8211; OXY5336A<\/h4>\n<p>&nbsp;<\/p>\n<h4>1. Wlutowany procesor Intel Core i7<\/h4>\n<p>EN236A jest oparty na 3.5&#8243; SBC\u2014OXY5336A, zasilany przez procesor Intel Ivy Bridge i7-3517UE plus chipset HM76 wlutowany na pok\u0142adzie. Procesor obs\u0142uguje dwa rdzenie 1.7GHz, ale zu\u017cywa tylko 17W, co jest stosunkowo niskim zu\u017cyciem energii. Dzi\u0119ki wlutowanemu procesorowi, przewodzenie ciep\u0142a i po\u0142\u0105cze\u0144 o du\u017cej g\u0119sto\u015bci pomi\u0119dzy p\u0142yt\u0105 g\u0142\u00f3wn\u0105 a komponentami jest mniejsze, co jednocze\u015bnie zmniejsza ryzyko awarii p\u0142yty g\u0142\u00f3wnej w wyniku przegrzania. Opr\u00f3cz tego, lutowanie zapewnia r\u00f3wnie\u017c najlepszy poziom ochrony przed wstrz\u0105sami i wibracjami.<\/p>\n<p>System 1U Rackmount nap\u0119dzany procesorem Intel Core i7 stanowi do\u015b\u0107 rzadkie rozwi\u0105zanie, poniewa\u017c trudno jest ca\u0142kowicie rozproszy\u0107 ciep\u0142o generowane przez procesor Intel Core i7. W\u0142a\u015bnie dlatego EN236A jest warto\u015bciowy \u2013 ze wzgl\u0119du na wysok\u0105 moc obliczeniow\u0105 bez wentylator\u00f3w.<\/p>\n<p><strong>2. Obs\u0142uga szerokiego zakresu temperatur<\/strong><\/p>\n<p>Zgodnie z zasad\u0105 szerokich temperatur STACKRACK, OXY5336A zaprojektowany jest do pracy z pe\u0142n\u0105 pr\u0119dko\u015bci\u0105 w trudnych warunkach od -40 do 85\u00b0C. Nie tylko sama p\u0142yta zosta\u0142a zaprojektowana jako komponent przemys\u0142owy o naprawd\u0119 szerokiej tolerancji temperatury, lecz r\u00f3wnie\u017c procesor typu BGA mo\u017ce pom\u00f3c w osi\u0105gni\u0119ciu lepszego rozpraszania ciep\u0142a. OXY5336A jest wytrzyma\u0142ym SBC idealnym do wysokiej klasy automatyki, ci\u0119\u017ckich zastosowa\u0144 w kolejnictwie, wiertnictwie i energetyce.<\/p>\n<p>&nbsp;<\/p>\n\n<table id=\"tablepress-211\" class=\"tablepress tablepress-id-211\">\n<thead>\n<tr class=\"row-1\">\n\t<th class=\"column-1\"><strong>Model<\/strong><\/th><td class=\"column-2\"><\/td><th class=\"column-3\"><strong>OXY5321A-UT<\/strong><\/th>\n<\/tr>\n<\/thead>\n<tbody class=\"row-striping row-hover\">\n<tr class=\"row-2\">\n\t<td class=\"column-1\">Temperatura operacyjna<\/td><td class=\"column-2\"><\/td><td class=\"column-3\">-40\u00b0C ~ +85\u00b0C<br \/>\n<\/td>\n<\/tr>\n<tr class=\"row-3\">\n\t<td class=\"column-1\">System<\/td><td class=\"column-2\">Typ CPU<\/td><td class=\"column-3\">Intel\u00ae Atom\u2122 D2550 1.86 GHz<br \/>\n<\/td>\n<\/tr>\n<tr class=\"row-4\">\n\t<td class=\"column-1\"><\/td><td class=\"column-2\">Typ pami\u0119ci<\/td><td class=\"column-3\">1 x 204-pin SO-DIMM DDR3L 1600 MHz up to 4 GB w\/o ECC support<br \/>\n<\/td>\n<\/tr>\n<tr class=\"row-5\">\n\t<td class=\"column-1\"><\/td><td class=\"column-2\">Chipset<\/td><td class=\"column-3\">Intel\u00ae NM10 Express Chipset (Intel\u00ae CG82NM10 PCH)<br \/>\n<\/td>\n<\/tr>\n<tr class=\"row-6\">\n\t<td class=\"column-1\"><\/td><td class=\"column-2\">BIOS<\/td><td class=\"column-3\">AMI\u00ae BIOS<br \/>\n<\/td>\n<\/tr>\n<tr class=\"row-7\">\n\t<td class=\"column-1\"><\/td><td class=\"column-2\">Super I\/O<\/td><td class=\"column-3\">ITE IT8783F<br \/>\n<\/td>\n<\/tr>\n<tr class=\"row-8\">\n\t<td class=\"column-1\"><\/td><td class=\"column-2\">Zegar nadzoruj\u0105cy<\/td><td class=\"column-3\">1-255 sek. lub 1-255 min. programowalny, mo\u017ce generowa\u0107 reset systemu<br \/>\n<\/td>\n<\/tr>\n<tr class=\"row-9\">\n\t<td class=\"column-1\">Gniazdo rozszerze\u0144<\/td><td class=\"column-2\">Mini PCIe<\/td><td class=\"column-3\">1 x miniPCIe for Gen2<br \/>\n<\/td>\n<\/tr>\n<tr class=\"row-10\">\n\t<td class=\"column-1\">Wy\u015bwietlacz<\/td><td class=\"column-2\">Chipset<\/td><td class=\"column-3\">Integrated Intel\u00ae GMA3650 VR Graphic core SGX545<br \/>\n<\/td>\n<\/tr>\n<tr class=\"row-11\">\n\t<td class=\"column-1\"><\/td><td class=\"column-2\">LVDS<\/td><td class=\"column-3\">Obs\u0142uguje 18\/24-bitowy pojedynczy \/ podw\u00f3jny kana\u0142 LVDS (maks. Rozdzielczo\u015b\u0107 1920 x 1080 @ 60 Hz)<br \/>\n<\/td>\n<\/tr>\n<tr class=\"row-12\">\n\t<td class=\"column-1\"><\/td><td class=\"column-2\">Mo\u017cliwo\u015b\u0107 podw\u00f3jnego, niezale\u017cnego wy\u015bwietlania<\/td><td class=\"column-3\">LVDS + DVI-I<br \/>\n<\/td>\n<\/tr>\n<tr class=\"row-13\">\n\t<td class=\"column-1\"><\/td><td class=\"column-2\">DVI-I<\/td><td class=\"column-3\">Tak (maksymalna rozdzielczo\u015b\u0107 1920 x 1200 @ 60 Hz)<br \/>\n<\/td>\n<\/tr>\n<tr class=\"row-14\">\n\t<td class=\"column-1\">Audio<\/td><td class=\"column-2\">Codec<\/td><td class=\"column-3\">Realtek ALC269 High Definition Audio Codec *2W amplifier onboard<br \/>\n<br \/>\n<\/td>\n<\/tr>\n<tr class=\"row-15\">\n\t<td class=\"column-1\">Ethernet<\/td><td class=\"column-2\">Chipset<\/td><td class=\"column-3\">2 x RTL8111E GbE LAN(support 10\/100\/1000 Mbps for 2 x RJ45 ports)<br \/>\n<\/td>\n<\/tr>\n<tr class=\"row-16\">\n\t<td class=\"column-1\"><\/td><td class=\"column-2\">WOL<\/td><td class=\"column-3\">Tak<\/td>\n<\/tr>\n<tr class=\"row-17\">\n\t<td class=\"column-1\"><\/td><td class=\"column-2\">Boot from LAN<\/td><td class=\"column-3\">Tak dla PXE<br \/>\n<\/td>\n<\/tr>\n<tr class=\"row-18\">\n\t<td class=\"column-1\">Tylne I\/O<\/td><td class=\"column-2\">DVI-I<\/td><td class=\"column-3\">1 x 29-pin DVI-I connector (female)<br \/>\n<\/td>\n<\/tr>\n<tr class=\"row-19\">\n\t<td class=\"column-1\"><\/td><td class=\"column-2\">COM<\/td><td class=\"column-3\">RS232: DCD-, RXD, TXD, DTR-, GND, DSR-, RTS-, CTS-<br \/>\nRS422: TX-, RX+, TX+, RX-, GND,<br \/>\nRS485: DATA-, DATA+, GND<br \/>\n<\/td>\n<\/tr>\n<tr class=\"row-20\">\n\t<td class=\"column-1\"><\/td><td class=\"column-2\">Ethernet<\/td><td class=\"column-3\">2 porty RJ45 (obs\u0142uga 10\/100\/1000 Mbps dla 2 port\u00f3w RJ45)<br \/>\n<\/td>\n<\/tr>\n<tr class=\"row-21\">\n\t<td class=\"column-1\"><\/td><td class=\"column-2\">USB<\/td><td class=\"column-3\">1 x USB 3.0, 1 x USB 2.0<br \/>\n<\/td>\n<\/tr>\n<tr class=\"row-22\">\n\t<td class=\"column-1\"><\/td><td class=\"column-2\">Przycisk resetowania<\/td><td class=\"column-3\">1 <\/td>\n<\/tr>\n<tr class=\"row-23\">\n\t<td class=\"column-1\">Interfejs I\/O<\/td><td class=\"column-2\">SATA<\/td><td class=\"column-3\">1 x SATAII (3 Gb\/s)<br \/>\n<\/td>\n<\/tr>\n<tr class=\"row-24\">\n\t<td class=\"column-1\"><\/td><td class=\"column-2\">USB<\/td><td class=\"column-3\">6 x USB 2.0 ports by pin header<br \/>\n<\/td>\n<\/tr>\n<tr class=\"row-25\">\n\t<td class=\"column-1\"><\/td><td class=\"column-2\">COM<\/td><td class=\"column-3\">4 x COM ports COM2~COM5 ports support RS232 only with 5V\/12V selectable by 1x10-pin header<br \/>\n<\/td>\n<\/tr>\n<tr class=\"row-26\">\n\t<td class=\"column-1\"><\/td><td class=\"column-2\">Audio<\/td><td class=\"column-3\">1 x 4-pin header for Speak-out<br \/>\n<\/td>\n<\/tr>\n<tr class=\"row-27\">\n\t<td class=\"column-1\"><\/td><td class=\"column-2\">LVDS<\/td><td class=\"column-3\">30-stykowe z\u0142\u0105cze<br \/>\n<\/td>\n<\/tr>\n<tr class=\"row-28\">\n\t<td class=\"column-1\"><\/td><td class=\"column-2\">PS\/2<\/td><td class=\"column-3\">2 x 4-pin header<br \/>\n<\/td>\n<\/tr>\n<tr class=\"row-29\">\n\t<td class=\"column-1\"><\/td><td class=\"column-2\">CF card<\/td><td class=\"column-3\">1 x CF socket by SATA Gen2 interface<br \/>\n<br \/>\n<\/td>\n<\/tr>\n<tr class=\"row-30\">\n\t<td class=\"column-1\"><\/td><td class=\"column-2\">LPT<\/td><td class=\"column-3\">2 x 13-pin header<br \/>\n<\/td>\n<\/tr>\n<tr class=\"row-31\">\n\t<td class=\"column-1\"><\/td><td class=\"column-2\">DIO<\/td><td class=\"column-3\">8-bit (4 wej\u015bcia \/ 4 wyj\u015bcia)<br \/>\n<\/td>\n<\/tr>\n<tr class=\"row-32\">\n\t<td class=\"column-1\">Lista obs\u0142ugiwanych system\u00f3w operacyjnych<br \/>\n<\/td><td class=\"column-2\">Windows<\/td><td class=\"column-3\">Windows 7 x32\u3001Windows 7 x64<br \/>\n<\/td>\n<\/tr>\n<tr class=\"row-33\">\n\t<td class=\"column-1\"><\/td><td class=\"column-2\">Linux<\/td><td class=\"column-3\">Fedora 10\u3001Fedora 14\u3001Fedora 20\u3001Open SUSE 12.2\u3001Debian 7.0.0\u3001Ubuntu 14.04<br \/>\n<\/td>\n<\/tr>\n<tr class=\"row-34\">\n\t<td class=\"column-1\"><\/td><td class=\"column-2\"><strong>Mechanika i \u015brodowisko<\/strong><\/td><td class=\"column-3\"><\/td>\n<\/tr>\n<tr class=\"row-35\">\n\t<td class=\"column-1\">Form Factor<\/td><td class=\"column-2\"><\/td><td class=\"column-3\">3.5\" SBC<br \/>\n<\/td>\n<\/tr>\n<tr class=\"row-36\">\n\t<td class=\"column-1\">Rodzaj zasilania<\/td><td class=\"column-2\"><\/td><td class=\"column-3\">12V DC-in, 4-pin ATX power connector, AT\/ATX<br \/>\n<\/td>\n<\/tr>\n<tr class=\"row-37\">\n\t<td class=\"column-1\">Wymiary<\/td><td class=\"column-2\"><\/td><td class=\"column-3\">146 x 102 mm (5.7\" x 4\")<br \/>\n<\/td>\n<\/tr>\n<tr class=\"row-38\">\n\t<td class=\"column-1\">Temperatura operacyjna<\/td><td class=\"column-2\"><\/td><td class=\"column-3\">-40 to 85\u00b0C<br \/>\n<\/td>\n<\/tr>\n<tr class=\"row-39\">\n\t<td class=\"column-1\">Temperatura przechowywania<\/td><td class=\"column-2\"><\/td><td class=\"column-3\">-40 to 85\u00b0C<br \/>\n<\/td>\n<\/tr>\n<tr class=\"row-40\">\n\t<td class=\"column-1\">Wzgl\u0119dna wilgotno\u015b\u0107<\/td><td class=\"column-2\"><\/td><td class=\"column-3\">10% do 90%, bez kondensacji<br \/>\n<\/td>\n<\/tr>\n<\/tbody>\n<\/table>\n<!-- #tablepress-211 from cache -->\n","protected":false},"excerpt":{"rendered":"<p>System bez wentylatora 1U Rackmount z procesorem Intel\u00ae Core&#x2122; trzeciej generacji, certyfikatem EN50155, 33.6V do 62.4V DC-in, Smart UPS oraz szerokim zakresem temperatur pracy: -40 ~ 70\u00b0C.<\/p>\n","protected":false},"featured_media":10885,"template":"","meta":{"_acf_changed":false,"inline_featured_image":false,"_monsterinsights_skip_tracking":false,"_monsterinsights_sitenote_active":false,"_monsterinsights_sitenote_note":"","_monsterinsights_sitenote_category":0},"product_brand":[],"product_cat":[383,1593,509],"product_tag":[],"class_list":{"0":"post-4907","1":"product","2":"type-product","3":"status-publish","4":"has-post-thumbnail","6":"product_cat-komputery-kolejnictwo-en50155","7":"product_cat-komputery-i-rozwiazania-sieciowe-en1055","8":"product_cat-perfectron","10":"first","11":"instock","12":"shipping-taxable","13":"product-type-simple"},"acf":[],"_links":{"self":[{"href":"https:\/\/quantum.com.pl\/pl\/wp-json\/wp\/v2\/product\/4907","targetHints":{"allow":["GET"]}}],"collection":[{"href":"https:\/\/quantum.com.pl\/pl\/wp-json\/wp\/v2\/product"}],"about":[{"href":"https:\/\/quantum.com.pl\/pl\/wp-json\/wp\/v2\/types\/product"}],"wp:featuredmedia":[{"embeddable":true,"href":"https:\/\/quantum.com.pl\/pl\/wp-json\/wp\/v2\/media\/10885"}],"wp:attachment":[{"href":"https:\/\/quantum.com.pl\/pl\/wp-json\/wp\/v2\/media?parent=4907"}],"wp:term":[{"taxonomy":"product_brand","embeddable":true,"href":"https:\/\/quantum.com.pl\/pl\/wp-json\/wp\/v2\/product_brand?post=4907"},{"taxonomy":"product_cat","embeddable":true,"href":"https:\/\/quantum.com.pl\/pl\/wp-json\/wp\/v2\/product_cat?post=4907"},{"taxonomy":"product_tag","embeddable":true,"href":"https:\/\/quantum.com.pl\/pl\/wp-json\/wp\/v2\/product_tag?post=4907"}],"curies":[{"name":"wp","href":"https:\/\/api.w.org\/{rel}","templated":true}]}}