{"id":4908,"date":"2019-10-21T19:41:40","date_gmt":"2019-10-21T17:41:40","guid":{"rendered":"https:\/\/quantum.com.pl\/?post_type=product&#038;p=4908"},"modified":"2022-03-29T14:00:02","modified_gmt":"2022-03-29T12:00:02","slug":"oxy5336a","status":"publish","type":"product","link":"https:\/\/quantum.com.pl\/pl\/product\/oxy5336a\/","title":{"rendered":"OXY5336A"},"content":{"rendered":"<h4>3.5&#8243; SBC, wbudowany procesor Intel\u00ae Ivy Bridge Core i7\/i5\/i3, temperatura podwy\u017cszona (-40\u00b0C do 85\u00b0C)<\/h4>\n<ul>\n<li>Intel\u00ae Ivy Bridge BGA CPU + Intel QM76 PCH<\/li>\n<li>Multi display: VGA, DVI-I, LVDS<\/li>\n<li>Bogaty interfejs I\/O z 4 portami COM, 10 USB, 2 LAN, 2 SATAIII i HD Audio<\/li>\n<li>1 x pe\u0142nowymiarowy miniPCIe i 1 x mSATA<\/li>\n<li>Wbudowane gniazdo karty SIM dla \u0142\u0105czno\u015bci 3,5G<\/li>\n<li>Rozszerzony zakres temperatury operacyjnej (od -40\u00b0C do 85\u00b0C)<\/li>\n<\/ul>\n<p>OXY5336A to wysoce zintegrowany 3,5-calowy wytrzyma\u0142y SBC nap\u0119dzany procesorem Intel\u00ae Ivy Bridge 3. generacji i wbudowanym chipsetem. Procesor i7-3517UE plus mikrouk\u0142ad Intel\u00ae QM76 obs\u0142uguje dwurdzeniowy ULV 1,7 GHz, zu\u017cywa tylko 17 W i 4,1 W. Elementy te sprawiaj\u0105, \u017ce \u200b\u200bSBC jest przystosowany do wielozadaniowo\u015bci przy jednoczesnym zmniejszeniu zu\u017cycia energii na biegu ja\u0142owym. Aplikacje o znaczeniu krytycznym mog\u0105 wykorzysta\u0107 zalety procesor\u00f3w wmontowanych na p\u0142ycie tj. rozszerzony zakres temperatury pracy od -40 do 85 \u00b0 C, aby zapewni\u0107 najwy\u017csz\u0105 trwa\u0142o\u015b\u0107 oraz odporno\u015b\u0107 na wstrz\u0105sy i wibracje. OXY5336A to wytrzyma\u0142y komputer jednop\u0142ytkowy SBC idealny do wysokiej klasy automatyki, ci\u0119\u017ckich zastosowa\u0144 w kolejnictwie, wiertnictwie i energetyce.<\/p>\n<h4>Rozwi\u0105zanie termiczne do projektowania system\u00f3w typu ,,fanless&#8221;<\/h4>\n<p>Radiatory s\u0142u\u017c\u0105 do ch\u0142odzenia temperatury urz\u0105dzenia poprzez rozpraszanie ciep\u0142a do otaczaj\u0105cego powietrza. Poniewa\u017c konfiguracje i rozmieszczenie obwod\u00f3w zasilania ka\u017cdego modelu s\u0105 r\u00f3\u017cne, co doprowadza do innego stopnia wytwarzania ciep\u0142a, PERFECTRON projektuje dopasowany radiator do ka\u017cdej p\u0142yty g\u0142\u00f3wnej. Specjalna konstrukcja typu ,,fin&#8221; wysoka\/niska, tworzy przep\u0142yw wiatru w celu zmniejszenia oporu cieplnego. Ponadto linia fali przekroju poprzecznego na interfejsie zwi\u0119ksza do 30-40% powierzchni styku z powietrzem. \u0141\u0105cz\u0105c te dwie cechy, wydajno\u015b\u0107 termiczna jest w maksymalnym stopniu wykorzystywana. Opcja wentylatora jest r\u00f3wnie\u017c dost\u0119pna w przypadku nieposiadania konstrukcji typu ,,fanless&#8221;.<\/p>\n<h4>Zaawansowane rozwi\u0105zanie ch\u0142odz\u0105ce dla lepszego odprowadzania ciep\u0142a<\/h4>\n<p>Aby sprosta\u0107 wymaganiom dotycz\u0105cym rozszerzonego zakresu temperatur, ca\u0142e rozwi\u0105zanie termiczne OXY5336A obejmuje jednocze\u015bnie dwie metody przenoszenia ciep\u0142a, przewodzenie ciep\u0142a i konwekcj\u0119 ciep\u0142a. W celu przewodzenia ciep\u0142a w rozwi\u0105zaniu zastosowano miedziany rozpraszacz ciep\u0142a na dolnej warstwie, kt\u00f3ra bezpo\u015brednio styka si\u0119 z procesorem i mikrouk\u0142adem. Ciep\u0142o jest nast\u0119pnie przekazywane do g\u00f3rnego aluminiowego radiatora. Je\u015bli chodzi o konwekcj\u0119 ciep\u0142a, r\u00f3\u017cnice temperatur spowodowane wysok\u0105 i nisk\u0105 konstrukcj\u0105 typu ,,fin&#8221; tworz\u0105 \u0142agodny przep\u0142yw powietrza, kt\u00f3ry mo\u017ce skutecznie odprowadza\u0107 ciep\u0142o. Wentylator mo\u017ce by\u0107 r\u00f3wnie\u017c spe\u0142nia\u0107 pomocnicze funkcje, je\u015bli umie\u015bci si\u0119 jego odpowiedni rozmiar na radiatorze.<\/p>\n\n<table id=\"tablepress-210\" class=\"tablepress tablepress-id-210\">\n<thead>\n<tr class=\"row-1\">\n\t<th class=\"column-1\"><strong>Model<\/strong><\/th><td class=\"column-2\"><\/td><th class=\"column-3\"><strong>OXY5335A-UT<\/strong><br \/>\n<\/th>\n<\/tr>\n<\/thead>\n<tbody class=\"row-striping row-hover\">\n<tr class=\"row-2\">\n\t<td class=\"column-1\">Operating Temp.<\/td><td class=\"column-2\"><\/td><td class=\"column-3\">-40\u00b0C ~ +85\u00b0C<br \/>\n<\/td>\n<\/tr>\n<tr class=\"row-3\">\n\t<td class=\"column-1\">System<\/td><td class=\"column-2\">CPU Type<\/td><td class=\"column-3\">Intel\u00ae Bay Trail-I E3845 (4C x 1.91 GHz), 2M Cache (10W)<\/td>\n<\/tr>\n<tr class=\"row-4\">\n\t<td class=\"column-1\"><\/td><td class=\"column-2\">Memory Type<\/td><td class=\"column-3\">1 x 204-pin SO-DIMM DDR3L 1066\/1333 MHz up to 8 GB, w\/o ECC support<br \/>\n<\/td>\n<\/tr>\n<tr class=\"row-5\">\n\t<td class=\"column-1\"><\/td><td class=\"column-2\">BIOS<\/td><td class=\"column-3\">AMI\u00ae SPI BIOS<br \/>\n<\/td>\n<\/tr>\n<tr class=\"row-6\">\n\t<td class=\"column-1\"><\/td><td class=\"column-2\">Watchdog<\/td><td class=\"column-3\">1-255 sec. or 1-255 min. software programmable<br \/>\n<\/td>\n<\/tr>\n<tr class=\"row-7\">\n\t<td class=\"column-1\">Expansion Slot<\/td><td class=\"column-2\">Mini PCIe<\/td><td class=\"column-3\">1 x full size Mini PCIe, 1 x half size Mini PCIe (co-lay with mSATA)<br \/>\n<\/td>\n<\/tr>\n<tr class=\"row-8\">\n\t<td class=\"column-1\"><\/td><td class=\"column-2\">mSATA<\/td><td class=\"column-3\">1 x mSATA<br \/>\n<\/td>\n<\/tr>\n<tr class=\"row-9\">\n\t<td class=\"column-1\">Display<\/td><td class=\"column-2\">Chipset<\/td><td class=\"column-3\">Intel\u00ae Gen7 Graphic DX11<br \/>\n<\/td>\n<\/tr>\n<tr class=\"row-10\">\n\t<td class=\"column-1\"><\/td><td class=\"column-2\">VGA<\/td><td class=\"column-3\">Yes<\/td>\n<\/tr>\n<tr class=\"row-11\">\n\t<td class=\"column-1\"><\/td><td class=\"column-2\">LVDS<\/td><td class=\"column-3\">Dual Channel 24-bit LVDS<br \/>\n<\/td>\n<\/tr>\n<tr class=\"row-12\">\n\t<td class=\"column-1\"><\/td><td class=\"column-2\">Display Type<\/td><td class=\"column-3\">VGA, LVDS, HDMI<br \/>\n<\/td>\n<\/tr>\n<tr class=\"row-13\">\n\t<td class=\"column-1\">Audio<\/td><td class=\"column-2\">Codec<\/td><td class=\"column-3\">Realtek ALC886<br \/>\n<\/td>\n<\/tr>\n<tr class=\"row-14\">\n\t<td class=\"column-1\">Ethernet<\/td><td class=\"column-2\">Chipset<\/td><td class=\"column-3\">2 x Intel\u00ae i210IT GbE LAN(support 10\/100\/1000 Mbps for 2 x RJ45 ports)<br \/>\n<\/td>\n<\/tr>\n<tr class=\"row-15\">\n\t<td class=\"column-1\"><\/td><td class=\"column-2\">WOL<\/td><td class=\"column-3\">Yes<br \/>\n<\/td>\n<\/tr>\n<tr class=\"row-16\">\n\t<td class=\"column-1\"><\/td><td class=\"column-2\">Boot from LAN<\/td><td class=\"column-3\">Yes for PXE<br \/>\n<\/td>\n<\/tr>\n<tr class=\"row-17\">\n\t<td class=\"column-1\">Rear I\/O<\/td><td class=\"column-2\">VGA<\/td><td class=\"column-3\">1 x 15-pin VGA connector (female<br \/>\n<\/td>\n<\/tr>\n<tr class=\"row-18\">\n\t<td class=\"column-1\"><\/td><td class=\"column-2\">HDMI<\/td><td class=\"column-3\">1 x 19-pin HDMI A Type connector (female)<br \/>\n<\/td>\n<\/tr>\n<tr class=\"row-19\">\n\t<td class=\"column-1\"><\/td><td class=\"column-2\">Ethernet<\/td><td class=\"column-3\">2 x RJ45 ports (support 10\/100\/1000 Mbps for 2 x RJ45 ports)<br \/>\n<\/td>\n<\/tr>\n<tr class=\"row-20\">\n\t<td class=\"column-1\"><\/td><td class=\"column-2\">USB<\/td><td class=\"column-3\">1 x USB 3.0, 1 x USB 2.0<br \/>\n<\/td>\n<\/tr>\n<tr class=\"row-21\">\n\t<td class=\"column-1\">I\/O Interface<\/td><td class=\"column-2\">SATA<\/td><td class=\"column-3\">2 x SATAIII (3 Gb\/s)<br \/>\n<\/td>\n<\/tr>\n<tr class=\"row-22\">\n\t<td class=\"column-1\"><\/td><td class=\"column-2\">USB<\/td><td class=\"column-3\">1 x USB 2.0<br \/>\n<br \/>\n<\/td>\n<\/tr>\n<tr class=\"row-23\">\n\t<td class=\"column-1\"><\/td><td class=\"column-2\">COM<\/td><td class=\"column-3\">4 x COM ports (1 x RS232\/422\/485, 3 x RS232)<br \/>\n<\/td>\n<\/tr>\n<tr class=\"row-24\">\n\t<td class=\"column-1\"><\/td><td class=\"column-2\">Audio<\/td><td class=\"column-3\">Mic-in, Line-in, Line-out<br \/>\n<\/td>\n<\/tr>\n<tr class=\"row-25\">\n\t<td class=\"column-1\"><\/td><td class=\"column-2\">FAN<\/td><td class=\"column-3\">1 x CPU fan<br \/>\n<\/td>\n<\/tr>\n<tr class=\"row-26\">\n\t<td class=\"column-1\"><\/td><td class=\"column-2\">LVDS<\/td><td class=\"column-3\">30-pin connector<br \/>\n<\/td>\n<\/tr>\n<tr class=\"row-27\">\n\t<td class=\"column-1\"><\/td><td class=\"column-2\">PS\/2<\/td><td class=\"column-3\">1 x 8-pin header<br \/>\n<\/td>\n<\/tr>\n<tr class=\"row-28\">\n\t<td class=\"column-1\"><\/td><td class=\"column-2\">DIO<\/td><td class=\"column-3\">8-bit (4 in\/4 out)<br \/>\n<\/td>\n<\/tr>\n<tr class=\"row-29\">\n\t<td class=\"column-1\">OS support list<\/td><td class=\"column-2\">Windows<\/td><td class=\"column-3\">TBC<\/td>\n<\/tr>\n<tr class=\"row-30\">\n\t<td class=\"column-1\"><\/td><td class=\"column-2\">Linux<\/td><td class=\"column-3\">TBC<\/td>\n<\/tr>\n<tr class=\"row-31\">\n\t<td class=\"column-1\"><\/td><td class=\"column-2\"><strong>Mechanical and Environment<\/strong><br \/>\n<\/td><td class=\"column-3\"><\/td>\n<\/tr>\n<tr class=\"row-32\">\n\t<td class=\"column-1\">Form Factor<\/td><td class=\"column-2\"><\/td><td class=\"column-3\">3.5\" SBC<br \/>\n<\/td>\n<\/tr>\n<tr class=\"row-33\">\n\t<td class=\"column-1\">Power Type<\/td><td class=\"column-2\"><\/td><td class=\"column-3\">8~32V DC-in, 4-pin ATX power connector, AT\/ATX mode support<br \/>\n<\/td>\n<\/tr>\n<tr class=\"row-34\">\n\t<td class=\"column-1\">Dimension<\/td><td class=\"column-2\"><\/td><td class=\"column-3\">146 x 102 mm (5.7\" x 4\")<br \/>\n<\/td>\n<\/tr>\n<tr class=\"row-35\">\n\t<td class=\"column-1\">Operating Temp.<\/td><td class=\"column-2\"><\/td><td class=\"column-3\">-40 to 85\u00b0C<br \/>\n<\/td>\n<\/tr>\n<tr class=\"row-36\">\n\t<td class=\"column-1\">Storage Temp.<\/td><td class=\"column-2\"><\/td><td class=\"column-3\">-40 to 85\u00b0C<br \/>\n<\/td>\n<\/tr>\n<tr class=\"row-37\">\n\t<td class=\"column-1\">Relative Humidity<\/td><td class=\"column-2\"><\/td><td class=\"column-3\">10% to 90%, non-condensing<br \/>\n<\/td>\n<\/tr>\n<\/tbody>\n<\/table>\n<!-- #tablepress-210 from cache -->\n","protected":false},"excerpt":{"rendered":"<p>OXY5336A to wysoce zintegrowany 3,5-calowy wytrzyma\u0142y SBC nap\u0119dzany procesorem Intel\u00ae Ivy Bridge 3. generacji i wbudowanym chipsetem. Procesor i7-3517UE plus mikrouk\u0142ad Intel\u00ae QM76 obs\u0142uguje dwurdzeniowy ULV 1,7 GHz, zu\u017cywa tylko 17 W i 4,1 W.<\/p>\n","protected":false},"featured_media":11040,"template":"","meta":{"_acf_changed":false,"inline_featured_image":false,"_monsterinsights_skip_tracking":false,"_monsterinsights_sitenote_active":false,"_monsterinsights_sitenote_note":"","_monsterinsights_sitenote_category":0},"product_brand":[],"product_cat":[565,1584,511,509],"product_tag":[],"class_list":{"0":"post-4908","1":"product","2":"type-product","3":"status-publish","4":"has-post-thumbnail","6":"product_cat-35-sbc","7":"product_cat-komputery-jednoplytkowe-sbc-2","8":"product_cat-komputery-jednoplytkowe-perfectron","9":"product_cat-perfectron","11":"first","12":"instock","13":"shipping-taxable","14":"product-type-simple"},"acf":[],"_links":{"self":[{"href":"https:\/\/quantum.com.pl\/pl\/wp-json\/wp\/v2\/product\/4908","targetHints":{"allow":["GET"]}}],"collection":[{"href":"https:\/\/quantum.com.pl\/pl\/wp-json\/wp\/v2\/product"}],"about":[{"href":"https:\/\/quantum.com.pl\/pl\/wp-json\/wp\/v2\/types\/product"}],"wp:featuredmedia":[{"embeddable":true,"href":"https:\/\/quantum.com.pl\/pl\/wp-json\/wp\/v2\/media\/11040"}],"wp:attachment":[{"href":"https:\/\/quantum.com.pl\/pl\/wp-json\/wp\/v2\/media?parent=4908"}],"wp:term":[{"taxonomy":"product_brand","embeddable":true,"href":"https:\/\/quantum.com.pl\/pl\/wp-json\/wp\/v2\/product_brand?post=4908"},{"taxonomy":"product_cat","embeddable":true,"href":"https:\/\/quantum.com.pl\/pl\/wp-json\/wp\/v2\/product_cat?post=4908"},{"taxonomy":"product_tag","embeddable":true,"href":"https:\/\/quantum.com.pl\/pl\/wp-json\/wp\/v2\/product_tag?post=4908"}],"curies":[{"name":"wp","href":"https:\/\/api.w.org\/{rel}","templated":true}]}}