{"id":4944,"date":"2019-10-21T22:43:09","date_gmt":"2019-10-21T20:43:09","guid":{"rendered":"https:\/\/quantum.com.pl\/?post_type=product&#038;p=4944"},"modified":"2022-03-29T13:57:46","modified_gmt":"2022-03-29T11:57:46","slug":"oxy5321a","status":"publish","type":"product","link":"https:\/\/quantum.com.pl\/pl\/product\/oxy5321a\/","title":{"rendered":"OXY5321A"},"content":{"rendered":"<h4>Form factor 3,5\u201d, Intel\u00ae Cedarview D2550 SBC, Rozszerzona temperatura (-40\u00b0C do 85\u00b0C)<\/h4>\n<ul>\n<li>Intel\u00ae Atom Cedarview D2550 + Intel ICH8M PCH na p\u0142ycie<\/li>\n<li>Podw\u00f3jny niezale\u017cny wy\u015bwietlacz: DVI-I, LVDS<\/li>\n<li>Bogaty interfejs I\/O z 5 portami COM, 7 USB, 2 LAN, 2 SATAII i\u00a01 CFast Socket<\/li>\n<li>Elastyczna rozbudowa dzi\u0119ki 1 x mini PCIe<\/li>\n<li>Obs\u0142uguje pojedynczy kana\u0142 18\/24-bitowy pojedynczy \/ podw\u00f3jny LVDS<\/li>\n<li>Wej\u015bcie 12V DC, 4-stykowe z\u0142\u0105cze zasilania ATX, obs\u0142uga trybu AT \/ ATX<\/li>\n<li>Rozszerzona temperatura pracy (-40\u00b0C do 85\u00b0C)<\/li>\n<\/ul>\n<p>OXY5321A, 3,5-calowa przemys\u0142owa p\u0142yta g\u0142\u00f3wna, nap\u0119dzana procesorem Intel\u00ae Cedarview D2550 3. generacji i wbudowanym chipsetem NM10. Niew\u0105tpliw\u0105 zalet\u0105 OXY5321A jest niski pob\u00f3r mocy wynosz\u0105cy zaledwie 10 W i chipset 2,1 W przy jednoczesnym wsparciu dwurdzeniowego procesora o taktowaniu 1,8 GHz. Ta wydajna dwurdzeniowa praca i energooszcz\u0119dna konstrukcja o niskiej mocy sprawiaj\u0105, \u017ce OXY5321A jest idealnym modelem SBC do wy\u015bwietlania, automatyzacji, transportu, zastosowa\u0144 medycznych i wielu innych. Aby jednocze\u015bnie zachowa\u0107 ma\u0142e wymiary przy wszechstronnych funkcjach, OXY5321A obs\u0142uguje jeden port SATA II i jedno gniazdo CFast do przechowywania. Maksymalna pami\u0119\u0107 mo\u017ce wynosi\u0107 do 4 GB DDR3. Na p\u0142ycie znajduje si\u0119 do 5 port\u00f3w COM o napi\u0119ciu 5 V \/ 12 V (jeden RS232 \/ 422\/482, cztery RS232), siedem USB 2.0 i podw\u00f3jna sie\u0107 LAN przez uk\u0142ad RTL8111E, kt\u00f3ry obs\u0142uguje wybudzanie w sieci LAN. Opr\u00f3cz bogatego I\/O do rozszerzenia i integracji systemu, OXY5321A PERFECTRON jest zaprojektowany tak, aby sprosta\u0107 trudnemu \u015brodowisku pracy. PERFECTRON u\u017cywa tylko komponent\u00f3w o rozszerzonej temperaturze pracy. Dzi\u0119ki wmontowanym procesorom i mikrouk\u0142adom na p\u0142ycie &#8211; Cedarview 3,5\u201d SBC jest w stanie wytrzyma\u0107 wysoki poziom wstrz\u0105s\u00f3w i wibracji. Dzi\u0119ki tym dw\u00f3m funkcjom OXY5321A mo\u017ce wyj\u0105tkowo dobrze dzia\u0142a\u0107 w trudnych misjach i zapewnia\u0107 doskona\u0142\u0105 stabilno\u015b\u0107 i niezawodno\u015b\u0107.<\/p>\n<h4>Bogaty interfejs I \/ O &#8211; rozbudowana funkcjonalno\u015b\u0107<\/h4>\n<p>Bogata konstrukcja I\/O zapewnia OXY5321A mo\u017cliwo\u015b\u0107 integracji ze wsp\u00f3\u0142czesnym poziomem automatyki, oraz innych aplikacji wymagaj\u0105cych rozbudowanych funkcji I\/O. Dzi\u0119ki 5 portom COM, 7 USB, 2 LAN, 2 SATAII (jeden przez CFast) i podw\u00f3jnemu wy\u015bwietlaczowi (DVI-I + LVDS), OXY5321A zapewnia szeroki wyb\u00f3r opcji rozbudowy i pod\u0142\u0105czania do r\u00f3\u017cnych urz\u0105dze\u0144.<\/p>\n<h4>Praca w rozszerzonym zakresie temperatury<\/h4>\n<p>PERFECTRON d\u0105\u017cy do zapewnienia doskona\u0142ej wydajno\u015bci we wszystkich typach stref temperaturowych. Od wyboru komponent\u00f3w do projektowania uk\u0142adu, PERFECTRON zapewnia stabilno\u015b\u0107 nawet w ekstremalnych temperaturach. OXY5321A mo\u017ce pracowa\u0107 w zakresie od -40 do 85 stopni.<\/p>\n<h4>Wydajne rozwi\u0105zanie termiczne<\/h4>\n<p>Indywidualnie zaprojektowany heat spreader jest tym, co PERFECTRON zapewnia in\u017cynierom, aby skr\u00f3ci\u0107 okres projektowania mechanicznego, a tak\u017ce zapewnia najwy\u017csz\u0105 skuteczno\u015b\u0107 rozpraszania. W przypadku OXY5321A, dostosowany radiator umieszczony jest na g\u00f3rze procesora i mikrouk\u0142adu, dzia\u0142aj\u0105c jako medium, kt\u00f3re wymienia ciep\u0142o z otaczaj\u0105c\u0105 atmosfer\u0105. Wysokowydajny aluminiowy radiator ma przewodno\u015b\u0107 ciepln\u0105, kt\u00f3ra poch\u0142ania ciep\u0142o wytwarzane przez pompuj\u0105cy procesor.<\/p>\n\n<table id=\"tablepress-214\" class=\"tablepress tablepress-id-214\">\n<thead>\n<tr class=\"row-1\">\n\t<th class=\"column-1\"><strong>Model<\/strong><\/th><td class=\"column-2\"><\/td><th class=\"column-3\"><strong>OXY5320A-UT<\/strong><\/th>\n<\/tr>\n<\/thead>\n<tbody class=\"row-striping row-hover\">\n<tr class=\"row-2\">\n\t<td class=\"column-1\">Operating Temp.<\/td><td class=\"column-2\"><\/td><td class=\"column-3\">-40\u00b0C ~ +85\u00b0C<br \/>\n<\/td>\n<\/tr>\n<tr class=\"row-3\">\n\t<td class=\"column-1\">System<\/td><td class=\"column-2\">CPU Type<\/td><td class=\"column-3\">Intel\u00ae Atom\u2122 D2550 1.60 GHz<br \/>\n<\/td>\n<\/tr>\n<tr class=\"row-4\">\n\t<td class=\"column-1\"><\/td><td class=\"column-2\">Memory Type<\/td><td class=\"column-3\">1 x 204-pin SO-DIMM DDR3L 1600 MHz up to 4 GB w\/o ECC support<br \/>\n<\/td>\n<\/tr>\n<tr class=\"row-5\">\n\t<td class=\"column-1\"><\/td><td class=\"column-2\">Chipset<\/td><td class=\"column-3\">Intel\u00ae NM10 Express Chipset (Intel\u00ae CG82NM10 PCH)<br \/>\n<\/td>\n<\/tr>\n<tr class=\"row-6\">\n\t<td class=\"column-1\"><\/td><td class=\"column-2\">BIOS<\/td><td class=\"column-3\">AMI\u00ae BIOS<br \/>\n<\/td>\n<\/tr>\n<tr class=\"row-7\">\n\t<td class=\"column-1\"><\/td><td class=\"column-2\">Super I\/O<\/td><td class=\"column-3\">ITE IT8783F<br \/>\n<\/td>\n<\/tr>\n<tr class=\"row-8\">\n\t<td class=\"column-1\"><\/td><td class=\"column-2\">Watchdog<\/td><td class=\"column-3\">1-255 sec. or 1-255 min. software programmable, can generate system reset<br \/>\n<\/td>\n<\/tr>\n<tr class=\"row-9\">\n\t<td class=\"column-1\">Expansion slot<\/td><td class=\"column-2\">Mini PCIe<\/td><td class=\"column-3\">1 x miniPCIe for Gen2<br \/>\n<\/td>\n<\/tr>\n<tr class=\"row-10\">\n\t<td class=\"column-1\">Display<\/td><td class=\"column-2\">Chipset<\/td><td class=\"column-3\">Integrated Intel\u00ae GMA3650 VR Graphic core SGX545<br \/>\n<\/td>\n<\/tr>\n<tr class=\"row-11\">\n\t<td class=\"column-1\"><\/td><td class=\"column-2\">LVDS<\/td><td class=\"column-3\">Supports 18\/24-bit single\/dual channel LVDS (Max. resolution 1920 x 1080 @ 60Hz)<br \/>\n<\/td>\n<\/tr>\n<tr class=\"row-12\">\n\t<td class=\"column-1\"><\/td><td class=\"column-2\">Dual Independent<br \/>\nDisplays Capability<\/td><td class=\"column-3\">LVDS + DVI-I<br \/>\n<\/td>\n<\/tr>\n<tr class=\"row-13\">\n\t<td class=\"column-1\"><\/td><td class=\"column-2\">DVI-I<\/td><td class=\"column-3\">Yes (Max. resolution 1920 x 1200 @ 60 Hz)<br \/>\n<\/td>\n<\/tr>\n<tr class=\"row-14\">\n\t<td class=\"column-1\">Audio<\/td><td class=\"column-2\">Codec<\/td><td class=\"column-3\">Realtek ALC269 High Definition Audio Codec *2W amplifier onboard<br \/>\n<br \/>\n<\/td>\n<\/tr>\n<tr class=\"row-15\">\n\t<td class=\"column-1\">Ethernet<\/td><td class=\"column-2\">Chipset<\/td><td class=\"column-3\">2 x RTL8111E GbE LAN(support 10\/100\/1000 Mbps for 2 x RJ45 ports)<br \/>\n<\/td>\n<\/tr>\n<tr class=\"row-16\">\n\t<td class=\"column-1\"><\/td><td class=\"column-2\">WOL<\/td><td class=\"column-3\">Yes<\/td>\n<\/tr>\n<tr class=\"row-17\">\n\t<td class=\"column-1\"><\/td><td class=\"column-2\">Boot from LAN<\/td><td class=\"column-3\">Yes for PXE<br \/>\n<\/td>\n<\/tr>\n<tr class=\"row-18\">\n\t<td class=\"column-1\">Rear I\/O<\/td><td class=\"column-2\">DVI-I<\/td><td class=\"column-3\">1 x 29-pin DVI-I connector (female)<br \/>\n<\/td>\n<\/tr>\n<tr class=\"row-19\">\n\t<td class=\"column-1\"><\/td><td class=\"column-2\">COM<\/td><td class=\"column-3\">RS232: DCD-, RXD, TXD, DTR-, GND, DSR-, RTS-, CTS-<br \/>\nRS422: TX-, RX+, TX+, RX-, GND,<br \/>\nRS485: DATA-, DATA+, GND<br \/>\n<\/td>\n<\/tr>\n<tr class=\"row-20\">\n\t<td class=\"column-1\"><\/td><td class=\"column-2\">Ethernet<\/td><td class=\"column-3\">2 x RJ45 ports (support 10\/100\/1000 Mbps for 2 x RJ45 ports)<br \/>\n<\/td>\n<\/tr>\n<tr class=\"row-21\">\n\t<td class=\"column-1\"><\/td><td class=\"column-2\">USB<\/td><td class=\"column-3\">1 x USB 2.0<br \/>\n<\/td>\n<\/tr>\n<tr class=\"row-22\">\n\t<td class=\"column-1\"><\/td><td class=\"column-2\">Reset Button<\/td><td class=\"column-3\">1 <\/td>\n<\/tr>\n<tr class=\"row-23\">\n\t<td class=\"column-1\">Interface I\/O<\/td><td class=\"column-2\">SATA<\/td><td class=\"column-3\">1 x SATAII (3 Gb\/s)<br \/>\n<\/td>\n<\/tr>\n<tr class=\"row-24\">\n\t<td class=\"column-1\"><\/td><td class=\"column-2\">COM<\/td><td class=\"column-3\">4 x COM ports COM2~COM5 ports support RS232 only with 5V\/12V selectable by 1x10-pin header<br \/>\n<\/td>\n<\/tr>\n<tr class=\"row-25\">\n\t<td class=\"column-1\"><\/td><td class=\"column-2\">Audio<\/td><td class=\"column-3\">1 x 4-pin header for Speak-out<br \/>\n<\/td>\n<\/tr>\n<tr class=\"row-26\">\n\t<td class=\"column-1\"><\/td><td class=\"column-2\">LVDS<\/td><td class=\"column-3\">30-pin header<br \/>\n<\/td>\n<\/tr>\n<tr class=\"row-27\">\n\t<td class=\"column-1\"><\/td><td class=\"column-2\">PS\/2<\/td><td class=\"column-3\">2 x 4-pin header<br \/>\n<\/td>\n<\/tr>\n<tr class=\"row-28\">\n\t<td class=\"column-1\"><\/td><td class=\"column-2\">CF card<\/td><td class=\"column-3\">1 x CF socket by SATA Gen2 interface<br \/>\n<br \/>\n<\/td>\n<\/tr>\n<tr class=\"row-29\">\n\t<td class=\"column-1\"><\/td><td class=\"column-2\">LPT<\/td><td class=\"column-3\">2 x 13-pin header<br \/>\n<\/td>\n<\/tr>\n<tr class=\"row-30\">\n\t<td class=\"column-1\"><\/td><td class=\"column-2\">DIO<\/td><td class=\"column-3\">8-bit (4 in\/4 out)<br \/>\n<\/td>\n<\/tr>\n<tr class=\"row-31\">\n\t<td class=\"column-1\">OS support list<\/td><td class=\"column-2\">Windows<\/td><td class=\"column-3\">Windows 7 x32\u3001Windows 7 x64<br \/>\n<\/td>\n<\/tr>\n<tr class=\"row-32\">\n\t<td class=\"column-1\"><\/td><td class=\"column-2\">Linux<\/td><td class=\"column-3\">Fedora 10\u3001Fedora 14\u3001Fedora 20\u3001Open SUSE 12.2\u3001Debian 7.0.0\u3001Ubuntu 14.04<br \/>\n<\/td>\n<\/tr>\n<tr class=\"row-33\">\n\t<td class=\"column-1\"><\/td><td class=\"column-2\"><strong>Mechanical and Environment<\/strong><\/td><td class=\"column-3\"><\/td>\n<\/tr>\n<tr class=\"row-34\">\n\t<td class=\"column-1\">Form Factor<\/td><td class=\"column-2\"><\/td><td class=\"column-3\">3.5\" SBC<br \/>\n<\/td>\n<\/tr>\n<tr class=\"row-35\">\n\t<td class=\"column-1\">Power Type<\/td><td class=\"column-2\"><\/td><td class=\"column-3\">12V DC-in, 4-pin ATX power connector, AT\/ATX<br \/>\n<\/td>\n<\/tr>\n<tr class=\"row-36\">\n\t<td class=\"column-1\">Dimension<\/td><td class=\"column-2\"><\/td><td class=\"column-3\">146 x 102 mm (5.7\" x 4\")<br \/>\n<\/td>\n<\/tr>\n<tr class=\"row-37\">\n\t<td class=\"column-1\">Operating Temp.<\/td><td class=\"column-2\"><\/td><td class=\"column-3\">-40 to 85\u00b0C<br \/>\n<\/td>\n<\/tr>\n<tr class=\"row-38\">\n\t<td class=\"column-1\">Storage Temp.<\/td><td class=\"column-2\"><\/td><td class=\"column-3\">-40 to 85\u00b0C<br \/>\n<\/td>\n<\/tr>\n<tr class=\"row-39\">\n\t<td class=\"column-1\">Relative Humidity<\/td><td class=\"column-2\"><\/td><td class=\"column-3\">10% to 90%, non-condensing<br \/>\n<\/td>\n<\/tr>\n<\/tbody>\n<\/table>\n<!-- #tablepress-214 from cache -->\n","protected":false},"excerpt":{"rendered":"<p>OXY5321A, 3,5-calowa przemys\u0142owa p\u0142yta g\u0142\u00f3wna, nap\u0119dzana procesorem Intel\u00ae Cedarview D2550 3. generacji i wbudowanym chipsetem NM10. Niew\u0105tpliw\u0105 zalet\u0105 OXY5321A jest niski pob\u00f3r mocy wynosz\u0105cy zaledwie 10 W i chipset 2,1 W przy jednoczesnym wsparciu dwurdzeniowego procesora o taktowaniu 1,8 GHz.<\/p>\n","protected":false},"featured_media":11034,"template":"","meta":{"_acf_changed":false,"inline_featured_image":false,"_monsterinsights_skip_tracking":false,"_monsterinsights_sitenote_active":false,"_monsterinsights_sitenote_note":"","_monsterinsights_sitenote_category":0},"product_brand":[],"product_cat":[565,1584,511,509],"product_tag":[],"class_list":{"0":"post-4944","1":"product","2":"type-product","3":"status-publish","4":"has-post-thumbnail","6":"product_cat-35-sbc","7":"product_cat-komputery-jednoplytkowe-sbc-2","8":"product_cat-komputery-jednoplytkowe-perfectron","9":"product_cat-perfectron","11":"first","12":"instock","13":"shipping-taxable","14":"product-type-simple"},"acf":[],"_links":{"self":[{"href":"https:\/\/quantum.com.pl\/pl\/wp-json\/wp\/v2\/product\/4944","targetHints":{"allow":["GET"]}}],"collection":[{"href":"https:\/\/quantum.com.pl\/pl\/wp-json\/wp\/v2\/product"}],"about":[{"href":"https:\/\/quantum.com.pl\/pl\/wp-json\/wp\/v2\/types\/product"}],"wp:featuredmedia":[{"embeddable":true,"href":"https:\/\/quantum.com.pl\/pl\/wp-json\/wp\/v2\/media\/11034"}],"wp:attachment":[{"href":"https:\/\/quantum.com.pl\/pl\/wp-json\/wp\/v2\/media?parent=4944"}],"wp:term":[{"taxonomy":"product_brand","embeddable":true,"href":"https:\/\/quantum.com.pl\/pl\/wp-json\/wp\/v2\/product_brand?post=4944"},{"taxonomy":"product_cat","embeddable":true,"href":"https:\/\/quantum.com.pl\/pl\/wp-json\/wp\/v2\/product_cat?post=4944"},{"taxonomy":"product_tag","embeddable":true,"href":"https:\/\/quantum.com.pl\/pl\/wp-json\/wp\/v2\/product_tag?post=4944"}],"curies":[{"name":"wp","href":"https:\/\/api.w.org\/{rel}","templated":true}]}}