{"id":4959,"date":"2019-10-22T13:18:04","date_gmt":"2019-10-22T11:18:04","guid":{"rendered":"https:\/\/quantum.com.pl\/?post_type=product&#038;p=4959"},"modified":"2022-03-29T13:56:20","modified_gmt":"2022-03-29T11:56:20","slug":"oxy5320a","status":"publish","type":"product","link":"https:\/\/quantum.com.pl\/pl\/product\/oxy5320a\/","title":{"rendered":"OXY5320A"},"content":{"rendered":"<h4>Form factor 3,5\u201d, Intel\u00ae Cedarview N2600 SBC, rozszerzony zakres temperatury (-40\u00b0C do 85\u00b0C)<\/h4>\n<ul>\n<li>Intel\u00ae Atom Cedarview N2600 + Intel NM10 PCH<\/li>\n<li>Podw\u00f3jny niezale\u017cny wy\u015bwietlacz: DVI-I, LVDS<\/li>\n<li>Bogaty interfejs I \/ O z 5 portami COM, 7 USB, 2 LAN, 2 SATAII<br \/>\ni 1 CFast Socket<\/li>\n<li>Elastyczna rozbudowa dzi\u0119ki 1 x mini PCIe<\/li>\n<li>Obs\u0142uguje pojedynczy kana\u0142 18\/24-bitowy pojedynczy \/ podw\u00f3jny LVDS<\/li>\n<li>Wej\u015bcie 12V DC, 4-stykowe z\u0142\u0105cze zasilania ATX, obs\u0142uga trybu AT \/ ATX<\/li>\n<li>Rozszerzona temperatura pracy (-40\u00b0C do 85\u00b0C)<\/li>\n<\/ul>\n<p>OXY5320A, 3,5-calowa przemys\u0142owa p\u0142yta g\u0142\u00f3wna, nap\u0119dzana procesorem Intel\u00ae Ced Cedview N2600 3. generacji i wbudowanym chipsetem NM10. Cech\u0105 OXY5320A jest zapewnienie ultra niskiego zu\u017cycia energii zaledwie 3,5 W i chipsetu 2,1 W przy jednoczesnym wsparciu dwurdzeniowego procesora o taktowaniu 1,6 GHz. Ta wydajna, dwurdzeniowa praca i energooszcz\u0119dna konstrukcja o niskiej mocy sprawiaj\u0105, \u017ce OXY5320A jest idealnym modelem do zastosowa\u0144 zwi\u0105zanych z wy\u015bwietlaniem, automatyzacj\u0105, transportem, medycyn\u0105 i nie tylko. Aby spe\u0142ni\u0107 wszechstronne funkcje przy jednocze\u015bnie ma\u0142ych wymiarach, OXY5320A obs\u0142uguje jeden port SATA II i jedno gniazdo CFast do przechowywania. Maksymalna pami\u0119\u0107 mo\u017ce wynosi\u0107 do 4 GB DDR3. Na p\u0142ycie znajduje si\u0119 do 5 port\u00f3w COM o napi\u0119ciu 5 V \/ 12 V (jeden RS232 \/ 422\/482, cztery RS232), 7 USB 2.0 i podw\u00f3jna sie\u0107 LAN przez uk\u0142ad RTL8111E, kt\u00f3ry obs\u0142uguje wybudzanie w sieci LAN. Opr\u00f3cz bogatego I\/O do rozszerzenia i integracji systemu, OXY5320A firmy PERFECTRON zaprojektowano tak, aby sprosta\u0107 trudnemu \u015brodowisku operacyjnemu, dzi\u0119ki du\u017cej mocy i generatorowi zegara oraz komponentom Super I \/ O. PERFECTRON u\u017cywa tylko komponent\u00f3w o rozszerzonej temperaturze roboczej. Dzi\u0119ki procesorom i mikrouk\u0142adom na p\u0142ycie Cedarview 3,5\u201d SBC jest w stanie wytrzyma\u0107 wysoki poziom wstrz\u0105s\u00f3w i wibracji. Te dwie funkcje OXY5320A zapewniaj\u0105 wyj\u0105tkowo dobre dzia\u0142anie w trudnych misjach przy stabilno\u015bci i niezawodno\u015bci.<\/p>\n<h4>Bogaty interfejs I \/ O &#8211; rozbudowana funkcjonalno\u015b\u0107<\/h4>\n<p>Bogata konstrukcja I\/O zapewnia OXY5320A mo\u017cliwo\u015b\u0107 integracji ze wsp\u00f3\u0142czesnym poziomem automatyki, oraz innych aplikacji wymagaj\u0105cych rozbudowanych funkcji I\/O. Dzi\u0119ki 5 portom COM, 7 USB, 2 LAN, 2 SATAII (jeden przez CFast) i podw\u00f3jnemu wy\u015bwietlaczowi (DVI-I + LVDS), OXY5320A zapewnia szeroki wyb\u00f3r opcji rozbudowy i pod\u0142\u0105czania do r\u00f3\u017cnych urz\u0105dze\u0144.<\/p>\n<h4>Praca w rozszerzonym zakresie temperatury<\/h4>\n<p>PERFECTRON d\u0105\u017cy do zapewnienia doskona\u0142ej wydajno\u015bci we wszystkich typach stref temperaturowych. Od wyboru komponent\u00f3w do projektowania uk\u0142adu, PERFECTRON zapewnia stabilno\u015b\u0107 nawet w ekstremalnych temperaturach. OXY5320A mo\u017ce pracowa\u0107 w zakresie od -40 do 85 stopni.<\/p>\n<h4>Wydajne rozwi\u0105zanie termiczne<\/h4>\n<p>Indywidualnie zaprojektowany heat spreader jest tym, co PERFECTRON zapewnia in\u017cynierom, aby skr\u00f3ci\u0107 okres projektowania mechanicznego, a tak\u017ce zapewnia najwy\u017csz\u0105 skuteczno\u015b\u0107 rozpraszania. W przypadku OXY5320A, dostosowany radiator umieszczony jest na g\u00f3rze procesora i mikrouk\u0142adu, dzia\u0142aj\u0105c jako medium, kt\u00f3re wymienia ciep\u0142o z otaczaj\u0105c\u0105 atmosfer\u0105. Wysokowydajny aluminiowy radiator ma przewodno\u015b\u0107 ciepln\u0105, kt\u00f3ra poch\u0142ania ciep\u0142o wytwarzane przez pompuj\u0105cy procesor.<\/p>\n\n<table id=\"tablepress-216\" class=\"tablepress tablepress-id-216\">\n<thead>\n<tr class=\"row-1\">\n\t<th class=\"column-1\"><strong>Model<\/strong><\/th><td class=\"column-2\"><\/td><th class=\"column-3\"><strong>OXY5319A-UT<\/strong><\/th>\n<\/tr>\n<\/thead>\n<tbody class=\"row-striping row-hover\">\n<tr class=\"row-2\">\n\t<td class=\"column-1\">Operating Temp.<\/td><td class=\"column-2\"><\/td><td class=\"column-3\">-40\u00b0C ~ +85\u00b0C<br \/>\n<\/td>\n<\/tr>\n<tr class=\"row-3\">\n\t<td class=\"column-1\">System<\/td><td class=\"column-2\">CPU Type<\/td><td class=\"column-3\">Intel\u00ae Atom\u2122 Processor E620T (512K Cache, 600 MHz)<\/td>\n<\/tr>\n<tr class=\"row-4\">\n\t<td class=\"column-1\"><\/td><td class=\"column-2\">Memory Type<\/td><td class=\"column-3\">512 MB DDR2 667\/800 MHz memory IC onboard<\/td>\n<\/tr>\n<tr class=\"row-5\">\n\t<td class=\"column-1\"><\/td><td class=\"column-2\">Chipset<\/td><td class=\"column-3\">Intel\u00ae Topcliff EG20T<br \/>\n<\/td>\n<\/tr>\n<tr class=\"row-6\">\n\t<td class=\"column-1\"><\/td><td class=\"column-2\">BIOS<\/td><td class=\"column-3\">AMI\u00ae BIOS<br \/>\n<\/td>\n<\/tr>\n<tr class=\"row-7\">\n\t<td class=\"column-1\"><\/td><td class=\"column-2\">Super I\/O<\/td><td class=\"column-3\">SMSC SCH3114<br \/>\n<\/td>\n<\/tr>\n<tr class=\"row-8\">\n\t<td class=\"column-1\"><\/td><td class=\"column-2\">Watchdog<\/td><td class=\"column-3\">1-255 sec. or 1-255 min. software programmable, can generate system reset<\/td>\n<\/tr>\n<tr class=\"row-9\">\n\t<td class=\"column-1\">Expansion Slot<\/td><td class=\"column-2\">Mini PCIe<\/td><td class=\"column-3\">1 x miniPCIe for Gen2<br \/>\n<\/td>\n<\/tr>\n<tr class=\"row-10\">\n\t<td class=\"column-1\">Display<\/td><td class=\"column-2\">Chipset<\/td><td class=\"column-3\">Chrontel 7317B SDVO to VGA Transmitter<br \/>\n<\/td>\n<\/tr>\n<tr class=\"row-11\">\n\t<td class=\"column-1\"><\/td><td class=\"column-2\">LVDS<\/td><td class=\"column-3\">Supports single channel 18\/24-bit LVDS<\/td>\n<\/tr>\n<tr class=\"row-12\">\n\t<td class=\"column-1\"><\/td><td class=\"column-2\">Dual Independent<br \/>\nDisplays Capability<\/td><td class=\"column-3\">VGA + LVDS<br \/>\n<br \/>\n<\/td>\n<\/tr>\n<tr class=\"row-13\">\n\t<td class=\"column-1\">Audio<\/td><td class=\"column-2\">Codec<\/td><td class=\"column-3\">Realtek ALC886 High Definition Audio Codec *2W amplifier onboard<br \/>\n<br \/>\n<\/td>\n<\/tr>\n<tr class=\"row-14\">\n\t<td class=\"column-1\">Ethernet<\/td><td class=\"column-2\">Chipset<\/td><td class=\"column-3\">2 x Intel\u00ae 82574IT GbE LAN(support 10\/100\/1000 Mbps for 2 x RJ45 ports)<br \/>\n<\/td>\n<\/tr>\n<tr class=\"row-15\">\n\t<td class=\"column-1\"><\/td><td class=\"column-2\">WOL<\/td><td class=\"column-3\">Yes<\/td>\n<\/tr>\n<tr class=\"row-16\">\n\t<td class=\"column-1\"><\/td><td class=\"column-2\">Boot from LAN<\/td><td class=\"column-3\">Yes for PXE<br \/>\n<\/td>\n<\/tr>\n<tr class=\"row-17\">\n\t<td class=\"column-1\">Rear I\/O<\/td><td class=\"column-2\">VGA <\/td><td class=\"column-3\">1 x 15-pin VGA connector (female)<br \/>\n<\/td>\n<\/tr>\n<tr class=\"row-18\">\n\t<td class=\"column-1\"><\/td><td class=\"column-2\">COM<\/td><td class=\"column-3\">RS232: DCD-, RXD, TXD, DTR-, GND, DSR-, RTS-, CTS-<br \/>\nRS422: TX-, RX+, TX+, RX-, GND,<br \/>\nRS485: DATA-, DATA+, GND<br \/>\n<\/td>\n<\/tr>\n<tr class=\"row-19\">\n\t<td class=\"column-1\"><\/td><td class=\"column-2\">Ethernet<\/td><td class=\"column-3\">2 x RJ45 ports (support 10\/100\/1000 Mbps for 2 x RJ45 ports)<br \/>\n<\/td>\n<\/tr>\n<tr class=\"row-20\">\n\t<td class=\"column-1\"><\/td><td class=\"column-2\">USB<\/td><td class=\"column-3\">2 x USB 2.0<br \/>\n<\/td>\n<\/tr>\n<tr class=\"row-21\">\n\t<td class=\"column-1\">Interface I\/O<\/td><td class=\"column-2\">SATA<\/td><td class=\"column-3\">1 x SATAII (3 Gb\/s)<br \/>\n1 x 3-pin power connector<br \/>\n<br \/>\n<\/td>\n<\/tr>\n<tr class=\"row-22\">\n\t<td class=\"column-1\"><\/td><td class=\"column-2\">COM<\/td><td class=\"column-3\">3 x COM ports<br \/>\nCOM2~COM4 ports support RS232 by 1 x 10-pin header<br \/>\n<\/td>\n<\/tr>\n<tr class=\"row-23\">\n\t<td class=\"column-1\"><\/td><td class=\"column-2\">Audio<\/td><td class=\"column-3\">1 x 6-pin header for Mic-in\/Line-in\/Line-out<br \/>\n<\/td>\n<\/tr>\n<tr class=\"row-24\">\n\t<td class=\"column-1\"><\/td><td class=\"column-2\">LVDS<\/td><td class=\"column-3\">20-pin connector<br \/>\n<\/td>\n<\/tr>\n<tr class=\"row-25\">\n\t<td class=\"column-1\"><\/td><td class=\"column-2\">SMBus<\/td><td class=\"column-3\">1 x 2-pin header<br \/>\n<\/td>\n<\/tr>\n<tr class=\"row-26\">\n\t<td class=\"column-1\"><\/td><td class=\"column-2\">CAN Bus<\/td><td class=\"column-3\">1 x 10-pin header<br \/>\n<\/td>\n<\/tr>\n<tr class=\"row-27\">\n\t<td class=\"column-1\"><\/td><td class=\"column-2\">CF card<\/td><td class=\"column-3\">1 x CF socket by SATA Gen2 interface<br \/>\n<br \/>\n<\/td>\n<\/tr>\n<tr class=\"row-28\">\n\t<td class=\"column-1\"><\/td><td class=\"column-2\">DIO<\/td><td class=\"column-3\">8-bit (4 in\/4 out)<br \/>\n<\/td>\n<\/tr>\n<tr class=\"row-29\">\n\t<td class=\"column-1\">OS support list<\/td><td class=\"column-2\">Windows<\/td><td class=\"column-3\">Windows XP x32\u3001Windows XP x64<br \/>\n<br \/>\n<\/td>\n<\/tr>\n<tr class=\"row-30\">\n\t<td class=\"column-1\"><\/td><td class=\"column-2\">Linux<\/td><td class=\"column-3\">Fedora 14<br \/>\n<\/td>\n<\/tr>\n<tr class=\"row-31\">\n\t<td class=\"column-1\"><\/td><td class=\"column-2\"><strong>Mechanical and Environment<\/strong><\/td><td class=\"column-3\"><\/td>\n<\/tr>\n<tr class=\"row-32\">\n\t<td class=\"column-1\">Form Factor<\/td><td class=\"column-2\"><\/td><td class=\"column-3\">3.5\" SBC<br \/>\n<\/td>\n<\/tr>\n<tr class=\"row-33\">\n\t<td class=\"column-1\">Power Type<\/td><td class=\"column-2\"><\/td><td class=\"column-3\">12V DC-in, 4-pin ATX power connector, AT\/ATX<br \/>\n<\/td>\n<\/tr>\n<tr class=\"row-34\">\n\t<td class=\"column-1\">Dimension<\/td><td class=\"column-2\"><\/td><td class=\"column-3\">146 x 102 mm (5.7\" x 4\")<br \/>\n<\/td>\n<\/tr>\n<tr class=\"row-35\">\n\t<td class=\"column-1\">Operating Temp.<\/td><td class=\"column-2\"><\/td><td class=\"column-3\">-40 to 85\u00b0C<br \/>\n<\/td>\n<\/tr>\n<tr class=\"row-36\">\n\t<td class=\"column-1\">Storage Temp.<\/td><td class=\"column-2\"><\/td><td class=\"column-3\">-40 to 85\u00b0C<br \/>\n<\/td>\n<\/tr>\n<tr class=\"row-37\">\n\t<td class=\"column-1\">Relative Humidity<\/td><td class=\"column-2\"><\/td><td class=\"column-3\">10% to 90%, non-condensing<br \/>\n<\/td>\n<\/tr>\n<\/tbody>\n<\/table>\n<!-- #tablepress-216 from cache -->\n","protected":false},"excerpt":{"rendered":"<p>OXY5320A, 3,5-calowa przemys\u0142owa p\u0142yta g\u0142\u00f3wna, nap\u0119dzana procesorem Intel\u00ae Ced Cedview N2600 3. generacji i wbudowanym chipsetem NM10. Cech\u0105 OXY5320A jest zapewnienie ultra niskiego zu\u017cycia energii zaledwie 3,5 W i chipsetu 2,1 W przy jednoczesnym wsparciu dwurdzeniowego procesora o taktowaniu 1,6 GHz. Ta wydajna, dwurdzeniowa praca i energooszcz\u0119dna konstrukcja o niskiej mocy sprawiaj\u0105, \u017ce OXY5320A jest idealnym modelem do zastosowa\u0144 zwi\u0105zanych z wy\u015bwietlaniem, automatyzacj\u0105, transportem, medycyn\u0105 i nie tylko.<\/p>\n","protected":false},"featured_media":11032,"template":"","meta":{"_acf_changed":false,"inline_featured_image":false,"_monsterinsights_skip_tracking":false,"_monsterinsights_sitenote_active":false,"_monsterinsights_sitenote_note":"","_monsterinsights_sitenote_category":0},"product_brand":[],"product_cat":[565,1584,511,509],"product_tag":[],"class_list":{"0":"post-4959","1":"product","2":"type-product","3":"status-publish","4":"has-post-thumbnail","6":"product_cat-35-sbc","7":"product_cat-komputery-jednoplytkowe-sbc-2","8":"product_cat-komputery-jednoplytkowe-perfectron","9":"product_cat-perfectron","11":"first","12":"instock","13":"shipping-taxable","14":"product-type-simple"},"acf":[],"_links":{"self":[{"href":"https:\/\/quantum.com.pl\/pl\/wp-json\/wp\/v2\/product\/4959","targetHints":{"allow":["GET"]}}],"collection":[{"href":"https:\/\/quantum.com.pl\/pl\/wp-json\/wp\/v2\/product"}],"about":[{"href":"https:\/\/quantum.com.pl\/pl\/wp-json\/wp\/v2\/types\/product"}],"wp:featuredmedia":[{"embeddable":true,"href":"https:\/\/quantum.com.pl\/pl\/wp-json\/wp\/v2\/media\/11032"}],"wp:attachment":[{"href":"https:\/\/quantum.com.pl\/pl\/wp-json\/wp\/v2\/media?parent=4959"}],"wp:term":[{"taxonomy":"product_brand","embeddable":true,"href":"https:\/\/quantum.com.pl\/pl\/wp-json\/wp\/v2\/product_brand?post=4959"},{"taxonomy":"product_cat","embeddable":true,"href":"https:\/\/quantum.com.pl\/pl\/wp-json\/wp\/v2\/product_cat?post=4959"},{"taxonomy":"product_tag","embeddable":true,"href":"https:\/\/quantum.com.pl\/pl\/wp-json\/wp\/v2\/product_tag?post=4959"}],"curies":[{"name":"wp","href":"https:\/\/api.w.org\/{rel}","templated":true}]}}