{"id":5003,"date":"2019-10-22T15:24:55","date_gmt":"2019-10-22T13:24:55","guid":{"rendered":"https:\/\/quantum.com.pl\/?post_type=product&#038;p=5003"},"modified":"2022-03-29T13:52:15","modified_gmt":"2022-03-29T11:52:15","slug":"oxy5315a","status":"publish","type":"product","link":"https:\/\/quantum.com.pl\/pl\/product\/oxy5315a\/","title":{"rendered":"OXY5315A"},"content":{"rendered":"<h4>Form factor 3,5\u201d, Intel\u00ae Pineview\u00a0N455 SBC, Rozszerzona temperatura (-40\u00b0C do 85\u00b0C)<\/h4>\n<ul>\n<li>Intel\u00ae Atom Pineview N455 + Intel ICH8M PCH<\/li>\n<li>Podw\u00f3jny niezale\u017cny wy\u015bwietlacz: VGA, LVDS<\/li>\n<li>Bogaty interfejs I\/O z 8 portami COM, 8 USB, 2 LAN, 2 SATAII i 1 CFast Socket<\/li>\n<li>Elastyczna rozbudowa dzi\u0119ki 1 x mini PCIe<\/li>\n<li>Obs\u0142uguje 18-bitowy LVDS z jednym lub dwoma kana\u0142ami<\/li>\n<li>Wej\u015bcie 12V DC, 4-stykowe z\u0142\u0105cze zasilania ATX, obs\u0142uga trybu AT \/ ATX<\/li>\n<li>Rozszerzona temperatura pracy (-40\u00b0C do 85\u00b0C)<\/li>\n<\/ul>\n<p>OXY5315A to przemys\u0142owa p\u0142yta g\u0142\u00f3wna 3,5\u201d nap\u0119dzana przez procesor Intel\u00ae Atom Pineview N455 i mikrouk\u0142ad ICH8M na p\u0142ycie g\u0142\u00f3wnej. Ekstremalnie niski pob\u00f3r mocy procesora Atom Pineview N455 plus mikrouk\u0142ad Intel ICH8M wynosz\u0105 odpowiednio tylko 6,5 W i 2,4 W. Ca\u0142kowity pob\u00f3r mocy wynosi zaledwie 8,9 W. Obs\u0142uguje funkcj\u0119 konwersji mocy AC \/ DC. Wbudowana konstrukcja procesor\u00f3w VGA i CPU zapewnia wy\u017csz\u0105 odporno\u015b\u0107 na wibracje i wstrz\u0105sy. Wyd\u0142u\u017cona temperatura pracy od -40\u00b0C do +85\u00b0C zapewnia niezr\u00f3wnan\u0105 niezawodno\u015b\u0107. Szybki procesor wyposa\u017cono w bogate funkcje I \/ O, takie jak: 8 port\u00f3w COM; 8 bit\u00f3w DIO; 8 x USB; opcjonalny pojedynczy \/ podw\u00f3jny kana\u0142 18-bitowy \/ 24-bitowy LVDS. Dzi\u0119ki tak szerokim funkcjom i pot\u0119\u017cnym mo\u017cliwo\u015bciom obliczeniowym, OXY5315A mo\u017ce zaspokoi\u0107 r\u00f3\u017cnorodne potrzeby wsp\u00f3\u0142czesnych aplikacji do sterowania wy\u015bwietlaczami i monitorami.<\/p>\n<h4>Bogaty interfejs I \/ O &#8211; rozbudowana funkcjonalno\u015b\u0107<\/h4>\n<p>Bogata konstrukcja I\/O zapewnia OXY5315A mo\u017cliwo\u015b\u0107 integracji ze wsp\u00f3\u0142czesnym poziomem automatyki, oraz innych aplikacji wymagaj\u0105cych rozbudowanych funkcji I\/O. Dzi\u0119ki 8 portom COM, 8 USB, 2 LAN, 2 SATAII (jeden przez CFast) i podw\u00f3jnemu wy\u015bwietlaczowi (DVI-I + LVDS), OXY5315A zapewnia szeroki wyb\u00f3r opcji rozbudowy i pod\u0142\u0105czania do r\u00f3\u017cnych urz\u0105dze\u0144.<\/p>\n<h4>Praca w rozszerzonym zakresie temperatury<\/h4>\n<p>PERFECTRON d\u0105\u017cy do zapewnienia doskona\u0142ej wydajno\u015bci we wszystkich typach stref temperaturowych. Od wyboru komponent\u00f3w do projektowania uk\u0142adu, PERFECTRON zapewnia stabilno\u015b\u0107 nawet w ekstremalnych temperaturach. OXY5315A mo\u017ce pracowa\u0107 w zakresie od -40 do 85 stopni.<\/p>\n<h4>Wydajne rozwi\u0105zanie termiczne<\/h4>\n<p>Indywidualnie zaprojektowany heat spreader jest tym, co PERFECTRON zapewnia in\u017cynierom, aby skr\u00f3ci\u0107 okres projektowania mechanicznego, a tak\u017ce zapewnia najwy\u017csz\u0105 skuteczno\u015b\u0107 rozpraszania. W przypadku OXY5315A, dostosowany radiator umieszczony jest na g\u00f3rze procesora i mikrouk\u0142adu, dzia\u0142aj\u0105c jako medium, kt\u00f3re wymienia ciep\u0142o z otaczaj\u0105c\u0105 atmosfer\u0105. Wysokowydajny aluminiowy radiator ma przewodno\u015b\u0107 ciepln\u0105, kt\u00f3ra poch\u0142ania ciep\u0142o wytwarzane przez pompuj\u0105cy procesor.<\/p>\n\n<table id=\"tablepress-222\" class=\"tablepress tablepress-id-222\">\n<thead>\n<tr class=\"row-1\">\n\t<th class=\"column-1\"><strong>Model<\/strong><\/th><td class=\"column-2\"><\/td><th class=\"column-3\"><strong>OXY5314A-UT<\/strong><\/th>\n<\/tr>\n<\/thead>\n<tbody class=\"row-striping row-hover\">\n<tr class=\"row-2\">\n\t<td class=\"column-1\">Operating Temp.<\/td><td class=\"column-2\"><\/td><td class=\"column-3\">-40\u00b0C ~ +85\u00b0C<br \/>\n<\/td>\n<\/tr>\n<tr class=\"row-3\">\n\t<td class=\"column-1\">System<\/td><td class=\"column-2\">CPU<\/td><td class=\"column-3\">Intel\u00ae Atom\u2122 E660T 1.3 GHz<br \/>\n<br \/>\n<\/td>\n<\/tr>\n<tr class=\"row-4\">\n\t<td class=\"column-1\"><\/td><td class=\"column-2\">Memory Type<\/td><td class=\"column-3\">1 GB DDR2 667\/800 MHz memory IC onboard<\/td>\n<\/tr>\n<tr class=\"row-5\">\n\t<td class=\"column-1\"><\/td><td class=\"column-2\">Chipset<\/td><td class=\"column-3\">Intel\u00ae Topcliff EG20T<\/td>\n<\/tr>\n<tr class=\"row-6\">\n\t<td class=\"column-1\"><\/td><td class=\"column-2\">BIOS<\/td><td class=\"column-3\">AMI\u00ae BIOS<br \/>\n<\/td>\n<\/tr>\n<tr class=\"row-7\">\n\t<td class=\"column-1\"><\/td><td class=\"column-2\">Super I\/O<\/td><td class=\"column-3\">SMSC SCH3114<br \/>\n<br \/>\n<\/td>\n<\/tr>\n<tr class=\"row-8\">\n\t<td class=\"column-1\"><\/td><td class=\"column-2\">Watchdog<\/td><td class=\"column-3\">1-255 sec. or 1-255 min. software programmable, can generate system reset<\/td>\n<\/tr>\n<tr class=\"row-9\">\n\t<td class=\"column-1\">Expansion Slot<\/td><td class=\"column-2\">Mini PCIe<\/td><td class=\"column-3\">1 x miniPCIe for Gen2<br \/>\n<\/td>\n<\/tr>\n<tr class=\"row-10\">\n\t<td class=\"column-1\">Display<\/td><td class=\"column-2\">Chipset<\/td><td class=\"column-3\">Chrontel 7317B SDVO to VGA transmitter<br \/>\n<\/td>\n<\/tr>\n<tr class=\"row-11\">\n\t<td class=\"column-1\"><\/td><td class=\"column-2\">LVDS<\/td><td class=\"column-3\">Supports signle channel 18\/24-bit LVDS<br \/>\n<\/td>\n<\/tr>\n<tr class=\"row-12\">\n\t<td class=\"column-1\"><\/td><td class=\"column-2\">Dual Independent<br \/>\nDisplays Capability<\/td><td class=\"column-3\">VGA + LVDS<br \/>\n<\/td>\n<\/tr>\n<tr class=\"row-13\">\n\t<td class=\"column-1\">Audio<\/td><td class=\"column-2\">Codec<\/td><td class=\"column-3\">Realtek ALC886 High Definition Audio Codec *2W amplifier onboard<br \/>\n<\/td>\n<\/tr>\n<tr class=\"row-14\">\n\t<td class=\"column-1\">Ethernet<\/td><td class=\"column-2\">Chipset<\/td><td class=\"column-3\">2 x Intel\u00ae 82574IT GbE LAN (support 10\/100\/1000 Mbps for 2 x RJ45 ports)<br \/>\n<\/td>\n<\/tr>\n<tr class=\"row-15\">\n\t<td class=\"column-1\"><\/td><td class=\"column-2\">WOL<\/td><td class=\"column-3\">Yes<\/td>\n<\/tr>\n<tr class=\"row-16\">\n\t<td class=\"column-1\"><\/td><td class=\"column-2\">Boot from LAN<\/td><td class=\"column-3\">Yes for PXE<br \/>\n<\/td>\n<\/tr>\n<tr class=\"row-17\">\n\t<td class=\"column-1\">Rear I\/O<\/td><td class=\"column-2\">VGA <\/td><td class=\"column-3\">1 x 15-pin VGA connector (female)<br \/>\n<\/td>\n<\/tr>\n<tr class=\"row-18\">\n\t<td class=\"column-1\"><\/td><td class=\"column-2\">COM<\/td><td class=\"column-3\">RS232: DCD-, RXD, TXD, DTR-, GND, DSR-, RTS-, CTS-<br \/>\nRS422: TX-, RX+, TX+, RX-, GND,<br \/>\nRS485: DATA-, DATA+, GND<br \/>\n<\/td>\n<\/tr>\n<tr class=\"row-19\">\n\t<td class=\"column-1\"><\/td><td class=\"column-2\">Ethernet<\/td><td class=\"column-3\">2 x RJ45 ports (support 10\/100\/1000 Mbps for 2 x RJ45 ports)<br \/>\n<\/td>\n<\/tr>\n<tr class=\"row-20\">\n\t<td class=\"column-1\"><\/td><td class=\"column-2\">USB<\/td><td class=\"column-3\">2 x USB 2.0<br \/>\n<\/td>\n<\/tr>\n<tr class=\"row-21\">\n\t<td class=\"column-1\">Interface I\/O<\/td><td class=\"column-2\">SATA<\/td><td class=\"column-3\">1 x SATAII (3 Gb\/s)<br \/>\n1 x 3-pin power connector<\/td>\n<\/tr>\n<tr class=\"row-22\">\n\t<td class=\"column-1\"><\/td><td class=\"column-2\">COM<\/td><td class=\"column-3\">3 x COM ports<br \/>\nCOM2~COM4 ports support RS232 by 1 x 10-pin header<br \/>\n<\/td>\n<\/tr>\n<tr class=\"row-23\">\n\t<td class=\"column-1\"><\/td><td class=\"column-2\">Audio<\/td><td class=\"column-3\">1 x 6-pin header for Mic-in\/Line-in\/Line-out<br \/>\n<\/td>\n<\/tr>\n<tr class=\"row-24\">\n\t<td class=\"column-1\"><\/td><td class=\"column-2\">LVDS<\/td><td class=\"column-3\">20-pin connector<br \/>\n<br \/>\n<\/td>\n<\/tr>\n<tr class=\"row-25\">\n\t<td class=\"column-1\"><\/td><td class=\"column-2\">CF card<\/td><td class=\"column-3\">1 x CF socket by IDE interface<br \/>\n<\/td>\n<\/tr>\n<tr class=\"row-26\">\n\t<td class=\"column-1\"><\/td><td class=\"column-2\">SM Bus<\/td><td class=\"column-3\">1 x 2-pin header<br \/>\n<br \/>\n<\/td>\n<\/tr>\n<tr class=\"row-27\">\n\t<td class=\"column-1\"><\/td><td class=\"column-2\">CAN Bus<\/td><td class=\"column-3\">1 x 10-pin header<br \/>\n<br \/>\n<\/td>\n<\/tr>\n<tr class=\"row-28\">\n\t<td class=\"column-1\"><\/td><td class=\"column-2\">DIO<\/td><td class=\"column-3\">8-bit (4 in\/4 out)<br \/>\n<\/td>\n<\/tr>\n<tr class=\"row-29\">\n\t<td class=\"column-1\">OS support list<\/td><td class=\"column-2\">Windows<\/td><td class=\"column-3\">Windows XP x32\u3001Windows XP x64<br \/>\n<\/td>\n<\/tr>\n<tr class=\"row-30\">\n\t<td class=\"column-1\"><\/td><td class=\"column-2\">Linux<\/td><td class=\"column-3\">Fedora 14<br \/>\n<\/td>\n<\/tr>\n<tr class=\"row-31\">\n\t<td class=\"column-1\"><\/td><td class=\"column-2\"><strong>Mechanical and Environment<\/strong><\/td><td class=\"column-3\"><\/td>\n<\/tr>\n<tr class=\"row-32\">\n\t<td class=\"column-1\">Form Factor<\/td><td class=\"column-2\"><\/td><td class=\"column-3\">3.5\" SBC<br \/>\n<\/td>\n<\/tr>\n<tr class=\"row-33\">\n\t<td class=\"column-1\">Power Type<\/td><td class=\"column-2\"><\/td><td class=\"column-3\">12V DC-in, 4-pin ATX power connector, AT\/ATX<br \/>\n<\/td>\n<\/tr>\n<tr class=\"row-34\">\n\t<td class=\"column-1\">Dimension<\/td><td class=\"column-2\"><\/td><td class=\"column-3\">146 x 102 mm (5.7\" x 4\")<br \/>\n<\/td>\n<\/tr>\n<tr class=\"row-35\">\n\t<td class=\"column-1\">Operating Temp.<\/td><td class=\"column-2\"><\/td><td class=\"column-3\">-40 to 85\u00b0C<br \/>\n<\/td>\n<\/tr>\n<tr class=\"row-36\">\n\t<td class=\"column-1\">Storage Temp.<\/td><td class=\"column-2\"><\/td><td class=\"column-3\">-40 do 85\u00b0C<br \/>\n<\/td>\n<\/tr>\n<tr class=\"row-37\">\n\t<td class=\"column-1\">Relative Humidity<\/td><td class=\"column-2\"><\/td><td class=\"column-3\">10% to 90%, non-condensing<br \/>\n<\/td>\n<\/tr>\n<\/tbody>\n<\/table>\n<!-- #tablepress-222 from cache -->\n","protected":false},"excerpt":{"rendered":"<p>OXY5315A to przemys\u0142owa p\u0142yta g\u0142\u00f3wna 3,5\u201d nap\u0119dzana przez procesor Intel\u00ae Atom Pineview N455 i mikrouk\u0142ad ICH8M na p\u0142ycie g\u0142\u00f3wnej. Ekstremalnie niski pob\u00f3r mocy procesora Atom Pineview N455 plus mikrouk\u0142ad Intel ICH8M wynosz\u0105 odpowiednio tylko 6,5 W i 2,4 W. Ca\u0142kowity pob\u00f3r mocy wynosi zaledwie 8,9 W.<\/p>\n","protected":false},"featured_media":11026,"template":"","meta":{"_acf_changed":false,"inline_featured_image":false,"_monsterinsights_skip_tracking":false,"_monsterinsights_sitenote_active":false,"_monsterinsights_sitenote_note":"","_monsterinsights_sitenote_category":0},"product_brand":[],"product_cat":[565,511,1584,509],"product_tag":[],"class_list":{"0":"post-5003","1":"product","2":"type-product","3":"status-publish","4":"has-post-thumbnail","6":"product_cat-35-sbc","7":"product_cat-komputery-jednoplytkowe-perfectron","8":"product_cat-komputery-jednoplytkowe-sbc-2","9":"product_cat-perfectron","11":"first","12":"instock","13":"shipping-taxable","14":"product-type-simple"},"acf":[],"_links":{"self":[{"href":"https:\/\/quantum.com.pl\/pl\/wp-json\/wp\/v2\/product\/5003","targetHints":{"allow":["GET"]}}],"collection":[{"href":"https:\/\/quantum.com.pl\/pl\/wp-json\/wp\/v2\/product"}],"about":[{"href":"https:\/\/quantum.com.pl\/pl\/wp-json\/wp\/v2\/types\/product"}],"wp:featuredmedia":[{"embeddable":true,"href":"https:\/\/quantum.com.pl\/pl\/wp-json\/wp\/v2\/media\/11026"}],"wp:attachment":[{"href":"https:\/\/quantum.com.pl\/pl\/wp-json\/wp\/v2\/media?parent=5003"}],"wp:term":[{"taxonomy":"product_brand","embeddable":true,"href":"https:\/\/quantum.com.pl\/pl\/wp-json\/wp\/v2\/product_brand?post=5003"},{"taxonomy":"product_cat","embeddable":true,"href":"https:\/\/quantum.com.pl\/pl\/wp-json\/wp\/v2\/product_cat?post=5003"},{"taxonomy":"product_tag","embeddable":true,"href":"https:\/\/quantum.com.pl\/pl\/wp-json\/wp\/v2\/product_tag?post=5003"}],"curies":[{"name":"wp","href":"https:\/\/api.w.org\/{rel}","templated":true}]}}