{"id":5057,"date":"2019-10-22T18:57:08","date_gmt":"2019-10-22T16:57:08","guid":{"rendered":"https:\/\/quantum.com.pl\/?post_type=product&#038;p=5057"},"modified":"2020-08-25T22:59:59","modified_gmt":"2020-08-25T20:59:59","slug":"oxy5638b","status":"publish","type":"product","link":"https:\/\/quantum.com.pl\/pl\/product\/oxy5638b\/","title":{"rendered":"OXY5638B"},"content":{"rendered":"<h4>Procesory Intel\u00ae 5. generacji Broadwell\u00ae Core &#x2122; i7-5650U, 16 GB DDR3L, uSSD 64 GB na p\u0142ycie, rozszerzenie PCIe \/ 104, rozszerzony zakres temperatury -40 do 85\u00b0C<\/h4>\n<ul>\n<li>Obs\u0142uga procesora Intel\u00ae Core &#x2122; i7-5650U<br \/>\nProcesor Intel\u00ae Core &#x2122; i3-5010U (pami\u0119\u0107 podr\u0119czna 3 MB, 2,10 GHz)<br \/>\nProcesor Intel\u00ae Core &#x2122; i5-5350U (pami\u0119\u0107 podr\u0119czna 3 MB, do 2,90 GHz)<br \/>\nProcesor Intel\u00ae Core &#x2122; i7-5650U (pami\u0119\u0107 podr\u0119czna 4 MB, do 3,20 GHz)<\/li>\n<li>Apacer\/Smart uSSD 64GB (SATA III)<\/li>\n<li>2 x XR-DIMM do DDR3L -1600 16 GB<\/li>\n<li>Rozszerzenie: 1x PCIe \/ 104 (1 x PCIe_4, 4 x PCIe_1)<br \/>\n2 x Mini PCIe z uchwytem karty SIM<br \/>\nWiele wy\u015bwietlaczy: 2 x DisplayPort; Dwukana\u0142owy 24-bitowy LVDS<br \/>\nDwa porty LAN (1 x Intel I210-IT i 1 x I218-LM GbE)<\/li>\n<li>4 x porty COM: 3 x RS-232 (pin-header) z wyborem 5V \/ 12V<br \/>\n1 x RS232 \/ 422\/485 z wyborem 5V \/ 12V<br \/>\n6 x porty USB: 2 x USB 3.0, 4 x USB 2.0<\/li>\n<li>Rozszerzona temperatura pracy -40 ~ + 85\u00b0C<\/li>\n<\/ul>\n<p>OXY5638B, wytrzyma\u0142y EPIC SBC jest nap\u0119dzany procesorem Intel\u00ae Broadwell i3-5010U, i5-5350U i i7-5650U. Procesory Broadwell obs\u0142uguj\u0105 wydajne grafik\u0119 i procesor, zapewniaj\u0105c czterordzeniowe cz\u0119stotliwo\u015bci taktowania 3,20 GHz przy niskim zu\u017cyciu energii. Te po\u0142\u0105czone ze sob\u0105 elementy sprawiaj\u0105, \u017ce \u200b\u200bSBC ma wysok\u0105 moc obliczeniow\u0105 do wielozadaniowo\u015bci przy jednoczesnym zmniejszeniu zu\u017cycia energii na biegu ja\u0142owym. OXY5638B to bogata w funkcje p\u0142yta, kt\u00f3r\u0105 mo\u017cna zastosowa\u0107 w celu spe\u0142nienia r\u00f3\u017cnych wymaga\u0144 I\/O.<\/p>\n<p>Aplikacje o znaczeniu krytycznym wykorzystuj\u0105 zalety procesor\u00f3w wbudowanych na p\u0142ycie i rozszerzon\u0105 temperatur\u0119 pracy od -40 do 85 \u00b0 C, aby zapewni\u0107 najwy\u017csz\u0105 trwa\u0142o\u015b\u0107 oraz odporno\u015b\u0107 na wstrz\u0105sy i wibracje. OXY5638B jest\u00a0 wytrzyma\u0142ym komputerem SBC idealnym do budowania wytrzyma\u0142ych tablet\u00f3w, automatyki podstawowej i aplikacji infotainment na kolei. Intel Core i7-5650U to dwurdzeniowy procesor ULV (ultra niskiego napi\u0119cia) oparty na architekturze Broadwell, kt\u00f3ry zosta\u0142 wprowadzony na rynek w styczniu 2015 r. Opr\u00f3cz dw\u00f3ch rdzeni procesora z funkcj\u0105 Hyper-Threading o taktowaniu 2,2 &#8211; 3,2 GHz (2 rdzenie: 3,1 GHz), uk\u0142ad zawiera tak\u017ce procesor graficzny HD Graphics 6000 i dwukana\u0142owy kontroler pami\u0119ci LPDDR3-1866 \/ DDR3L-1600.<\/p>\n<p>Rdze\u0144 i7 jest wytwarzany w procesie 14 nm z tranzystorami FinFET.<br \/>\nW por\u00f3wnaniu do Core i7-5600U, i7-5650U ma ni\u017cszy zegar bazowy procesora, ale integruje nieco szybszy procesor graficzny.<\/p>\n<h4>Zaprojektuj w\u0142asny system (g\u0142owic\u0119 PIN I\/O)<\/h4>\n<p>OXY5638B obejmuje bogaty I\/O, kt\u00f3ry zapewnia tw\u00f3rcom system\u00f3w wbudowanych r\u00f3\u017cnorodn\u0105 elastyczno\u015b\u0107 w konfiguracjach I\/O &#8211; oferuje wiele wy\u015bwietlaczy, 2 porty DP z dwukana\u0142owym 24-bitowym LVDS. Ta bogata w funkcje p\u0142ytka jest dostarczana z r\u00f3\u017cnymi wej\u015bciami \/ wyj\u015bciami, w tym z sze\u015bcioma portami RS232, trzema portami USB, dwoma gigabitowymi sieciami LAN, dwoma SATAII &#8211; wszystko to mo\u017ce pom\u00f3c integratorom system\u00f3w w szybkim opracowywaniu rozwi\u0105za\u0144. OXY5638B oferuje optymalne opcje, takie jak wbudowane gniazdo karty SIM dla \u0142\u0105czno\u015bci 3,5G. Wszechstronna kompatybilno\u015b\u0107 z rozbudow\u0105 obejmuje r\u00f3wnie\u017c dwa pe\u0142nowymiarowe miniPCIe, kt\u00f3re mog\u0142yby doda\u0107 dodatkowe wej\u015bcia \/ wyj\u015bcia lub dodatkowe funkcje.<\/p>\n<h4>Certyfikat MIL-STD 810G<\/h4>\n<p>Wytrzyma\u0142e komputery z serii Stack Rack firmy PERFECTRON \u2013 OXY5638B zosta\u0142y zaprojektowane tak, aby spe\u0142nia\u0107 wymagaj\u0105ce standardy MIL-STD 810G. Je\u015bli chodzi o prawdziw\u0105 wytrzyma\u0142o\u015b\u0107, standard MIL-STD-810G jest uwa\u017cany za najbardziej presti\u017cowy. Ustanowiony pierwotnie przez rz\u0105d USA w celu symulacji odporno\u015bci materia\u0142\u00f3w na trudne warunki, zapewnia szereg procedur testowych pod k\u0105tem odporno\u015bci na wstrz\u0105sy, wibracje, kurz, wilgo\u0107 i ekstremalne temperatury.<\/p>\n<h4>Rozszerzony o z\u0142\u0105cze PCIe\/104+ dla optymalnego rozszerzenia I\/O<\/h4>\n<p>Specyfikacja StackPC okre\u015bla nowe podej\u015bcie do projektowania i rozwoju system\u00f3w, kt\u00f3re mo\u017cna ustawia\u0107 jeden na drugim. Specyfikacja obejmuje wszystkie standardy PCIe\/104 oraz nowe funkcje z\u0142\u0105cza StackPC. G\u0142\u00f3wna zaleta z\u0142\u0105cza StackPC to po\u0142\u0105czenie najpopularniejszych interfejs\u00f3w o niskiej pr\u0119dko\u015bci, takich jak USB, COM, CAN, SPI, LPC i szybkich SATA, Gigabit Ethernet i PCI-Express x1, x4 w ramach jednego z\u0142\u0105cza typu ,,stackable&#8221;.<\/p>\n<h4>Industrial Standard (EPIC)<\/h4>\n<p>EPIC to nowy standard, kt\u00f3ry rozwi\u0105zuje potrzeb\u0119 stosowania SBC o jako\u015bci przemys\u0142owej, kt\u00f3ry mie\u015bci si\u0119 mi\u0119dzy standardami PC\/104-Plus i EBX. EPIC jest wspierany przez g\u0142\u00f3wne firmy SBC. Obs\u0142uguje zar\u00f3wno rozszerzenia PC\/104, jak i PC\/104-Plus, aby skorzysta\u0107 z setek modu\u0142\u00f3w I\/O dost\u0119pnych na ca\u0142ym \u015bwiecie. Standard EPIC posiada elastyczno\u015b\u0107 obs\u0142ugi szybkich, szeregowych magistral, takich jak PCI Express.<\/p>\n<h4>Grafika<\/h4>\n<p>Zintegrowana grafika HD 6000 oferuje 48 jednostek wykonawczych (UE) o taktowaniu 300\u20131000 MHz. Podobnie jak rdze\u0144 procesora, architektura GPU (Intel Gen 8) zosta\u0142a gruntownie zmieniona w celu zwi\u0119kszenia wydajno\u015bci na zegar. Oczekujemy, \u017ce HD Graphics 6000 b\u0119dzie znacznie szybsza ni\u017c poprzednia HD Graphics 5000 (40 kraj\u00f3w UE), cz\u0119\u015b\u0107 generacji Haswell. Broadwell jest pierwszym uk\u0142adem Intela, kt\u00f3ry w pe\u0142ni obs\u0142uguje DirectX 11.2, a tak\u017ce OpenCL 1.3 \/ 2.0 i OpenGL 4.3. Wideo b\u0119dzie wysy\u0142ane natywnie przez DisplayPort 1.2 lub HDMI 1.4a. Jednak nowy standard HDMI 2.0 nie jest oficjalnie obs\u0142ugiwany.<\/p>\n","protected":false},"excerpt":{"rendered":"<p>OXY5638B, wytrzyma\u0142y EPIC SBC jest nap\u0119dzany procesorem Intel\u00ae Broadwell i3-5010U, i5-5350U i i7-5650U. Procesory Broadwell obs\u0142uguj\u0105 wydajne grafik\u0119 i procesor, zapewniaj\u0105c czterordzeniowe cz\u0119stotliwo\u015bci taktowania 3,20 GHz przy niskim zu\u017cyciu energii. Te po\u0142\u0105czone ze sob\u0105 elementy sprawiaj\u0105, \u017ce \u200b\u200bSBC ma wysok\u0105 moc obliczeniow\u0105 do wielozadaniowo\u015bci przy jednoczesnym zmniejszeniu zu\u017cycia energii na biegu ja\u0142owym.<\/p>\n","protected":false},"featured_media":11054,"template":"","meta":{"_acf_changed":false,"inline_featured_image":false,"_monsterinsights_skip_tracking":false,"_monsterinsights_sitenote_active":false,"_monsterinsights_sitenote_note":"","_monsterinsights_sitenote_category":0},"product_brand":[],"product_cat":[615,1584,511,509],"product_tag":[],"class_list":{"0":"post-5057","1":"product","2":"type-product","3":"status-publish","4":"has-post-thumbnail","6":"product_cat-epic-sbc","7":"product_cat-komputery-jednoplytkowe-sbc-2","8":"product_cat-komputery-jednoplytkowe-perfectron","9":"product_cat-perfectron","11":"first","12":"instock","13":"shipping-taxable","14":"product-type-simple"},"acf":[],"_links":{"self":[{"href":"https:\/\/quantum.com.pl\/pl\/wp-json\/wp\/v2\/product\/5057","targetHints":{"allow":["GET"]}}],"collection":[{"href":"https:\/\/quantum.com.pl\/pl\/wp-json\/wp\/v2\/product"}],"about":[{"href":"https:\/\/quantum.com.pl\/pl\/wp-json\/wp\/v2\/types\/product"}],"wp:featuredmedia":[{"embeddable":true,"href":"https:\/\/quantum.com.pl\/pl\/wp-json\/wp\/v2\/media\/11054"}],"wp:attachment":[{"href":"https:\/\/quantum.com.pl\/pl\/wp-json\/wp\/v2\/media?parent=5057"}],"wp:term":[{"taxonomy":"product_brand","embeddable":true,"href":"https:\/\/quantum.com.pl\/pl\/wp-json\/wp\/v2\/product_brand?post=5057"},{"taxonomy":"product_cat","embeddable":true,"href":"https:\/\/quantum.com.pl\/pl\/wp-json\/wp\/v2\/product_cat?post=5057"},{"taxonomy":"product_tag","embeddable":true,"href":"https:\/\/quantum.com.pl\/pl\/wp-json\/wp\/v2\/product_tag?post=5057"}],"curies":[{"name":"wp","href":"https:\/\/api.w.org\/{rel}","templated":true}]}}