{"id":5072,"date":"2019-10-22T19:45:35","date_gmt":"2019-10-22T17:45:35","guid":{"rendered":"https:\/\/quantum.com.pl\/?post_type=product&#038;p=5072"},"modified":"2020-08-25T23:00:00","modified_gmt":"2020-08-25T21:00:00","slug":"oxy5740a","status":"publish","type":"product","link":"https:\/\/quantum.com.pl\/pl\/product\/oxy5740a\/","title":{"rendered":"OXY5740A"},"content":{"rendered":"<h4>Procesory Intel\u00ae 7. generacji Kabylake-H\u00ae Core &#x2122; i7 i wbudowane SSD na p\u0142ycie, mo\u017cliwo\u015b\u0107 systemu ,,stackable&#8221; z rozszerzeniem StackPC i FPE, rozszerzony zakres temperatury (- 40\u00b0C do 85\u00b0C)<\/h4>\n<ul>\n<li>Obs\u0142uga procesora Intel\u00ae Kabylake-H Core &#x2122; i7-7820EQ<\/li>\n<li>Apacer\/Smart uSSD 64GB (SATA III)<\/li>\n<li>1 x XR-DIMM, 1 x SO-DIMM do DDR4-2133 32 GB SDRAM<\/li>\n<li>2 x Mini PCIe<\/li>\n<li>Wiele wy\u015bwietlaczy: 2 x DisplayPort; 1 x DVI-D; Dwukana\u0142owy 24-bitowy LVDS<\/li>\n<li>Dwa porty LAN (1 x Intel I210-IT i 1 x I219-LM GbE)<\/li>\n<li>8 port\u00f3w USB: 4 x USB 3.0, 4 x USB 2.0<\/li>\n<li>Rozszerzona temperatura pracy -40 ~ + 85 \u00b0 C<\/li>\n<\/ul>\n<p>OXY5740A, wytrzyma\u0142y EBX SBC jest nap\u0119dzany procesorem Intel\u00ae 7. generacji Kabylake i chipsetem na pok\u0142adzie. Procesor i7-7820EQ + mikrouk\u0142ad Intel\u00ae QM175 obs\u0142uguje taktowanie do 3,7 GHz. Czterordzeniowy SBC o du\u017cej mocy obliczeniowej jest zdolny do wielozadaniowo\u015bci przy jednoczesnym zmniejszeniu zu\u017cycia energii na biegu ja\u0142owym. OXY5740A integruje wiele interfejs\u00f3w I\/O na jednej p\u0142ycie, umo\u017cliwiaj\u0105c rozszerzenia dla \u0142atwej integracji systemu. W zastosowaniach o kluczowym znaczeniu &#8211; OXY5740A wykorzystuje komponenty wbudowane na p\u0142ycie i rozszerzony zakres temperatury roboczej od -40 do 85\u00b0C, aby zapewni\u0107 najwy\u017csz\u0105 trwa\u0142o\u015b\u0107 oraz odporno\u015b\u0107 na wstrz\u0105sy i wibracje. OXY5740A to naprawd\u0119 wytrzyma\u0142y SBC idealny do zastosowa\u0144 w obronie, wojsku, wysokiej klasy automatyzacji i ci\u0119\u017ckich zastosowaniach kolejowych.<\/p>\n<h4>Rozwi\u0105zanie termiczne do projektowania system\u00f3w typu ,,fanless&#8221;<\/h4>\n<p>PERFECTRON zapewnia niestandardowy zestaw termiczny do p\u0142yty g\u0142\u00f3wnej na podstawie oceny ka\u017cdej p\u0142yty g\u0142\u00f3wnej pod wzgl\u0119dem termicznym i mechanicznym. Heat spreadery s\u0142u\u017c\u0105 do przenoszenia ciep\u0142a z miejsca wytwarzania ciep\u0142a do radiatora, a radiator ch\u0142odzi temperatur\u0119 urz\u0105dzenia poprzez rozpraszanie ciep\u0142a do otaczaj\u0105cego powietrza.<\/p>\n<p>Specjalnie zaprojektowany radiator PERFECTRON osi\u0105ga najlepsze rozpraszanie ciep\u0142a poprzez lini\u0119 fali na interfejsie, kt\u00f3ra zwi\u0119ksza do 30-40% powierzchni kontaktu z powietrzem. Ekskluzywne konstrukcje termiczne s\u0105 w stanie zast\u0105pi\u0107 tradycyjny wentylator, a tak\u017ce zapewni\u0107 wysok\u0105 niezawodno\u015b\u0107 i stabilno\u015b\u0107 podczas pracy w szerokim zakresie temperatur od -40 do 70 \u00b0 C.<\/p>\n<h4>Bogaty I\/O wspieraj\u0105cy elastyczno\u015b\u0107 konfiguracji<\/h4>\n<p>Interfejs OXY5740A zapewnia tw\u00f3rcom system\u00f3w wbudowanych r\u00f3\u017cnorodne aplikacje. Posiada wiele wy\u015bwietlaczy, w tym 2 x DisplayPort i port DVI-D z dwukana\u0142owym 24-bitowym LVDS. OXY5740A zastrzega r\u00f3\u017cne mo\u017cliwo\u015bci rozbudowy: StackPC + FPE do rozbudowy modu\u0142\u00f3w PCIe\/104 w systemie ,,stackable&#8221;; 1 x pe\u0142nowymiarowy mPCIe \/ mSATA i 1 x p\u00f3\u0142 rozmiaru mPCIe dla kompaktowej i wytrzyma\u0142ej opcji przechowywania. P\u0142yta zawiera ponadto 4 porty COM, 8 port\u00f3w USB, 2 Gbe LAN i 2 SATAIII, pomagaj\u0105c integratorom system\u00f3w w szybkim opracowywaniu rozwi\u0105za\u0144.<\/p>\n<h4>Doskona\u0142a odporno\u015b\u0107 na wstrz\u0105sy i wibracje<\/h4>\n<p>OXY5740A posiada kluczowe komponenty wbudowane na p\u0142ycie, w celu eliminacji ryzyka szk\u00f3d spowodowanych wibracjami. Wytrzyma\u0142a opcja pami\u0119ci RAM XR-DIMM znacznie zwi\u0119ksza odporno\u015b\u0107 na wibracje i wstrz\u0105sy. Gniazda rozszerze\u0144, kt\u00f3re mo\u017cna ustawia\u0107 jeden na drugim, FPE (PCIe_16) i StackPC (PCIe\/104) umo\u017cliwiaj\u0105 rozszerzenie dodatkowych funkcji poprzez zainstalowanie dodatkowych kart. Praca w trybie bezprzewodowym eliminuje obawy zwi\u0105zane z poluzowaniem po\u0142\u0105cze\u0144 kablowych z powodu wstrz\u0105s\u00f3w i wibracji. Z podstawowymi komponentami wbudowanymi na p\u0142ycie i solidnym z\u0142\u0105czem PCIe\/104, OXY5740A stanowi idealne rozwi\u0105zanie w krytycznych zastosowaniach i trudnych warunkach.<\/p>\n","protected":false},"excerpt":{"rendered":"<p>OXY5740A, wytrzyma\u0142y EBX SBC jest nap\u0119dzany procesorem Intel\u00ae 7. generacji Kabylake i chipsetem na pok\u0142adzie. Procesor i7-7820EQ + mikrouk\u0142ad Intel\u00ae QM175 obs\u0142uguje taktowanie do 3,7 GHz. Czterordzeniowy SBC o du\u017cej mocy obliczeniowej jest zdolny do wielozadaniowo\u015bci przy jednoczesnym zmniejszeniu zu\u017cycia energii na biegu ja\u0142owym.<\/p>\n","protected":false},"featured_media":11058,"template":"","meta":{"_acf_changed":false,"inline_featured_image":false,"_monsterinsights_skip_tracking":false,"_monsterinsights_sitenote_active":false,"_monsterinsights_sitenote_note":"","_monsterinsights_sitenote_category":0},"product_brand":[],"product_cat":[623,1584,511,509],"product_tag":[],"class_list":{"0":"post-5072","1":"product","2":"type-product","3":"status-publish","4":"has-post-thumbnail","6":"product_cat-ebx-sbc","7":"product_cat-komputery-jednoplytkowe-sbc-2","8":"product_cat-komputery-jednoplytkowe-perfectron","9":"product_cat-perfectron","11":"first","12":"instock","13":"shipping-taxable","14":"product-type-simple"},"acf":[],"_links":{"self":[{"href":"https:\/\/quantum.com.pl\/pl\/wp-json\/wp\/v2\/product\/5072","targetHints":{"allow":["GET"]}}],"collection":[{"href":"https:\/\/quantum.com.pl\/pl\/wp-json\/wp\/v2\/product"}],"about":[{"href":"https:\/\/quantum.com.pl\/pl\/wp-json\/wp\/v2\/types\/product"}],"wp:featuredmedia":[{"embeddable":true,"href":"https:\/\/quantum.com.pl\/pl\/wp-json\/wp\/v2\/media\/11058"}],"wp:attachment":[{"href":"https:\/\/quantum.com.pl\/pl\/wp-json\/wp\/v2\/media?parent=5072"}],"wp:term":[{"taxonomy":"product_brand","embeddable":true,"href":"https:\/\/quantum.com.pl\/pl\/wp-json\/wp\/v2\/product_brand?post=5072"},{"taxonomy":"product_cat","embeddable":true,"href":"https:\/\/quantum.com.pl\/pl\/wp-json\/wp\/v2\/product_cat?post=5072"},{"taxonomy":"product_tag","embeddable":true,"href":"https:\/\/quantum.com.pl\/pl\/wp-json\/wp\/v2\/product_tag?post=5072"}],"curies":[{"name":"wp","href":"https:\/\/api.w.org\/{rel}","templated":true}]}}