{"id":5091,"date":"2019-10-23T12:00:42","date_gmt":"2019-10-23T10:00:42","guid":{"rendered":"https:\/\/quantum.com.pl\/?post_type=product&#038;p=5091"},"modified":"2020-08-25T22:59:59","modified_gmt":"2020-08-25T20:59:59","slug":"oxy5737a","status":"publish","type":"product","link":"https:\/\/quantum.com.pl\/pl\/product\/oxy5737a\/","title":{"rendered":"OXY5737A"},"content":{"rendered":"<h4>Intel\u00ae QM87 EBX SBC, procesor Core i7 \/ i5 \/ i3 Haswell i SSD wbudowane na p\u0142ycie, system ,,stackable&#8221; z rozszerzeniem StackPC i FPE, rozszerzona temperatura &#8211; 40\u00b0C do 85\u00b0C<\/h4>\n<ul>\n<li>Intel\u00ae Haswell BGA CPU + Intel QM87 PCH<\/li>\n<li>Rozszerzenia, kt\u00f3re mo\u017cna ustawia\u0107 jeden na drugim: 1 x PCIe_16 (FPE), 4 x PCIe_1 (PCIe\/104)<\/li>\n<li>Wbudowany modu\u0142 XR-DIMM do 8 GB<\/li>\n<li>Na p\u0142ycie \u03bcSSD, zgodny z JEDEC MO-276<\/li>\n<li>Wiele wy\u015bwietlaczy: 2 x DP, DVI-I, LVDS<\/li>\n<li>Bogaty I\/O: 6 COM, 6 USB, 2 LAN, 2 SATAIII<\/li>\n<li>Elastyczna rozbudowa dzi\u0119ki 2 x pe\u0142nowymiarowym miniPCIe (jeden uk\u0142ad wsp\u00f3\u0142dzielony z mSATA)<\/li>\n<li>Wbudowane gniazdo karty SIM dla \u0142\u0105czno\u015bci 3,5G<\/li>\n<li>Rozszerzona temperatura pracy (od -40 do 85\u00b0C)<\/li>\n<\/ul>\n<p>OXY5737A wytrzyma\u0142y EBX SBC jest nap\u0119dzany procesorem Intel Haswell 4. generacji i wbudowanym chipsetem. Procesor i7-4700EQ + mikrouk\u0142ad Intel\u00ae QM87 obs\u0142uguje taktowanie 2,4 GHz, do 3,4 GHz. Cztery rdzenie, turbo -do 8 rdzeni, aby poradzi\u0107 sobie z du\u017c\u0105 cz\u0119stotliwo\u015bci\u0105 przetwarzania danych. Kombinacja tych element\u00f3w sprawia, \u017ce \u200b\u200bSBC ma wysok\u0105 moc obliczeniow\u0105 do wielozadaniowo\u015bci przy jednoczesnym zmniejszeniu zu\u017cycia energii na biegu ja\u0142owym. OXY5737A jest uwa\u017cany za wymagaj\u0105cy SBC, kt\u00f3ry w wysokim stopniu integruje wiele I\/O na jednej p\u0142ycie, aby obs\u0142u\u017cy\u0107 r\u00f3\u017cne aplikacje. Aplikacje o znaczeniu krytycznym mog\u0105 wykorzysta\u0107 zalety kluczowych komponent\u00f3w wbudowanych na p\u0142ycie oraz rozszerzon\u0105 temperatur\u0119 pracy od -40 do 85 \u00b0 C, aby zapewni\u0107 najwy\u017csz\u0105 trwa\u0142o\u015b\u0107 i odporno\u015b\u0107 na wstrz\u0105sy, wibracje. OXY5737A to naprawd\u0119 wytrzyma\u0142y SBC idealny do obrony, lotnictwa, wysokiej klasy automatyki i ci\u0119\u017ckich zastosowa\u0144 kolejowych.<\/p>\n<h4>Rozwi\u0105zanie termiczne do projektowania system\u00f3w typu ,,fanless&#8221;<\/h4>\n<p>Radiatory s\u0142u\u017c\u0105 do ch\u0142odzenia temperatury urz\u0105dzenia poprzez rozpraszanie ciep\u0142a do otaczaj\u0105cego powietrza. PERFECTRON projektuje dopasowany radiator do ka\u017cdej p\u0142yty g\u0142\u00f3wnej. Specjalna konstrukcja typu ,,fin&#8221; z opcj\u0105 wysok\u0105 i nisk\u0105, tworzy przep\u0142yw wiatru w celu zmniejszenia oporu cieplnego. Ponadto linia fali przekroju poprzecznego na interfejsie zwi\u0119ksza do 30-40% powierzchni styku z powietrzem. \u0141\u0105cz\u0105c te dwie cechy, wydajno\u015b\u0107 termiczna jest wykorzystywana w maksymalnym stopniu. OXY5737A ma specjaln\u0105 konstrukcj\u0119 dw\u00f3ch wypustek, kt\u00f3re s\u0105 wykonane na zam\u00f3wienie w oparciu o rozmieszczenie \u017ar\u00f3de\u0142 ciep\u0142a CPU i PCH. Dzi\u0119ki dostosowanemu radiatorowi, OXY5737A zapewnia wysok\u0105 niezawodno\u015b\u0107 i stabilno\u015b\u0107 podczas pracy w szerokim zakresie temperatur od -40 do 85 \u00b0 C.<\/p>\n<h4>Bogaty I\/O dla elastyczno\u015bci w konfiguracjach I\/O<\/h4>\n<p>OXY5737A obejmuje bogaty I\/O, kt\u00f3ry zapewnia tw\u00f3rcom system\u00f3w wbudowanych r\u00f3\u017cnorodn\u0105 elastyczno\u015b\u0107 w konfiguracjach I\/O w celu spe\u0142nienia r\u00f3\u017cnych wbudowanych aplikacji. Interfejs oferuje wiele wy\u015bwietlaczy, 2 porty DP oraz DVI-I z dwoma kana\u0142ami 24-bit LVDS. P\u0142yta wbudowana obs\u0142uguje system ,,stackable&#8221; 1 x PCIe_16 (FPE), 4 x PCIe_1 (PCIe\/104), kt\u00f3re umo\u017cliwiaj\u0105 p\u0142ytce bezprzewodowej zbudowanie ekstremalnie wytrzyma\u0142ego i kompaktowego systemu o wi\u0119kszej elastyczno\u015bci rozbudowy. Ta bogata w funkcje p\u0142ytka zawiera r\u00f3wnie\u017c 4 RS232, 2 RS232 \/ 422\/485, 6 port\u00f3w USB, 2 gigabitowe sieci LAN, 2 SATAIII &#8211; wszystko to mo\u017ce pom\u00f3c integratorom system\u00f3w w szybkim opracowywaniu rozwi\u0105za\u0144. OXY5737A posiada wbudowane gniazdo karty SIM dla \u0142\u0105czno\u015bci 3,5G oraz wbudowany oporowy kontroler dotykowy Pen Mount 6000 do pod\u0142\u0105czenia panelu dotykowego.<\/p>\n<h4>Osza\u0142amiaj\u0105ca odporno\u015b\u0107 na wstrz\u0105sy i wibracje<\/h4>\n<p>OXY5737A posiada kluczowe komponenty wbudowane na p\u0142ycie w celu eliminacji ryzyka szk\u00f3d spowodowanych przez wibracje. Obs\u0142uguje nie tylko wbudowany procesor Intel, ale tak\u017ce wbudowan\u0105 pami\u0119\u0107 i pami\u0119\u0107 masow\u0105, kt\u00f3re znacznie zwi\u0119kszaj\u0105 odporno\u015b\u0107 na wibracje i wstrz\u0105sy. Gniazda rozszerze\u0144, kt\u00f3re mo\u017cna ustawia\u0107 jeden na drugim, FPE (PCIe_16) i StackPC (PCIe\/104) umo\u017cliwiaj\u0105 rozszerzenie dodatkowych funkcji poprzez dodanie dodatkowych kart. Praca bezprzewodowa eliminuje obawy zwi\u0105zane z poluzowaniem po\u0142\u0105cze\u0144 kabli spowodowanych przez wstrz\u0105sy i wibracje. \u0141\u0105cz\u0105c krytyczne komponenty wbudowane na p\u0142ycie i solidne po\u0142\u0105czenie PCIe\/104, jest r\u00f3wnie\u017c zgodny ze standardem MIL-STD 810G, mo\u017ce wytrzyma\u0107 wibracje 5 g, pojedyncze wstrz\u0105sy 100 g i wielokrotne wstrz\u0105sy 50 g.<\/p>\n","protected":false},"excerpt":{"rendered":"<p>OXY5737A wytrzyma\u0142y EBX SBC jest nap\u0119dzany procesorem Intel Haswell 4. generacji i wbudowanym chipsetem. Procesor i7-4700EQ + mikrouk\u0142ad Intel\u00ae QM87 obs\u0142uguje taktowanie 2,4 GHz, do 3,4 GHz. Cztery rdzenie, turbo -do 8 rdzeni, aby poradzi\u0107 sobie z du\u017c\u0105 cz\u0119stotliwo\u015bci\u0105 przetwarzania danych.<\/p>\n","protected":false},"featured_media":11056,"template":"","meta":{"_acf_changed":false,"inline_featured_image":false,"_monsterinsights_skip_tracking":false,"_monsterinsights_sitenote_active":false,"_monsterinsights_sitenote_note":"","_monsterinsights_sitenote_category":0},"product_brand":[],"product_cat":[623,1584,511,509],"product_tag":[],"class_list":{"0":"post-5091","1":"product","2":"type-product","3":"status-publish","4":"has-post-thumbnail","6":"product_cat-ebx-sbc","7":"product_cat-komputery-jednoplytkowe-sbc-2","8":"product_cat-komputery-jednoplytkowe-perfectron","9":"product_cat-perfectron","11":"first","12":"instock","13":"shipping-taxable","14":"product-type-simple"},"acf":[],"_links":{"self":[{"href":"https:\/\/quantum.com.pl\/pl\/wp-json\/wp\/v2\/product\/5091","targetHints":{"allow":["GET"]}}],"collection":[{"href":"https:\/\/quantum.com.pl\/pl\/wp-json\/wp\/v2\/product"}],"about":[{"href":"https:\/\/quantum.com.pl\/pl\/wp-json\/wp\/v2\/types\/product"}],"wp:featuredmedia":[{"embeddable":true,"href":"https:\/\/quantum.com.pl\/pl\/wp-json\/wp\/v2\/media\/11056"}],"wp:attachment":[{"href":"https:\/\/quantum.com.pl\/pl\/wp-json\/wp\/v2\/media?parent=5091"}],"wp:term":[{"taxonomy":"product_brand","embeddable":true,"href":"https:\/\/quantum.com.pl\/pl\/wp-json\/wp\/v2\/product_brand?post=5091"},{"taxonomy":"product_cat","embeddable":true,"href":"https:\/\/quantum.com.pl\/pl\/wp-json\/wp\/v2\/product_cat?post=5091"},{"taxonomy":"product_tag","embeddable":true,"href":"https:\/\/quantum.com.pl\/pl\/wp-json\/wp\/v2\/product_tag?post=5091"}],"curies":[{"name":"wp","href":"https:\/\/api.w.org\/{rel}","templated":true}]}}