{"id":5103,"date":"2019-10-24T10:54:27","date_gmt":"2019-10-24T08:54:27","guid":{"rendered":"https:\/\/quantum.com.pl\/?post_type=product&#038;p=5103"},"modified":"2020-08-25T22:59:57","modified_gmt":"2020-08-25T20:59:57","slug":"ins8349a","status":"publish","type":"product","link":"https:\/\/quantum.com.pl\/pl\/product\/ins8349a\/","title":{"rendered":"INS8349A"},"content":{"rendered":"<h4>Procesor Intel\u00ae Skylake-S 6. generacji Mini ITX, p\u0142yta g\u0142\u00f3wna z mikrouk\u0142adem Q170 \/ H110 Express<\/h4>\n<p>INS8349A solidna, przemys\u0142owa p\u0142yta g\u0142\u00f3wna Mini-ITX obs\u0142uguj\u0105ca procesory Intel\u00ae Core i7 \/ i5 \/ i3 LGA1151 6. generacji z wbudowan\u0105 grafik\u0105 Intel\u00ae HD Graphics. Wbudowane po\u0142\u0105czenia wideo obejmuj\u0105 HDMI, DP ++ i 24-bitowy dwukana\u0142owy LVDS, umo\u017cliwiaj\u0105c klientom wyb\u00f3r mi\u0119dzy nimi w celu trzykrotnego niezale\u017cnego wy\u015bwietlania. P\u0142ytka zawiera 2 x SO-DIMM DDR4 2133 MHz, z mo\u017cliwo\u015bci\u0105 rozszerzenia do 16 GB. Ponadto INS8349A obs\u0142uguje r\u00f3\u017cne wej\u015bcia \/ wyj\u015bcia, w tym 2 x GbE Intel Gigabit Ethernet, 4 x SATAIII, 4 x USB3.0, 4 x USB2.0, 1 x gniazdo Mini-PCIe, 1 x M.2 dla gniazda rozszerze\u0144 z Opcja modu\u0142u WIFI \/ 3G. W celu zwi\u0119kszenia wydajno\u015bci graficznej gniazdo 1 x PCIe x16 umo\u017cliwi instalacj\u0119 oddzielnej karty VGA. INS8349A zapewnia elastyczne gniazda rozszerze\u0144, umo\u017cliwiaj\u0105c klientom zainstalowanie jednej karty PCI-Express X16 i karty Mini-PCIe. Jest zbudowany z uchwytem karty SIM umo\u017cliwiaj\u0105cym zainstalowanie karty SIM z pe\u0142nowymiarowym modu\u0142em Mini-PCIe 3G do po\u0142\u0105czenia bezprzewodowego.<\/p>\n<h4>Dane techniczne<\/h4>\n<ul>\n<li>Obs\u0142uga procesor\u00f3w Intel\u00ae Skylake-S LGA 1151 dla procesor\u00f3w i7\/i5\/i3, 65W \/ 35W<\/li>\n<li>Intel Q170\/H110 Express Chipset<\/li>\n<li>2 x SO-DIMM do DDR4 -2400 32 GB<\/li>\n<li>1 x HDMI 1.4b, 2 x DP ++ i 1 x Dwukana\u0142owy 24-bitowy LVDS<\/li>\n<li>Rozszerzenie: 1 x PCIex16, 1x MiniPCIe z uchwytem karty SIM, 1 x M.2<\/li>\n<li>6 x COM, 8 x USB, LPC, SMBus<\/li>\n<li>Dwa porty LAN (1 x Intel I211-AT i 1 x I219-LM GbE)<\/li>\n<li>4 x SATAIII<\/li>\n<li>DC-IN 12V<\/li>\n<\/ul>\n\n<table id=\"tablepress-230\" class=\"tablepress tablepress-id-230\">\n<thead>\n<tr class=\"row-1\">\n\t<th class=\"column-1\"><strong>Model<\/strong><\/th><td class=\"column-2\"><\/td><th class=\"column-3\"><strong>INS8346B<\/strong><\/th>\n<\/tr>\n<\/thead>\n<tbody class=\"row-striping row-hover\">\n<tr class=\"row-2\">\n\t<td class=\"column-1\">Mechanical and Environment Operating Temp.\t<br \/>\n<\/td><td class=\"column-2\">Operating Temp.<\/td><td class=\"column-3\"> -40\u00b0C ~ +85\u00b0C<br \/>\n<\/td>\n<\/tr>\n<tr class=\"row-3\">\n\t<td class=\"column-1\">System<\/td><td class=\"column-2\">CPU Type<\/td><td class=\"column-3\">Intel\u00ae LGA1155 Core\u2122 i7\/i5\/i3 Processor<br \/>\nCore\u2122 i7-3770 3.4 GHz (8M Cache, 77W)<br \/>\nCore\u2122 i5-3550S 3.0 GHz (6M Cache, 65W)<br \/>\nCore\u2122 i3-3220 3.3 GHz (3M Cache, 65W)<br \/>\nPentium\u00ae G2120 3.1 GHz (3M Cache, 55W)<\/td>\n<\/tr>\n<tr class=\"row-4\">\n\t<td class=\"column-1\"><\/td><td class=\"column-2\">Chipset<\/td><td class=\"column-3\">Intel\u00ae Q77<\/td>\n<\/tr>\n<tr class=\"row-5\">\n\t<td class=\"column-1\"><\/td><td class=\"column-2\">Memory Type<\/td><td class=\"column-3\">2 x 204-pin SO-DIMM DDR3 1333\/1600 MHz up to 16 GB<\/td>\n<\/tr>\n<tr class=\"row-6\">\n\t<td class=\"column-1\"><\/td><td class=\"column-2\">BIOS<\/td><td class=\"column-3\">AMI\u00ae UEFI BIOS<\/td>\n<\/tr>\n<tr class=\"row-7\">\n\t<td class=\"column-1\"><\/td><td class=\"column-2\">Watchdog<\/td><td class=\"column-3\">1-255 sec. or 1-255 min. software programmable<\/td>\n<\/tr>\n<tr class=\"row-8\">\n\t<td class=\"column-1\">Expansion Slot<\/td><td class=\"column-2\">PCIe<\/td><td class=\"column-3\">1<\/td>\n<\/tr>\n<tr class=\"row-9\">\n\t<td class=\"column-1\"><\/td><td class=\"column-2\">mPCIe<\/td><td class=\"column-3\">1<\/td>\n<\/tr>\n<tr class=\"row-10\">\n\t<td class=\"column-1\"><\/td><td class=\"column-2\">mSATA<\/td><td class=\"column-3\">1<\/td>\n<\/tr>\n<tr class=\"row-11\">\n\t<td class=\"column-1\">Display<\/td><td class=\"column-2\">Chipset<\/td><td class=\"column-3\">Intel\u00ae HD Grapics 4000 Integrated Graphics Engine<\/td>\n<\/tr>\n<tr class=\"row-12\">\n\t<td class=\"column-1\"><\/td><td class=\"column-2\">LVDS<\/td><td class=\"column-3\">Dual channel 24-bit LVDS<\/td>\n<\/tr>\n<tr class=\"row-13\">\n\t<td class=\"column-1\"><\/td><td class=\"column-2\">Display Type<\/td><td class=\"column-3\">VGA, LVDS, DVI, HDMI<br \/>\n<\/td>\n<\/tr>\n<tr class=\"row-14\">\n\t<td class=\"column-1\">Audio<\/td><td class=\"column-2\">Codec<\/td><td class=\"column-3\">Realtek ALC892 High De  nition Audio Codec<\/td>\n<\/tr>\n<tr class=\"row-15\">\n\t<td class=\"column-1\">Ethernet<\/td><td class=\"column-2\">Chipset<\/td><td class=\"column-3\">Intel\u00ae 82579LM &amp; 82574L GbE<\/td>\n<\/tr>\n<tr class=\"row-16\">\n\t<td class=\"column-1\">Rear I\/O<\/td><td class=\"column-2\">VGA<\/td><td class=\"column-3\">1<\/td>\n<\/tr>\n<tr class=\"row-17\">\n\t<td class=\"column-1\"><\/td><td class=\"column-2\">DVI-D<\/td><td class=\"column-3\">1 (DVI-D + VGA)<br \/>\n<\/td>\n<\/tr>\n<tr class=\"row-18\">\n\t<td class=\"column-1\"><\/td><td class=\"column-2\">HDMI<\/td><td class=\"column-3\">1<\/td>\n<\/tr>\n<tr class=\"row-19\">\n\t<td class=\"column-1\"><\/td><td class=\"column-2\">Ethernet<\/td><td class=\"column-3\">2<\/td>\n<\/tr>\n<tr class=\"row-20\">\n\t<td class=\"column-1\"><\/td><td class=\"column-2\">COM<\/td><td class=\"column-3\">2<\/td>\n<\/tr>\n<tr class=\"row-21\">\n\t<td class=\"column-1\"><\/td><td class=\"column-2\">USB 3.0<\/td><td class=\"column-3\">4<\/td>\n<\/tr>\n<tr class=\"row-22\">\n\t<td class=\"column-1\">Internal I\/O<\/td><td class=\"column-2\">SATA<\/td><td class=\"column-3\">2 x SATAIII (6 Gb\/s)<br \/>\n2 x SATAII (3 Gb\/s)<\/td>\n<\/tr>\n<tr class=\"row-23\">\n\t<td class=\"column-1\"><\/td><td class=\"column-2\">USB<\/td><td class=\"column-3\">4<\/td>\n<\/tr>\n<tr class=\"row-24\">\n\t<td class=\"column-1\"><\/td><td class=\"column-2\">COM<\/td><td class=\"column-3\">4<\/td>\n<\/tr>\n<tr class=\"row-25\">\n\t<td class=\"column-1\"><\/td><td class=\"column-2\">DIO<\/td><td class=\"column-3\">16-bit (8 in\/8 out)<br \/>\n<\/td>\n<\/tr>\n<tr class=\"row-26\">\n\t<td class=\"column-1\"><\/td><td class=\"column-2\">LVDS<\/td><td class=\"column-3\">1<\/td>\n<\/tr>\n<tr class=\"row-27\">\n\t<td class=\"column-1\"><\/td><td class=\"column-2\">PS\/2<\/td><td class=\"column-3\">1<\/td>\n<\/tr>\n<\/tbody>\n<\/table>\n<!-- #tablepress-230 from cache -->\n","protected":false},"excerpt":{"rendered":"<p>INS8349A solidna, przemys\u0142owa p\u0142yta g\u0142\u00f3wna Mini-ITX obs\u0142uguj\u0105ca procesory Intel\u00ae Core i7 \/ i5 \/ i3 LGA1151 6. generacji z wbudowan\u0105 grafik\u0105 Intel\u00ae HD Graphics. Wbudowane po\u0142\u0105czenia wideo obejmuj\u0105 HDMI, DP ++ i 24-bitowy dwukana\u0142owy LVDS, umo\u017cliwiaj\u0105c klientom wyb\u00f3r mi\u0119dzy nimi w celu trzykrotnego niezale\u017cnego wy\u015bwietlania.<\/p>\n","protected":false},"featured_media":11018,"template":"","meta":{"_acf_changed":false,"inline_featured_image":false,"_monsterinsights_skip_tracking":false,"_monsterinsights_sitenote_active":false,"_monsterinsights_sitenote_note":"","_monsterinsights_sitenote_category":0},"product_brand":[],"product_cat":[1584,511,633,509],"product_tag":[],"class_list":{"0":"post-5103","1":"product","2":"type-product","3":"status-publish","4":"has-post-thumbnail","6":"product_cat-komputery-jednoplytkowe-sbc-2","7":"product_cat-komputery-jednoplytkowe-perfectron","8":"product_cat-mini-itx-imb","9":"product_cat-perfectron","11":"first","12":"instock","13":"shipping-taxable","14":"product-type-simple"},"acf":[],"_links":{"self":[{"href":"https:\/\/quantum.com.pl\/pl\/wp-json\/wp\/v2\/product\/5103","targetHints":{"allow":["GET"]}}],"collection":[{"href":"https:\/\/quantum.com.pl\/pl\/wp-json\/wp\/v2\/product"}],"about":[{"href":"https:\/\/quantum.com.pl\/pl\/wp-json\/wp\/v2\/types\/product"}],"wp:featuredmedia":[{"embeddable":true,"href":"https:\/\/quantum.com.pl\/pl\/wp-json\/wp\/v2\/media\/11018"}],"wp:attachment":[{"href":"https:\/\/quantum.com.pl\/pl\/wp-json\/wp\/v2\/media?parent=5103"}],"wp:term":[{"taxonomy":"product_brand","embeddable":true,"href":"https:\/\/quantum.com.pl\/pl\/wp-json\/wp\/v2\/product_brand?post=5103"},{"taxonomy":"product_cat","embeddable":true,"href":"https:\/\/quantum.com.pl\/pl\/wp-json\/wp\/v2\/product_cat?post=5103"},{"taxonomy":"product_tag","embeddable":true,"href":"https:\/\/quantum.com.pl\/pl\/wp-json\/wp\/v2\/product_tag?post=5103"}],"curies":[{"name":"wp","href":"https:\/\/api.w.org\/{rel}","templated":true}]}}