{"id":5123,"date":"2019-10-24T11:52:01","date_gmt":"2019-10-24T09:52:01","guid":{"rendered":"https:\/\/quantum.com.pl\/?post_type=product&#038;p=5123"},"modified":"2020-08-25T22:59:57","modified_gmt":"2020-08-25T20:59:57","slug":"ins8346b","status":"publish","type":"product","link":"https:\/\/quantum.com.pl\/pl\/product\/ins8346b\/","title":{"rendered":"INS8346B"},"content":{"rendered":"<h4>Intel\u00ae Ivy Bridge Q77 Mini-ITX Industrial MB, rozszerzona temperatura (od -40\u00b0C do 85\u00b0C)<\/h4>\n<p>INS8346B to p\u0142yta g\u0142\u00f3wna Mini ITX, oparta na chipsecie Intel\u00ae Q77 Express i zaprojektowana dla nowych 22nm procesor\u00f3w Intel\u00ae Core &#x2122; trzeciej generacji w gnie\u017adzie LGA1155. INS8346B jest modelem cechuj\u0105cym si\u0119 wysok\u0105 klas\u0105 w stosunku do aplikacji przemys\u0142owych, takich jak serwer pami\u0119ci, POS, kiosk, medycyna, gry, cyfrowe oznakowanie i monitorowanie bezpiecze\u0144stwa nadzoru.<\/p>\n<h4>Dane techniczne<\/h4>\n<ul>\n<li>Obs\u0142uguje procesor Intel\u00ae LGA 1155 Core &#x2122; i7\/i5\/i3<\/li>\n<li>2 x DDR3 SO-DIMM do 16 GB<\/li>\n<li>Multi-display: VGA, DVI-D, LVDS, HDMI<\/li>\n<li>1 x PCIe x16<\/li>\n<li>1 x mPCIe<\/li>\n<li>1 x mSATA<\/li>\n<li>8 port\u00f3w USB<\/li>\n<li>6 x porty COM<\/li>\n<li>16-bit DIO<\/li>\n<\/ul>\n\n<table id=\"tablepress-232\" class=\"tablepress tablepress-id-232\">\n<thead>\n<tr class=\"row-1\">\n\t<th class=\"column-1\"><strong>Model<\/strong><\/th><td class=\"column-2\"><\/td><th class=\"column-3\"><strong>AB20<\/strong><\/th>\n<\/tr>\n<\/thead>\n<tbody class=\"row-striping row-hover\">\n<tr class=\"row-2\">\n\t<td class=\"column-1\">Mechanical and Environment<\/td><td class=\"column-2\">Operating Temp.<\/td><td class=\"column-3\">-40\u00b0C ~ +85\u00b0C<br \/>\n<\/td>\n<\/tr>\n<tr class=\"row-3\">\n\t<td class=\"column-1\">System<\/td><td class=\"column-2\">CPU Type<\/td><td class=\"column-3\">Intel\u00ae LGA1151 Core i7 \/ i5 \/ i3 Processor<br \/>\nCore\u2122 i7-6700 3.4 GHz (8M Cache, 65W)<br \/>\nCore\u2122 i5-6500 3.2 GHz (6M Cache, 65W)<br \/>\nCore\u2122 i7-6700TE 2.4 GHz (8M Cache, 35W)<br \/>\nCore\u2122 i5-6500TE 2.3 GHz (6M Cache, 35W)<\/td>\n<\/tr>\n<tr class=\"row-4\">\n\t<td class=\"column-1\"><\/td><td class=\"column-2\">Chipset<\/td><td class=\"column-3\">Intel\u00ae Q170<\/td>\n<\/tr>\n<tr class=\"row-5\">\n\t<td class=\"column-1\"><\/td><td class=\"column-2\">Memory Type<\/td><td class=\"column-3\">4 x Dual channel DDR4 XR-DIMM up to 64GB<\/td>\n<\/tr>\n<tr class=\"row-6\">\n\t<td class=\"column-1\"><\/td><td class=\"column-2\">Watchdog<\/td><td class=\"column-3\">1-255 sec. or 1-255 min. software programmable<br \/>\n<\/td>\n<\/tr>\n<tr class=\"row-7\">\n\t<td class=\"column-1\">Expansion Slot<\/td><td class=\"column-2\">Golden Finger<\/td><td class=\"column-3\">1 x PCIe x 16 Golden Finger<\/td>\n<\/tr>\n<tr class=\"row-8\">\n\t<td class=\"column-1\"><\/td><td class=\"column-2\">Mini-PCIe<\/td><td class=\"column-3\">4 x mPCIe (2 with mSATA supported)<\/td>\n<\/tr>\n<tr class=\"row-9\">\n\t<td class=\"column-1\"><\/td><td class=\"column-2\">MXM Slot<\/td><td class=\"column-3\">1 x MXM slot support MXM3.0\/3.1<\/td>\n<\/tr>\n<tr class=\"row-10\">\n\t<td class=\"column-1\">Display<\/td><td class=\"column-2\">Chipset<\/td><td class=\"column-3\">Intel\u00ae HD Graphics 500 Series<\/td>\n<\/tr>\n<tr class=\"row-11\">\n\t<td class=\"column-1\"><\/td><td class=\"column-2\">Display Type<\/td><td class=\"column-3\">DisplayPort, HDMI, VGA<\/td>\n<\/tr>\n<tr class=\"row-12\">\n\t<td class=\"column-1\">Audio<\/td><td class=\"column-2\">Codec<\/td><td class=\"column-3\">Realtek ALC888 High Definition Audio Codec<\/td>\n<\/tr>\n<tr class=\"row-13\">\n\t<td class=\"column-1\">Ethernet<\/td><td class=\"column-2\">Chipset<\/td><td class=\"column-3\">Intel\u00ae I210-IT &amp; I219-LM GbE LAN<\/td>\n<\/tr>\n<tr class=\"row-14\">\n\t<td class=\"column-1\">Rear I\/O<\/td><td class=\"column-2\">DisplayPort<\/td><td class=\"column-3\">7 (1 from CPU, 6 From MXM)<\/td>\n<\/tr>\n<tr class=\"row-15\">\n\t<td class=\"column-1\"><\/td><td class=\"column-2\">HDMI<\/td><td class=\"column-3\">1<\/td>\n<\/tr>\n<tr class=\"row-16\">\n\t<td class=\"column-1\"><\/td><td class=\"column-2\">Ethernet<\/td><td class=\"column-3\">4 x RJ45<br \/>\n<\/td>\n<\/tr>\n<tr class=\"row-17\">\n\t<td class=\"column-1\"><\/td><td class=\"column-2\">USB<\/td><td class=\"column-3\">4 x USB3.0<br \/>\n<\/td>\n<\/tr>\n<tr class=\"row-18\">\n\t<td class=\"column-1\">Internal I\/O<\/td><td class=\"column-2\">SATA<\/td><td class=\"column-3\">6 x SATAIII (6Gb\/s, reserve space) <\/td>\n<\/tr>\n<tr class=\"row-19\">\n\t<td class=\"column-1\"><\/td><td class=\"column-2\">COM<\/td><td class=\"column-3\">6 (2 x RS232\/422\/485, 4 x RS232)<br \/>\n<\/td>\n<\/tr>\n<tr class=\"row-20\">\n\t<td class=\"column-1\"><\/td><td class=\"column-2\">USB<\/td><td class=\"column-3\">2 x USB3.0, 4 x USB2.0<br \/>\n<\/td>\n<\/tr>\n<tr class=\"row-21\">\n\t<td class=\"column-1\"><\/td><td class=\"column-2\">VGA<\/td><td class=\"column-3\">CPU\/System fan connectors<\/td>\n<\/tr>\n<tr class=\"row-22\">\n\t<td class=\"column-1\"><\/td><td class=\"column-2\">Audio<\/td><td class=\"column-3\">Line-in, Line-out, Mic<\/td>\n<\/tr>\n<tr class=\"row-23\">\n\t<td class=\"column-1\"><\/td><td class=\"column-2\">DIO<\/td><td class=\"column-3\">16-bit (8 in\/8 out)<\/td>\n<\/tr>\n<tr class=\"row-24\">\n\t<td class=\"column-1\"><\/td><td class=\"column-2\">Fan<\/td><td class=\"column-3\">1 x CPU Fan, 1 x System Fan, 1 x MXM Fan<\/td>\n<\/tr>\n<tr class=\"row-25\">\n\t<td class=\"column-1\">Power Requirements<\/td><td class=\"column-2\">Input Voltage<\/td><td class=\"column-3\">12V DC (2 x 4-pin terminal block)<\/td>\n<\/tr>\n<tr class=\"row-26\">\n\t<td class=\"column-1\">OS support list<\/td><td class=\"column-2\">Windows<\/td><td class=\"column-3\">Windows 7 x32\/x64\u3001Windows 8 x32\/x64\u3001Windows 8.1 x32\/x64\u3001Windows 10 x32\/x64<\/td>\n<\/tr>\n<tr class=\"row-27\">\n\t<td class=\"column-1\"><\/td><td class=\"column-2\">Linux<\/td><td class=\"column-3\">Fedora 20\u3001Ubuntu 13.04\u3001Ubuntu 13.10\u3001Ubuntu 14.04<\/td>\n<\/tr>\n<tr class=\"row-28\">\n\t<td class=\"column-1\"><\/td><td class=\"column-2\"><strong>Mechanical and Environment<\/strong><\/td><td class=\"column-3\"><\/td>\n<\/tr>\n<tr class=\"row-29\">\n\t<td class=\"column-1\">Form Factor<\/td><td class=\"column-2\"><\/td><td class=\"column-3\">ATX<\/td>\n<\/tr>\n<tr class=\"row-30\">\n\t<td class=\"column-1\">Power type<\/td><td class=\"column-2\"><\/td><td class=\"column-3\">12 V DC, tryb AT\/ATX<br \/>\n<\/td>\n<\/tr>\n<tr class=\"row-31\">\n\t<td class=\"column-1\">Dimension<\/td><td class=\"column-2\"><\/td><td class=\"column-3\">305 x 244 mm (12\" x 9.6\")<\/td>\n<\/tr>\n<tr class=\"row-32\">\n\t<td class=\"column-1\">Operating Temp.<\/td><td class=\"column-2\"><\/td><td class=\"column-3\">-40\u00b0C to 85\u00b0C<br \/>\n<\/td>\n<\/tr>\n<tr class=\"row-33\">\n\t<td class=\"column-1\">Storage Temp.<\/td><td class=\"column-2\"><\/td><td class=\"column-3\">-40\u00b0C to 85\u00b0C<\/td>\n<\/tr>\n<tr class=\"row-34\">\n\t<td class=\"column-1\">Relative Humidity<\/td><td class=\"column-2\"><\/td><td class=\"column-3\">10% do 90%, non-condensing<\/td>\n<\/tr>\n<tr class=\"row-35\">\n\t<td class=\"column-1\"><\/td><td class=\"column-2\"><strong>TEST STANDARD<\/strong><br \/>\n<\/td><td class=\"column-3\"><\/td>\n<\/tr>\n<tr class=\"row-36\">\n\t<td class=\"column-1\">MIL-STD-810G Test<\/td><td class=\"column-2\">Method 507.5, Procedure II (Temperature &amp; Humidity)<br \/>\nMethod 501.5, Procedure I (Storage\/High Temperature)<br \/>\nMethod 501.5, Procedure II (Operation\/High Temperature)<br \/>\nMethod 502.5, Procedure I (Storage\/Low Temperature)<br \/>\nMethod 502.5, Procedure II (Operation\/Low Temperature)<br \/>\nMethod 503.5 Temperature Shock Procedure I-C \/ Storage<br \/>\n(Multi-cycle shocks from constant extreme temperature, Form 85\u2103 to -40\u2103, Three cycle) (Temperature shock)<\/td><td class=\"column-3\"><\/td>\n<\/tr>\n<\/tbody>\n<\/table>\n<!-- #tablepress-232 from cache -->\n","protected":false},"excerpt":{"rendered":"<p>INS8346B to p\u0142yta g\u0142\u00f3wna Mini ITX, oparta na chipsecie Intel\u00ae Q77 Express i zaprojektowana dla nowych 22nm procesor\u00f3w Intel\u00ae Core &#x2122; trzeciej generacji w gnie\u017adzie LGA1155.<\/p>\n","protected":false},"featured_media":11016,"template":"","meta":{"_acf_changed":false,"inline_featured_image":false,"_monsterinsights_skip_tracking":false,"_monsterinsights_sitenote_active":false,"_monsterinsights_sitenote_note":"","_monsterinsights_sitenote_category":0},"product_brand":[],"product_cat":[511,1584,633,509],"product_tag":[],"class_list":{"0":"post-5123","1":"product","2":"type-product","3":"status-publish","4":"has-post-thumbnail","6":"product_cat-komputery-jednoplytkowe-perfectron","7":"product_cat-komputery-jednoplytkowe-sbc-2","8":"product_cat-mini-itx-imb","9":"product_cat-perfectron","11":"first","12":"instock","13":"shipping-taxable","14":"product-type-simple"},"acf":[],"_links":{"self":[{"href":"https:\/\/quantum.com.pl\/pl\/wp-json\/wp\/v2\/product\/5123","targetHints":{"allow":["GET"]}}],"collection":[{"href":"https:\/\/quantum.com.pl\/pl\/wp-json\/wp\/v2\/product"}],"about":[{"href":"https:\/\/quantum.com.pl\/pl\/wp-json\/wp\/v2\/types\/product"}],"wp:featuredmedia":[{"embeddable":true,"href":"https:\/\/quantum.com.pl\/pl\/wp-json\/wp\/v2\/media\/11016"}],"wp:attachment":[{"href":"https:\/\/quantum.com.pl\/pl\/wp-json\/wp\/v2\/media?parent=5123"}],"wp:term":[{"taxonomy":"product_brand","embeddable":true,"href":"https:\/\/quantum.com.pl\/pl\/wp-json\/wp\/v2\/product_brand?post=5123"},{"taxonomy":"product_cat","embeddable":true,"href":"https:\/\/quantum.com.pl\/pl\/wp-json\/wp\/v2\/product_cat?post=5123"},{"taxonomy":"product_tag","embeddable":true,"href":"https:\/\/quantum.com.pl\/pl\/wp-json\/wp\/v2\/product_tag?post=5123"}],"curies":[{"name":"wp","href":"https:\/\/api.w.org\/{rel}","templated":true}]}}