{"id":5143,"date":"2019-10-24T15:33:23","date_gmt":"2019-10-24T13:33:23","guid":{"rendered":"https:\/\/quantum.com.pl\/?post_type=product&#038;p=5143"},"modified":"2022-03-29T15:04:37","modified_gmt":"2022-03-29T13:04:37","slug":"ins8335a","status":"publish","type":"product","link":"https:\/\/quantum.com.pl\/pl\/product\/ins8335a\/","title":{"rendered":"INS8335A"},"content":{"rendered":"<h4>Obudowa Mini ITX, procesor Intel\u00ae Ivy Bridge QM77, rozszerzona temperatura (0d -40\u00b0C do 85\u00b0C)<\/h4>\n<ul>\n<li>Procesor Intel\u00ae Ivy Bridge + Intel QM77 PCH<\/li>\n<li>Multi display: VGA, DVI, LVDS, HDMI<\/li>\n<li>Bogaty interfejs I\/O z 6 portami COM, 8 USB, 2 LAN, 4 SATA (2 SATAIII, 2 SATAII) i HD Audio<\/li>\n<li>Elastyczna rozbudowa dzi\u0119ki 1 x miniPCIe, 1 x PCIe i 1 x PCI<\/li>\n<li>8-bit DIO (4 in\/4 out)<\/li>\n<li>2 x RJ45 dla po\u0142\u0105czenia Ethernet<\/li>\n<li>Konstrukcja o napi\u0119ciu sta\u0142ym 9\u201324 V DC<\/li>\n<li>Rozszerzona temperatura pracy (-40\u00b0C do 85\u00b0C)<\/li>\n<\/ul>\n<p>INS8335A to przemys\u0142owa p\u0142yta g\u0142\u00f3wna o formacie <strong>Mini-ITX<\/strong>, zasilana procesorem <strong>Intel\u00ae Ivy Bridge 22 nm<\/strong> i mikrouk\u0142adem <strong>QM77<\/strong>. Procesor i7-3610QE + mikrouk\u0142ad Intel\u00ae QM77 zu\u017cywa tylko 45 W i 4,1 W. Obs\u0142uguje czterordzeniowo, jednak mo\u017ce przyspieszy\u0107 nawet do o\u015bmiu rdzeni. Te komponenty gwarantuj\u0105 ekstremaln\u0105 moc obliczeniow\u0105 i niezawodno\u015b\u0107. <strong>Szybko\u015b\u0107 zegara mo\u017cna zwi\u0119kszy\u0107 z 2,3 GHz do 3,3 GHz<\/strong>. Szeroki zakres wej\u015b\u0107 <strong>9 V DC ~ 24 V DC<\/strong> mo\u017ce chroni\u0107 p\u0142ytk\u0119 przed uszkodzeniami spowodowanymi nag\u0142ym skokiem napi\u0119cia. Rozszerzona temperatura pracy <strong>od -40\u00b0C do + 85\u00b0C<\/strong> zapewnia niezr\u00f3wnan\u0105 niezawodno\u015b\u0107. Szybki procesor wyposa\u017cono w bogate, starsze funkcje I\/O, takie jak: <strong>6 port\u00f3w COM (3 przez RS485 \/ 232\/422); 8 bit\u00f3w DIO; LPT; PS2.<\/strong> Mo\u017cliwo\u015b\u0107 rozszerzenia INS8335A s\u0105 szerokie &#8211; obs\u0142uguje <strong>1 x PCI, 1 x PCI_e i 1 x mPCI_e<\/strong>. Dzi\u0119ki r\u00f3\u017cnym mo\u017cliwo\u015bciom i du\u017cej mocy obliczeniowej, INS8335A mo\u017ce by\u0107 wykorzystywany w aplikacjach takich jak KIOSK o du\u017cych rozmiarach, identyfikacja twarzy i przemys\u0142 gier.<\/p>\n<h4>Turbo Boost &#8211; Pe\u0142na pr\u0119dko\u015b\u0107 pracy od 2,3 GHz do 3,3 GHz<\/h4>\n<p>Wydajne po\u0142\u0105czenie procesora Intel Ivy Bridge 22 nm i mikrouk\u0142adu QM77 przyczynia si\u0119 do pe\u0142nej pr\u0119dko\u015bci procesora. Dzi\u0119ki technologii Turbo Boost, rdze\u0144 procesora mo\u017ce dzia\u0142a\u0107 szybciej ni\u017c cz\u0119stotliwo\u015b\u0107 okre\u015blona w konfiguracji TDP, a cz\u0119stotliwo\u015b\u0107 taktowania mo\u017ce wzrosn\u0105\u0107 z 2,3 GHz do 3,3 GHz. Procesor i7-3610QE jest wyposa\u017cony w technologi\u0119 Intel\u00ae Turbo Boost 2.0, kt\u00f3ra mo\u017ce dynamicznie zwi\u0119ksza\u0107 cz\u0119stotliwo\u015b\u0107 przy maksymalnej mocy TDP wynosz\u0105cej zaledwie 45 W. O\u015bmiordzeniowa konstrukcja zapewnia najlepsz\u0105 wydajno\u015b\u0107 przy maksymalnej niezawodno\u015bci i stabilno\u015bci.<\/p>\n<h4>Szeroki zakres konstrukcji DC-in<\/h4>\n<p>Szeroki zakres wej\u015bciowy od 9 do 24 V zapewnia uniwersalno\u015b\u0107 stosowan\u0105 w r\u00f3\u017cnych systemach pr\u0105du sta\u0142ego. INS8335A to kompleksowe rozwi\u0105zanie zapewniaj\u0105ce elastyczno\u015b\u0107 dzia\u0142ania. Szeroki zakres DC-in chroni r\u00f3wnie\u017c przed uszkodzeniami spowodowanymi nag\u0142ymi wahaniami. Ten projekt ochrony nie tylko zmniejsza koszty, ale tak\u017ce zapewnia skalowalno\u015b\u0107 i eliminuje problemy zwi\u0105zane z przeprojektowaniem istniej\u0105cej architektury zasilania. W ten spos\u00f3b zagwarantowana jest odporno\u015b\u0107 na mocne korby nap\u0119dowe, a tak\u017ce przej\u015bciowe sytuacje przepi\u0119cia.<\/p>\n<h4>Zintegrowane rozwi\u0105zanie termiczne &#8211; po\u0142\u0105czenie czterech rur miedzianych z czystej miedzi i miedzianego radiatora<\/h4>\n<p>INS8335A z dynamicznym 4-rdzeniowym procesorem i7-3610QE oraz z 45-rdzeniowym procesorem 45 W, wymaga jednakowego rozwi\u0105zania termicznego na wysokim poziomie. Z\u0142otym \u015brodkiem w osi\u0105gni\u0119ciu maksymalnego rozproszeniu ciep\u0142a jest zaprojektowanie, a nast\u0119pnie wdro\u017cenie rur ciep\u0142a. Aby rozproszy\u0107 ciep\u0142o na poziomie p\u0142yty, aluminiowy radiator umieszcza si\u0119 bezpo\u015brednio na PCH. Pasywny wymiennik ciep\u0142a mo\u017ce rozprasza\u0107 ciep\u0142o do otaczaj\u0105cego medium. Zosta\u0142 zaprojektowany, aby zmaksymalizowa\u0107 powierzchni\u0119 w kontakcie z czynnikiem ch\u0142odz\u0105cym. Radiator wykonany jest z 96% czysto\u015bci aluminium, wysoko\u015bci 9,9 mm oraz wagi 11,5 g.<\/p>\n<p>W celu rozproszenia ciep\u0142a na poziomie systemu, zastosowano miedziany radiator i pasywnie ch\u0142odzon\u0105 obudow\u0119, aby stworzy\u0107 skuteczne \u015brodowisko rozpraszania. Struktura czterech rur miedzianych z czystej miedzi ma zapewni\u0107 najwy\u017csz\u0105 sprawno\u015b\u0107 ciepln\u0105. Rurki cieplne s\u0105 w stanie szybko rozproszy\u0107 ciep\u0142o generowane przez wewn\u0119trzny rdze\u0144 procesora podczas jego przetwarzania. Zgodnie z wynikami testu PERFECTRON, ka\u017cda rura cieplna z czystej miedzi ma zdolno\u015b\u0107 rozpraszania 9w ciep\u0142a. Po\u0142\u0105czenie czterech rurek cieplnych przenosi zdolno\u015b\u0107 rozpraszania na nowy poziom.<\/p>\n<p>Specjalnie zaprojektowany, zintegrowany radiator strukturalny i wbudowane rury cieplne stanowi\u0105 doskona\u0142e rozwi\u0105zanie termiczne typu ,,fanless&#8221;. Gdy procesor osi\u0105gnie 100% pe\u0142nej mocy, wdro\u017cenie czterech rur miedzianych z czyst\u0105 miedzi\u0105 o grubo\u015bci 6 mm (minimum) mo\u017ce utrzyma\u0107 pe\u0142n\u0105 pr\u0119dko\u015b\u0107 &#8211; 2,3 GHz!<\/p>\n","protected":false},"excerpt":{"rendered":"<p>INS8335A to przemys\u0142owa p\u0142yta g\u0142\u00f3wna o formacie Mini-ITX, zasilana procesorem Intel\u00ae Ivy Bridge 22 nm i mikrouk\u0142adem QM77. Procesor i7-3610QE + mikrouk\u0142ad Intel\u00ae QM77 zu\u017cywa tylko 45 W i 4,1 W. Obs\u0142uguje czterordzeniowo, jednak mo\u017ce przyspieszy\u0107 nawet do o\u015bmiu rdzeni. Te komponenty gwarantuj\u0105 ekstremaln\u0105 moc obliczeniow\u0105 i niezawodno\u015b\u0107.<\/p>\n","protected":false},"featured_media":11012,"template":"","meta":{"_acf_changed":false,"inline_featured_image":false,"_monsterinsights_skip_tracking":false,"_monsterinsights_sitenote_active":false,"_monsterinsights_sitenote_note":"","_monsterinsights_sitenote_category":0},"product_brand":[],"product_cat":[1584,511,633,509],"product_tag":[],"class_list":{"0":"post-5143","1":"product","2":"type-product","3":"status-publish","4":"has-post-thumbnail","6":"product_cat-komputery-jednoplytkowe-sbc-2","7":"product_cat-komputery-jednoplytkowe-perfectron","8":"product_cat-mini-itx-imb","9":"product_cat-perfectron","11":"first","12":"instock","13":"shipping-taxable","14":"product-type-simple"},"acf":[],"_links":{"self":[{"href":"https:\/\/quantum.com.pl\/pl\/wp-json\/wp\/v2\/product\/5143","targetHints":{"allow":["GET"]}}],"collection":[{"href":"https:\/\/quantum.com.pl\/pl\/wp-json\/wp\/v2\/product"}],"about":[{"href":"https:\/\/quantum.com.pl\/pl\/wp-json\/wp\/v2\/types\/product"}],"wp:featuredmedia":[{"embeddable":true,"href":"https:\/\/quantum.com.pl\/pl\/wp-json\/wp\/v2\/media\/11012"}],"wp:attachment":[{"href":"https:\/\/quantum.com.pl\/pl\/wp-json\/wp\/v2\/media?parent=5143"}],"wp:term":[{"taxonomy":"product_brand","embeddable":true,"href":"https:\/\/quantum.com.pl\/pl\/wp-json\/wp\/v2\/product_brand?post=5143"},{"taxonomy":"product_cat","embeddable":true,"href":"https:\/\/quantum.com.pl\/pl\/wp-json\/wp\/v2\/product_cat?post=5143"},{"taxonomy":"product_tag","embeddable":true,"href":"https:\/\/quantum.com.pl\/pl\/wp-json\/wp\/v2\/product_tag?post=5143"}],"curies":[{"name":"wp","href":"https:\/\/api.w.org\/{rel}","templated":true}]}}