{"id":5176,"date":"2019-10-25T11:23:26","date_gmt":"2019-10-25T09:23:26","guid":{"rendered":"https:\/\/quantum.com.pl\/?post_type=product&#038;p=5176"},"modified":"2022-03-29T14:52:49","modified_gmt":"2022-03-29T12:52:49","slug":"ins8320b","status":"publish","type":"product","link":"https:\/\/quantum.com.pl\/pl\/product\/ins8320b\/","title":{"rendered":"INS8320B"},"content":{"rendered":"<h4>Obudowa Mini ITX, procesor Intel\u00ae Cedarview N2600 na p\u0142ycie, rozszerzona temperatura (od -40\u00b0C do 85\u00b0C)<\/h4>\n<ul>\n<li>Intel\u00ae Cedarview N2600 CPU + Intel\u00ae NM10<\/li>\n<li>Pojedynczy \/ podw\u00f3jny kana\u0142 LVDS 18\/24 bit<\/li>\n<li>Bogaty interfejs I\/O z 10 portami COM, 7 USB, 2 LAN<\/li>\n<li>Elastyczna rozbudowa dzi\u0119ki 1 x mPCIe<\/li>\n<li>16bit DIO (8 in\/8 out)<\/li>\n<li>Konstrukcja o napi\u0119ciu sta\u0142ym 9V DC ~ 24V DC<\/li>\n<li>Rozszerzona temperatura pracy (od -40\u00b0C do 85\u00b0C)<\/li>\n<\/ul>\n<p>INS8320B to przemys\u0142owa p\u0142yta g\u0142\u00f3wna o formacie <strong>Mini-ITX<\/strong>, zaprojektowana z procesorem wbudowanym na p\u0142ycie procesora<strong> Intel\u00ae Cedarview N2600<\/strong>. Procesor N2600 obs\u0142uguje <strong>dwurdzeniowy rdze\u0144 1,6 GHz<\/strong>, oferuj\u0105c jedynie 3,5 W wyj\u0105tkowo niskiego zu\u017cycia energii przy wysokiej wydajno\u015bci. Dzi\u0119ki procesorowi wbudowanemu na p\u0142ycie, mo\u017cna znacznie zwi\u0119kszy\u0107 odporno\u015b\u0107 na wibracje i wstrz\u0105sy. Rozbudowany interfejs I\/O z <strong>10 portami COM<\/strong> i <strong>16-bitowym DIO<\/strong> mo\u017ce zwi\u0119kszy\u0107 mo\u017cliwo\u015bci pod\u0142\u0105czenia urz\u0105dzenia. Rozszerzony zakres temperatury pracy<strong> (od -40\u00b0C do +85\u00b0C)<\/strong> zapewnia niezr\u00f3wnan\u0105 niezawodno\u015b\u0107, a szeroki zakres DC-in <strong>(9V ~ 24V)<\/strong> mo\u017ce chroni\u0107 p\u0142ytk\u0119 przed uszkodzeniami spowodowanymi nag\u0142ym skokiem napi\u0119cia. INS8320B &#8211; wytrzyma\u0142y komputer jednop\u0142ytkowy SBC jest dobrym rozwi\u0105zaniem dla bran\u017cy automatyki i transportu.<\/p>\n<h4>Rozwi\u0105zanie termiczne dla systemu typu ,,fanless&#8221; &#8211; po\u0142\u0105czenie dw\u00f3ch rurek cieplnych z czystej miedzi i aluminiowego radiatora<\/h4>\n<p>Projektowanie termiczne jest rozwi\u0105zaniem dla maksymalnej redukcji ciep\u0142a. Dzi\u0119ki g\u00f3rnemu pasywnemu aluminiowemu radiatorowi i ch\u0142odzonej aluminiowej obudowie zastosowano efektywne \u015brodowisko rozpraszania &#8211; z dwiema miedzianymi rurkami cieplnymi o wysokiej wydajno\u015bci oraz aluminiowym radiatorem zapewniaj\u0105cym maksymaln\u0105 wydajno\u015b\u0107 ciepln\u0105. Miedziana rura pr\u00f3\u017cniowa Heat-Pipe ma efektywne przewodnictwo cieplne w zakresie od 5000 W\/m \u2022 K do 200 000 W\/m \u2022 K, aby skutecznie przenosi\u0107 ciep\u0142o ze \u017ar\u00f3d\u0142a ciep\u0142a do radiatora. To zaawansowane rozwi\u0105zanie termiczne umo\u017cliwia p\u0142ynne dzia\u0142anie systemu w zakresie temperatur od -40\u00b0C do 80\u00b0C bez zak\u0142\u00f3ce\u0144 procesora.<\/p>\n<h4>Skuteczne rozwi\u0105zanie ch\u0142odz\u0105ce dla maksymalnego rozpraszania ciep\u0142a<\/h4>\n<p>Perfectron wprowadza unikalne rozwi\u0105zanie ch\u0142odz\u0105ce z radiatorami miedzianym i aluminiowym. Aby przyj\u0105\u0107 w\u0142a\u015bciwo\u015bci fizyczne miedzi i aluminium, miedziany heat spreader dotyka \u017ar\u00f3d\u0142a ciep\u0142a &#8211; procesora i mikrouk\u0142adu szybko absorbuj\u0105c ciep\u0142o, by nast\u0119pnie przekaza\u0107 ciep\u0142o do g\u00f3rnego aluminiowego radiatora; aluminiowy radiator szybko rozprasza ciep\u0142o do otaczaj\u0105cego powietrza. Konstrukcja radiatora o kszta\u0142tach wysokim i niskim tworzy r\u00f3\u017cnic\u0119 temperatur, a nast\u0119pnie wytwarza przep\u0142yw powietrza. Linie fali po bocznej stronie radiatora mog\u0105 zwi\u0119kszy\u0107 interfejs rozpraszania od 30% do 40%. Dzi\u0119ki powy\u017cszej unikalnej konstrukcji mo\u017cna osi\u0105gn\u0105\u0107 maksymalne rozpraszanie ciep\u0142a.<\/p>\n","protected":false},"excerpt":{"rendered":"<p>INS8320B to przemys\u0142owa p\u0142yta g\u0142\u00f3wna o formacie Mini-ITX, zaprojektowana z procesorem wbudowanym na p\u0142ycie procesora Intel\u00ae Cedarview N2600. Procesor N2600 obs\u0142uguje dwurdzeniowy rdze\u0144 1,6 GHz, oferuj\u0105c jedynie 3,5 W wyj\u0105tkowo niskiego zu\u017cycia energii przy wysokiej wydajno\u015bci. Dzi\u0119ki procesorowi wbudowanemu na p\u0142ycie, mo\u017cna znacznie zwi\u0119kszy\u0107 odporno\u015b\u0107 na wibracje i wstrz\u0105sy.<\/p>\n","protected":false},"featured_media":11010,"template":"","meta":{"_acf_changed":false,"inline_featured_image":false,"_monsterinsights_skip_tracking":false,"_monsterinsights_sitenote_active":false,"_monsterinsights_sitenote_note":"","_monsterinsights_sitenote_category":0},"product_brand":[],"product_cat":[1584,511,633,509],"product_tag":[],"class_list":{"0":"post-5176","1":"product","2":"type-product","3":"status-publish","4":"has-post-thumbnail","6":"product_cat-komputery-jednoplytkowe-sbc-2","7":"product_cat-komputery-jednoplytkowe-perfectron","8":"product_cat-mini-itx-imb","9":"product_cat-perfectron","11":"first","12":"instock","13":"shipping-taxable","14":"product-type-simple"},"acf":[],"_links":{"self":[{"href":"https:\/\/quantum.com.pl\/pl\/wp-json\/wp\/v2\/product\/5176","targetHints":{"allow":["GET"]}}],"collection":[{"href":"https:\/\/quantum.com.pl\/pl\/wp-json\/wp\/v2\/product"}],"about":[{"href":"https:\/\/quantum.com.pl\/pl\/wp-json\/wp\/v2\/types\/product"}],"wp:featuredmedia":[{"embeddable":true,"href":"https:\/\/quantum.com.pl\/pl\/wp-json\/wp\/v2\/media\/11010"}],"wp:attachment":[{"href":"https:\/\/quantum.com.pl\/pl\/wp-json\/wp\/v2\/media?parent=5176"}],"wp:term":[{"taxonomy":"product_brand","embeddable":true,"href":"https:\/\/quantum.com.pl\/pl\/wp-json\/wp\/v2\/product_brand?post=5176"},{"taxonomy":"product_cat","embeddable":true,"href":"https:\/\/quantum.com.pl\/pl\/wp-json\/wp\/v2\/product_cat?post=5176"},{"taxonomy":"product_tag","embeddable":true,"href":"https:\/\/quantum.com.pl\/pl\/wp-json\/wp\/v2\/product_tag?post=5176"}],"curies":[{"name":"wp","href":"https:\/\/api.w.org\/{rel}","templated":true}]}}