{"id":5185,"date":"2019-10-25T11:45:19","date_gmt":"2019-10-25T09:45:19","guid":{"rendered":"https:\/\/quantum.com.pl\/?post_type=product&#038;p=5185"},"modified":"2022-03-29T14:51:42","modified_gmt":"2022-03-29T12:51:42","slug":"ins8313a","status":"publish","type":"product","link":"https:\/\/quantum.com.pl\/pl\/product\/ins8313a\/","title":{"rendered":"INS8313A"},"content":{"rendered":"<h4>Intel\u00ae Pineview D525 Mini-ITX Industrial MB, 12V DC-in<\/h4>\n<p>Obs\u0142uga dwurdzeniowego procesora Intel\u00ae Atom&#x2122; D525 z mikrouk\u0142adem Intel\u00ae ICH 8M PCH. Silnik graficzny Intel\u00ae GMA 3150 jest wbudowany w mikrouk\u0142ad, aby zapewni\u0107 wysok\u0105 wydajno\u015b\u0107 grafiki, wysok\u0105 jako\u015b\u0107 wizualn\u0105 i elastyczne opcje wy\u015bwietlania bez potrzeby posiadania oddzielnej karty graficznej. To idealne rozwi\u0105zanie do aplikacji takich jak kiosk, POS, UM, maszyny loteryjne, gry i automatyka przemys\u0142owa.<\/p>\n<ul>\n<li>Obs\u0142uguje procesor Intel\u00ae Pineview D525 na p\u0142ycie<\/li>\n<li>Podw\u00f3jny wy\u015bwietlacz VGA \/ LVDS<\/li>\n<li>1 x gniazdo Mini PCIe<\/li>\n<li>Podw\u00f3jna sie\u0107 LAN GbE<\/li>\n<li>9 x porty USB<\/li>\n<li>6 port\u00f3w COM z wyborem 5 V \/ 12V<\/li>\n<li>1 x RJ11 obs\u0142uguje szuflad\u0119 kasow\u0105<\/li>\n<li>12V DC-in &amp; 12V DC-out<\/li>\n<\/ul>\n<p>&nbsp;<\/p>\n","protected":false},"excerpt":{"rendered":"<p>Obs\u0142uga dwurdzeniowego procesora Intel\u00ae Atom&#x2122; D525 z mikrouk\u0142adem Intel\u00ae ICH 8M PCH. Silnik graficzny Intel\u00ae GMA 3150 jest wbudowany w mikrouk\u0142ad, aby zapewni\u0107 wysok\u0105 wydajno\u015b\u0107 grafiki, wysok\u0105 jako\u015b\u0107 wizualn\u0105 i elastyczne opcje wy\u015bwietlania bez potrzeby posiadania oddzielnej karty graficznej.<\/p>\n","protected":false},"featured_media":11008,"template":"","meta":{"_acf_changed":false,"inline_featured_image":false,"_monsterinsights_skip_tracking":false,"_monsterinsights_sitenote_active":false,"_monsterinsights_sitenote_note":"","_monsterinsights_sitenote_category":0},"product_brand":[],"product_cat":[1584,511,633,509],"product_tag":[],"class_list":{"0":"post-5185","1":"product","2":"type-product","3":"status-publish","4":"has-post-thumbnail","6":"product_cat-komputery-jednoplytkowe-sbc-2","7":"product_cat-komputery-jednoplytkowe-perfectron","8":"product_cat-mini-itx-imb","9":"product_cat-perfectron","11":"first","12":"instock","13":"shipping-taxable","14":"product-type-simple"},"acf":[],"_links":{"self":[{"href":"https:\/\/quantum.com.pl\/pl\/wp-json\/wp\/v2\/product\/5185","targetHints":{"allow":["GET"]}}],"collection":[{"href":"https:\/\/quantum.com.pl\/pl\/wp-json\/wp\/v2\/product"}],"about":[{"href":"https:\/\/quantum.com.pl\/pl\/wp-json\/wp\/v2\/types\/product"}],"wp:featuredmedia":[{"embeddable":true,"href":"https:\/\/quantum.com.pl\/pl\/wp-json\/wp\/v2\/media\/11008"}],"wp:attachment":[{"href":"https:\/\/quantum.com.pl\/pl\/wp-json\/wp\/v2\/media?parent=5185"}],"wp:term":[{"taxonomy":"product_brand","embeddable":true,"href":"https:\/\/quantum.com.pl\/pl\/wp-json\/wp\/v2\/product_brand?post=5185"},{"taxonomy":"product_cat","embeddable":true,"href":"https:\/\/quantum.com.pl\/pl\/wp-json\/wp\/v2\/product_cat?post=5185"},{"taxonomy":"product_tag","embeddable":true,"href":"https:\/\/quantum.com.pl\/pl\/wp-json\/wp\/v2\/product_tag?post=5185"}],"curies":[{"name":"wp","href":"https:\/\/api.w.org\/{rel}","templated":true}]}}