{"id":5200,"date":"2019-10-28T14:39:27","date_gmt":"2019-10-28T13:39:27","guid":{"rendered":"https:\/\/quantum.com.pl\/?post_type=product&#038;p=5200"},"modified":"2020-08-25T22:59:56","modified_gmt":"2020-08-25T20:59:56","slug":"ab20","status":"publish","type":"product","link":"https:\/\/quantum.com.pl\/pl\/product\/ab20\/","title":{"rendered":"AB20"},"content":{"rendered":"<h4>P\u0142yta g\u0142\u00f3wna Intel\u00ae Q170 ATX typu ,,rugged&#8221;, obs\u0142uguj\u0105ca procesor Core i7\/i5\/i3 Skylake-S<\/h4>\n<p>AB20 to solidna, przemys\u0142owa p\u0142yta g\u0142\u00f3wna ATX obs\u0142uguj\u0105ca procesory Intel\u00ae Core i7\/i5\/i3 LGA1151 6. generacji z wbudowan\u0105 grafik\u0105 Intel\u00ae HD Graphics. Dzi\u0119ki niezale\u017cnym funkcjom wy\u015bwietlania, w tym HDMI, DisplayPort i VGA, AB20 pozwala klientowi wybra\u0107 rodzaj wy\u015bwietlania zgodny z preferencjami. P\u0142yt\u0119 wyposa\u017cono w 4 wytrzyma\u0142e gniazda XR-DIMM DDR4 o zapewnionej maksymalnej pojemno\u015bci do 64 GB. Ponadto AB20 obs\u0142uguje r\u00f3\u017cne wej\u015bcia \/ wyj\u015bcia, w tym 4 x GbE Intel Gigabit Ethernet, 6 x SATAIII, 6 x USB 3.0, 4 x USB 2.0, 6 x COM, 4 x gniazdo Mini-PCIe, 2 x gniazdo SIM z Opcja modu\u0142u WIFI \/ 3G \/ 4G LTE. Posiadaj\u0105c konkurencyjn\u0105 wydajno\u015b\u0107 graficzn\u0105, 1 x gniazdo karty graficznej MXM obs\u0142uguje rozszerzony DisplayPort do 6 port\u00f3w. W celu przysz\u0142ego rozszerzenia funkcjonalno\u015bci, AB20 pozwala klientowi na obs\u0142ug\u0119 z\u0142\u0105czy ,,golden finger&#8221; oraz karty rozszerze\u0144 do gniazda PCI-E.<\/p>\n<h4>Dane techniczne<\/h4>\n<ul>\n<li>Obs\u0142uguje procesor Intel\u00ae LGA 1151 14nm Skylake-S<\/li>\n<li>Wytrzyma\u0142a pami\u0119\u0107 DDR4 1866\/2133 MHz typu Mezzanine, do 64 GB pami\u0119ci SDRAM<\/li>\n<li>Multi Display: VGA, HDMI, DisplayPort<\/li>\n<li>1 x gniazdo karty graficznej MXM (obs\u0142uguje rozszerzony DisplayPort do 6 port\u00f3w)<\/li>\n<li>4 x mPCIe (2 z obs\u0142ug\u0105 mSATA)<\/li>\n<li>6 x SATAIII, 4 x GbE<\/li>\n<li>6 x USB3.0, 4 x USB2.0<\/li>\n<li>6 x port COM<\/li>\n<li>16-bit DIO<\/li>\n<li>Temperatura pracy -40\u00b0C ~ 85\u00b0C<\/li>\n<li>12V DC in<\/li>\n<\/ul>\n\n<table id=\"tablepress-234\" class=\"tablepress tablepress-id-234\">\n<thead>\n<tr class=\"row-1\">\n\t<th class=\"column-1\"><strong>Model<\/strong><\/th><td class=\"column-2\"><\/td><th class=\"column-3\"><strong>INS8145A<\/strong><br \/>\n<\/th>\n<\/tr>\n<\/thead>\n<tbody class=\"row-striping row-hover\">\n<tr class=\"row-2\">\n\t<td class=\"column-1\">Mechanika i \u015brodowisko<\/td><td class=\"column-2\">Temperatura operacyjna<\/td><td class=\"column-3\">-20\u00b0C ~ +70\u00b0C<br \/>\n<\/td>\n<\/tr>\n<tr class=\"row-3\">\n\t<td class=\"column-1\">System<\/td><td class=\"column-2\">Typ CPU<\/td><td class=\"column-3\">Procesor Intel\u00ae LGA1155 Core i7 \/ i5 \/ i3<br \/>\nCore \u2122 i7-2600 3,4 GHz (pami\u0119\u0107 podr\u0119czna 8 MB, 95 W)<br \/>\nCore \u2122 i5-2400 3,1 GHz (pami\u0119\u0107 podr\u0119czna 6 MB, 95 W)<br \/>\nCore \u2122 i3-2120 3,3 GHz (pami\u0119\u0107 podr\u0119czna 3 MB, 65 W)<br \/>\nPentium\u00ae G850 2,9 GHz (pami\u0119\u0107 podr\u0119czna 3 MB, 65 W)<br \/>\nPentium\u00ae G540 2,5 GHz (pami\u0119\u0107 podr\u0119czna 2 MB, 65 W)<\/td>\n<\/tr>\n<tr class=\"row-4\">\n\t<td class=\"column-1\"><\/td><td class=\"column-2\">Chipset<\/td><td class=\"column-3\">Intel\u00ae Q67<\/td>\n<\/tr>\n<tr class=\"row-5\">\n\t<td class=\"column-1\"><\/td><td class=\"column-2\">Typ pami\u0119ci<\/td><td class=\"column-3\">4 x 240-pinowy dwukana\u0142owy modu\u0142 DDR3 LDIMM 1066\/1333 do 32 GB<\/td>\n<\/tr>\n<tr class=\"row-6\">\n\t<td class=\"column-1\"><\/td><td class=\"column-2\">iAMT<\/td><td class=\"column-3\">Obs\u0142uga iAMT 7.0<\/td>\n<\/tr>\n<tr class=\"row-7\">\n\t<td class=\"column-1\"><\/td><td class=\"column-2\">Zegar nadzoruj\u0105cy<\/td><td class=\"column-3\">1-255 sek. lub 1-255 min. programowalny software<br \/>\n<\/td>\n<\/tr>\n<tr class=\"row-8\">\n\t<td class=\"column-1\">Gniazdo rozszerze\u0144<\/td><td class=\"column-2\">PCIe x 16<\/td><td class=\"column-3\">1<\/td>\n<\/tr>\n<tr class=\"row-9\">\n\t<td class=\"column-1\"><\/td><td class=\"column-2\">PCIe x 4<\/td><td class=\"column-3\">1 (x 8 gniazd)<br \/>\n<\/td>\n<\/tr>\n<tr class=\"row-10\">\n\t<td class=\"column-1\"><\/td><td class=\"column-2\">PCIe x 1<\/td><td class=\"column-3\">1<\/td>\n<\/tr>\n<tr class=\"row-11\">\n\t<td class=\"column-1\"><\/td><td class=\"column-2\">PCI<\/td><td class=\"column-3\">4<\/td>\n<\/tr>\n<tr class=\"row-12\">\n\t<td class=\"column-1\">Wy\u015bwietlacz<\/td><td class=\"column-2\">Chipset<\/td><td class=\"column-3\">Zintegrowany silnik graficzny Intel\u00ae HD Grapics 3000<\/td>\n<\/tr>\n<tr class=\"row-13\">\n\t<td class=\"column-1\"><\/td><td class=\"column-2\">Rozdzielczo\u015b\u0107<\/td><td class=\"column-3\">Max. rozdzielczo\u015b\u0107 2048 x 1536 przy 60 Hz<\/td>\n<\/tr>\n<tr class=\"row-14\">\n\t<td class=\"column-1\"><\/td><td class=\"column-2\">Typ wy\u015bwietlacza<\/td><td class=\"column-3\">VGA+HDMI \/ VGA+DVI-D \/ VGA+HDMI<\/td>\n<\/tr>\n<tr class=\"row-15\">\n\t<td class=\"column-1\">Audio<\/td><td class=\"column-2\">Codec<\/td><td class=\"column-3\">Realtek ALC892 High Definition Audio Codec<\/td>\n<\/tr>\n<tr class=\"row-16\">\n\t<td class=\"column-1\">Ethernet<\/td><td class=\"column-2\">Chipset<\/td><td class=\"column-3\">Intel\u00ae 82579LM &amp; 82574L GbE LAN<\/td>\n<\/tr>\n<tr class=\"row-17\">\n\t<td class=\"column-1\">Tylny I\/O<\/td><td class=\"column-2\">VGA<\/td><td class=\"column-3\">1<\/td>\n<\/tr>\n<tr class=\"row-18\">\n\t<td class=\"column-1\"><\/td><td class=\"column-2\">DVI<\/td><td class=\"column-3\">1<\/td>\n<\/tr>\n<tr class=\"row-19\">\n\t<td class=\"column-1\"><\/td><td class=\"column-2\">HDMI<\/td><td class=\"column-3\">1<\/td>\n<\/tr>\n<tr class=\"row-20\">\n\t<td class=\"column-1\"><\/td><td class=\"column-2\">Ethernet<\/td><td class=\"column-3\">2<\/td>\n<\/tr>\n<tr class=\"row-21\">\n\t<td class=\"column-1\"><\/td><td class=\"column-2\">Audio<\/td><td class=\"column-3\">Mic-in, Line-in, Line-out<\/td>\n<\/tr>\n<tr class=\"row-22\">\n\t<td class=\"column-1\"><\/td><td class=\"column-2\">USB1.1\/2.0<\/td><td class=\"column-3\">4<\/td>\n<\/tr>\n<tr class=\"row-23\">\n\t<td class=\"column-1\"><\/td><td class=\"column-2\">COM<\/td><td class=\"column-3\">1 x RS232 \/ 422\/485 z wyborem 5V \/ 12V<\/td>\n<\/tr>\n<tr class=\"row-24\">\n\t<td class=\"column-1\"><\/td><td class=\"column-2\">PS\/2<\/td><td class=\"column-3\">1 x PS \/ 2 KB i mysz<\/td>\n<\/tr>\n<tr class=\"row-25\">\n\t<td class=\"column-1\">Wewn\u0119trzny I\/O<\/td><td class=\"column-2\">SATA<\/td><td class=\"column-3\">2 x SATAIII (6 Gb \/ s, miejsce na dysku)<br \/>\n4 x SATAII (3Gb \/ s, miejsce na dysku)<br \/>\n* 6 x SATA RAID (S \/ W 0, 1, 5, 10)<br \/>\n* 2 x SATAIII i 4 x SATAII oba obs\u0142uguj\u0105 RAID 0,1,5,10<\/td>\n<\/tr>\n<tr class=\"row-26\">\n\t<td class=\"column-1\"><\/td><td class=\"column-2\">COM<\/td><td class=\"column-3\">6<\/td>\n<\/tr>\n<tr class=\"row-27\">\n\t<td class=\"column-1\"><\/td><td class=\"column-2\">USB<\/td><td class=\"column-3\">14<\/td>\n<\/tr>\n<tr class=\"row-28\">\n\t<td class=\"column-1\"><\/td><td class=\"column-2\">LPT<\/td><td class=\"column-3\">1<\/td>\n<\/tr>\n<tr class=\"row-29\">\n\t<td class=\"column-1\"><\/td><td class=\"column-2\">Wentylator<\/td><td class=\"column-3\">Z\u0142\u0105cza wentylatora procesora \/ systemu<\/td>\n<\/tr>\n<\/tbody>\n<\/table>\n<!-- #tablepress-234 from cache -->\n","protected":false},"excerpt":{"rendered":"<p>AB20 to solidna, przemys\u0142owa p\u0142yta g\u0142\u00f3wna ATX obs\u0142uguj\u0105ca procesory Intel\u00ae Core i7\/i5\/i3 LGA1151 6. generacji z wbudowan\u0105 grafik\u0105 Intel\u00ae HD Graphics. Dzi\u0119ki niezale\u017cnym funkcjom wy\u015bwietlania, w tym HDMI, DisplayPort i VGA, AB20 pozwala klientowi wybra\u0107 rodzaj wy\u015bwietlania zgodny z preferencjami.<\/p>\n","protected":false},"featured_media":11002,"template":"","meta":{"_acf_changed":false,"inline_featured_image":false,"_monsterinsights_skip_tracking":false,"_monsterinsights_sitenote_active":false,"_monsterinsights_sitenote_note":"","_monsterinsights_sitenote_category":0},"product_brand":[],"product_cat":[651,1584,511,509],"product_tag":[],"class_list":{"0":"post-5200","1":"product","2":"type-product","3":"status-publish","4":"has-post-thumbnail","6":"product_cat-atx-imb","7":"product_cat-komputery-jednoplytkowe-sbc-2","8":"product_cat-komputery-jednoplytkowe-perfectron","9":"product_cat-perfectron","11":"first","12":"instock","13":"shipping-taxable","14":"product-type-simple"},"acf":[],"_links":{"self":[{"href":"https:\/\/quantum.com.pl\/pl\/wp-json\/wp\/v2\/product\/5200","targetHints":{"allow":["GET"]}}],"collection":[{"href":"https:\/\/quantum.com.pl\/pl\/wp-json\/wp\/v2\/product"}],"about":[{"href":"https:\/\/quantum.com.pl\/pl\/wp-json\/wp\/v2\/types\/product"}],"wp:featuredmedia":[{"embeddable":true,"href":"https:\/\/quantum.com.pl\/pl\/wp-json\/wp\/v2\/media\/11002"}],"wp:attachment":[{"href":"https:\/\/quantum.com.pl\/pl\/wp-json\/wp\/v2\/media?parent=5200"}],"wp:term":[{"taxonomy":"product_brand","embeddable":true,"href":"https:\/\/quantum.com.pl\/pl\/wp-json\/wp\/v2\/product_brand?post=5200"},{"taxonomy":"product_cat","embeddable":true,"href":"https:\/\/quantum.com.pl\/pl\/wp-json\/wp\/v2\/product_cat?post=5200"},{"taxonomy":"product_tag","embeddable":true,"href":"https:\/\/quantum.com.pl\/pl\/wp-json\/wp\/v2\/product_tag?post=5200"}],"curies":[{"name":"wp","href":"https:\/\/api.w.org\/{rel}","templated":true}]}}