{"id":5215,"date":"2019-10-28T15:02:46","date_gmt":"2019-10-28T14:02:46","guid":{"rendered":"https:\/\/quantum.com.pl\/?post_type=product&#038;p=5215"},"modified":"2022-03-29T14:09:40","modified_gmt":"2022-03-29T12:09:40","slug":"ins8153a","status":"publish","type":"product","link":"https:\/\/quantum.com.pl\/pl\/product\/ins8153a\/","title":{"rendered":"INS8153A"},"content":{"rendered":"<h4>Intel\u00aeC216 ATX Industrial MB, obs\u0142uguj\u0105cy Xeon E3, procesor Ivy Bridge<\/h4>\n<p>ATX C216 obs\u0142uguje rodzin\u0119 procesor\u00f3w LGA 1155 Intel\u00ae Xeon E3-1200v2 22 nm, kt\u00f3re oferuj\u0105 wy\u017csz\u0105 wydajno\u015b\u0107 przy ni\u017cszym zu\u017cyciu energii, zintegrowany silnik Intel\u00ae HD Graphics 4000 zapewniaj\u0105cy do 50% poprawy wydajno\u015bci grafiki 3D i transkodowanie do 1,8x HD. INS8153A to idealny wyb\u00f3r do wysokowydajnych automat\u00f3w do gier, system\u00f3w nadzoru, publicznego systemu informacyjno-rozrywkowego, sprz\u0119tu fitness, szybkiej komunikacji klasy serwerowej i innych aplikacji do oznakowania cyfrowego wysokiej rozdzielczo\u015bci.<\/p>\n<h4>Dane techniczne<\/h4>\n<ul>\n<li>Obs\u0142uguje procesor Intel\u00ae LGA 1155 22 nm Ivy Bridge<\/li>\n<li>Xeon\u00ae E3-1275v2 3,5 GHz (pami\u0119\u0107 podr\u0119czna 8 MB, 77 W)<\/li>\n<li>Xeon\u00ae E3-1225v2 3,2 GHz (pami\u0119\u0107 podr\u0119czna 8 MB, 77 W)<\/li>\n<li>Core &#x2122; i3-3220 3,3 GHz (pami\u0119\u0107 podr\u0119czna 3 MB, 65 W)<\/li>\n<li>Pentium\u00ae G2120 3,1 GHz (pami\u0119\u0107 podr\u0119czna 3 MB, 65 W)<\/li>\n<li>Multi Display: VGA, DVI-D, HDMI<\/li>\n<li>Cztery kana\u0142y DDR3 1066\/1333\/1600 MHz, do 32 GB<\/li>\n<li>2 x PCIe x16, 2 x PCIe x4, 3 x PCI, 1 x mPCIe (opcjonalna obs\u0142uga mSATA)<\/li>\n<li>2 x SATAIII, 2 x SATAII<\/li>\n<li>14 x port USB<\/li>\n<li>6 x port COM<\/li>\n<li>16-bit DIO<\/li>\n<\/ul>\n\n<table id=\"tablepress-236\" class=\"tablepress tablepress-id-236\">\n<thead>\n<tr class=\"row-1\">\n\t<th class=\"column-1\">GPU<\/th><th class=\"column-2\">GT 730M(N14M-GS-B-A1)<\/th>\n<\/tr>\n<\/thead>\n<tbody class=\"row-striping row-hover\">\n<tr class=\"row-2\">\n\t<td class=\"column-1\">Bus Type<\/td><td class=\"column-2\">PCI-Express 3.0\/2.0<\/td>\n<\/tr>\n<tr class=\"row-3\">\n\t<td class=\"column-1\">Core Name<\/td><td class=\"column-2\">GK210<\/td>\n<\/tr>\n<tr class=\"row-4\">\n\t<td class=\"column-1\">Process Technology<\/td><td class=\"column-2\">28 nm<\/td>\n<\/tr>\n<tr class=\"row-5\">\n\t<td class=\"column-1\">CUDA Cores<\/td><td class=\"column-2\">384 Cores<\/td>\n<\/tr>\n<tr class=\"row-6\">\n\t<td class=\"column-1\">GPU Clock<\/td><td class=\"column-2\">719 MHz<\/td>\n<\/tr>\n<tr class=\"row-7\">\n\t<td class=\"column-1\">Memory Amount<\/td><td class=\"column-2\">1024 MB<\/td>\n<\/tr>\n<tr class=\"row-8\">\n\t<td class=\"column-1\">Memory Type<\/td><td class=\"column-2\">DDR3<\/td>\n<\/tr>\n<tr class=\"row-9\">\n\t<td class=\"column-1\">Memory Clock<\/td><td class=\"column-2\">900 MHz<\/td>\n<\/tr>\n<tr class=\"row-10\">\n\t<td class=\"column-1\">Memory Interface<\/td><td class=\"column-2\">64-bit<\/td>\n<\/tr>\n<tr class=\"row-11\">\n\t<td class=\"column-1\">OS support<\/td><td class=\"column-2\">Win7, Win8 and Linux<\/td>\n<\/tr>\n<tr class=\"row-12\">\n\t<td class=\"column-1\">Display Support<\/td><td class=\"column-2\">Video decoder - H.264, VC1, MPEG2 1080p<br \/>\nDP x 4 - Up to 3840x2160<br \/>\nCRT x 1 (13 pin Header)- Up to 2048 x 1536<\/td>\n<\/tr>\n<tr class=\"row-13\">\n\t<td class=\"column-1\">Number of display<\/td><td class=\"column-2\">4 (Maximum)<\/td>\n<\/tr>\n<tr class=\"row-14\">\n\t<td class=\"column-1\">Supported Technologies<\/td><td class=\"column-2\">Optimus, GeForce Experence, TXAA, GPU Boost 2.0, PhysX, CUDA, FXAA, OpenCL, Direct Compute, PureVideo HD, HDCP, 3D Vision, OpenGL<\/td>\n<\/tr>\n<tr class=\"row-15\">\n\t<td class=\"column-1\">Board Information<\/td><td class=\"column-2\">Board Dimensions: 95.89 mm x 90.17 mm<br \/>\nStack Direction: UP (One way)<br \/>\nSupport Form Factor: StackPC and PCIe\/104<\/td>\n<\/tr>\n<\/tbody>\n<\/table>\n<!-- #tablepress-236 from cache -->\n","protected":false},"excerpt":{"rendered":"<p>INS8153A to idealny wyb\u00f3r do wysokowydajnych automat\u00f3w do gier, system\u00f3w nadzoru, publicznego systemu informacyjno-rozrywkowego, sprz\u0119tu fitness, szybkiej komunikacji klasy serwerowej i innych aplikacji do oznakowania cyfrowego wysokiej rozdzielczo\u015bci.<\/p>\n","protected":false},"featured_media":11006,"template":"","meta":{"_acf_changed":false,"inline_featured_image":false,"_monsterinsights_skip_tracking":false,"_monsterinsights_sitenote_active":false,"_monsterinsights_sitenote_note":"","_monsterinsights_sitenote_category":0},"product_brand":[],"product_cat":[651,1584,511,509],"product_tag":[],"class_list":{"0":"post-5215","1":"product","2":"type-product","3":"status-publish","4":"has-post-thumbnail","6":"product_cat-atx-imb","7":"product_cat-komputery-jednoplytkowe-sbc-2","8":"product_cat-komputery-jednoplytkowe-perfectron","9":"product_cat-perfectron","11":"first","12":"instock","13":"shipping-taxable","14":"product-type-simple"},"acf":[],"_links":{"self":[{"href":"https:\/\/quantum.com.pl\/pl\/wp-json\/wp\/v2\/product\/5215","targetHints":{"allow":["GET"]}}],"collection":[{"href":"https:\/\/quantum.com.pl\/pl\/wp-json\/wp\/v2\/product"}],"about":[{"href":"https:\/\/quantum.com.pl\/pl\/wp-json\/wp\/v2\/types\/product"}],"wp:featuredmedia":[{"embeddable":true,"href":"https:\/\/quantum.com.pl\/pl\/wp-json\/wp\/v2\/media\/11006"}],"wp:attachment":[{"href":"https:\/\/quantum.com.pl\/pl\/wp-json\/wp\/v2\/media?parent=5215"}],"wp:term":[{"taxonomy":"product_brand","embeddable":true,"href":"https:\/\/quantum.com.pl\/pl\/wp-json\/wp\/v2\/product_brand?post=5215"},{"taxonomy":"product_cat","embeddable":true,"href":"https:\/\/quantum.com.pl\/pl\/wp-json\/wp\/v2\/product_cat?post=5215"},{"taxonomy":"product_tag","embeddable":true,"href":"https:\/\/quantum.com.pl\/pl\/wp-json\/wp\/v2\/product_tag?post=5215"}],"curies":[{"name":"wp","href":"https:\/\/api.w.org\/{rel}","templated":true}]}}