{"id":5248,"date":"2019-10-28T16:30:26","date_gmt":"2019-10-28T15:30:26","guid":{"rendered":"https:\/\/quantum.com.pl\/?post_type=product&#038;p=5248"},"modified":"2020-08-25T23:02:42","modified_gmt":"2020-08-25T21:02:42","slug":"cpt10m","status":"publish","type":"product","link":"https:\/\/quantum.com.pl\/pl\/product\/cpt10m\/","title":{"rendered":"CPT10M"},"content":{"rendered":"<h4>Procesor Intel\u00ae Core&#x2122; i7 Broadwell, 9 V do 36 V DC-in, Rozszerzona temperatura (-40\u00b0C ~ 70\u00b0C)<\/h4>\n<ul>\n<li>Konstrukcja zapewniaj\u0105ca niezawodno\u015b\u0107 w wymagaj\u0105cych warunkach MIL-STD-810G &#8211; termiczne, wstrz\u0105sowe, wibracyjne, wilgotno\u015bciowe \/ EMI \/ EMC<\/li>\n<li>Wytrzyma\u0142a obudowa IP54 &#8211; aluminiowa, ze z\u0142\u0105czami M12<\/li>\n<li>Procesory Intel\u00ae Broadwell-U 5. generacji<\/li>\n<li>XR-DIMM DDR3L Do 16 GB<\/li>\n<li>Multi-Displays by 2 x DisplayPort<\/li>\n<li>2 x RJ45, 2 x wytrzyma\u0142e z\u0142\u0105cza Ethernet<\/li>\n<li>1 x Rugged Digital I\/O<\/li>\n<li>2 x USB 3.0, 2 x USB 2.0, 4 x porty COM (3 x RS232, 1x RS232 \/ 422\/485)<\/li>\n<li>Wej\u015bcie 9 V ~ 36 V DC przez z\u0142\u0105cze M12<\/li>\n<li>Rozszerzona temperatura (-40\u00b0C do 70\u00b0C)<\/li>\n<li>2 opcjonalne zasilanie dla zgodno\u015bci z EN50155<\/li>\n<\/ul>\n<p>CPT10M &#8211; wytrzyma\u0142y system <strong>MIL-STD-810G<\/strong> nap\u0119dzany przez wbudowany procesor <strong>Intel\u00ae Broadwell CPU 5. generacji z solidn\u0105 pami\u0119ci\u0105 RAM XR-DIMM<\/strong>. Posiada bogate wej\u015bcia \/ wyj\u015bcia z <strong>2 x USB 3.0, 2 x USB 2.0, 4 x port COM, 2 x port wyj\u015bciowy; wyj\u015bcia wideo i 4 x porty LAN z 2 z\u0142\u0105czami M12<\/strong>. CPT10M posiada mo\u017cliwo\u015b\u0107 pod\u0142\u0105czenia wielu urz\u0105dze\u0144. System zawiera <strong>2 x 2,5&#8243;SSD \/ HDD Tray<\/strong>, o maksymalnej pojemno\u015bci <strong>SATAIII 2 TB HDD i 512 GB SSD<\/strong>, umo\u017cliwiaj\u0105c masowe przechowywanie danych; ponadto <strong>2 x z\u0142\u0105cza SMA<\/strong> s\u0105 do\u0142\u0105czone do korzystania z 3G, WIFI lub GPS. CPT10M jest w stanie pracowa\u0107 w podwy\u017cszonej temperaturze od <strong>-40\u00b0C do 70\u00b0C<\/strong>, a jego wytrzyma\u0142a konstrukcja <strong>spe\u0142nia normy MIL-STD-810G i EN50155<\/strong>, umo\u017cliwiaj\u0105c wykorzystanie systemu w komputerach wbudowanych, kontrol\u0119 proces\u00f3w, inteligentn\u0105 automatyzacj\u0119 i zastosowania produkcyjne, nadz\u00f3r kolejowy , system informacji dla pasa\u017cer\u00f3w, interfejs maszynisty, zarz\u0105dzanie poci\u0105gami i ich stosowanie.<\/p>\n<h4>MIL-STD-810G standard<\/h4>\n<p>CPT10M zosta\u0142 zaprojektowany zgodnie ze standardem MIL-STD-810G w zakresie podwy\u017cszonej temperatury, wstrz\u0105s\u00f3w, wibracji, wilgotno\u015bci i warunk\u00f3w EMI \/ EMC. Standard MIL-STD-810G jest uwa\u017cany za najbardziej presti\u017cowy, kt\u00f3ry gwarantuje najwy\u017csz\u0105 jako\u015b\u0107 i stabilno\u015b\u0107 podczas pracy w ekstremalnie trudnych warunkach. Test zawiera\u0142 szereg procedur testowych dotycz\u0105cych odporno\u015bci na wstrz\u0105sy, wibracje, kurz, wilgo\u0107 oraz ekstremalne temperatury. CPT10M zosta\u0142 zaprojektowany w\u0142\u0105czaj\u0105c kluczowe komponenty &#8211; wbudowany procesor na p\u0142ycie w celu zwi\u0119kszenia odporno\u015bci na wstrz\u0105sy i wibracje.<\/p>\n<h4>Zgodno\u015b\u0107 z norm\u0105 EN50155<\/h4>\n<p>EN50155 to mi\u0119dzynarodowa norma obejmuj\u0105ca sprz\u0119t elektroniczny stosowany w aplikacjach kolejowych. Standard obejmuje aspekty dotycz\u0105ce temperatury, wilgotno\u015bci, wstrz\u0105s\u00f3w, wibracji itd. CPT10M jest zgodny z podstawowymi sekcjami normy EN50155.<\/p>\n<h4>Ruchome tacki SSD \/ HDD<\/h4>\n<p>CPT10M zosta\u0142 zaprojektowany, aby spe\u0142ni\u0107 wymagania r\u00f3\u017cnych aplikacji. W celu zwi\u0119kszenia elastyczno\u015bci system zosta\u0142 wyposa\u017cony w 2 wymienne tacki SSD \/ HDD. CPT10M jest idealnym rozwi\u0105zaniem dla aplikacji, kt\u00f3re wymagaj\u0105 mo\u017cliwego usuni\u0119cia pami\u0119ci danych, takich jak rejestrator zdarze\u0144 poci\u0105gu.<\/p>\n<h4>Wytrzyma\u0142e z\u0142\u0105cza typu M12<\/h4>\n<p>W CPT10M zastosowano solidne i niezawodne z\u0142\u0105cza M12, kt\u00f3re zapewniaj\u0105 maksymaln\u0105 stabilno\u015b\u0107 oraz ochron\u0119. Z\u0142\u0105cza M12 mog\u0105 bezpiecznie uszczelni\u0107 obszar z\u0142\u0105cza i zapobiec utracie kabla, aby zapewni\u0107 wydajn\u0105 prac\u0119 nawet w najci\u0119\u017cszych warunkach. Wolne po\u0142\u0105czenia wtykowe musz\u0105 by\u0107 chronione lub zamkni\u0119te. Do tego celu nadaj\u0105 si\u0119 korki gwintowane czy za\u015blepki wykonane z tworzywa sztucznego lub metalu.<\/p>\n<h4>Szerokie napi\u0119cie wej\u015bciowe zasilania 9V~36V<\/h4>\n<p>Aby sprosta\u0107 wszelkim wyzwaniom zwi\u0105zanym z aplikacj\u0105, zaprojektowany system o szerokim zakresie zapewnia maksymaln\u0105 niezawodno\u015b\u0107 i stabilno\u015b\u0107. Konstrukcja wej\u015bciowa o szerokim napi\u0119ciu zasilania (9\u201336 V) mo\u017ce chroni\u0107 system przed uszkodzeniami spowodowanymi nag\u0142ym skokiem napi\u0119cia, a tym samym dodatkowo zapewnia niezawodno\u015b\u0107 jego krytycznych element\u00f3w czy samego systemu.<\/p>\n","protected":false},"excerpt":{"rendered":"<p>CPT10M &#8211; wytrzyma\u0142y system MIL-STD-810G nap\u0119dzany przez wbudowany procesor Intel\u00ae Broadwell CPU 5. generacji z solidn\u0105 pami\u0119ci\u0105 RAM XR-DIMM. Posiada bogate wej\u015bcia \/ wyj\u015bcia z 2 x USB 3.0, 2 x USB 2.0, 4 x port COM, 2 x port wyj\u015bciowy; wyj\u015bcia wideo i 4 x porty LAN z 2 z\u0142\u0105czami M12. CPT10M posiada mo\u017cliwo\u015b\u0107 pod\u0142\u0105czenia wielu urz\u0105dze\u0144.<\/p>\n","protected":false},"featured_media":10881,"template":"","meta":{"_acf_changed":false,"inline_featured_image":false,"_monsterinsights_skip_tracking":false,"_monsterinsights_sitenote_active":false,"_monsterinsights_sitenote_note":"","_monsterinsights_sitenote_category":0},"product_brand":[],"product_cat":[1603,383,531,1591,509],"product_tag":[],"class_list":{"0":"post-5248","1":"product","2":"type-product","3":"status-publish","4":"has-post-thumbnail","6":"product_cat-kolejnictwo-i-transport","7":"product_cat-komputery-kolejnictwo-en50155","8":"product_cat-komputery-typu-rugged","9":"product_cat-komputery-rugged","10":"product_cat-perfectron","12":"first","13":"instock","14":"shipping-taxable","15":"product-type-simple"},"acf":[],"_links":{"self":[{"href":"https:\/\/quantum.com.pl\/pl\/wp-json\/wp\/v2\/product\/5248","targetHints":{"allow":["GET"]}}],"collection":[{"href":"https:\/\/quantum.com.pl\/pl\/wp-json\/wp\/v2\/product"}],"about":[{"href":"https:\/\/quantum.com.pl\/pl\/wp-json\/wp\/v2\/types\/product"}],"wp:featuredmedia":[{"embeddable":true,"href":"https:\/\/quantum.com.pl\/pl\/wp-json\/wp\/v2\/media\/10881"}],"wp:attachment":[{"href":"https:\/\/quantum.com.pl\/pl\/wp-json\/wp\/v2\/media?parent=5248"}],"wp:term":[{"taxonomy":"product_brand","embeddable":true,"href":"https:\/\/quantum.com.pl\/pl\/wp-json\/wp\/v2\/product_brand?post=5248"},{"taxonomy":"product_cat","embeddable":true,"href":"https:\/\/quantum.com.pl\/pl\/wp-json\/wp\/v2\/product_cat?post=5248"},{"taxonomy":"product_tag","embeddable":true,"href":"https:\/\/quantum.com.pl\/pl\/wp-json\/wp\/v2\/product_tag?post=5248"}],"curies":[{"name":"wp","href":"https:\/\/api.w.org\/{rel}","templated":true}]}}