{"id":5257,"date":"2019-10-28T17:17:37","date_gmt":"2019-10-28T16:17:37","guid":{"rendered":"https:\/\/quantum.com.pl\/?post_type=product&#038;p=5257"},"modified":"2022-03-07T15:25:55","modified_gmt":"2022-03-07T14:25:55","slug":"cloud12","status":"publish","type":"product","link":"https:\/\/quantum.com.pl\/pl\/product\/cloud12\/","title":{"rendered":"Cloud12"},"content":{"rendered":"<h4>Komputer panelowy typu ,,rugged&#8221; z funkcj\u0105 orientacji sytuacyjnej, 12,1-calowy panel dotykowy; szk\u0142o-folia szklana; procesor Intel Xeon E3-1505L V5, rozszerzona temperatura -30\u00b0C do +60\u00b0C<\/h4>\n<ul>\n<li>5-przewodowy rezystancyjny dotyk z powierzchni\u0105 zapobiegaj\u0105c\u0105 zadrapaniom<\/li>\n<li>Wytrzyma\u0142a aluminiowa obudowa IP65 &#8211; ze z\u0142\u0105czami MIL-DTL-38999<\/li>\n<li>1000 nit\u00f3w, kompatybilny z Sunlight Readable<\/li>\n<li>Panel dotykowy szk\u0142o-szk\u0142o 12,1&#8243;\/ 15&#8221;<\/li>\n<li>DC-IN 9V~36V<\/li>\n<li>Programowalne klawisze funkcyjne<\/li>\n<li>Spe\u0142nia normy MIL-STD-461, MIL-STD-1275, MIL-STD-704, MIL-STD-810G<\/li>\n<li>Rozszerzona temperatura (-30\u00b0C do +60\u00b0C)<\/li>\n<\/ul>\n<p>STACKRACK oferuje Cloud12 &#8211; wzmocniony komputer panelowy o krytycznym znaczeniu, kt\u00f3ry mo\u017cna zintegrowa\u0107 z r\u00f3\u017cnymi rodzajami czujnik\u00f3w: szerokok\u0105tn\u0105 kamer\u0105 wideo o wysokiej rozdzielczo\u015bci, przedni\u0105 i tyln\u0105 kamer\u0105 na podczerwie\u0144, czujnikiem wiatru bocznego itd. Pomimo systemu dystrybucji kamer i wideo, dzia\u0142aj\u0105cego 24 godziny na dob\u0119, Cloud12 jest w stanie poradzi\u0107 sobie z du\u017c\u0105 transmisj\u0105 danych w \u015brodowisku o wysokiej temperaturze, zachowuj\u0105c przy tym wysok\u0105 wydajno\u015b\u0107 obliczeniow\u0105. W przypadku procesora Intel\u00ae Xeon E3-1505L V5 mo\u017ce on pracowa\u0107 z pe\u0142n\u0105 pr\u0119dko\u015bci\u0105 bez zak\u0142\u00f3ce\u0144 do 40oC. Cloud12 jest kompatybilny z kart\u0105 graficzn\u0105 NVIDIA Geforce GTX1050, kt\u00f3ra w wysokiej rozdzielczo\u015bci przetwarza obraz umo\u017cliwiaj\u0105c wy\u015bwietlanie wizualne. Do r\u00f3wnocze\u015bnie skutecznego \u0142\u0105czenia, odbierania i przetwarzania informacji potrzebny jest komputer o strukturze CPUGPU. Cloud12 mo\u017ce by\u0107 stosowany zar\u00f3wno w pojazdach l\u0105dowych, jak i okr\u0119tach wojennych. Wspiera \u017co\u0142nierzy i operator\u00f3w w podejmowaniu natychmiastowych i dok\u0142adnych dzia\u0142a\u0144 w ka\u017cdej misji.<\/p>\n<h4>MIL-STD-461<\/h4>\n<p>MIL-STD-461 jest standardem wojskowym, kt\u00f3ry ustanawia limity zak\u0142\u00f3ce\u0144 elektromagnetycznych (EMI) i procedury testowania sprz\u0119tu wojskowego. EMI sk\u0142ada si\u0119 z wszelkich niepo\u017c\u0105danych sygna\u0142\u00f3w, \u201eszum\u00f3w\u201d, generowanych przez sprz\u0119t elektroniczny. Kontrolowanie EMI ma kluczowe znaczenie w zastosowaniach wojskowych. Mo\u017ce powodowa\u0107 interferencj\u0119 z innym sprz\u0119tem i by\u0107 wykrywanym przez wroga.<\/p>\n<h4>Super Vrightness 1000 nit\u00f3w<\/h4>\n<p>Przy bezpo\u015brednim, jasnym \u015bwietle s\u0142onecznym istnieje ryzyko niewidocznego ekranu. Operatorzy nie mog\u0105 \u0142atwo odczyta\u0107 informacji, trac\u0105c zdolno\u015b\u0107 \u015bwiadomo\u015bci sytuacyjnej. Co gorsza, dow\u00f3dca mo\u017ce zosta\u0107 wprowadzony w b\u0142\u0105d przez niew\u0142a\u015bciw\u0105 interpretacj\u0119, co spowoduje szkodliwe podejmowanie decyzji. Aby unika\u0107 takich sytuacji, Cloud12 posiada znacznie wi\u0119ksz\u0105 liczb\u0119 pod\u015bwietle\u0144 LED ni\u017c standardowe monitory, zwi\u0119kszaj\u0105c jasno\u015b\u0107 ekranu do 1000 nit\u00f3w (cd\/m\u00b2).<\/p>\n<h4>24-wielofunkcyjny klawisz programowalny<\/h4>\n<p>Klawisz funkcyjny mo\u017cna zaprogramowa\u0107 do wykonania okre\u015blonego zadania. Klawiatury specjalne wymagaj\u0105 dodatkowego oprogramowania, kt\u00f3re umo\u017cliwia programowanie takich klawiszy. Cloud12 jest wyposa\u017cony w maksymalnie 28 wytrzyma\u0142ych klawiszy funkcyjnych wykonanych dzi\u0119ki narz\u0119dziu ,,rubber-tooling&#8221;. Wymiary klawiatury wynosz\u0105 16 x 16 mm, co umo\u017cliwia wielokrotne i elastyczne u\u017cytkowanie. Niezale\u017cnie od zastosowania w nawigacji czy nadzorze morskim, lotniczym, wojskowych pojazdach naziemnych, programowalne klawisze funkcyjne zapewniaj\u0105 wygodn\u0105 aplikacj\u0119 w szybkim tempie krytycznej misji bojowej.<\/p>\n","protected":false},"excerpt":{"rendered":"<p>STACKRACK oferuje Cloud12 &#8211; wzmocniony komputer panelowy o krytycznym znaczeniu, kt\u00f3ry mo\u017cna zintegrowa\u0107 z r\u00f3\u017cnymi rodzajami czujnik\u00f3w: szerokok\u0105tn\u0105 kamer\u0105 wideo o wysokiej rozdzielczo\u015bci, przedni\u0105 i tyln\u0105 kamer\u0105 na podczerwie\u0144, czujnikiem wiatru bocznego itd. Pomimo systemu dystrybucji kamer i wideo, dzia\u0142aj\u0105cego 24 godziny na dob\u0119, Cloud12 jest w stanie poradzi\u0107 sobie z du\u017c\u0105 transmisj\u0105 danych w \u015brodowisku o wysokiej temperaturze, zachowuj\u0105c przy tym wysok\u0105 wydajno\u015b\u0107 obliczeniow\u0105.<\/p>\n","protected":false},"featured_media":11108,"template":"","meta":{"_acf_changed":false,"inline_featured_image":false,"_monsterinsights_skip_tracking":false,"_monsterinsights_sitenote_active":false,"_monsterinsights_sitenote_note":"","_monsterinsights_sitenote_category":0},"product_brand":[],"product_cat":[1599,665,509,1602,1565],"product_tag":[],"class_list":{"0":"post-5257","1":"product","2":"type-product","3":"status-publish","4":"has-post-thumbnail","6":"product_cat-monitory-i-wyswietlacze","7":"product_cat-monitory-przemyslowe-wojskowe","8":"product_cat-perfectron","9":"product_cat-przemysl-wojskowy","10":"product_cat-zastosowania","12":"first","13":"instock","14":"shipping-taxable","15":"product-type-simple"},"acf":[],"_links":{"self":[{"href":"https:\/\/quantum.com.pl\/pl\/wp-json\/wp\/v2\/product\/5257","targetHints":{"allow":["GET"]}}],"collection":[{"href":"https:\/\/quantum.com.pl\/pl\/wp-json\/wp\/v2\/product"}],"about":[{"href":"https:\/\/quantum.com.pl\/pl\/wp-json\/wp\/v2\/types\/product"}],"wp:featuredmedia":[{"embeddable":true,"href":"https:\/\/quantum.com.pl\/pl\/wp-json\/wp\/v2\/media\/11108"}],"wp:attachment":[{"href":"https:\/\/quantum.com.pl\/pl\/wp-json\/wp\/v2\/media?parent=5257"}],"wp:term":[{"taxonomy":"product_brand","embeddable":true,"href":"https:\/\/quantum.com.pl\/pl\/wp-json\/wp\/v2\/product_brand?post=5257"},{"taxonomy":"product_cat","embeddable":true,"href":"https:\/\/quantum.com.pl\/pl\/wp-json\/wp\/v2\/product_cat?post=5257"},{"taxonomy":"product_tag","embeddable":true,"href":"https:\/\/quantum.com.pl\/pl\/wp-json\/wp\/v2\/product_tag?post=5257"}],"curies":[{"name":"wp","href":"https:\/\/api.w.org\/{rel}","templated":true}]}}