{"id":5265,"date":"2019-10-29T09:18:58","date_gmt":"2019-10-29T08:18:58","guid":{"rendered":"https:\/\/quantum.com.pl\/?post_type=product&#038;p=5265"},"modified":"2022-03-07T15:25:31","modified_gmt":"2022-03-07T14:25:31","slug":"cloud15","status":"publish","type":"product","link":"https:\/\/quantum.com.pl\/pl\/product\/cloud15\/","title":{"rendered":"Cloud15"},"content":{"rendered":"<h4>Komputer panelowy typu ,,rugged&#8221; MIL-STD-810G z procesorem Broadwell Intel\u00ae Core&#x2122; i7-5650U, z\u0142\u0105cza MIL-DTL-38999<\/h4>\n<ul>\n<li>Intel\u00ae Broadwell BGA i7-5650U (2 rdzenie x 2,2 GHz, 15 W)<\/li>\n<li>2 x DDR3L XR-DIMM do 16 GB<\/li>\n<li>Wbudowany dysk SSD SATAIII 64 GB, 2 x mPCIe (1 z obs\u0142ugiwanym mSATA)<\/li>\n<li>15-calowa kolorowa rozdzielczo\u015b\u0107 LCD XGA<\/li>\n<li>Dotyk rezystancyjny (GFG)<\/li>\n<li>Stopie\u0144 ochrony IP65<\/li>\n<li>Aluminiowa obudowa<\/li>\n<li>Ch\u0142odzenie konwekcyjne<\/li>\n<li>Czytelny w s\u0142o\u0144cu i zgodny z NVIS<\/li>\n<li>IR Touch (wed\u0142ug opcji)<\/li>\n<li>EMI Mesh (wed\u0142ug opcji)<\/li>\n<\/ul>\n<p>Komputer panelowy STACKRACK Cloud15 typu ,,rugged&#8221;, zachowuj\u0105cy wyj\u0105tkowe cechy SKY15, z super jasno\u015bci\u0105 LCD do 1000 nit\u00f3w i noktowizorem (NVIS) poni\u017cej 1,7 nit\u00f3w, z optycznym wi\u0105zaniem ekran\u00f3w dotykowych ze szk\u0142a ochronnego (GFG), filtrowaniem EMI \/ ekranowaniem siatki EMI oraz pow\u0142okami antyrefleksyjn\u0105 \/ antyodblaskow\u0105 (AR \/ AG). Cloud15 posiada r\u00f3wnie\u017c wbudowany modu\u0142 procesora OXY5638B. Cloud15 zosta\u0142 zaprojektowany z wodoodporn\u0105 i py\u0142oszczeln\u0105 obudow\u0105 wykonan\u0105 w ca\u0142o\u015bci z aluminium, obs\u0142uguj\u0105c\u0105 rozszerzony zakres temperatur pracy od -30\u00b0C do 65\u00b0C i elastycznie obs\u0142uguj\u0105cy rozszerzony zakres mocy wej\u015bciowej pr\u0105du sta\u0142ego od 16 V do 50 V.<\/p>\n<h4>System C4ISR typu ,,rugged&#8221; oparty na kompaktowym rdzeniu I<\/h4>\n<p>Sterowany przez procesor Intel 5. generacji Broadwell i7-5650U wbudowany na p\u0142ycie, zapewniaj\u0105cy podw\u00f3jny rdze\u0144 taktowania 3,2 GHz przy niskim zu\u017cyciu energii 9,5 W. Dzi\u0119ki wyj\u0105tkowej wydajno\u015bci procesora i grafiki obs\u0142ugiwanej przez procesor Broadwell, a tak\u017ce mo\u017cliwej instalacji dodatkowej funkcji OXY5638B, takiej jak modu\u0142 CAN BUS i karta przechwytuj\u0105ca wideo, CLOUD15\u00a0funkcjonuje jako konkurencyjny komputer panelowy do aplikacji C4ISR. STACKRACK CLOUD15 to idealne rozwi\u0105zanie zar\u00f3wno do bitwy l\u0105dowej, jak i morskiej. Dzi\u0119ki wieloz\u0142\u0105czu z komputerem obliczeniowym, czujnikiem i uk\u0142adowi sterowania, odbieraj\u0105c informacje z komputera przetwarzaj\u0105cego obraz \u0142\u0105cz\u0105cego si\u0119 z urz\u0105dzeniami monitoruj\u0105cymi, CLOUD15 w pe\u0142ni wykorzystuje swoj\u0105 przewag\u0119 w zakresie nadzoru.<\/p>\n<h4>Super jasno\u015b\u0107 1000 nit\u00f3w i noktowizor poni\u017cej 1,7 nit\u00f3w<\/h4>\n<p>Wzmocniony komputer STACKRACK Cloud15 wyposa\u017cony w podw\u00f3jny system sterowania pod\u015bwietleniem LED, mo\u017ce obs\u0142ugiwa\u0107 czytelny w s\u0142o\u0144cu i wyj\u0105tkowo niski wgl\u0105d w okulary noktowizyjne. Prze\u0142\u0105czaj\u0105c klucz sprz\u0119towy, operator mo\u017ce wybra\u0107 tryb standardowy lub tryb noktowizyjny w przypadku niew\u0142a\u015bciwego u\u017cycia i uszkodzenia urz\u0105dze\u0144 optycznych noktowizyjnych.<\/p>\n<p>Gdy system znajduje si\u0119 w trybie standardowym, operator mo\u017ce regulowa\u0107 jasno\u015b\u0107 zdalnie za pomoc\u0105 oprogramowania lub lokalnie za pomoc\u0105 klucza sprz\u0119towego, aby zmieni\u0107 go na ja\u015bniejszy lub ciemniejszy. Gdy operator prze\u0142\u0105czy go w tryb noktowizyjny, jasno\u015b\u0107 wy\u015bwietlacza spadnie do domy\u015blnych 1,7 nit\u00f3w. Funkcja regulacji jasno\u015bci blokuje si\u0119 automatycznie, a wy\u015bwietlacz natychmiast przygotowuje si\u0119 do niskiej jasno\u015bci po uruchomieniu, jednocze\u015bnie chroni\u0105c korzystanie z urz\u0105dze\u0144 noktowizyjnych.<\/p>\n<h4>MIL-STD 810G, MIL-STD 461F i pe\u0142na ochrona IP65<\/h4>\n<p>Cloud15 jako wytrzyma\u0142y wy\u015bwietlacz wojskowy spe\u0142nia norm\u0119 MIL-STD-810 dotycz\u0105c\u0105 wstrz\u0105s\u00f3w, wibracji, wilgotno\u015bci, wysokiej \/ niskiej temperatury i szoku temperaturowego; oraz standard MIL-STD-461 dla EMI i EMC, pod wzgl\u0119dem wielko\u015bci, wagi i mocy.<\/p>\n<p>Standard MIL-STD-810 to standard wojskowy ustanowiony przez Departament Obrony Stan\u00f3w Zjednoczonych, uwa\u017cany za najwa\u017cniejszy w aspektach wytrzyma\u0142o\u015bci wojskowej. Zapewnia szereg procedur testowych w zakresie odporno\u015bci na wodoodporno\u015b\u0107, wstrz\u0105sy, wibracje, kurz, wilgo\u0107 i ekstremalne temperatury. Cloud15 jest zaprojektowany, aby przej\u015b\u0107 seri\u0119 test\u00f3w dotycz\u0105cych trudnych warunk\u00f3w.<\/p>\n<p>Cloud15 zosta\u0142 zaprojektowany i przetestowany do u\u017cytku w wymagaj\u0105cych zastosowaniach wojskowych. Mechaniczna konstrukcja STACKRACK zapewnia nie tylko zwi\u0119kszon\u0105 odporno\u015b\u0107 na wstrz\u0105sy i wibracje, ale tak\u017ce zapewnia optymaln\u0105 operacyjno\u015b\u0107 w trudnych warunkach wojskowych oraz mo\u017cliwo\u015b\u0107 konfiguracji z siatk\u0105 EMI. MIL-STD-461F jest wymaganiem do kontroli charakterystyk interferencji elektromagnetycznej podsystem\u00f3w i urz\u0105dze\u0144. Rozwi\u0105zanie zasilania wej\u015bciowego filtra EMI Cloud15, kt\u00f3ry umo\u017cliwia zgodno\u015b\u0107 z MIL-STD-461F dla aplikacji wymagaj\u0105cych certyfikacji MIL-STD-461F.<\/p>\n<p>STACKRACK oferuje komputer panelowy typu ,,rugged&#8221; uszczelniony do poziomu IP65 w celu ochrony przed wod\u0105 i kurzem. Cloud15 zosta\u0142 zaprojektowany w celu zapewnienia pe\u0142nej ochrony \u015brodowiska, idealnej w mokrych i zapylonych warunkach. Cloud15 posiada ca\u0142kowit\u0105 odporno\u015b\u0107 na py\u0142 i wod\u0119. Jest niezawodny w ograniczonych \u015brodowiskach wojskowych, l\u0105dowych, obronnych, w zarz\u0105dzaniu ruchem lotniczym i w kontroli ruchu lotniczego.<\/p>\n<h4>20 Programowalnych, wytrzyma\u0142ych klawiszy funkcyjnych<\/h4>\n<p>Wytrzyma\u0142e wy\u015bwietlacze STACKRACK wyposa\u017cone w maksymalnie 20 wzmocnionych klawiszy funkcyjnych zosta\u0142y wykonane dzi\u0119ki narz\u0119dziu typu ,,rubber-tooling&#8221;. Wymiar klawiszy to 16 x 16 mm. Klawisze funkcyjne dost\u0119pne s\u0105 dla operatora z za\u0142o\u017conymi r\u0119kawicami MOPP.<\/p>\n<h4>Szeroka moc napi\u0119cia wej\u015bciowego DC 16V-50 V<\/h4>\n<p>Konstrukcja szerokiego napi\u0119cia wej\u015bciowego (od 16V-50 V) mo\u017ce chroni\u0107 system przed uszkodzeniami spowodowanymi nag\u0142ym skokiem napi\u0119cia, zapewniaj\u0105c w ten spos\u00f3b dalsz\u0105 niezawodno\u015b\u0107 jego krytycznych element\u00f3w. Cloud15 posiada zrzut pr\u0105du i chroniony pob\u00f3r mocy, co umo\u017cliwia bezpo\u015brednie pod\u0142\u0105czenie do zewn\u0119trznego \u017ar\u00f3d\u0142a zasilania.<\/p>\n<h4>Intel Broadwell Core i7-5650U na p\u0142ycie<\/h4>\n<p>Cloud15 oparty jest na EPIC OXY5638B, zasilany przez Intel Broadwell Core i7-5650U i 64 GB SSD na p\u0142ycie. Dzi\u0119ki wbudowanemu procesorowi oraz dyskowi SSD przewodzenie ciep\u0142a i po\u0142\u0105cze\u0144 o du\u017cej g\u0119sto\u015bci pomi\u0119dzy p\u0142yt\u0105 g\u0142\u00f3wn\u0105 a komponentami jest mniejsze, co zmniejsza ryzyko awarii p\u0142yty g\u0142\u00f3wnej w wyniku przegrzania.<\/p>\n","protected":false},"excerpt":{"rendered":"<p>Komputer panelowy STACKRACK Cloud15 typu ,,rugged&#8221;, zachowuj\u0105cy wyj\u0105tkowe cechy SKY15, z super jasno\u015bci\u0105 LCD do 1000 nit\u00f3w i noktowizorem (NVIS) poni\u017cej 1,7 nit\u00f3w, z optycznym wi\u0105zaniem ekran\u00f3w dotykowych ze szk\u0142a ochronnego (GFG), filtrowaniem EMI \/ ekranowaniem siatki EMI oraz pow\u0142okami antyrefleksyjn\u0105 \/ antyodblaskow\u0105 (AR \/ AG).<\/p>\n","protected":false},"featured_media":11110,"template":"","meta":{"_acf_changed":false,"inline_featured_image":false,"_monsterinsights_skip_tracking":false,"_monsterinsights_sitenote_active":false,"_monsterinsights_sitenote_note":"","_monsterinsights_sitenote_category":0},"product_brand":[],"product_cat":[1599,665,509,1602],"product_tag":[],"class_list":{"0":"post-5265","1":"product","2":"type-product","3":"status-publish","4":"has-post-thumbnail","6":"product_cat-monitory-i-wyswietlacze","7":"product_cat-monitory-przemyslowe-wojskowe","8":"product_cat-perfectron","9":"product_cat-przemysl-wojskowy","11":"first","12":"instock","13":"shipping-taxable","14":"product-type-simple"},"acf":[],"_links":{"self":[{"href":"https:\/\/quantum.com.pl\/pl\/wp-json\/wp\/v2\/product\/5265","targetHints":{"allow":["GET"]}}],"collection":[{"href":"https:\/\/quantum.com.pl\/pl\/wp-json\/wp\/v2\/product"}],"about":[{"href":"https:\/\/quantum.com.pl\/pl\/wp-json\/wp\/v2\/types\/product"}],"wp:featuredmedia":[{"embeddable":true,"href":"https:\/\/quantum.com.pl\/pl\/wp-json\/wp\/v2\/media\/11110"}],"wp:attachment":[{"href":"https:\/\/quantum.com.pl\/pl\/wp-json\/wp\/v2\/media?parent=5265"}],"wp:term":[{"taxonomy":"product_brand","embeddable":true,"href":"https:\/\/quantum.com.pl\/pl\/wp-json\/wp\/v2\/product_brand?post=5265"},{"taxonomy":"product_cat","embeddable":true,"href":"https:\/\/quantum.com.pl\/pl\/wp-json\/wp\/v2\/product_cat?post=5265"},{"taxonomy":"product_tag","embeddable":true,"href":"https:\/\/quantum.com.pl\/pl\/wp-json\/wp\/v2\/product_tag?post=5265"}],"curies":[{"name":"wp","href":"https:\/\/api.w.org\/{rel}","templated":true}]}}