{"id":5271,"date":"2019-10-29T09:47:13","date_gmt":"2019-10-29T08:47:13","guid":{"rendered":"https:\/\/quantum.com.pl\/?post_type=product&#038;p=5271"},"modified":"2021-02-18T13:08:15","modified_gmt":"2021-02-18T12:08:15","slug":"sk210-gt730m-2","status":"publish","type":"product","link":"https:\/\/quantum.com.pl\/pl\/product\/sk210-gt730m-2\/","title":{"rendered":"SK210-GT730M"},"content":{"rendered":"<h4>Modu\u0142 graficzny NVIDIA GeForce\u00ae GT730M StackPC\/PCIe104, obs\u0142uga 4 wyj\u015b\u0107 DP, gwarancja ponad 3-letniej \u017cywotno\u015bci.<\/h4>\n<p>&nbsp;<\/p>\n<p>SK210-GT730M to wysokiej klasy modu\u0142 graficzny PCIe\/104 (StackPC) z NVIDIA\u00ae GPU GT730M, kt\u00f3ry zapewnia taktowanie GPU do 719 MHz, rdzenie CUDA 384 i obs\u0142uguje cztery niezale\u017cne wyj\u015bcia port\u00f3w wy\u015bwietlania (do trzech 1080P Full HD). Opr\u00f3cz doskona\u0142ej zdolno\u015bci przetwarzania grafiki, cechuje si\u0119 r\u00f3wnie\u017c pami\u0119ci\u0105 1024MB DDR3, wi\u0119c mo\u017ce prezentowa\u0107 zaawansowane obliczenia graficzne dla wielomonitorowych, zaawansowanych aplikacji graficznych, takich jak central room signage, wysokiej klasy digital signage, nawigacja, obrona i wiele innych.<\/p>\n<h4>Cechy szczeg\u00f3lne:<\/h4>\n<ul>\n<li>StackPC i PCIe\/104<\/li>\n<li>Wykorzystuje \u0142\u0105cze PCIe x 8 i x 4<\/li>\n<li>Technologia NVIDIA CUDA<\/li>\n<li>Obs\u0142uga OpenGL 4.4<\/li>\n<li>Obs\u0142uga OCL 1.1<\/li>\n<li>NVIDIA Adaptive Vertical Sync<\/li>\n<li>Obs\u0142uga Microsoft DirectX 11<\/li>\n<\/ul>\n<h4>Dane techniczne:<\/h4>\n\n<table id=\"tablepress-239\" class=\"tablepress tablepress-id-239\">\n<thead>\n<tr class=\"row-1\">\n\t<th class=\"column-1\">Storage Capacity<\/th><th class=\"column-2\">4GB to 512GB<br \/>\n<\/th>\n<\/tr>\n<\/thead>\n<tbody class=\"row-striping row-hover\">\n<tr class=\"row-2\">\n\t<td class=\"column-1\">Flash Type<\/td><td class=\"column-2\">SLC\/ MLC\/ iSLC<br \/>\n<\/td>\n<\/tr>\n<tr class=\"row-3\">\n\t<td class=\"column-1\">Host Interface<\/td><td class=\"column-2\">PCIe\/104 bus (Type2)<br \/>\n(PCI\/104 bus is also available for different stacking criteria)<\/td>\n<\/tr>\n<tr class=\"row-4\">\n\t<td class=\"column-1\">SSD Slots<\/td><td class=\"column-2\">1 x 2.5\u201d SSD, 2 x mSATA<br \/>\n<\/td>\n<\/tr>\n<tr class=\"row-5\">\n\t<td class=\"column-1\">Cable-free<\/td><td class=\"column-2\">SATA signals from PCIe\/104<br \/>\n<\/td>\n<\/tr>\n<tr class=\"row-6\">\n\t<td class=\"column-1\">Operating Temperature<\/td><td class=\"column-2\">Extended Temperature -40 to 85\u00b0C<br \/>\n<\/td>\n<\/tr>\n<tr class=\"row-7\">\n\t<td class=\"column-1\">Dimension<\/td><td class=\"column-2\">95 x 109mm<br \/>\n<\/td>\n<\/tr>\n<\/tbody>\n<\/table>\n<!-- #tablepress-239 from cache -->\n","protected":false},"excerpt":{"rendered":"<p>Modu\u0142 graficzny NVIDIA GeForce\u00ae GT730M StackPC\/PCIe104, obs\u0142uga 4 wyj\u015b\u0107 DP, gwarancja ponad 3-letniej \u017cywotno\u015bci.<\/p>\n","protected":false},"featured_media":11114,"template":"","meta":{"_acf_changed":false,"inline_featured_image":false,"_monsterinsights_skip_tracking":false,"_monsterinsights_sitenote_active":false,"_monsterinsights_sitenote_note":"","_monsterinsights_sitenote_category":0},"product_brand":[],"product_cat":[1613,509,673],"product_tag":[],"class_list":{"0":"post-5271","1":"product","2":"type-product","3":"status-publish","4":"has-post-thumbnail","6":"product_cat-akcesoria-peryferia","7":"product_cat-perfectron","8":"product_cat-peryferia-2","10":"first","11":"instock","12":"shipping-taxable","13":"product-type-simple"},"acf":[],"_links":{"self":[{"href":"https:\/\/quantum.com.pl\/pl\/wp-json\/wp\/v2\/product\/5271","targetHints":{"allow":["GET"]}}],"collection":[{"href":"https:\/\/quantum.com.pl\/pl\/wp-json\/wp\/v2\/product"}],"about":[{"href":"https:\/\/quantum.com.pl\/pl\/wp-json\/wp\/v2\/types\/product"}],"wp:featuredmedia":[{"embeddable":true,"href":"https:\/\/quantum.com.pl\/pl\/wp-json\/wp\/v2\/media\/11114"}],"wp:attachment":[{"href":"https:\/\/quantum.com.pl\/pl\/wp-json\/wp\/v2\/media?parent=5271"}],"wp:term":[{"taxonomy":"product_brand","embeddable":true,"href":"https:\/\/quantum.com.pl\/pl\/wp-json\/wp\/v2\/product_brand?post=5271"},{"taxonomy":"product_cat","embeddable":true,"href":"https:\/\/quantum.com.pl\/pl\/wp-json\/wp\/v2\/product_cat?post=5271"},{"taxonomy":"product_tag","embeddable":true,"href":"https:\/\/quantum.com.pl\/pl\/wp-json\/wp\/v2\/product_tag?post=5271"}],"curies":[{"name":"wp","href":"https:\/\/api.w.org\/{rel}","templated":true}]}}