{"id":5299,"date":"2019-10-29T10:24:24","date_gmt":"2019-10-29T09:24:24","guid":{"rendered":"https:\/\/quantum.com.pl\/?post_type=product&#038;p=5299"},"modified":"2021-02-18T13:08:06","modified_gmt":"2021-02-18T12:08:06","slug":"sk220","status":"publish","type":"product","link":"https:\/\/quantum.com.pl\/pl\/product\/sk220\/","title":{"rendered":"SK220"},"content":{"rendered":"<h4>Modu\u0142 graficzny PCIe\/104 (StackPC-FPE) MXM dla 1VGA i Modu\u0142\u00f3w 6 Mini DisplayPort<\/h4>\n<p>&nbsp;<\/p>\n<p>SK220, carrier module PCIe\/104 (StackPC), zosta\u0142 zaprojektowany do wspierania do 6 niezale\u017cnych wy\u015bwietlaczy przez interfejs MXM w rozszerzonym zakresie temperatur od -40\u00b0C ~ 85\u00b0C. SK220 jest wyposa\u017cony w 6 x miniDP, 1 x VGA (2 x 5 pin header), co pozwala na obs\u0142ug\u0119 wi\u0119kszo\u015bci kart graficznych MXM od NVIDIA i AMD.<\/p>\n<p>SK220 cechuje si\u0119 elastyczno\u015bci\u0105 prze\u0142\u0105czania sygna\u0142\u00f3w mi\u0119dzy z\u0142\u0105czem FPE (PCIe x16), StackPC (PCIe x1, x4) za pomoc\u0105 prze\u0142\u0105cznika DIP, dlatego jest najlepszym rozwi\u0105zaniem dla procesor\u00f3w graficznych pracuj\u0105cych w trudnych warunkach, takich jak misyjny pok\u00f3j kontroli, 19-calowe wytrzyma\u0142e serwery z wieloma w\u0119z\u0142ami typu rack-mount, itp.<\/p>\n<h4>Cechy szczeg\u00f3lne:<\/h4>\n<ul>\n<li>Forma StackPC-FPE<\/li>\n<li>Wykorzystuje \u0142\u0105cze PCIe x16 i PCIe x4, x1<\/li>\n<li>Obs\u0142uga kart graficznych MXM 3.0 i 3.1<\/li>\n<li>Karta graficzna MXM typu A i typu B<\/li>\n<li>Temperatura pracy: -40\u00b0C ~ 85\u00b0C<\/li>\n<\/ul>\n<h4>Dane techniczne:<\/h4>\n\n<table id=\"tablepress-240\" class=\"tablepress tablepress-id-240 tbody-has-connected-cells\">\n<thead>\n<tr class=\"row-1\">\n\t<th class=\"column-1\">Function<\/th><th class=\"column-2\">Total 6 x 10\/100\/100 mbps Ethernet connections<br \/>\n<\/th>\n<\/tr>\n<\/thead>\n<tbody class=\"row-striping row-hover\">\n<tr class=\"row-2\">\n\t<td class=\"column-1\">Network controller<\/td><td class=\"column-2\">Intel i350-AM4 network controller<br \/>\n*Max TDP 4W<br \/>\n*EEE802.3\/10BASE-T, 100BASE-TX, 1000BASE-T<br \/>\n*Interrupt levels: INTA, INTB, INTC, INTD, MSI, MSI-X<br \/>\n*Supports Jumbo Frames<br \/>\n*Supports IEEE1588<br \/>\n*Supports Intel Data Direct I\/O Technology<br \/>\n*Innovative power management features including Energy Efficient Ethernet (EEE) and DDMA Coalescing for<br \/>\nincreased efficiency and reduced power consumption<\/td>\n<\/tr>\n<tr class=\"row-3\">\n\t<td class=\"column-1\">Host Interface<\/td><td class=\"column-2\">\tPCIe x4 Interface to CPU through PCIe\/104 bus<br \/>\nStackPC compliant with PCIe\/104 Type1 and Type2 buses<\/td>\n<\/tr>\n<tr class=\"row-4\">\n\t<td class=\"column-1\">Physical connectors<\/td><td class=\"column-2\">\t4 independent LAN connections (from Intel i350-AM4)<br \/>\nplus 2 independent LAN interface (from CPU host board)<br \/>\nType R: 6 x RJ45 jacks (10\/100\/1000 Mbps)<br \/>\nType P: 6 x FCI connectors (5 x 2 pin, 10\/100\/1000 Mbps)<\/td>\n<\/tr>\n<tr class=\"row-5\">\n\t<td class=\"column-1\">Special Features<\/td><td class=\"column-2\">Intel Virtualization Technology for connectivity<br \/>\n*Supports on-chip QoS and Traffic<br \/>\nmanagement<br \/>\n*Supports Virtual Device Queues (VMDq)<br \/>\n*Supports PCI-SIG* SR-IOV capable<\/td>\n<\/tr>\n<tr class=\"row-6\">\n\t<td class=\"column-1\">Operating Temperature<\/td><td class=\"column-2\">Extended Temperature -40 to 85\u00b0C<br \/>\n<\/td>\n<\/tr>\n<tr class=\"row-7\">\n\t<td class=\"column-1\">Dimension<\/td><td class=\"column-2\">95 x 90 mm<br \/>\n<\/td>\n<\/tr>\n<tr class=\"row-8\">\n\t<td colspan=\"2\" class=\"column-1\"><strong>Type of Connector<\/strong><\/td>\n<\/tr>\n<tr class=\"row-9\">\n\t<td class=\"column-1\"><img loading=\"lazy\" decoding=\"async\" src=\"http:\/\/localhost:8888\/wp-content\/uploads\/2018\/04\/SK506-P.jpg\" alt=\"SK506-P\" width=\"400\" height=\"180\" class=\"aligncenter size-full wp-image-5377\" srcset=\"https:\/\/quantum.com.pl\/wp-content\/uploads\/2018\/04\/SK506-P.jpg 400w, https:\/\/quantum.com.pl\/wp-content\/uploads\/2018\/04\/SK506-P-300x135.jpg 300w\" sizes=\"auto, (max-width: 400px) 100vw, 400px\" \/><br \/>\nSK506-P<\/td><td class=\"column-2\"><img loading=\"lazy\" decoding=\"async\" src=\"http:\/\/localhost:8888\/wp-content\/uploads\/2018\/04\/SK506-R.jpg\" alt=\"SK506-R\" width=\"400\" height=\"180\" class=\"aligncenter size-full wp-image-5379\" srcset=\"https:\/\/quantum.com.pl\/wp-content\/uploads\/2018\/04\/SK506-R.jpg 400w, https:\/\/quantum.com.pl\/wp-content\/uploads\/2018\/04\/SK506-R-300x135.jpg 300w\" sizes=\"auto, (max-width: 400px) 100vw, 400px\" \/><br \/>\nSK506-R<\/td>\n<\/tr>\n<tr class=\"row-10\">\n\t<td class=\"column-1\">6 x FCI connectors (5 x 2 pin) Gigabit Ethernet controller, Extended temp. -40\u00b0C to 85\u00b0C<\/td><td class=\"column-2\">6 x RJ45 jacks, Extended temp.<br \/>\n<br \/>\n-40\u00b0C to 85\u00b0C<\/td>\n<\/tr>\n<\/tbody>\n<\/table>\n\n","protected":false},"excerpt":{"rendered":"<p>Modu\u0142 graficzny PCIe\/104 (StackPC-FPE) MXM dla 1VGA i Modu\u0142\u00f3w 6 Mini DisplayPort<\/p>\n","protected":false},"featured_media":11116,"template":"","meta":{"_acf_changed":false,"inline_featured_image":false,"_monsterinsights_skip_tracking":false,"_monsterinsights_sitenote_active":false,"_monsterinsights_sitenote_note":"","_monsterinsights_sitenote_category":0},"product_brand":[],"product_cat":[1613,509,673],"product_tag":[],"class_list":{"0":"post-5299","1":"product","2":"type-product","3":"status-publish","4":"has-post-thumbnail","6":"product_cat-akcesoria-peryferia","7":"product_cat-perfectron","8":"product_cat-peryferia-2","10":"first","11":"instock","12":"shipping-taxable","13":"product-type-simple"},"acf":[],"_links":{"self":[{"href":"https:\/\/quantum.com.pl\/pl\/wp-json\/wp\/v2\/product\/5299","targetHints":{"allow":["GET"]}}],"collection":[{"href":"https:\/\/quantum.com.pl\/pl\/wp-json\/wp\/v2\/product"}],"about":[{"href":"https:\/\/quantum.com.pl\/pl\/wp-json\/wp\/v2\/types\/product"}],"wp:featuredmedia":[{"embeddable":true,"href":"https:\/\/quantum.com.pl\/pl\/wp-json\/wp\/v2\/media\/11116"}],"wp:attachment":[{"href":"https:\/\/quantum.com.pl\/pl\/wp-json\/wp\/v2\/media?parent=5299"}],"wp:term":[{"taxonomy":"product_brand","embeddable":true,"href":"https:\/\/quantum.com.pl\/pl\/wp-json\/wp\/v2\/product_brand?post=5299"},{"taxonomy":"product_cat","embeddable":true,"href":"https:\/\/quantum.com.pl\/pl\/wp-json\/wp\/v2\/product_cat?post=5299"},{"taxonomy":"product_tag","embeddable":true,"href":"https:\/\/quantum.com.pl\/pl\/wp-json\/wp\/v2\/product_tag?post=5299"}],"curies":[{"name":"wp","href":"https:\/\/api.w.org\/{rel}","templated":true}]}}