{"id":5320,"date":"2019-10-29T10:43:23","date_gmt":"2019-10-29T09:43:23","guid":{"rendered":"https:\/\/quantum.com.pl\/?post_type=product&#038;p=5320"},"modified":"2021-02-18T13:07:54","modified_gmt":"2021-02-18T12:07:54","slug":"sk303","status":"publish","type":"product","link":"https:\/\/quantum.com.pl\/pl\/product\/sk303\/","title":{"rendered":"SK303"},"content":{"rendered":"<h4>4-portowy modu\u0142 PCI\/104-Express (w\/StackPC design).<\/h4>\n<p>&nbsp;<\/p>\n<p>SK303, modu\u0142 adaptera PCI\/104-Express, kt\u00f3ry jest w stanie zmostkowa\u0107 interfejs StackPC ze z\u0142\u0105czem PCI, a dodatkowo zosta\u0142 zaprojektowany do pracy w podwy\u017cszonej temperaturze od -40\u00b0C ~ 85\u00b0C. SK303 ma cztery izolowane porty COM i jedno z\u0142\u0105cze magistrali PCI; porty COM RS232\/422\/485 umo\u017cliwiaj\u0105 wyb\u00f3r 5V\/12V.<\/p>\n<h4>Cechy szczeg\u00f3lne:<\/h4>\n<ul>\n<li>Z\u0142\u0105cza PCI\/104-Express, PCI i PCIe (w\/StackPC design)<\/li>\n<li>Struktura magistrali PCIe\/104 &#8222;stackable&#8221;<\/li>\n<li>Funkcja adaptera PCIe na PCI<\/li>\n<li>COM: 4 x RS232\/422\/485 z mo\u017cliwo\u015bci\u0105 wyboru 5V\/12V i funkcj\u0105 izolacji<\/li>\n<li>Rozszerzona temperatura pracy: -40\u00b0C ~ 85\u00b0C<\/li>\n<\/ul>\n<h4>Dane techniczne:<\/h4>\n\n<table id=\"tablepress-241\" class=\"tablepress tablepress-id-241 tbody-has-connected-cells\">\n<thead>\n<tr class=\"row-1\">\n\t<th class=\"column-1\"><strong>System<\/strong><\/th><th class=\"column-2\">Expansion Slot<\/th><th class=\"column-3\">2 x mPCIe<br \/>\n2 x SIM card holder<br \/>\n1 x PCIe x 8<\/th>\n<\/tr>\n<\/thead>\n<tbody class=\"row-striping row-hover\">\n<tr class=\"row-2\">\n\t<td rowspan=\"5\" class=\"column-1\"><strong>Rear I\/O\t<\/strong><\/td><td class=\"column-2\">DisplayPort<\/td><td class=\"column-3\">1 (through FPE)<br \/>\n<\/td>\n<\/tr>\n<tr class=\"row-3\">\n\t<td class=\"column-2\">VGA<\/td><td class=\"column-3\">1 (through cable connecting to CPU module)<br \/>\n<\/td>\n<\/tr>\n<tr class=\"row-4\">\n\t<td class=\"column-2\">GbE<\/td><td class=\"column-3\">2 x RJ45 through StackPC (from CPU module)<br \/>\n2 x RJ45 through StackPC PCIex1 (Intel 82574IT)<\/td>\n<\/tr>\n<tr class=\"row-5\">\n\t<td class=\"column-2\">USB 3.0<\/td><td class=\"column-3\">4 through FPE<br \/>\n<\/td>\n<\/tr>\n<tr class=\"row-6\">\n\t<td class=\"column-2\">COM<\/td><td class=\"column-3\">2 x RS485 (FBUS)<br \/>\nTerminal Blocks. Driver with Isolation, the same as on CPU board.<\/td>\n<\/tr>\n<tr class=\"row-7\">\n\t<td rowspan=\"4\" class=\"column-1\"><strong>I\/O Interface\t<\/strong><\/td><td class=\"column-2\">SATA<\/td><td class=\"column-3\">1<\/td>\n<\/tr>\n<tr class=\"row-8\">\n\t<td class=\"column-2\">SATA Power<\/td><td class=\"column-3\">1<\/td>\n<\/tr>\n<tr class=\"row-9\">\n\t<td class=\"column-2\">CFast<\/td><td class=\"column-3\">1<\/td>\n<\/tr>\n<tr class=\"row-10\">\n\t<td class=\"column-2\">SIM card holder<\/td><td class=\"column-3\">1<\/td>\n<\/tr>\n<tr class=\"row-11\">\n\t<td rowspan=\"6\" class=\"column-1\"><strong>Mechanical and Environment\t<\/strong><\/td><td class=\"column-2\">Form Factor<\/td><td class=\"column-3\">EPIC with StackPC-FPE<br \/>\n<\/td>\n<\/tr>\n<tr class=\"row-12\">\n\t<td class=\"column-2\">Power Type<\/td><td class=\"column-3\">9 to 24V DC-in<br \/>\n<\/td>\n<\/tr>\n<tr class=\"row-13\">\n\t<td class=\"column-2\">Dimension<\/td><td class=\"column-3\">115 x 165mm<br \/>\n<\/td>\n<\/tr>\n<tr class=\"row-14\">\n\t<td class=\"column-2\">Operating Temp<\/td><td class=\"column-3\">- 40 to 85\u00b0C<br \/>\n<\/td>\n<\/tr>\n<tr class=\"row-15\">\n\t<td class=\"column-2\">Storage Temp.<\/td><td class=\"column-3\">- 55 to 90\u00b0C<br \/>\n<\/td>\n<\/tr>\n<tr class=\"row-16\">\n\t<td class=\"column-2\">Relative humidity<\/td><td class=\"column-3\">10% to 90%, non-condensing<br \/>\n<\/td>\n<\/tr>\n<\/tbody>\n<\/table>\n<!-- #tablepress-241 from cache -->\n","protected":false},"excerpt":{"rendered":"<p>4-portowy modu\u0142 PCI\/104-Express (w\/StackPC design).<\/p>\n","protected":false},"featured_media":11118,"template":"","meta":{"_acf_changed":false,"inline_featured_image":false,"_monsterinsights_skip_tracking":false,"_monsterinsights_sitenote_active":false,"_monsterinsights_sitenote_note":"","_monsterinsights_sitenote_category":0},"product_brand":[],"product_cat":[1613,509,673],"product_tag":[],"class_list":{"0":"post-5320","1":"product","2":"type-product","3":"status-publish","4":"has-post-thumbnail","6":"product_cat-akcesoria-peryferia","7":"product_cat-perfectron","8":"product_cat-peryferia-2","10":"first","11":"instock","12":"shipping-taxable","13":"product-type-simple"},"acf":[],"_links":{"self":[{"href":"https:\/\/quantum.com.pl\/pl\/wp-json\/wp\/v2\/product\/5320","targetHints":{"allow":["GET"]}}],"collection":[{"href":"https:\/\/quantum.com.pl\/pl\/wp-json\/wp\/v2\/product"}],"about":[{"href":"https:\/\/quantum.com.pl\/pl\/wp-json\/wp\/v2\/types\/product"}],"wp:featuredmedia":[{"embeddable":true,"href":"https:\/\/quantum.com.pl\/pl\/wp-json\/wp\/v2\/media\/11118"}],"wp:attachment":[{"href":"https:\/\/quantum.com.pl\/pl\/wp-json\/wp\/v2\/media?parent=5320"}],"wp:term":[{"taxonomy":"product_brand","embeddable":true,"href":"https:\/\/quantum.com.pl\/pl\/wp-json\/wp\/v2\/product_brand?post=5320"},{"taxonomy":"product_cat","embeddable":true,"href":"https:\/\/quantum.com.pl\/pl\/wp-json\/wp\/v2\/product_cat?post=5320"},{"taxonomy":"product_tag","embeddable":true,"href":"https:\/\/quantum.com.pl\/pl\/wp-json\/wp\/v2\/product_tag?post=5320"}],"curies":[{"name":"wp","href":"https:\/\/api.w.org\/{rel}","templated":true}]}}