{"id":5331,"date":"2019-10-29T11:10:21","date_gmt":"2019-10-29T10:10:21","guid":{"rendered":"https:\/\/quantum.com.pl\/?post_type=product&#038;p=5331"},"modified":"2021-02-18T13:07:44","modified_gmt":"2021-02-18T12:07:44","slug":"sk401-2","status":"publish","type":"product","link":"https:\/\/quantum.com.pl\/pl\/product\/sk401-2\/","title":{"rendered":"SK401"},"content":{"rendered":"<h4>No\u015bnik pami\u0119ci SSD\/mSATA PCIe\/104 (StackPC)<\/h4>\n<p>&nbsp;<\/p>\n<p>SK401 to modu\u0142 peryferyjny PCIe 104 (StackPC) zaprojektowany do system\u00f3w &#8222;stacking&#8221;, umo\u017cliwiaj\u0105cy rozszerzenie o dodatkow\u0105 pami\u0119\u0107. Ten no\u015bnik pami\u0119ci mo\u017ce obs\u0142ugiwa\u0107 dwa modu\u0142y mSATA lub jeden mSATA z jednym dyskiem SSD 2,5\u201d, kt\u00f3ry mo\u017cna \u0142\u0105czy\u0107 z innymi modu\u0142ami PCI\/104 Express, PCIe\/104, PCI\/104 i StackPC. Sygna\u0142 mSATA jest przesy\u0142any przez z\u0142\u0105cze PCIe\/104, jednak sama p\u0142ytka obs\u0142uguje r\u00f3wnie\u017c interfejs PCI\/104, aby zaopatrywa\u0107 r\u00f3\u017cne gniazda rozszerze\u0144 i tworzy\u0107 kolejne mo\u017cliwo\u015bci \u0142\u0105czenia.<\/p>\n<p>Modu\u0142 pami\u0119ci jest wyposa\u017cony w standardowe porty mSATA, kt\u00f3re mog\u0105 zast\u0105pi\u0107 dowolne inne urz\u0105dzenia pami\u0119ci mSATA. W po\u0142\u0105czeniu mSATA modu\u0142y SSD mog\u0105 bezpo\u015brednio zwi\u0119ksza\u0107 pojemno\u015b\u0107, a tak\u017ce wydajno\u015b\u0107. SK401 zapewnia moc 2,5-calowego dysku SSD, co pozwala u\u017cytkownikom na \u0142atwy monta\u017c do system\u00f3w &#8222;embedded&#8221;.<\/p>\n<p>SK401 mo\u017ce by\u0107 zar\u00f3wno niezale\u017cnym no\u015bnikiem SSD mSATA, jak i kompletnym rozwi\u0105zaniem magazynuj\u0105cym.<\/p>\n<h4>Cechy szczeg\u00f3lne:<\/h4>\n<ul>\n<li>Forma StackPC<\/li>\n<li>Struktura &#8222;stackable&#8221; magistrali PCIe\/104<\/li>\n<li>Obs\u0142uga dysku SSD 1 x 2,5\u201d<\/li>\n<li>Obs\u0142uga 2 x gniazdo mSATA SSD, kompatybilno\u015b\u0107 z JEDEC MO-300B<\/li>\n<li>Interfejs SATAII obs\u0142uguje 1,5 Gbps\/ 3,0 Gbps<\/li>\n<li>Z\u0142\u0105cze PCI\/104 dla r\u00f3\u017cnych kryteri\u00f3w zestawiania<\/li>\n<li>Rozszerzona temperatura pracy:\u00a0 -40 do 85\u00b0C<\/li>\n<\/ul>\n<h4>Dane techniczne:<\/h4>\n\n<table id=\"tablepress-242\" class=\"tablepress tablepress-id-242 tbody-has-connected-cells\">\n<thead>\n<tr class=\"row-1\">\n\t<th colspan=\"2\" class=\"column-1\">Form Factor<\/th><th class=\"column-3\">StackPC<br \/>\n<\/th>\n<\/tr>\n<\/thead>\n<tbody class=\"row-striping row-hover\">\n<tr class=\"row-2\">\n\t<td colspan=\"2\" class=\"column-1\">Operating Temp.<\/td><td class=\"column-3\">-40\u00b0C ~ 85\u00b0C<br \/>\n<\/td>\n<\/tr>\n<tr class=\"row-3\">\n\t<td rowspan=\"6\" class=\"column-1\">Top Side<\/td><td class=\"column-2\">Ethernet<\/td><td class=\"column-3\">2 x RJ45 LAN port<br \/>\n<\/td>\n<\/tr>\n<tr class=\"row-4\">\n\t<td class=\"column-2\">USB<\/td><td class=\"column-3\">4 x USB2.0<br \/>\n<\/td>\n<\/tr>\n<tr class=\"row-5\">\n\t<td class=\"column-2\">DIO<\/td><td class=\"column-3\">1 x 16-bit (8in\/8out) DIO<br \/>\n<\/td>\n<\/tr>\n<tr class=\"row-6\">\n\t<td class=\"column-2\">COM<\/td><td class=\"column-3\">3 x RS232 with 5V\/12V selectable (DB9 male)<br \/>\n1 x RS-232\/422\/485 ports (DB9 male)<\/td>\n<\/tr>\n<tr class=\"row-7\">\n\t<td class=\"column-2\">VGA<\/td><td class=\"column-3\">1 x 15-pin VGA connector (female) # Extended from the VGA pin-header on bottom side<br \/>\n<\/td>\n<\/tr>\n<tr class=\"row-8\">\n\t<td class=\"column-2\">DVI-I<\/td><td class=\"column-3\">1 x 29-pin DVI-I connector (female) # Extended from the DVI pin-header on bottom side<br \/>\n<\/td>\n<\/tr>\n<tr class=\"row-9\">\n\t<td rowspan=\"4\" class=\"column-1\">Bottom Side<\/td><td class=\"column-2\">PCIe (StackPC)<br \/>\nConnector<\/td><td class=\"column-3\">1 x StackPC (Bottom)<br \/>\n<\/td>\n<\/tr>\n<tr class=\"row-10\">\n\t<td class=\"column-2\">VGA (input)<\/td><td class=\"column-3\">1 x 10-pin VGA pin header<br \/>\n<\/td>\n<\/tr>\n<tr class=\"row-11\">\n\t<td class=\"column-2\">DVI-I (Input)<\/td><td class=\"column-3\">1 x 30-pin DVI-I pin header<br \/>\n<\/td>\n<\/tr>\n<tr class=\"row-12\">\n\t<td class=\"column-2\">mPCIe<\/td><td class=\"column-3\">2 x mini PCIe slot<br \/>\n<\/td>\n<\/tr>\n<tr class=\"row-13\">\n\t<td colspan=\"3\" class=\"column-1\"><strong>Mechanical and Environment<br \/>\n<\/strong><\/td>\n<\/tr>\n<tr class=\"row-14\">\n\t<td colspan=\"2\" class=\"column-1\">Dimension<\/td><td class=\"column-3\">96 x 90 mm<br \/>\n<\/td>\n<\/tr>\n<tr class=\"row-15\">\n\t<td colspan=\"2\" class=\"column-1\">Operating Temp.<\/td><td class=\"column-3\">-40\u00b0 to 85\u00b0C(ambient with air flow)<br \/>\n<\/td>\n<\/tr>\n<tr class=\"row-16\">\n\t<td colspan=\"2\" class=\"column-1\">Relative Humidity<\/td><td class=\"column-3\">5% to 95%, non-condensing<br \/>\n<\/td>\n<\/tr>\n<\/tbody>\n<\/table>\n<!-- #tablepress-242 from cache -->\n","protected":false},"excerpt":{"rendered":"<p>No\u015bnik pami\u0119ci SSD\/mSATA PCIe\/104 (StackPC)<\/p>\n","protected":false},"featured_media":11120,"template":"","meta":{"_acf_changed":false,"inline_featured_image":false,"_monsterinsights_skip_tracking":false,"_monsterinsights_sitenote_active":false,"_monsterinsights_sitenote_note":"","_monsterinsights_sitenote_category":0},"product_brand":[],"product_cat":[1613,509,673],"product_tag":[],"class_list":{"0":"post-5331","1":"product","2":"type-product","3":"status-publish","4":"has-post-thumbnail","6":"product_cat-akcesoria-peryferia","7":"product_cat-perfectron","8":"product_cat-peryferia-2","10":"first","11":"instock","12":"shipping-taxable","13":"product-type-simple"},"acf":[],"_links":{"self":[{"href":"https:\/\/quantum.com.pl\/pl\/wp-json\/wp\/v2\/product\/5331","targetHints":{"allow":["GET"]}}],"collection":[{"href":"https:\/\/quantum.com.pl\/pl\/wp-json\/wp\/v2\/product"}],"about":[{"href":"https:\/\/quantum.com.pl\/pl\/wp-json\/wp\/v2\/types\/product"}],"wp:featuredmedia":[{"embeddable":true,"href":"https:\/\/quantum.com.pl\/pl\/wp-json\/wp\/v2\/media\/11120"}],"wp:attachment":[{"href":"https:\/\/quantum.com.pl\/pl\/wp-json\/wp\/v2\/media?parent=5331"}],"wp:term":[{"taxonomy":"product_brand","embeddable":true,"href":"https:\/\/quantum.com.pl\/pl\/wp-json\/wp\/v2\/product_brand?post=5331"},{"taxonomy":"product_cat","embeddable":true,"href":"https:\/\/quantum.com.pl\/pl\/wp-json\/wp\/v2\/product_cat?post=5331"},{"taxonomy":"product_tag","embeddable":true,"href":"https:\/\/quantum.com.pl\/pl\/wp-json\/wp\/v2\/product_tag?post=5331"}],"curies":[{"name":"wp","href":"https:\/\/api.w.org\/{rel}","templated":true}]}}