{"id":5352,"date":"2019-10-29T11:55:59","date_gmt":"2019-10-29T10:55:59","guid":{"rendered":"https:\/\/quantum.com.pl\/?post_type=product&#038;p=5352"},"modified":"2021-02-18T13:07:29","modified_gmt":"2021-02-18T12:07:29","slug":"sk506-2","status":"publish","type":"product","link":"https:\/\/quantum.com.pl\/pl\/product\/sk506-2\/","title":{"rendered":"SK506"},"content":{"rendered":"<h4>PCIe\/104 (modu\u0142 StackPC FPE) z 4 dodatkowymi z\u0142\u0105czami Gigabit Ethernet 10\/100\/1000 Mbps<\/h4>\n<p>&nbsp;<\/p>\n<p>SK506 to modu\u0142 peryferyjny PCIe\/104 (StackPC-FPE) przeznaczony do system\u00f3w &#8222;stacking&#8221;, oferuj\u0105cy rozszerzenie o cztery dodatkowe po\u0142\u0105czenia Gigabit Ethernet i dwa oryginalne porty Gigabit Ethernet. Na p\u0142ycie znajduje si\u0119 wbudowany kontroler Ethernet Intel i350-AM4, obs\u0142uguj\u0105cy cztery porty Gigabit Ethernet poprzez struktur\u0119 magistrali PCIe\/104, podczas gdy oryginalne podw\u00f3jne porty Ethernet s\u0105 obs\u0142ugiwane przez p\u0142yt\u0119 hosta.<\/p>\n<p>Specyfikacja StackPC okre\u015bla nowe podej\u015bcie do projektowania i rozwoju system\u00f3w typu &#8222;stackable&#8221;. Specyfikacja ta zawiera w sobie wszystkie cenne cechy standardu PCIe\/104 wraz z nowymi funkcjami z\u0142\u0105cza StackPC, co oznacza, \u017ce StackPC mo\u017ce r\u00f3wnie\u017c obs\u0142ugiwa\u0107 sygna\u0142 PCIe\/104.<\/p>\n<p>Obecnie PERFECTRON wyda\u0142 OXY5535B, p\u0142yt\u0119 hosta PCIe\/104 (StackPC) zasilan\u0105 przez procesor Intel Ivy Bridge Core i7 do wsp\u00f3\u0142pracy z SK506. Aby spe\u0142ni\u0107 r\u00f3\u017cne wymagania systemowe, dost\u0119pne s\u0105 dwa typy interfejs\u00f3w: RJ45 i 5 x 2 pin headers.<\/p>\n<h4>Cechy szczeg\u00f3lne:<\/h4>\n<ul>\n<li>Forma StackPC-FPE<\/li>\n<li>Struktura &#8222;stackable&#8221; magistrali PCIe\/104<\/li>\n<li>Niezawodna technologia Ethernet od kontroler\u00f3w Intel i350-AM4<\/li>\n<li>\u0141\u0105cznie 6 niezale\u017cnych po\u0142\u0105cze\u0144 LAN (2 z p\u0142yty g\u0142\u00f3wnej, 4 z kontroler\u00f3w Intel)<\/li>\n<li>Elastyczne opcje dla Ethernet\u00f3w przez RJ45 lub 10 pin\u00f3w<\/li>\n<li>Wydajna konstrukcja bez mostk\u00f3w obs\u0142uguj\u0105ca PCI Express Gen 2.1 5GT\/s<\/li>\n<li>Rozszerzona temperatura pracy: -40 do 85\u00b0C<\/li>\n<\/ul>\n<h4>Dane techniczne:<\/h4>\n\n<table id=\"tablepress-243\" class=\"tablepress tablepress-id-243\">\n<thead>\n<tr class=\"row-1\">\n\t<th class=\"column-1\">Interface<\/th><th class=\"column-2\">StackPC PWR or PCIe\/104 stackable bus (Type2)<br \/>\n<\/th>\n<\/tr>\n<\/thead>\n<tbody class=\"row-striping row-hover\">\n<tr class=\"row-2\">\n\t<td class=\"column-1\">Input voltage<\/td><td class=\"column-2\">+9V to +36V DC<br \/>\n<\/td>\n<\/tr>\n<tr class=\"row-3\">\n\t<td class=\"column-1\">Maximum output power<\/td><td class=\"column-2\">105W Max.<br \/>\n+3.3V@3A (10W Max.)<br \/>\n+5V@6A (30W Max.)<br \/>\n+5V_SB@1A (5W Max.)<br \/>\n+12V@4-5A (50-60W Max.)<\/td>\n<\/tr>\n<tr class=\"row-4\">\n\t<td class=\"column-1\">Efficiency<\/td><td class=\"column-2\">Up to 90%<br \/>\n<\/td>\n<\/tr>\n<tr class=\"row-5\">\n\t<td class=\"column-1\">Operating Temperature<\/td><td class=\"column-2\">Extended Temperature -40 to 85\u00b0C<br \/>\n<\/td>\n<\/tr>\n<tr class=\"row-6\">\n\t<td class=\"column-1\">Dimension<\/td><td class=\"column-2\">95 x 90 mm<br \/>\n<\/td>\n<\/tr>\n<\/tbody>\n<\/table>\n\n","protected":false},"excerpt":{"rendered":"<p>PCIe\/104 (modu\u0142 StackPC FPE) z 4 dodatkowymi z\u0142\u0105czami Gigabit Ethernet 10\/100\/1000 Mbps<\/p>\n","protected":false},"featured_media":11122,"template":"","meta":{"_acf_changed":false,"inline_featured_image":false,"_monsterinsights_skip_tracking":false,"_monsterinsights_sitenote_active":false,"_monsterinsights_sitenote_note":"","_monsterinsights_sitenote_category":0},"product_brand":[],"product_cat":[1613,509,673],"product_tag":[],"class_list":{"0":"post-5352","1":"product","2":"type-product","3":"status-publish","4":"has-post-thumbnail","6":"product_cat-akcesoria-peryferia","7":"product_cat-perfectron","8":"product_cat-peryferia-2","10":"first","11":"instock","12":"shipping-taxable","13":"product-type-simple"},"acf":[],"_links":{"self":[{"href":"https:\/\/quantum.com.pl\/pl\/wp-json\/wp\/v2\/product\/5352","targetHints":{"allow":["GET"]}}],"collection":[{"href":"https:\/\/quantum.com.pl\/pl\/wp-json\/wp\/v2\/product"}],"about":[{"href":"https:\/\/quantum.com.pl\/pl\/wp-json\/wp\/v2\/types\/product"}],"wp:featuredmedia":[{"embeddable":true,"href":"https:\/\/quantum.com.pl\/pl\/wp-json\/wp\/v2\/media\/11122"}],"wp:attachment":[{"href":"https:\/\/quantum.com.pl\/pl\/wp-json\/wp\/v2\/media?parent=5352"}],"wp:term":[{"taxonomy":"product_brand","embeddable":true,"href":"https:\/\/quantum.com.pl\/pl\/wp-json\/wp\/v2\/product_brand?post=5352"},{"taxonomy":"product_cat","embeddable":true,"href":"https:\/\/quantum.com.pl\/pl\/wp-json\/wp\/v2\/product_cat?post=5352"},{"taxonomy":"product_tag","embeddable":true,"href":"https:\/\/quantum.com.pl\/pl\/wp-json\/wp\/v2\/product_tag?post=5352"}],"curies":[{"name":"wp","href":"https:\/\/api.w.org\/{rel}","templated":true}]}}