{"id":5404,"date":"2019-10-29T12:55:36","date_gmt":"2019-10-29T11:55:36","guid":{"rendered":"https:\/\/quantum.com.pl\/?post_type=product&#038;p=5404"},"modified":"2021-02-18T13:06:56","modified_gmt":"2021-02-18T12:06:56","slug":"sk509-2","status":"publish","type":"product","link":"https:\/\/quantum.com.pl\/pl\/product\/sk509-2\/","title":{"rendered":"SK509"},"content":{"rendered":"<h4>Modu\u0142 wej\u015bcia\/wyj\u015bcia PCIe\/104(StackPC)<\/h4>\n<p>&nbsp;<\/p>\n<p>SK509 to wytrzyma\u0142y modu\u0142 wej\u015bcia\/wyj\u015bcia z czterema portami USB 2.0 dla urz\u0105dze\u0144 peryferyjnych PCIe\/104 (StackPC). Jest zaprojektowany do po\u0142\u0105cze\u0144 od g\u00f3ry w celu ochrony przed podwy\u017cszon\u0105 temperatur\u0105 podczas pracy: od -40\u00b0C ~ 85\u00b0C. SK509 obs\u0142uguje wiele I\/O, kt\u00f3re umo\u017cliwiaj\u0105 przekazywanie sygna\u0142\u00f3w przez p\u0142yt\u0119 CPU do g\u00f3rnej warstwy I\/O struktury StackPC. Ten modu\u0142 interfejsu jest dobry do testowania funkcji in\u017cynieryjnych oraz \u0142atwy w monta\u017cu dla integracji z\u0142\u0105czy M12, D38999 IP-level.<\/p>\n<h4>Cechy szczeg\u00f3lne:<\/h4>\n<ul>\n<li>Forma StackPC<\/li>\n<li>Struktura &#8222;stackable&#8221; magistrali PCIe\/104<\/li>\n<li>Ethernet: 2 x port LAN RJ45<\/li>\n<li>Com: 3 x RS232 z wyborem 5V\/12V (DB9 m\u0119ski), 1 x RS-232\/422\/485 (DB9 m\u0119ski)<\/li>\n<li>mPCIe: 2 x gniazdo mini PCIe<\/li>\n<li>USB: 4 x USB 2.0<\/li>\n<li>Rozszerzona temperatura pracy: -40\u00b0C ~ 85\u00b0C<\/li>\n<\/ul>\n<h4>Dane techniczne:<\/h4>\n\n<table id=\"tablepress-245\" class=\"tablepress tablepress-id-245 tbody-has-connected-cells\">\n<thead>\n<tr class=\"row-1\">\n\t<th colspan=\"2\" class=\"column-1\"><strong>Operating Temp.\t<\/strong><\/th><th class=\"column-3\">-20\u00b0C ~ 60\u00b0C<br \/>\n<\/th>\n<\/tr>\n<\/thead>\n<tbody class=\"row-striping row-hover\">\n<tr class=\"row-2\">\n\t<td rowspan=\"5\" class=\"column-1\"><strong>System<\/strong><\/td><td class=\"column-2\">CPU<\/td><td class=\"column-3\">Intel\u00ae 22nm Ivy Bridge Processor (Mobile) socket (rPGA988)<br \/>\nIntel\u00ae Core\u2122 i7-3610QE 2.3 GHz (6M Cache, 45W)<br \/>\nIntel\u00ae Core\u2122 i5-3610ME 2.7 GHz (3M Cache, 35W)<br \/>\nIntel\u00ae Core\u2122 i3-3120ME 2.4 GHz (3M Cache, 35W)<br \/>\n<\/td>\n<\/tr>\n<tr class=\"row-3\">\n\t<td class=\"column-2\">Chipset<\/td><td class=\"column-3\">Intel\u00ae QM77 Express Chipset (Intel\u00ae BD82QM77 PCH)<br \/>\n<\/td>\n<\/tr>\n<tr class=\"row-4\">\n\t<td class=\"column-2\">Memory Type<\/td><td class=\"column-3\">2 x 204-pin SO-DIMM DDR3 1333\/1600 MHz up to 16GB<br \/>\n<\/td>\n<\/tr>\n<tr class=\"row-5\">\n\t<td class=\"column-2\">Expansion Slot<\/td><td class=\"column-3\">1 x mPCIe<br \/>\n1 x PCI<\/td>\n<\/tr>\n<tr class=\"row-6\">\n\t<td class=\"column-2\">Storage Device<\/td><td class=\"column-3\">2 x 2.5\" SATA HDD\/SSD<br \/>\n<\/td>\n<\/tr>\n<tr class=\"row-7\">\n\t<td rowspan=\"5\" class=\"column-1\"><strong>Front I\/O\t<\/strong><\/td><td class=\"column-2\">Power Button<\/td><td class=\"column-3\">1<\/td>\n<\/tr>\n<tr class=\"row-8\">\n\t<td class=\"column-2\">Power LED<\/td><td class=\"column-3\">1<\/td>\n<\/tr>\n<tr class=\"row-9\">\n\t<td class=\"column-2\">HDD LED<\/td><td class=\"column-3\">1<\/td>\n<\/tr>\n<tr class=\"row-10\">\n\t<td class=\"column-2\">USB<\/td><td class=\"column-3\">4 x USB 2.0<br \/>\n<\/td>\n<\/tr>\n<tr class=\"row-11\">\n\t<td class=\"column-2\">COM<\/td><td class=\"column-3\">2 x RS232 with 5V\/12V selectable<br \/>\n1 x RS232<br \/>\n1 x RS232\/422\/485<\/td>\n<\/tr>\n<tr class=\"row-12\">\n\t<td rowspan=\"14\" class=\"column-1\"><strong>Rear I\/O\t<\/strong><\/td><td class=\"column-2\">VGA<\/td><td class=\"column-3\">1 x 15-pin VGA connector (female)<br \/>\n<\/td>\n<\/tr>\n<tr class=\"row-13\">\n\t<td class=\"column-2\">DVI-D<\/td><td class=\"column-3\">1 x 25-pin DVI-D connector (female)<br \/>\n<\/td>\n<\/tr>\n<tr class=\"row-14\">\n\t<td class=\"column-2\">HDMI<\/td><td class=\"column-3\">1 x 19-pin HDMI A Type connector (female)<br \/>\n<\/td>\n<\/tr>\n<tr class=\"row-15\">\n\t<td class=\"column-2\">DisplayPort<\/td><td class=\"column-3\">4 x DisplayPort from AMD E6760 Graphic Card<br \/>\n<\/td>\n<\/tr>\n<tr class=\"row-16\">\n\t<td class=\"column-2\">Ethernet<\/td><td class=\"column-3\">2 x RJ45 GbE LAN ports<br \/>\n<\/td>\n<\/tr>\n<tr class=\"row-17\">\n\t<td class=\"column-2\">Audio<\/td><td class=\"column-3\">Mic-in, Line-in, Line-out<br \/>\n<\/td>\n<\/tr>\n<tr class=\"row-18\">\n\t<td rowspan=\"5\" class=\"column-2\">COM<\/td><td class=\"column-3\">1x RS232\/422\/485 with 5V\/12V selectable<br \/>\n<\/td>\n<\/tr>\n<tr class=\"row-19\">\n\t<td class=\"column-3\"><strong>Serial Signals<br \/>\n<\/strong><\/td>\n<\/tr>\n<tr class=\"row-20\">\n\t<td class=\"column-3\">RS232: DCD-, RXD, TXD, DTR-, GND, DSR-, RTS-, CTS-<br \/>\n<\/td>\n<\/tr>\n<tr class=\"row-21\">\n\t<td class=\"column-3\">RS422: TX-, RX+, TX+, RX-, GND,<br \/>\n<\/td>\n<\/tr>\n<tr class=\"row-22\">\n\t<td class=\"column-3\">RS485: DATA-, DATA+, GND<br \/>\n<\/td>\n<\/tr>\n<tr class=\"row-23\">\n\t<td class=\"column-2\">USB<\/td><td class=\"column-3\">4 x USB 3.0<br \/>\n<\/td>\n<\/tr>\n<tr class=\"row-24\">\n\t<td class=\"column-2\">Antenna<\/td><td class=\"column-3\">Reserved two antenna holes<br \/>\n<\/td>\n<\/tr>\n<tr class=\"row-25\">\n\t<td class=\"column-2\">Power Input<\/td><td class=\"column-3\">9V to 24V DC-in (by terminal block)<br \/>\n<\/td>\n<\/tr>\n<tr class=\"row-26\">\n\t<td rowspan=\"2\" class=\"column-1\"><strong>OS support list\t<\/strong><\/td><td class=\"column-2\">Windows<\/td><td class=\"column-3\">Windows 7\/8\/8.1\/10<br \/>\n<\/td>\n<\/tr>\n<tr class=\"row-27\">\n\t<td class=\"column-2\">Linux<\/td><td class=\"column-3\">OpenSUSE 12.2\u3001Ubuntu 12.04<br \/>\n<\/td>\n<\/tr>\n<tr class=\"row-28\">\n\t<td rowspan=\"5\" class=\"column-1\"><strong>Mechanical and Environment\t<\/strong><\/td><td class=\"column-2\">Power Requirement<\/td><td class=\"column-3\">9V ~ 24V DC-in<br \/>\n<\/td>\n<\/tr>\n<tr class=\"row-29\">\n\t<td class=\"column-2\">Dimension<\/td><td class=\"column-3\">370 x 166 x 246 mm (14.6\" x 6.5\" x 9.7\")<br \/>\n<\/td>\n<\/tr>\n<tr class=\"row-30\">\n\t<td class=\"column-2\">Operating Temp.<\/td><td class=\"column-3\">-20\u00b0C ~ 60\u00b0C (ambient with air flow)<br \/>\n<\/td>\n<\/tr>\n<tr class=\"row-31\">\n\t<td class=\"column-2\">Storage Temp.<\/td><td class=\"column-3\">-40\u00b0C ~ 70\u00b0C<br \/>\n<\/td>\n<\/tr>\n<tr class=\"row-32\">\n\t<td class=\"column-2\">Relative Humidity<\/td><td class=\"column-3\">10% to 90%, non-condensing<\/td>\n<\/tr>\n<tr class=\"row-33\">\n\t<td colspan=\"3\" class=\"column-1\"><strong>Certification<br \/>\n<\/strong><\/td>\n<\/tr>\n<tr class=\"row-34\">\n\t<td class=\"column-1\">Vibration test<\/td><td class=\"column-2\">IEC 60068-2-64<\/td><td class=\"column-3\">Random Vibration test<br \/>\nFrequency: 5Hz to 500Hz<br \/>\nAcceleration: 3g rms<br \/>\nTest Axis: X, Y, Z axis<br \/>\nTest Time: 30Min (Each axis)<\/td>\n<\/tr>\n<tr class=\"row-35\">\n\t<td class=\"column-1\">Shock test<\/td><td class=\"column-2\">IEC 60068-2-27<\/td><td class=\"column-3\">Shock test<br \/>\nWave form: Half Sine Wave<br \/>\nAcceleration: 20g<br \/>\nDuration Time: 11ms<\/td>\n<\/tr>\n<tr class=\"row-36\">\n\t<td colspan=\"2\" class=\"column-1\">EMC<\/td><td class=\"column-3\">CE, FCC<\/td>\n<\/tr>\n<\/tbody>\n<\/table>\n<!-- #tablepress-245 from cache -->\n","protected":false},"excerpt":{"rendered":"<p>Modu\u0142 wej\u015bcia\/wyj\u015bcia PCIe\/104(StackPC)<\/p>\n","protected":false},"featured_media":11126,"template":"","meta":{"_acf_changed":false,"inline_featured_image":false,"_monsterinsights_skip_tracking":false,"_monsterinsights_sitenote_active":false,"_monsterinsights_sitenote_note":"","_monsterinsights_sitenote_category":0},"product_brand":[],"product_cat":[1613,509,673],"product_tag":[],"class_list":{"0":"post-5404","1":"product","2":"type-product","3":"status-publish","4":"has-post-thumbnail","6":"product_cat-akcesoria-peryferia","7":"product_cat-perfectron","8":"product_cat-peryferia-2","10":"first","11":"instock","12":"shipping-taxable","13":"product-type-simple"},"acf":[],"_links":{"self":[{"href":"https:\/\/quantum.com.pl\/pl\/wp-json\/wp\/v2\/product\/5404","targetHints":{"allow":["GET"]}}],"collection":[{"href":"https:\/\/quantum.com.pl\/pl\/wp-json\/wp\/v2\/product"}],"about":[{"href":"https:\/\/quantum.com.pl\/pl\/wp-json\/wp\/v2\/types\/product"}],"wp:featuredmedia":[{"embeddable":true,"href":"https:\/\/quantum.com.pl\/pl\/wp-json\/wp\/v2\/media\/11126"}],"wp:attachment":[{"href":"https:\/\/quantum.com.pl\/pl\/wp-json\/wp\/v2\/media?parent=5404"}],"wp:term":[{"taxonomy":"product_brand","embeddable":true,"href":"https:\/\/quantum.com.pl\/pl\/wp-json\/wp\/v2\/product_brand?post=5404"},{"taxonomy":"product_cat","embeddable":true,"href":"https:\/\/quantum.com.pl\/pl\/wp-json\/wp\/v2\/product_cat?post=5404"},{"taxonomy":"product_tag","embeddable":true,"href":"https:\/\/quantum.com.pl\/pl\/wp-json\/wp\/v2\/product_tag?post=5404"}],"curies":[{"name":"wp","href":"https:\/\/api.w.org\/{rel}","templated":true}]}}