{"id":5419,"date":"2019-10-29T14:55:17","date_gmt":"2019-10-29T13:55:17","guid":{"rendered":"https:\/\/quantum.com.pl\/?post_type=product&#038;p=5419"},"modified":"2021-02-18T13:06:37","modified_gmt":"2021-02-18T12:06:37","slug":"sk704-2","status":"publish","type":"product","link":"https:\/\/quantum.com.pl\/pl\/product\/sk704-2\/","title":{"rendered":"SK704"},"content":{"rendered":"<h4>Modu\u0142 zasilacza PCIe\/104 (StackPC) 105W DC\/DC<\/h4>\n<p>&nbsp;<\/p>\n<p>SK704 jest modu\u0142em peryferyjnym PCIe\/104 (StackPC) przeznaczonym do wbudowanego systemu typu &#8222;stackable&#8221;, przenosz\u0105cym od 9V ~ 36V DC-in do +3.3V, +5V, +5V_SB i +12V DC-out. Modu\u0142 zasilania zapewnia maksymaln\u0105 moc wyj\u015bciow\u0105 105W dzi\u0119ki strukturze &#8222;stackable&#8221; magistrali PCIe\/104. Zosta\u0142 zaprojektowany z technologi\u0105 Linear Tech, zapewniaj\u0105c tym samym wysok\u0105 wydajno\u015b\u0107 uk\u0142ad\u00f3w scalonych i du\u017ce mo\u017cliwo\u015bci zasilania. Jest dost\u0119pny nie tylko ze z\u0142\u0105czami StackPWR, ale tak\u017ce ze z\u0142\u0105czami PCIe\/104.<\/p>\n<p>SK704 oferuje szeroki zakres napi\u0119cia wej\u015bciowego od +9V do +36V DC. Rozmieszczenie sterownik\u00f3w pozwala na prac\u0119 w trudnych temperaturach od -40 do 85\u00b0C. Poniewa\u017c wytwarzanie ciep\u0142a gromadzi si\u0119 na dnie, mo\u017cna je \u0142atwo doprowadzi\u0107 do aluminiowego radiatora lub podwozia i dalej rozproszy\u0107. Dodatkowo pozwala to r\u00f3wnie\u017c u\u017cytkownikom \u0142atwiej zbudowa\u0107 system bez wentylatora.<\/p>\n<p>Dzi\u0119ki wysokiej wydajno\u015bci i szerokim wachlarzu mo\u017cliwo\u015bci, SK704 nadaje si\u0119 do trudnych zastosowa\u0144, w tym do wojska, pojazd\u00f3w ci\u0119\u017ckich, przemys\u0142u lekkiego, itd.<\/p>\n<h4>Cechy szczeg\u00f3lne:<\/h4>\n<ul>\n<li>Magistrala PCIe\/104 &#8222;stackable&#8221; (typ 2)<\/li>\n<li>Napi\u0119cie wej\u015bciowe od 9V do 36V DC-in<\/li>\n<li>Maksymalna moc wyj\u015bciowa 105W<br \/>\n+ 3.3V@3A (maks. 10W)<br \/>\n+ 5V@6A (maks. 30W)<br \/>\n+ 5V_SB@1A (maks. 5W)<br \/>\n+ 12V@4-5A (maks. 50-60W)<\/li>\n<li>Wydajno\u015b\u0107 do 90%<\/li>\n<li>Linear Tech, czyli wysoka wydajno\u015b\u0107 uk\u0142adu scalonego<\/li>\n<li>Zgodno\u015b\u0107 z StackPC i PCIe\/104<\/li>\n<li>Rozszerzona temperatura pracy: -40 do 85\u00b0C<\/li>\n<\/ul>\n<h4>Dane techniczne:<\/h4>\n\n<table id=\"tablepress-246\" class=\"tablepress tablepress-id-246 tbody-has-connected-cells\">\n<thead>\n<tr class=\"row-1\">\n\t<th colspan=\"2\" class=\"column-1\"><strong>MODEL<\/strong><\/th><th class=\"column-3\"><strong>PER35A-ET\t<\/strong><\/th><th class=\"column-4\"><strong>PER35A-UT<br \/>\n<\/strong><\/th>\n<\/tr>\n<\/thead>\n<tbody class=\"row-striping row-hover\">\n<tr class=\"row-2\">\n\t<td class=\"column-1\"><strong>Mechanical and Environment\t<\/strong><\/td><td class=\"column-2\">Operating Temp.<\/td><td class=\"column-3\">-20 to 60\u00b0C<\/td><td class=\"column-4\">-40 to 60\u00b0C<br \/>\n<\/td>\n<\/tr>\n<tr class=\"row-3\">\n\t<td rowspan=\"6\" class=\"column-1\"><strong>System<\/strong><\/td><td class=\"column-2\">CPU<\/td><td colspan=\"2\" class=\"column-3\">Intel\u00ae 22nm Ivy Bridge Processor (Mobile)<br \/>\nCore\u2122 i5-3610ME 2.7 GHz (3M Cache, 35W)<br \/>\nCore\u2122 i3-3120ME 2.4 GHz (3M Cache, 35W)<\/td>\n<\/tr>\n<tr class=\"row-4\">\n\t<td class=\"column-2\">System Chipset<\/td><td colspan=\"2\" class=\"column-3\">Intel\u00ae QM77<br \/>\n<\/td>\n<\/tr>\n<tr class=\"row-5\">\n\t<td class=\"column-2\">Memory<\/td><td colspan=\"2\" class=\"column-3\">2 x 204-pin SO-DIMM DDR3 1333\/1600 MHz up to 16 GB<br \/>\n<\/td>\n<\/tr>\n<tr class=\"row-6\">\n\t<td class=\"column-2\">BIOS<\/td><td colspan=\"2\" class=\"column-3\">AMI\u00ae UEFI BIOS<br \/>\n<\/td>\n<\/tr>\n<tr class=\"row-7\">\n\t<td class=\"column-2\">Expansion slot<\/td><td colspan=\"2\" class=\"column-3\">1 x Mini-PCIe<br \/>\n<\/td>\n<\/tr>\n<tr class=\"row-8\">\n\t<td class=\"column-2\">Storage<\/td><td colspan=\"2\" class=\"column-3\">1 x 2.5' SATA HDD\/SSD<br \/>\n1 x CFast socket<\/td>\n<\/tr>\n<tr class=\"row-9\">\n\t<td rowspan=\"5\" class=\"column-1\"><strong>Front I\/O\t<\/strong><\/td><td class=\"column-2\">USB <\/td><td colspan=\"2\" class=\"column-3\">4 x USB 2.0<br \/>\n<\/td>\n<\/tr>\n<tr class=\"row-10\">\n\t<td class=\"column-2\">COM<\/td><td colspan=\"2\" class=\"column-3\">5 x RS232<br \/>\n<\/td>\n<\/tr>\n<tr class=\"row-11\">\n\t<td class=\"column-2\">Power LED<\/td><td colspan=\"2\" class=\"column-3\">Yes<\/td>\n<\/tr>\n<tr class=\"row-12\">\n\t<td class=\"column-2\">HDD LED<\/td><td colspan=\"2\" class=\"column-3\">Yes<\/td>\n<\/tr>\n<tr class=\"row-13\">\n\t<td class=\"column-2\">LPT port<\/td><td colspan=\"2\" class=\"column-3\">1<\/td>\n<\/tr>\n<tr class=\"row-14\">\n\t<td rowspan=\"9\" class=\"column-1\"><strong>Rear I\/O\t<\/strong><\/td><td class=\"column-2\">VGA<\/td><td colspan=\"2\" class=\"column-3\">1<\/td>\n<\/tr>\n<tr class=\"row-15\">\n\t<td class=\"column-2\">DVI-D<\/td><td colspan=\"2\" class=\"column-3\">1<\/td>\n<\/tr>\n<tr class=\"row-16\">\n\t<td class=\"column-2\">HDMI<\/td><td colspan=\"2\" class=\"column-3\">1<\/td>\n<\/tr>\n<tr class=\"row-17\">\n\t<td class=\"column-2\">Ethernet<\/td><td colspan=\"2\" class=\"column-3\">2 x RJ45<br \/>\n<\/td>\n<\/tr>\n<tr class=\"row-18\">\n\t<td class=\"column-2\">USB <\/td><td colspan=\"2\" class=\"column-3\">4 x USB 3.0<br \/>\n<\/td>\n<\/tr>\n<tr class=\"row-19\">\n\t<td class=\"column-2\">Audio<\/td><td colspan=\"2\" class=\"column-3\">Mic-in, Line-in, Line-out<br \/>\n<\/td>\n<\/tr>\n<tr class=\"row-20\">\n\t<td class=\"column-2\">COM <\/td><td colspan=\"2\" class=\"column-3\">1 x RS232\/422\/485<br \/>\n<\/td>\n<\/tr>\n<tr class=\"row-21\">\n\t<td class=\"column-2\">Antenna <\/td><td colspan=\"2\" class=\"column-3\">Reserved two antenna holes<br \/>\n<\/td>\n<\/tr>\n<tr class=\"row-22\">\n\t<td class=\"column-2\">DC-Jack<\/td><td colspan=\"2\" class=\"column-3\">1<\/td>\n<\/tr>\n<tr class=\"row-23\">\n\t<td class=\"column-1\"><strong>Ethernet<\/strong><\/td><td class=\"column-2\">Chipset<\/td><td colspan=\"2\" class=\"column-3\">Intel\u00ae 82579LM &amp; 82574IT GbE<br \/>\n<\/td>\n<\/tr>\n<\/tbody>\n<\/table>\n\n","protected":false},"excerpt":{"rendered":"<p>Modu\u0142 zasilacza PCIe\/104 (StackPC) 105W DC\/DC<\/p>\n","protected":false},"featured_media":11128,"template":"","meta":{"_acf_changed":false,"inline_featured_image":false,"_monsterinsights_skip_tracking":false,"_monsterinsights_sitenote_active":false,"_monsterinsights_sitenote_note":"","_monsterinsights_sitenote_category":0},"product_brand":[],"product_cat":[1613,509,673],"product_tag":[],"class_list":{"0":"post-5419","1":"product","2":"type-product","3":"status-publish","4":"has-post-thumbnail","6":"product_cat-akcesoria-peryferia","7":"product_cat-perfectron","8":"product_cat-peryferia-2","10":"first","11":"instock","12":"shipping-taxable","13":"product-type-simple"},"acf":[],"_links":{"self":[{"href":"https:\/\/quantum.com.pl\/pl\/wp-json\/wp\/v2\/product\/5419","targetHints":{"allow":["GET"]}}],"collection":[{"href":"https:\/\/quantum.com.pl\/pl\/wp-json\/wp\/v2\/product"}],"about":[{"href":"https:\/\/quantum.com.pl\/pl\/wp-json\/wp\/v2\/types\/product"}],"wp:featuredmedia":[{"embeddable":true,"href":"https:\/\/quantum.com.pl\/pl\/wp-json\/wp\/v2\/media\/11128"}],"wp:attachment":[{"href":"https:\/\/quantum.com.pl\/pl\/wp-json\/wp\/v2\/media?parent=5419"}],"wp:term":[{"taxonomy":"product_brand","embeddable":true,"href":"https:\/\/quantum.com.pl\/pl\/wp-json\/wp\/v2\/product_brand?post=5419"},{"taxonomy":"product_cat","embeddable":true,"href":"https:\/\/quantum.com.pl\/pl\/wp-json\/wp\/v2\/product_cat?post=5419"},{"taxonomy":"product_tag","embeddable":true,"href":"https:\/\/quantum.com.pl\/pl\/wp-json\/wp\/v2\/product_tag?post=5419"}],"curies":[{"name":"wp","href":"https:\/\/api.w.org\/{rel}","templated":true}]}}