{"id":5447,"date":"2019-10-29T15:57:23","date_gmt":"2019-10-29T14:57:23","guid":{"rendered":"https:\/\/quantum.com.pl\/?post_type=product&#038;p=5447"},"modified":"2020-08-25T23:01:00","modified_gmt":"2020-08-25T21:01:00","slug":"dm100","status":"publish","type":"product","link":"https:\/\/quantum.com.pl\/pl\/product\/dm100\/","title":{"rendered":"DM100"},"content":{"rendered":"<h4>System typu &#8222;rugged&#8221; bez wentylatora Intel\u00ae Haswell Q87 z procesorem Intel\u00ae Core &#x2122; i7\/i5\/i3, szerokim zakresem od 9V do 24V DC-in oraz rozszerzon\u0105 tolerancj\u0105 temperatury (-20 do 60\u00b0C).<\/h4>\n<p>&nbsp;<\/p>\n<p>DM100 jest zasilany przez chipset Intel\u00ae Haswell Q87 czwartej generacji i obs\u0142uguje procesor Core&#x2122; i7\/i5\/i3 czwartej generacji. Procesor i7-4770TE plus chipset Intel\u00ae QM87 umo\u017cliwiaj\u0105 taktowanie od 2.3 GHz do 3.3 GHz. Cztery rdzenie zwi\u0119kszono do 8 rdzeni, aby produkt poradzi\u0142 sobie z przetwarzaniem ogromnych danych.<\/p>\n<p>DM100 obs\u0142uguje rozbudowany interfejs I\/O z 10 x USB, 5 x COM i podw\u00f3jnym LAN dla mo\u017cliwo\u015bci pod\u0142\u0105czania urz\u0105dze\u0144, kt\u00f3rych wymagaj\u0105 konkretne zastosowania wybrane przez klienta. DM100 jest w stanie przetrwa\u0107 w wymagaj\u0105cym \u015brodowisku, w zakresie temperatur od -20 do 60\u00b0C, jednocze\u015bnie zapewniaj\u0105c niezr\u00f3wnan\u0105 niezawodno\u015b\u0107. Dzi\u0119ki szerokiemu zakresowi DC-in 9 ~ 24V mo\u017ce r\u00f3wnie\u017c chroni\u0107 system przed uszkodzeniami spowodowanymi nag\u0142ym skokiem napi\u0119cia. Po\u0142\u0105czenie du\u017cej mocy obliczeniowej procesora i szerokich mo\u017cliwo\u015bci interfejsu I\/O sprawia, \u017ce DM100 stanowi idealne rozwi\u0105zanie dla automatyzacji i zastosowa\u0144 medycznych.<\/p>\n<h4>Cechy szczeg\u00f3lne:<\/h4>\n<ul>\n<li>Intel\u00ae Haswell Q87 + Intel Core i7-4770TE (4 rdzenie x 2.3 GHz, 45W)<\/li>\n<li>2x DDR3 SO-DIMM do 16 GB pami\u0119ci<\/li>\n<li>Wy\u015bwietlanie przez DVI\/HDMI<\/li>\n<li>Obs\u0142uga 1 x 2.5&#8243; SATA HDD\/SSD<\/li>\n<li>6 x USB 3.0, 4 x USB 2.0<\/li>\n<li>5 x porty COM<\/li>\n<li>Dwa porty LAN GbE<\/li>\n<li>Szeroki zakres od 9V do 24V DC-in<\/li>\n<li>Rozszerzona temperatura pracy: od -20 do 60\u00b0C<\/li>\n<\/ul>\n<p><img loading=\"lazy\" decoding=\"async\" class=\"aligncenter size-full wp-image-5439\" src=\"https:\/\/quantum.com.pl\/wp-content\/uploads\/2019\/10\/DM100-front-and-back-side.jpeg\" alt=\"DM100 front and back side\" width=\"1058\" height=\"603\" srcset=\"https:\/\/quantum.com.pl\/wp-content\/uploads\/2019\/10\/DM100-front-and-back-side.jpeg 1058w, https:\/\/quantum.com.pl\/wp-content\/uploads\/2019\/10\/DM100-front-and-back-side-300x171.jpeg 300w, https:\/\/quantum.com.pl\/wp-content\/uploads\/2019\/10\/DM100-front-and-back-side-768x438.jpeg 768w, https:\/\/quantum.com.pl\/wp-content\/uploads\/2019\/10\/DM100-front-and-back-side-1024x584.jpeg 1024w, https:\/\/quantum.com.pl\/wp-content\/uploads\/2019\/10\/DM100-front-and-back-side-860x490.jpeg 860w, https:\/\/quantum.com.pl\/wp-content\/uploads\/2019\/10\/DM100-front-and-back-side-600x342.jpeg 600w\" sizes=\"auto, (max-width: 1058px) 100vw, 1058px\" \/><\/p>\n<p>&nbsp;<\/p>\n<h4>Rozwi\u0105zania termiczne do projektowania system\u00f3w bez wentylatora<\/h4>\n<p>Rozwi\u0105zanie termiczne jest kluczem, kt\u00f3ry wp\u0142ywa na ca\u0142y system. Perfectron wdra\u017ca zaawansowane rozwi\u0105zania termiczne z rozpraszaczem ciep\u0142a i aluminiowym radiatorem, aby zagwarantowa\u0107 skuteczn\u0105 prac\u0119 systemu w ekstremalnie wymagaj\u0105cym \u015brodowisku. Metoda bez wentylatora opiera si\u0119 w du\u017cej mierze na dok\u0142adnym obliczeniu wydajno\u015bci ka\u017cdego elementu rozpraszaj\u0105cego ciep\u0142o. Doskona\u0142a konstrukcja bez wentylatora gwarantuje cich\u0105 prac\u0119, co zwi\u0119ksza mobilno\u015b\u0107, jednocze\u015bnie zapobiegaj\u0105c wnikaniu py\u0142u i zanieczyszcze\u0144. DM100 umo\u017cliwia dzia\u0142anie w temperaturach od -20 do 60\u00b0C, osi\u0105gaj\u0105c najwy\u017csz\u0105 niezawodno\u015b\u0107 i stabilno\u015b\u0107.<\/p>\n<h4><\/h4>\n<h4>P\u0142yta g\u0142\u00f3wna systemu &#8211; Haswell Mini-ITX SBC<\/h4>\n<p>&nbsp;<\/p>\n<p><strong>1. Wszechmocny procesor Intel Core i7 <\/strong><\/p>\n<p>Wytrzyma\u0142y system wymaga jeszcze silniejszego serca, kt\u00f3re podtrzyma \u017cycie we wszystkich trudnych aplikacjach.\u00a0 DM100 jest zasilany procesorem Intel Core i7, dzi\u0119ki czemu zar\u00f3wno moc obliczeniowa, jak i wytrzyma\u0142o\u015b\u0107 s\u0105 nie do zdarcia.<\/p>\n<p><strong>2. Projekt o szerokim zakresie napi\u0119cia DC-in<\/strong><\/p>\n<p>DM100 obs\u0142uguje zasilanie DC-in od 9 do 24V, umo\u017cliwiaj\u0105c tym samym stosowanie systemu w r\u00f3\u017cnych typach mocy. Konstrukcja szerokiego zakresu mocy utrzymuje niezawodno\u015b\u0107 systemu, co jest podstaw\u0105 do oczekiwania d\u0142u\u017cszej \u017cywotno\u015bci. Nag\u0142y spadek lub wzrost mocy nie sprawia absolutnie \u017cadnego zagro\u017cenia dla tego inteligentnego systemu.<\/p>\n<p><strong>3. Ultra cienki rozmiar systemu Haswell bez wentylatora\u00a0<\/strong><\/p>\n<p>DM100 to kompaktowy system klasy przemys\u0142owej bez wentylatora. Dzi\u0119ki wymiarom 236 x 200 x 81 mm, DM100 wyr\u00f3\u017cnia si\u0119 zwart\u0105, ale trwa\u0142\u0105 konstrukcj\u0105 zewn\u0119trzn\u0105 i wysoce funkcjonaln\u0105 struktur\u0105 wewn\u0119trzn\u0105, co pozwala na zastosowanie systemu w miejscach ograniczonych przestrzennie.<\/p>\n<h4>Dane techniczne:<\/h4>\n\n<table id=\"tablepress-247\" class=\"tablepress tablepress-id-247 tbody-has-connected-cells\">\n<thead>\n<tr class=\"row-1\">\n\t<th class=\"column-1\"><strong>MODEL<\/strong><\/th><th colspan=\"2\" class=\"column-2\"><strong>PER335B-UT<br \/>\n<\/strong><\/th>\n<\/tr>\n<\/thead>\n<tbody class=\"row-striping row-hover\">\n<tr class=\"row-2\">\n\t<td class=\"column-1\"><strong>Operating Temp.\t<\/strong><\/td><td colspan=\"2\" class=\"column-2\">-40\u00b0C ~ +60\u00b0C<\/td>\n<\/tr>\n<tr class=\"row-3\">\n\t<td rowspan=\"5\" class=\"column-1\"><strong>System<\/strong><\/td><td class=\"column-2\">CPU<\/td><td class=\"column-3\">Intel\u00ae 22nm Ivy Bridge Processor (Mobile) socket (rPGA988)<br \/>\nIntel\u00ae Core\u2122 i5-3610ME Processor (3M Cache, up to 3.30 GHz)<br \/>\n<\/td>\n<\/tr>\n<tr class=\"row-4\">\n\t<td class=\"column-2\">Chipset<\/td><td class=\"column-3\">Intel\u00ae QM77 Express Chipset (Intel\u00ae BD82QM77 PCH)<br \/>\n<\/td>\n<\/tr>\n<tr class=\"row-5\">\n\t<td class=\"column-2\">Memory Type<\/td><td class=\"column-3\">1 x 204-pin DDR3 SO-DIMM support up to 8GB<br \/>\n<\/td>\n<\/tr>\n<tr class=\"row-6\">\n\t<td class=\"column-2\">Expansion Slot\t<br \/>\n<\/td><td class=\"column-3\">2 x Mini PCIe (1 supported with mSATA)<br \/>\n<br \/>\n<\/td>\n<\/tr>\n<tr class=\"row-7\">\n\t<td class=\"column-2\">Storage Device<\/td><td class=\"column-3\">3 x 2.5\" HDD\/SSD<br \/>\n1 x SATA DOM<br \/>\n<\/td>\n<\/tr>\n<tr class=\"row-8\">\n\t<td rowspan=\"9\" class=\"column-1\"><strong>Front I\/O\t<\/strong><\/td><td class=\"column-2\">Power Button<\/td><td class=\"column-3\">1<\/td>\n<\/tr>\n<tr class=\"row-9\">\n\t<td class=\"column-2\">Power LED<\/td><td class=\"column-3\">1<\/td>\n<\/tr>\n<tr class=\"row-10\">\n\t<td class=\"column-2\">HDD LED<\/td><td class=\"column-3\">1<\/td>\n<\/tr>\n<tr class=\"row-11\">\n\t<td class=\"column-2\">2.5\" Tray\t<\/td><td class=\"column-3\">3 x 2.5\" HDD\/SSD Trays<br \/>\n<\/td>\n<\/tr>\n<tr class=\"row-12\">\n\t<td class=\"column-2\">Ethernet\t<br \/>\n<\/td><td class=\"column-3\">4 x M20-RJ45 Rugged Connectors<br \/>\n<br \/>\n<\/td>\n<\/tr>\n<tr class=\"row-13\">\n\t<td class=\"column-2\">VGA<\/td><td class=\"column-3\">1<\/td>\n<\/tr>\n<tr class=\"row-14\">\n\t<td class=\"column-2\">DVI-D\t<br \/>\n<\/td><td class=\"column-3\">1<\/td>\n<\/tr>\n<tr class=\"row-15\">\n\t<td class=\"column-2\">USB<\/td><td class=\"column-3\">2 x USB 3.0<\/td>\n<\/tr>\n<tr class=\"row-16\">\n\t<td class=\"column-2\">COM<\/td><td class=\"column-3\">1 x RS232\/422\/485<br \/>\n1 x RS232<\/td>\n<\/tr>\n<tr class=\"row-17\">\n\t<td rowspan=\"2\" class=\"column-1\"><strong>OS support list\t<\/strong><\/td><td class=\"column-2\">Windows<\/td><td class=\"column-3\">Windows 7 x32\/ x64\u3001Windows 8.1 x32\/ x64\u3001Windows 10 x32\/ x64<br \/>\n<\/td>\n<\/tr>\n<tr class=\"row-18\">\n\t<td class=\"column-2\">Linux<\/td><td class=\"column-3\">Fedora 15, Ubuntu, Red Hat<br \/>\n<\/td>\n<\/tr>\n<tr class=\"row-19\">\n\t<td class=\"column-1\"><\/td><td colspan=\"2\" class=\"column-2\"><strong>Mechanical and Environment<br \/>\n<\/strong><\/td>\n<\/tr>\n<tr class=\"row-20\">\n\t<td class=\"column-1\">Power Requirement<\/td><td colspan=\"2\" class=\"column-2\">12V DC-in<br \/>\n<\/td>\n<\/tr>\n<tr class=\"row-21\">\n\t<td class=\"column-1\">Dimension<\/td><td colspan=\"2\" class=\"column-2\">298 x 201 x 129 mm (11.7\" x 7.9\" x 5.1\")<br \/>\n<\/td>\n<\/tr>\n<tr class=\"row-22\">\n\t<td class=\"column-1\">Weight<\/td><td colspan=\"2\" class=\"column-2\">4.6 kg (10.13 lbs)<br \/>\n<\/td>\n<\/tr>\n<tr class=\"row-23\">\n\t<td class=\"column-1\">Operating Temp.<\/td><td colspan=\"2\" class=\"column-2\">-40\u00b0C ~ +60\u00b0C (ambient with air flow)<br \/>\n<\/td>\n<\/tr>\n<tr class=\"row-24\">\n\t<td class=\"column-1\">Storage Temp.<\/td><td colspan=\"2\" class=\"column-2\">-40\u00b0C ~ +85\u00b0C<br \/>\n<\/td>\n<\/tr>\n<tr class=\"row-25\">\n\t<td class=\"column-1\">Relative Humidity<\/td><td colspan=\"2\" class=\"column-2\">10% to 90%, non-condensing<br \/>\n<\/td>\n<\/tr>\n<tr class=\"row-26\">\n\t<td class=\"column-1\"><\/td><td colspan=\"2\" class=\"column-2\"><strong>Certifications<br \/>\n<\/strong><\/td>\n<\/tr>\n<tr class=\"row-27\">\n\t<td class=\"column-1\">Vibration test<\/td><td class=\"column-2\">IEC 60068-2-64\t<br \/>\n<\/td><td class=\"column-3\">Random Vibration test<br \/>\nFrequency: 5Hz to 500Hz<br \/>\nAcceleration: 3.0 g rms<br \/>\nTest Axis: X, Y, Z axis<br \/>\nTest Time: 30Min (Each axis)<\/td>\n<\/tr>\n<tr class=\"row-28\">\n\t<td class=\"column-1\">Shock test<\/td><td class=\"column-2\">IEC 60068-2-27\t<br \/>\n<\/td><td class=\"column-3\">Shock test<br \/>\nWave form: Half Sine Wave<br \/>\nAcceleration: 25g<br \/>\nDuration Time: 11ms<\/td>\n<\/tr>\n<tr class=\"row-29\">\n\t<td colspan=\"2\" class=\"column-1\">EMC<\/td><td class=\"column-3\">CE, FCC<\/td>\n<\/tr>\n<\/tbody>\n<\/table>\n<!-- #tablepress-247 from cache -->\n","protected":false},"excerpt":{"rendered":"<p>System typu &#8222;rugged&#8221; bez wentylatora Intel\u00ae Haswell Q87 z procesorem Intel\u00ae Core &#x2122; i7\/i5\/i3, szerokim zakresem od 9V do 24V DC-in oraz rozszerzon\u0105 tolerancj\u0105 temperatury (-20 do 60\u00b0C).<\/p>\n","protected":false},"featured_media":11066,"template":"","meta":{"_acf_changed":false,"inline_featured_image":false,"_monsterinsights_skip_tracking":false,"_monsterinsights_sitenote_active":false,"_monsterinsights_sitenote_note":"","_monsterinsights_sitenote_category":0},"product_brand":[],"product_cat":[715,1585,509],"product_tag":[],"class_list":{"0":"post-5447","1":"product","2":"type-product","3":"status-publish","4":"has-post-thumbnail","6":"product_cat-komputery-kompaktowe-2","7":"product_cat-komputery-kompatkowe-boxpc","8":"product_cat-perfectron","10":"first","11":"instock","12":"shipping-taxable","13":"product-type-simple"},"acf":[],"_links":{"self":[{"href":"https:\/\/quantum.com.pl\/pl\/wp-json\/wp\/v2\/product\/5447","targetHints":{"allow":["GET"]}}],"collection":[{"href":"https:\/\/quantum.com.pl\/pl\/wp-json\/wp\/v2\/product"}],"about":[{"href":"https:\/\/quantum.com.pl\/pl\/wp-json\/wp\/v2\/types\/product"}],"wp:featuredmedia":[{"embeddable":true,"href":"https:\/\/quantum.com.pl\/pl\/wp-json\/wp\/v2\/media\/11066"}],"wp:attachment":[{"href":"https:\/\/quantum.com.pl\/pl\/wp-json\/wp\/v2\/media?parent=5447"}],"wp:term":[{"taxonomy":"product_brand","embeddable":true,"href":"https:\/\/quantum.com.pl\/pl\/wp-json\/wp\/v2\/product_brand?post=5447"},{"taxonomy":"product_cat","embeddable":true,"href":"https:\/\/quantum.com.pl\/pl\/wp-json\/wp\/v2\/product_cat?post=5447"},{"taxonomy":"product_tag","embeddable":true,"href":"https:\/\/quantum.com.pl\/pl\/wp-json\/wp\/v2\/product_tag?post=5447"}],"curies":[{"name":"wp","href":"https:\/\/api.w.org\/{rel}","templated":true}]}}