{"id":5475,"date":"2019-10-29T21:48:05","date_gmt":"2019-10-29T20:48:05","guid":{"rendered":"https:\/\/quantum.com.pl\/?post_type=product&#038;p=5475"},"modified":"2022-03-07T14:52:11","modified_gmt":"2022-03-07T13:52:11","slug":"roc285a","status":"publish","type":"product","link":"https:\/\/quantum.com.pl\/pl\/product\/roc285a\/","title":{"rendered":"ROC285A"},"content":{"rendered":"<h4>Serwer typ\u00f3w ,,fanless&#8221; i ,,rugged&#8221;, 19\u201d1U z procesorem Intel\u00ae 8 \/ 9th Gen, bogaty interfejs I\/O, wej\u015bcie od 9 V do 36 V DC, nadmiarowy serwer DC-DC, rozszerzona temperatura (od -20\u00b0C do 60\u00b0C)<\/h4>\n<ul>\n<li>Intel\u00ae Coffeelake &#8211; Refresh i7-9700T (8 rdzeni, 4,3 GHz)<\/li>\n<li>2 x SO-DIMM DDR4 2400\/2666 MHz do 64 GB<\/li>\n<li>1 x PCIe x16, 1 x Full \/ Half mPCIe, 1 x M.2 (Key E), 1 x M.2 (Key M) gniazdo rozszerze\u0144<\/li>\n<li>Wysoce wydajny I\/O 4 x USB 3.0, 3 x DisplayPort, 2 x LAN, 1 x Line-out \/ Mic<\/li>\n<li>Zasilacz 2 x 200 W AC-DC z obs\u0142ug\u0105 redundantn\u0105<\/li>\n<li>\u0141atwa wymiana tacki 2 x 2,5\u201dSATA HDD \/ SSD<\/li>\n<li>Szeroki zakres 9V ~ 36 V DC-in<\/li>\n<li>Rozszerzona temperatura pracy -20\u00b0C do 60\u00b0C<\/li>\n<\/ul>\n<p>ROC285A to przemys\u0142owy, 19-calowy, wytrzyma\u0142y serwer typu ,,fanless&#8221; o wysoko\u015bci 1U z nadmiarowym zasilaczem DC-DC, aby zabezpieczy\u0107 dane w przypadku awarii. Oparty na chipsecie Intel\u00ae Coffeelake 14nm Core&#x2122; Q370 &#8211; ROC285A mo\u017ce by\u0107 przetwarzany przez procesor Intel\u00ae Coffeelake-Refresh i7-9700T (8 rdzeni, 4,3 GHz). Obs\u0142uguje do 64 GB pojemno\u015bci pami\u0119ci, wbudowany podw\u00f3jny Ethernet Gbit, 3 x DP (rozdzielczo\u015b\u0107 do 4096 x 2304), porty SuperSpeedPlus USB 3.1 (10 Gb\/s). Ponadto ROC285A posiada rozszerzenie PCIe x16 w celu zapewnienia wysokiej pr\u0119dko\u015bci, takiej jak karta RAID, karta graficzna lub 10GbE\u2026 itd. Dzi\u0119ki kolejnym zaletom, na przyk\u0142ad \u0142atwej wymianie tacki HDD \/ SSD i gnie\u017adzie z wieloma rozszerzeniami, uwa\u017camy, \u017ce ROC285A jest najlepszym wyborem dla os\u00f3b, kt\u00f3re chc\u0105 uzyska\u0107 przewag\u0119 w dziedzinie pojazd\u00f3w mobilnych.<\/p>\n<h4>Potrzeba ochrona danych w erze ,,Big Data&#8221;<\/h4>\n<p>W erze Big Data ka\u017cdego dnia powstaj\u0105 miliardy bit\u00f3w danych, dlatego status centr\u00f3w danych staje si\u0119 znacznie wa\u017cniejszy. Centrum danych centralizuje operacje i sprz\u0119t IT organizacji, a tak\u017ce miejsce przechowywania, zarz\u0105dzania i rozpowszechniania danych. Poniewa\u017c centra danych mieszcz\u0105 najbardziej krytyczne systemy sieciowe i s\u0105 niezb\u0119dne do zachowania ci\u0105g\u0142o\u015bci codziennych operacji, wa\u017cne jest, aby centra danych dzia\u0142a\u0142y prawid\u0142owo. Jednak niekt\u00f3re problemy, takie jak jako\u015b\u0107 zasilania, mog\u0105 powodowa\u0107 awarie sprz\u0119tu, przestoje i uszkodzenie danych. Spos\u00f3b obchodzenia si\u0119 z woluminami danych przy ich zabezpieczaniu staje si\u0119 jednym z najwa\u017cniejszych problem\u00f3w przy wyborze idealnego serwera do przetwarzania danych.<\/p>\n<p>Bior\u0105c pod uwag\u0119 obawy klient\u00f3w, profesjonalny projektant wytrzyma\u0142ych komputer\u00f3w, STACKRACK, przedstawia nowy, 19-calowy serwer ROC285A o mocy 1U do monta\u017cu w szafie rack z redundantnym zasilaczem DC-DC, co jest niezwykle wa\u017cne, aby zabezpieczy\u0107 dane w przypadku awarii. Jako serwer do monta\u017cu w szafie 1U, ROC285A zapewnia najbardziej op\u0142acalne rozwi\u0105zania. Co wi\u0119cej, system ch\u0142odz\u0105cy typu ,,fanless&#8221; bez ruchomych cz\u0119\u015bci zosta\u0142 zaprojektowany jako \u015bwietne rozwi\u0105zanie termiczne. Zapewnia to nie tylko stabilno\u015b\u0107 wewn\u0119trzn\u0105, ale tak\u017ce poprawia w\u0142a\u015bciwo\u015bci przeciwpy\u0142owe.<\/p>\n<h4>Wysokiej klasy jednostki przetwarzaj\u0105ce<\/h4>\n<p>Oparty na chipsecie Intel\u00ae Coffeelake 14nm Core&#x2122; Q370, ROC285A mo\u017ce by\u0107 przetwarzany przez procesor Intel\u00ae Coffeelake-Refresh i7-9700T (8 rdzeni, 4,3 GHz). W por\u00f3wnaniu z poprzednimi generacjami, procesor i7-9700T zawiera znacznie wi\u0119cej rdzeni obliczeniowych, co oznacza lepsz\u0105 wydajno\u015b\u0107 oblicze\u0144 oraz szybsz\u0105 pami\u0119\u0107 podr\u0119czn\u0105, kt\u00f3re s\u0105 odpowiedzialne za przechowywanie aktualnie przetwarzanych danych. ROC285A mo\u017ce oferowa\u0107 unikalne funkcje klasy przedsi\u0119biorczej i niesamowit\u0105 szybko\u015b\u0107 przy jednoczesnym przetwarzaniu du\u017cej ilo\u015bci danych.<\/p>\n<h4>Wysoko wydajny model Interfejsu<\/h4>\n<p>Z drugiej strony ROC285A wyposa\u017cony w wysoce wydajny projekt I\/O, sk\u0142adaj\u0105cy si\u0119 z podw\u00f3jnego Gbit Ethernet, 3 x DP (rozdzielczo\u015b\u0107 do 4096 x 2304), porty SuperSpeedPlus USB 3.0 (10 Gb \/ s) umo\u017cliwia sprawne po\u0142\u0105czenie podczas wymiany informacji w czasie rzeczywistym i dostarczania danych na wymagane platformy bez odraczania.<\/p>\n<h4>Rozszerzenie PCle x16<\/h4>\n<p>ROC285A zapewnia rozszerzenie PCIe x16 w celu zapewnienia wysokiej pr\u0119dko\u015bci, takiej jak karta RAID, karta graficzna lub 10GbE\u2026 itd.<\/p>\n<p>1. Zdolno\u015b\u0107 \u0142\u0105czenia czujnik\u00f3w:<\/p>\n<p>Dodaj\u0105c kart\u0119 graficzn\u0105, kompletny system m\u00f3g\u0142by uzyska\u0107 mocny procesor + GPU w celu obs\u0142ugi \u0142\u0105czenia czujnik\u00f3w, co wymaga wydajnego procesora znajduj\u0105cego si\u0119 w centrum, w kt\u00f3rym przetwarzane s\u0105 wszystkie nieprzetworzone dane z czujnik\u00f3w. Interpretuj\u0105c dane i decyduj\u0105c, jak zareagowa\u0107, CPU + GPU mo\u017ce sprawi\u0107, \u017ce b\u0119d\u0105 one \u201einteligentnymi\u201d czujnikami i sprawi\u0105, \u017ce ca\u0142y system b\u0119dzie dzia\u0142a\u0142 dok\u0142adnie.<\/p>\n<p>2. Pami\u0119\u0107 masowa o du\u017cej pojemno\u015bci i zaleta planu tworzenia kopii zapasowych danych:<\/p>\n<p>Dodaj\u0105c kart\u0119 RocketRAID 4520SGL SAS RAID lub kart\u0119 RocketRAID 840A SATA RAID, ROC285A mo\u017ce rozszerzy\u0107 do 8 p\u00f3l SAS lub 12 p\u00f3l SATA RAID. Dzi\u0119ki zastosowaniu du\u017cej liczby dysk\u00f3w ROC285A jest w stanie zwi\u0119kszy\u0107 du\u017c\u0105 ilo\u015b\u0107 pami\u0119ci. Ponadto ROC285A mo\u017ce zbudowa\u0107 system RAID w celu zwi\u0119kszenia odporno\u015bci na uszkodzenia dysku twardego. W zakresie bezpiecze\u0144stwa danych RAID odnosi si\u0119 do sposobu, w jaki tablica dysk\u00f3w twardych tworzy nadmiarowe kopie zapasowe danych, dzi\u0119ki czemu dane mog\u0105 by\u0107 przechowywane nawet w przypadku katastrofalnej awarii systemu.<\/p>\n<p>3. Obs\u0142uga pami\u0119ci RAM o du\u017cej pojemno\u015bci:<\/p>\n<p>Co wi\u0119cej, dwa SO-DIMM, dwukana\u0142owa pami\u0119\u0107 DDR4 zosta\u0142y zaprojektowane na wytrzyma\u0142ym serwerze, zwi\u0119kszaj\u0105c pami\u0119\u0107 RAM ROC285A do 64 GB i zapewniaj\u0105c najlepsz\u0105 wydajno\u015b\u0107 operacyjn\u0105 w niewielkich rozmiarach. Te cechy sprawiaj\u0105, \u017ce ROC285A jest idealnym serwerem do monta\u017cu w szafie przemys\u0142owej, przeznaczonym do wbudowanych aplikacji komputerowych, w tym platform komercyjnych i przemys\u0142owych, kontroli proces\u00f3w, inteligentnej automatyki i aplikacji produkcyjnych.<\/p>\n<h4>Szeroki zakres mocy wej\u015bciowej DC-DC<\/h4>\n<p>R\u00f3wnie\u017c szeroki zakres mocy wej\u015bciowej pr\u0105du przemiennego na sta\u0142y jest cech\u0105 wyr\u00f3\u017cniaj\u0105c\u0105 ROC285A. Od 9 V do 36 V &#8211; ROC285A pozwala na wykorzystanie systemu w r\u00f3\u017cnych typach mocy. Konstrukcja szerokiego zakresu mocy utrzymuje niezawodno\u015b\u0107 systemu oraz d\u0142ug\u0105 \u017cywotno\u015b\u0107. Nag\u0142y spadek lub wzrost mocy nie ma absolutnie \u017cadnego zagro\u017cenia dla tego inteligentnego systemu.<\/p>\n<h4>Rozszerzony zakres temperatury zapewnia niezawodno\u015b\u0107 produktu<\/h4>\n<p>Dzi\u0119ki przeprowadzonym badaniom i doskona\u0142ej konstrukcji STACKRACK, ROC285AA mo\u017ce z powodzeniem dzia\u0142a\u0107 w temperaturach od -20\u00b0C do 60\u00b0C, a dzi\u0119ki specjalnemu przemys\u0142owemu rozszerzonemu zakresowi temperatur, mo\u017ce r\u00f3wnie\u017c zmniejszy\u0107 potencjalne usterki komputera spowodowane niekompatybilno\u015bci\u0105 sprz\u0119tu i utrat\u0105 \u0142\u0105czno\u015bci spowodowanymi przez wstrz\u0105s i wibracje.<\/p>\n","protected":false},"excerpt":{"rendered":"<p>ROC285A to przemys\u0142owy, 19-calowy, wytrzyma\u0142y serwer typu ,,fanless&#8221; o wysoko\u015bci 1U z nadmiarowym zasilaczem DC-DC, aby zabezpieczy\u0107 dane w przypadku awarii. Oparty na chipsecie Intel\u00ae Coffeelake 14nm Core&#x2122; Q370 &#8211; ROC285A mo\u017ce by\u0107 przetwarzany przez procesor Intel\u00ae Coffeelake-Refresh i7-9700T (8 rdzeni, 4,3 GHz). Obs\u0142uguje do 64 GB pojemno\u015bci pami\u0119ci, wbudowany podw\u00f3jny Ethernet Gbit, 3 x DP (rozdzielczo\u015b\u0107 do 4096 x 2304), porty SuperSpeedPlus USB 3.1 (10 Gb\/s).<\/p>\n","protected":false},"featured_media":11146,"template":"","meta":{"_acf_changed":false,"inline_featured_image":false,"_monsterinsights_skip_tracking":false,"_monsterinsights_sitenote_active":false,"_monsterinsights_sitenote_note":"","_monsterinsights_sitenote_category":0},"product_brand":[],"product_cat":[1595,509,701],"product_tag":[],"class_list":{"0":"post-5475","1":"product","2":"type-product","3":"status-publish","4":"has-post-thumbnail","6":"product_cat-obudowy-serwery","7":"product_cat-perfectron","8":"product_cat-serwery-gpu","10":"first","11":"instock","12":"shipping-taxable","13":"product-type-simple"},"acf":[],"_links":{"self":[{"href":"https:\/\/quantum.com.pl\/pl\/wp-json\/wp\/v2\/product\/5475","targetHints":{"allow":["GET"]}}],"collection":[{"href":"https:\/\/quantum.com.pl\/pl\/wp-json\/wp\/v2\/product"}],"about":[{"href":"https:\/\/quantum.com.pl\/pl\/wp-json\/wp\/v2\/types\/product"}],"wp:featuredmedia":[{"embeddable":true,"href":"https:\/\/quantum.com.pl\/pl\/wp-json\/wp\/v2\/media\/11146"}],"wp:attachment":[{"href":"https:\/\/quantum.com.pl\/pl\/wp-json\/wp\/v2\/media?parent=5475"}],"wp:term":[{"taxonomy":"product_brand","embeddable":true,"href":"https:\/\/quantum.com.pl\/pl\/wp-json\/wp\/v2\/product_brand?post=5475"},{"taxonomy":"product_cat","embeddable":true,"href":"https:\/\/quantum.com.pl\/pl\/wp-json\/wp\/v2\/product_cat?post=5475"},{"taxonomy":"product_tag","embeddable":true,"href":"https:\/\/quantum.com.pl\/pl\/wp-json\/wp\/v2\/product_tag?post=5475"}],"curies":[{"name":"wp","href":"https:\/\/api.w.org\/{rel}","templated":true}]}}