{"id":5479,"date":"2019-10-30T09:00:07","date_gmt":"2019-10-30T08:00:07","guid":{"rendered":"https:\/\/quantum.com.pl\/?post_type=product&#038;p=5479"},"modified":"2022-03-07T12:50:13","modified_gmt":"2022-03-07T11:50:13","slug":"per35a","status":"publish","type":"product","link":"https:\/\/quantum.com.pl\/pl\/product\/per35a\/","title":{"rendered":"PER35A"},"content":{"rendered":"<h4>System typu \u201erugged\u201d bez wentylatora Intel\u00ae QM77 z procesorem Intel\u00ae Ivy Bridge Core&#x2122; i5\/i3, szerokim zakresem DC-in od 9V do 24V, tolerancj\u0105 temperatury od -40 to 60\u00b0C oraz certyfikatem UL LISTED.<\/h4>\n<p>&nbsp;<\/p>\n<p>PER35A to system o najwy\u017cszej wydajno\u015bci z serii PERFECT. Wyposa\u017cony jest w najnowszy procesor Intel\u00ae Ivy Bridge Core i5 i3 i obs\u0142uguje 2 x DDR3 SO-DIMM do 16 GB, 1 x 2.5&#8243; SATA i 1 x gniazdo CFast. Szeroki zakres DC-in (9V do 24V), wysoka tolerancja temperatury od -40 do 60\u00b0C (otoczenie z przep\u0142ywem powietrza), mo\u017cliwo\u015b\u0107 obs\u0142ugi potr\u00f3jnego wy\u015bwietlacza oraz kompaktowa konstrukcja (201 x 325 x 59 mm) sprawiaj\u0105, \u017ce PER35A jest najlepszym wyborem dla zastosowa\u0144 wysokiej klasy, takich jak oznakowanie cyfrowe czy automatyka przemys\u0142owa, itp. Dodatkowo PER35A zawiera: 6 x porty COM, 4 x USB 3.0, 4 x USB 2.0, podw\u00f3jna sie\u0107 LAN GbE i wyj\u015bcie 1 x VGA, 1 x DVI-D, 1 x HDMI.<\/p>\n<h4>Zaawansowana technologia termiczna i odporno\u015b\u0107 na wibracje<\/h4>\n<p>Unikalna konstrukcja \u015bci\u015ble integruje komponenty elektryczne, termiczne i mechaniczne w kompletnym systemie. PER35A zosta\u0142 zaprojektowany do zastosowa\u0144, kt\u00f3re wymagaj\u0105 wysokiej wydajno\u015bci przy trudnych warunkach \u015brodowiskowych. Rozwi\u0105zanie termiczne PER35A cechuje si\u0119 aluminiowym radiatorem i 4 miedzianymi rurkami pr\u00f3\u017cniowymi (Heat-Pipe), kt\u00f3re skutecznie zarz\u0105dzaj\u0105 rozpraszaniem ciep\u0142a. Ta wytrzyma\u0142a konstrukcja mechaniczna zapewnia r\u00f3wnie\u017c lepsz\u0105 odporno\u015b\u0107 na wibracje, dzi\u0119ki czemu PER35A ma doskona\u0142e mo\u017cliwo\u015bci obliczeniowe przy zminimalizowanym ryzyku uszkodze\u0144.<\/p>\n<h4>Cechy szczeg\u00f3lne:<\/h4>\n<ul>\n<li>Procesor Intel\u00ae 22nm Ivy Bridge (Mobile, rPGA988)<\/li>\n<li>2 x DDR3 SO-DIMM do 16 GB<\/li>\n<li>Gniazdo 2.5&#8243; SATA HDD\/SSD &amp; CF-SATA<\/li>\n<li>6 x porty COM (1 x RS232\/422\/485, 5 x RS232)<\/li>\n<li>4 x USB 3.0 \/ 4 x USB 2.0<\/li>\n<li>Dwa porty LAN GbE<\/li>\n<li>9V ~ 24V DC-in<\/li>\n<li>Szeroki zakres temperatur pracy: -40 do 60\u00b0C (otoczenie z przep\u0142ywem powietrza)<\/li>\n<\/ul>\n<h4>Dane techniczne:<\/h4>\n\n<table id=\"tablepress-250\" class=\"tablepress tablepress-id-250 tbody-has-connected-cells\">\n<thead>\n<tr class=\"row-1\">\n\t<th class=\"column-1\"><strong>MODEL<\/strong><\/th><td class=\"column-2\"><\/td><th class=\"column-3\">ROC335B-ET<\/th><th class=\"column-4\">ROC335B-UT<br \/>\n<\/th>\n<\/tr>\n<\/thead>\n<tbody class=\"row-striping row-hover\">\n<tr class=\"row-2\">\n\t<td class=\"column-1\"><strong>Mechanical and Environment\t<\/strong><\/td><td class=\"column-2\">Operating Temp.<\/td><td class=\"column-3\">-20\u00b0C ~ 60\u00b0C<\/td><td class=\"column-4\"> -40\u00b0C ~ 70\u00b0C<br \/>\n<\/td>\n<\/tr>\n<tr class=\"row-3\">\n\t<td rowspan=\"6\" class=\"column-1\"><strong>System<\/strong><\/td><td class=\"column-2\">CPU <\/td><td class=\"column-3\">Intel\u00ae 22nm Ivy Bridge Processor (Mobile) socket<br \/>\nCore\u2122 i7-3610QE 2.3 GHz (6M Cache, 45W)<br \/>\nCore\u2122 i5-3610ME 2.7 GHz (3M Cache, 35W)<br \/>\nCore\u2122 i3-3120ME 2.4 GHz (3M Cache, 35W)<\/td><td class=\"column-4\"><\/td>\n<\/tr>\n<tr class=\"row-4\">\n\t<td class=\"column-2\">System Chipset<\/td><td class=\"column-3\">Intel\u00ae QM77<br \/>\n<\/td><td class=\"column-4\"><\/td>\n<\/tr>\n<tr class=\"row-5\">\n\t<td class=\"column-2\">Memory<\/td><td class=\"column-3\">2 x 204-pin SO-DIMM DDR3 1333\/1600 up to 16 GB<br \/>\n<\/td><td class=\"column-4\"><\/td>\n<\/tr>\n<tr class=\"row-6\">\n\t<td class=\"column-2\">BIOS<\/td><td class=\"column-3\">AMI\u00ae BIOS<br \/>\n<\/td><td class=\"column-4\"><\/td>\n<\/tr>\n<tr class=\"row-7\">\n\t<td class=\"column-2\">Expansion slot<\/td><td class=\"column-3\">1 x Mini PCIe slot<br \/>\n<\/td><td class=\"column-4\"><\/td>\n<\/tr>\n<tr class=\"row-8\">\n\t<td class=\"column-2\">Storage<\/td><td class=\"column-3\">1 x 2.5\" SATA HDD\/SSD<br \/>\n1 x CF-SATA socket<\/td><td class=\"column-4\"><\/td>\n<\/tr>\n<tr class=\"row-9\">\n\t<td rowspan=\"5\" class=\"column-1\"><strong>Front I\/O\t<\/strong><\/td><td class=\"column-2\">USB <\/td><td class=\"column-3\">4 x USB 2.0<br \/>\n<\/td><td class=\"column-4\"><\/td>\n<\/tr>\n<tr class=\"row-10\">\n\t<td class=\"column-2\">COM<\/td><td class=\"column-3\">4 x RS232 <br \/>\n<\/td><td class=\"column-4\"><\/td>\n<\/tr>\n<tr class=\"row-11\">\n\t<td class=\"column-2\">Power LED<\/td><td class=\"column-3\">Yes<\/td><td class=\"column-4\"><\/td>\n<\/tr>\n<tr class=\"row-12\">\n\t<td class=\"column-2\">HDD LED<\/td><td class=\"column-3\">Yes<\/td><td class=\"column-4\"><\/td>\n<\/tr>\n<tr class=\"row-13\">\n\t<td class=\"column-2\">Audio<\/td><td class=\"column-3\">Mic-in, Line-out<br \/>\n<\/td><td class=\"column-4\"><\/td>\n<\/tr>\n<tr class=\"row-14\">\n\t<td rowspan=\"9\" class=\"column-1\"><strong>Rear I\/O\t<\/strong><\/td><td class=\"column-2\">VGA<\/td><td class=\"column-3\">1<\/td><td class=\"column-4\"><\/td>\n<\/tr>\n<tr class=\"row-15\">\n\t<td class=\"column-2\">DVI-D<\/td><td class=\"column-3\">1 (DVI-D + VGA)<br \/>\n<\/td><td class=\"column-4\"><\/td>\n<\/tr>\n<tr class=\"row-16\">\n\t<td class=\"column-2\">HDMI<\/td><td class=\"column-3\">1<\/td><td class=\"column-4\"><\/td>\n<\/tr>\n<tr class=\"row-17\">\n\t<td class=\"column-2\">Ethernet<\/td><td class=\"column-3\">2 x RJ45<br \/>\n<\/td><td class=\"column-4\"><\/td>\n<\/tr>\n<tr class=\"row-18\">\n\t<td class=\"column-2\">USB <\/td><td class=\"column-3\">4 x USB 3.0<br \/>\n<\/td><td class=\"column-4\"><\/td>\n<\/tr>\n<tr class=\"row-19\">\n\t<td class=\"column-2\">Audio<\/td><td class=\"column-3\">Mic-in, Line-in, Line-out<br \/>\n<\/td><td class=\"column-4\"><\/td>\n<\/tr>\n<tr class=\"row-20\">\n\t<td class=\"column-2\">COM <\/td><td class=\"column-3\">1 x RS232\/422\/485<br \/>\n<\/td><td class=\"column-4\"><\/td>\n<\/tr>\n<tr class=\"row-21\">\n\t<td class=\"column-2\">Antenna <\/td><td class=\"column-3\">Reserved two antenna hole<br \/>\n<\/td><td class=\"column-4\"><\/td>\n<\/tr>\n<tr class=\"row-22\">\n\t<td class=\"column-2\">DC-Jack<\/td><td class=\"column-3\">1<\/td><td class=\"column-4\"><\/td>\n<\/tr>\n<tr class=\"row-23\">\n\t<td class=\"column-1\"><strong>Ethernet<\/strong><\/td><td class=\"column-2\">Chipset<\/td><td class=\"column-3\">Intel\u00ae 82579LM &amp; 82574IT GbE<br \/>\n<\/td><td class=\"column-4\"><\/td>\n<\/tr>\n<\/tbody>\n<\/table>\n<!-- #tablepress-250 from cache -->\n<div id=\"tw-target-text-container\" class=\"tw-ta-container tw-nfl\">\n<pre id=\"tw-target-text\" class=\"tw-data-text tw-text-large tw-ta\" dir=\"ltr\" data-placeholder=\"T\u0142umaczenie\"><\/pre>\n<\/div>\n","protected":false},"excerpt":{"rendered":"<p>System typu \u201erugged\u201d bez wentylatora Intel\u00ae QM77 z procesorem Intel\u00ae Ivy Bridge Core&#x2122; i5\/i3, szerokim zakresem DC-in od 9V do 24V, tolerancj\u0105 temperatury od -40 to 60\u00b0C oraz certyfikatem UL LISTED.<\/p>\n","protected":false},"featured_media":11074,"template":"","meta":{"_acf_changed":false,"inline_featured_image":false,"_monsterinsights_skip_tracking":false,"_monsterinsights_sitenote_active":false,"_monsterinsights_sitenote_note":"","_monsterinsights_sitenote_category":0},"product_brand":[],"product_cat":[715,1585,509],"product_tag":[],"class_list":{"0":"post-5479","1":"product","2":"type-product","3":"status-publish","4":"has-post-thumbnail","6":"product_cat-komputery-kompaktowe-2","7":"product_cat-komputery-kompatkowe-boxpc","8":"product_cat-perfectron","10":"first","11":"instock","12":"shipping-taxable","13":"product-type-simple"},"acf":[],"_links":{"self":[{"href":"https:\/\/quantum.com.pl\/pl\/wp-json\/wp\/v2\/product\/5479","targetHints":{"allow":["GET"]}}],"collection":[{"href":"https:\/\/quantum.com.pl\/pl\/wp-json\/wp\/v2\/product"}],"about":[{"href":"https:\/\/quantum.com.pl\/pl\/wp-json\/wp\/v2\/types\/product"}],"wp:featuredmedia":[{"embeddable":true,"href":"https:\/\/quantum.com.pl\/pl\/wp-json\/wp\/v2\/media\/11074"}],"wp:attachment":[{"href":"https:\/\/quantum.com.pl\/pl\/wp-json\/wp\/v2\/media?parent=5479"}],"wp:term":[{"taxonomy":"product_brand","embeddable":true,"href":"https:\/\/quantum.com.pl\/pl\/wp-json\/wp\/v2\/product_brand?post=5479"},{"taxonomy":"product_cat","embeddable":true,"href":"https:\/\/quantum.com.pl\/pl\/wp-json\/wp\/v2\/product_cat?post=5479"},{"taxonomy":"product_tag","embeddable":true,"href":"https:\/\/quantum.com.pl\/pl\/wp-json\/wp\/v2\/product_tag?post=5479"}],"curies":[{"name":"wp","href":"https:\/\/api.w.org\/{rel}","templated":true}]}}