{"id":5499,"date":"2019-10-30T09:36:29","date_gmt":"2019-10-30T08:36:29","guid":{"rendered":"https:\/\/quantum.com.pl\/?post_type=product&#038;p=5499"},"modified":"2022-03-07T12:36:42","modified_gmt":"2022-03-07T11:36:42","slug":"per33a-2","status":"publish","type":"product","link":"https:\/\/quantum.com.pl\/pl\/product\/per33a-2\/","title":{"rendered":"PER33A"},"content":{"rendered":"<h4>System typu \u201erugged\u201d bez wentylatora z procesorem Intel\u00ae Core i5-3610ME, 12V DC-in oraz szerok\u0105 tolerancj\u0105 temperatury (-40 to 60\u00b0C)<\/h4>\n<p>&nbsp;<\/p>\n<p>PER335B to wydajny system z serii PERFECT, wyposa\u017cony w procesor Intel\u00ae Core i5-3610ME trzeciej generacji, kt\u00f3ry wspiera taktowanie od 2.7 GHz do 3.3 GHz. PER335B zapewnia bogaty interfejs I\/O z 4 portami Ethernet M20 typu &#8222;rugged&#8221;, Multi-Display 1 x VGA i 1 x DVI-D oraz 3 x 2.5&#8243; HDD\/SSD. Obs\u0142uguje 1 x DDR3 SO-DIMM do 8 GB, 2 x Mini PCIe (1 obs\u0142ugiwane z mSATA). Zakres temperatur pracy wynosi: od -40\u2103 do 60\u2103.<\/p>\n<p>Z\u0142\u0105cza M20 cechuj\u0105 si\u0119 wi\u0119ksz\u0105 wytrzyma\u0142o\u015bci\u0105 na trudne warunki \u015brodowiskowe (wodoszczelno\u015b\u0107, py\u0142oszczelno\u015b\u0107), dzi\u0119ki czemu idealnie sprawdzaj\u0105 si\u0119 w wymagaj\u0105cych zastosowaniach, na przyk\u0142ad w kolejnictwie. W rozwi\u0105zaniu kolejowym bogate porty M20 pozwalaj\u0105 na wielokrotne u\u017cycie w tym samym czasie, co Backbone Network. M20 zapewniaj\u0105 kombinacj\u0119 system\u00f3w dla wielu podsystem\u00f3w kolejowych, po\u0142\u0105czenie Audio Public Address &amp; Intercom Call (APAIC), Passenger Information Display System (PIDS), nadz\u00f3r wideo\/telewizja przemys\u0142owa (CCTV) i tak dalej. Multi-Display przez DVI-D i VGA pozwalaj\u0105 na dostosowanie si\u0119 do r\u00f3\u017cnych wymaga\u0144 klient\u00f3w. Ponadto, PER335B posiada 3 wymienne dyski 2,5&#8243; HDD\/SSD i SATA DOM, dzi\u0119ki czemu jest bardziej elastyczny.<\/p>\n<h4>Zaawansowana technologia termiczna i odporno\u015b\u0107 na wibracje<\/h4>\n<p>Unikalna konstrukcja \u015bci\u015ble integruje komponenty elektryczne, termiczne i mechaniczne w kompletnym systemie. PER335A zosta\u0142 zaprojektowany do zastosowa\u0144, kt\u00f3re wymagaj\u0105 wysokiej wydajno\u015bci przy trudnych warunkach \u015brodowiskowych. Rozwi\u0105zanie termiczne PER335A cechuje si\u0119 aluminiowym radiatorem i miedzian\u0105 rurk\u0105 pr\u00f3\u017cniow\u0105 (Heat-Pipe), kt\u00f3ra skutecznie zarz\u0105dza rozpraszaniem ciep\u0142a. Ta wytrzyma\u0142a konstrukcja mechaniczna zapewnia r\u00f3wnie\u017c lepsz\u0105 odporno\u015b\u0107 na wibracje, dzi\u0119ki czemu PER335A ma doskona\u0142e mo\u017cliwo\u015bci obliczeniowe przy zminimalizowanym ryzyku uszkodze\u0144.<\/p>\n<h4>Cechy szczeg\u00f3lne:<\/h4>\n<ul>\n<li>Procesor Intel\u00ae Core &#x2122; i5-3610ME trzeciej generacji (BGA)<\/li>\n<li>Chipset Intel\u00ae QM77 Express<\/li>\n<li>4 x porty Ethernet M20 typu &#8222;rugged&#8221;<\/li>\n<li>Multi-Display przez DVI-D i VGA<\/li>\n<li>Wymienna konstrukcja HDD\/SSD 2.5&#8243;<\/li>\n<li>2 x USB, 2 x COM (1 x RS232\/422\/485, 1 x RS232)<\/li>\n<li>12V DC-in<\/li>\n<li>Szeroki zakres temperatury pracy: -40\u00b0C ~ 60\u00b0C<\/li>\n<\/ul>\n<h4>Dane techniczne:<\/h4>\n\n<table id=\"tablepress-251\" class=\"tablepress tablepress-id-251 tbody-has-connected-cells\">\n<thead>\n<tr class=\"row-1\">\n\t<th colspan=\"2\" class=\"column-1\"><strong>MODEL<\/strong><\/th><th class=\"column-3\">PER361A<br \/>\n<\/th>\n<\/tr>\n<\/thead>\n<tbody class=\"row-striping row-hover\">\n<tr class=\"row-2\">\n\t<td colspan=\"2\" class=\"column-1\"><strong>Operating Temp.\t<\/strong><\/td><td class=\"column-3\">-40\u00b0C ~ +60\u00b0C<\/td>\n<\/tr>\n<tr class=\"row-3\">\n\t<td rowspan=\"3\" class=\"column-1\"><strong>System<\/strong><\/td><td class=\"column-2\">CPU<\/td><td class=\"column-3\">Core\u2122 i7-6600U 2.6 GHz (4M Cache, 15W)<br \/>\n<\/td>\n<\/tr>\n<tr class=\"row-4\">\n\t<td class=\"column-2\">Memory Type<\/td><td class=\"column-3\">2 x DDR4 SO-DIMM up to 32 GB<br \/>\n<\/td>\n<\/tr>\n<tr class=\"row-5\">\n\t<td class=\"column-2\">Storage Device\t<br \/>\n<\/td><td class=\"column-3\">1 x 2.5\" SATA HDD\/SSD<br \/>\n<br \/>\n<\/td>\n<\/tr>\n<tr class=\"row-6\">\n\t<td rowspan=\"3\" class=\"column-1\"><strong>Front I\/O\t<\/strong><\/td><td class=\"column-2\">Power Button\t<br \/>\n<\/td><td class=\"column-3\">1<\/td>\n<\/tr>\n<tr class=\"row-7\">\n\t<td class=\"column-2\">LED Indicator<\/td><td class=\"column-3\">1 x Power LED, 1 x HDD LED<br \/>\n<\/td>\n<\/tr>\n<tr class=\"row-8\">\n\t<td class=\"column-2\">USB<\/td><td class=\"column-3\">2 x USB2.0<br \/>\n<\/td>\n<\/tr>\n<tr class=\"row-9\">\n\t<td rowspan=\"7\" class=\"column-1\"><strong>Rear I\/O\t<\/strong><\/td><td class=\"column-2\">USB<\/td><td class=\"column-3\">4 x USB3,0<br \/>\n<\/td>\n<\/tr>\n<tr class=\"row-10\">\n\t<td class=\"column-2\">LAN<\/td><td class=\"column-3\">2 x RJ45 GbE LAN<br \/>\n4 x RJ45 GbE LAN (Optional)<\/td>\n<\/tr>\n<tr class=\"row-11\">\n\t<td class=\"column-2\">Display Port<\/td><td class=\"column-3\">2<\/td>\n<\/tr>\n<tr class=\"row-12\">\n\t<td class=\"column-2\">COM<\/td><td class=\"column-3\">1 x RS232<br \/>\n<\/td>\n<\/tr>\n<tr class=\"row-13\">\n\t<td class=\"column-2\">CAN bus\t<br \/>\n<\/td><td class=\"column-3\">2 x DB9 CAN bus (Optional)<\/td>\n<\/tr>\n<tr class=\"row-14\">\n\t<td class=\"column-2\">DC-IN<\/td><td class=\"column-3\">4P Rugged terminal block<br \/>\n<\/td>\n<\/tr>\n<tr class=\"row-15\">\n\t<td class=\"column-2\">Antenna Hole<\/td><td class=\"column-3\">2 x SMA Antenna hole<br \/>\n<\/td>\n<\/tr>\n<tr class=\"row-16\">\n\t<td rowspan=\"2\" class=\"column-1\"><strong>OS support list\t<\/strong><\/td><td class=\"column-2\">Windows<\/td><td class=\"column-3\">Windows 8.1, Windows 10<br \/>\n<\/td>\n<\/tr>\n<tr class=\"row-17\">\n\t<td class=\"column-2\">Linux<\/td><td class=\"column-3\">Ubuntu 14.04, Ubuntu 16.04, Fedora 24<br \/>\n<\/td>\n<\/tr>\n<tr class=\"row-18\">\n\t<td rowspan=\"5\" class=\"column-1\"><strong>Mechanical and Environment\t<\/strong><\/td><td class=\"column-2\">Power Requirement<\/td><td class=\"column-3\">9V to 36V DC-in<br \/>\n<\/td>\n<\/tr>\n<tr class=\"row-19\">\n\t<td class=\"column-2\">Dimension (W x D x H)<\/td><td class=\"column-3\">200 x 136.4 x 85.3mm<br \/>\n<\/td>\n<\/tr>\n<tr class=\"row-20\">\n\t<td class=\"column-2\">Operating Temp.<\/td><td class=\"column-3\">-40\u00b0C ~ +60\u00b0C<br \/>\n<\/td>\n<\/tr>\n<tr class=\"row-21\">\n\t<td class=\"column-2\">Storage Temp.<\/td><td class=\"column-3\">-40\u00b0C ~ +85\u00b0C<br \/>\n<\/td>\n<\/tr>\n<tr class=\"row-22\">\n\t<td class=\"column-2\">Relative Humidity<\/td><td class=\"column-3\">5% to 95%, non-condensing<br \/>\n<\/td>\n<\/tr>\n<tr class=\"row-23\">\n\t<td class=\"column-1\"><\/td><td class=\"column-2\"><strong>Certifications<br \/>\n<\/strong><\/td><td class=\"column-3\"><\/td>\n<\/tr>\n<tr class=\"row-24\">\n\t<td class=\"column-1\">EMC<\/td><td class=\"column-2\"><\/td><td class=\"column-3\">CE and FCC compliance<br \/>\n<\/td>\n<\/tr>\n<tr class=\"row-25\">\n\t<td class=\"column-1\">Green Product<\/td><td class=\"column-2\"><\/td><td class=\"column-3\">RoHS, WEEE compliance<br \/>\n<\/td>\n<\/tr>\n<\/tbody>\n<\/table>\n<!-- #tablepress-251 from cache -->\n","protected":false},"excerpt":{"rendered":"<p>System typu \u201erugged\u201d bez wentylatora z procesorem Intel\u00ae Core i5-3610ME, 12V DC-in oraz szerok\u0105 tolerancj\u0105 temperatury (-40 to 60\u00b0C)<\/p>\n","protected":false},"featured_media":11070,"template":"","meta":{"_acf_changed":false,"inline_featured_image":false,"_monsterinsights_skip_tracking":false,"_monsterinsights_sitenote_active":false,"_monsterinsights_sitenote_note":"","_monsterinsights_sitenote_category":0},"product_brand":[],"product_cat":[715,1585,509],"product_tag":[],"class_list":{"0":"post-5499","1":"product","2":"type-product","3":"status-publish","4":"has-post-thumbnail","6":"product_cat-komputery-kompaktowe-2","7":"product_cat-komputery-kompatkowe-boxpc","8":"product_cat-perfectron","10":"first","11":"instock","12":"shipping-taxable","13":"product-type-simple"},"acf":[],"_links":{"self":[{"href":"https:\/\/quantum.com.pl\/pl\/wp-json\/wp\/v2\/product\/5499","targetHints":{"allow":["GET"]}}],"collection":[{"href":"https:\/\/quantum.com.pl\/pl\/wp-json\/wp\/v2\/product"}],"about":[{"href":"https:\/\/quantum.com.pl\/pl\/wp-json\/wp\/v2\/types\/product"}],"wp:featuredmedia":[{"embeddable":true,"href":"https:\/\/quantum.com.pl\/pl\/wp-json\/wp\/v2\/media\/11070"}],"wp:attachment":[{"href":"https:\/\/quantum.com.pl\/pl\/wp-json\/wp\/v2\/media?parent=5499"}],"wp:term":[{"taxonomy":"product_brand","embeddable":true,"href":"https:\/\/quantum.com.pl\/pl\/wp-json\/wp\/v2\/product_brand?post=5499"},{"taxonomy":"product_cat","embeddable":true,"href":"https:\/\/quantum.com.pl\/pl\/wp-json\/wp\/v2\/product_cat?post=5499"},{"taxonomy":"product_tag","embeddable":true,"href":"https:\/\/quantum.com.pl\/pl\/wp-json\/wp\/v2\/product_tag?post=5499"}],"curies":[{"name":"wp","href":"https:\/\/api.w.org\/{rel}","templated":true}]}}