{"id":5509,"date":"2019-10-30T10:58:05","date_gmt":"2019-10-30T09:58:05","guid":{"rendered":"https:\/\/quantum.com.pl\/?post_type=product&#038;p=5509"},"modified":"2020-08-25T23:01:00","modified_gmt":"2020-08-25T21:01:00","slug":"per335a","status":"publish","type":"product","link":"https:\/\/quantum.com.pl\/pl\/product\/per335a\/","title":{"rendered":"PER335A"},"content":{"rendered":"<h4>System typu &#8222;rugged&#8221; bez wentylatora Intel\u00ae Ivy Bridge QM77 z procesorem Ivy Bridge core i7\/i5\/i3, szerokim zakresem DC-in (9V do 24V) oraz wysok\u0105 tolerancj\u0105 temperatury (-40 do 70\u00b0C)<\/h4>\n<p>&nbsp;<\/p>\n<p>PER335A to system o wysokiej wydajno\u015bci i trwa\u0142o\u015bci. Wyposa\u017cony w wysokowydajn\u0105 p\u0142yt\u0119 g\u0142\u00f3wn\u0105 INS8335A Perfectron, PER335A mo\u017ce dzia\u0142a\u0107 nawet w temperaturze +70\u2103 nie d\u0142awi\u0105c procesora i stale zapewniaj\u0105c doskona\u0142\u0105 cz\u0119stotliwo\u015b\u0107 taktowania 2.3 GHz. 8-bitowe DIO mo\u017ce zaspokoi\u0107 potrzeby r\u00f3\u017cnych aplikacji, takich jak automatyka, medycyna, nadz\u00f3r, transport i wojsko. Szeroki zakres DC-in od 9V do 24V mo\u017ce chroni\u0107 system przed uszkodzeniami spowodowanymi nag\u0142ymi wahaniami pr\u0105du.<\/p>\n<p>PER335A przeszed\u0142 pomy\u015blnie testy wibracji i wstrz\u0105s\u00f3w IEC 60068-2-64 i IEC 60068-2-27, co sprawia, \u017ce idealnie nadaje si\u0119 do zastosowa\u0144\u00a0wymagaj\u0105cych ekstremalnej odporno\u015bci na wstrz\u0105sy i wibracje. Aby wyeliminowa\u0107 ryzyko awarii z powodu uszkodze\u0144 mechanicznych, PER335A zosta\u0142 dodatkowo wyposa\u017cony w cztery gumowe podstawki z przodu, co chroni I\/O i wy\u0142\u0105cznik zasilania. Z kolei dzi\u0119ki uchwytom klasy przemys\u0142owej zamontowanym po obu stronach systemu, instalacja produktu jest \u0142atwa, a mobilno\u015b\u0107 \u2013 jeszcze wi\u0119ksza.<\/p>\n<p><img loading=\"lazy\" decoding=\"async\" class=\"aligncenter size-full wp-image-5519\" src=\"https:\/\/quantum.com.pl\/wp-content\/uploads\/2019\/10\/PER335A_PICTURE.jpeg\" alt=\"\" width=\"1058\" height=\"474\" srcset=\"https:\/\/quantum.com.pl\/wp-content\/uploads\/2019\/10\/PER335A_PICTURE.jpeg 1058w, https:\/\/quantum.com.pl\/wp-content\/uploads\/2019\/10\/PER335A_PICTURE-300x134.jpeg 300w, https:\/\/quantum.com.pl\/wp-content\/uploads\/2019\/10\/PER335A_PICTURE-768x344.jpeg 768w, https:\/\/quantum.com.pl\/wp-content\/uploads\/2019\/10\/PER335A_PICTURE-1024x459.jpeg 1024w, https:\/\/quantum.com.pl\/wp-content\/uploads\/2019\/10\/PER335A_PICTURE-860x385.jpeg 860w, https:\/\/quantum.com.pl\/wp-content\/uploads\/2019\/10\/PER335A_PICTURE-600x269.jpeg 600w\" sizes=\"auto, (max-width: 1058px) 100vw, 1058px\" \/><\/p>\n<h4>Cechy szczeg\u00f3lne:<\/h4>\n<ul>\n<li>Procesor Intel\u00ae Ivy Bridge + Intel QM77 PCH<\/li>\n<li>Wiele wy\u015bwietlaczy: VGA, DVI, HDMI<\/li>\n<li>Bogaty interfejs I\/O z 5 portami COM, 8 USB, 2 LAN<\/li>\n<li>2 x gniazdo 2.5\u201d SATA HDD\/SSD &amp; CF-SATA<\/li>\n<li>Elastyczna rozbudowa dzi\u0119ki 1 x miniPCIe<\/li>\n<li>2 x RJ45 dla po\u0142\u0105czenia Ethernet<\/li>\n<li>Konstrukcja o zakresie DC-in 9\u201324V<\/li>\n<li>Rozszerzona temperatura pracy: od -40 do 70\u00b0C<\/li>\n<\/ul>\n<h4>Zintegrowane rozwi\u0105zanie termiczne \u2013 po\u0142\u0105czenie czterech heat pipe\u2019\u00f3w z czystej miedzi i miedzianego heat sinka<\/h4>\n<p>INS8335A, z dynamicznym 4-rdzeniowym procesorem 45W Core i7-3610QE , wymaga rozwi\u0105zania termicznego na r\u00f3wnie wysokim poziomie. Aby osi\u0105gn\u0105\u0107 maksymalne rozpraszanie ciep\u0142a, zaprojektowanie i wdro\u017cenie rur ciep\u0142a jest z\u0142otym kluczem. W tym przypadku zastosowano miedziany radiator i pasywnie ch\u0142odzon\u0105 obudow\u0119, aby stworzy\u0107 skuteczne \u015brodowisko rozpraszania. Struktura czterech heat pipe\u2019\u00f3w z czystej miedzi ma zapewni\u0107 najwy\u017csz\u0105 sprawno\u015b\u0107 ciepln\u0105. Rurki cieplne s\u0105 w stanie szybko rozproszy\u0107 ciep\u0142o generowane przez wewn\u0119trzny rdze\u0144 procesora podczas jego przetwarzania. Zgodnie z wynikami test\u00f3w Perfectron, ka\u017cda rura cieplna z czystej miedzi ma zdolno\u015b\u0107 rozpraszania 9W ciep\u0142a.<\/p>\n<p>Po\u0142\u0105czenie heat pipe\u2019\u00f3w przenosi zdolno\u015b\u0107 rozpraszania ciep\u0142a na nowy poziom. Specjalnie zaprojektowany oraz precyzyjnie zintegrowany radiator strukturalny i wbudowane rury cieplne stanowi\u0105 doskona\u0142e rozwi\u0105zanie termiczne bez wentylatora. Gdy procesor osi\u0105ga 100% pe\u0142nej mocy, zastosowanie czterech rur ciep\u0142a z czystej miedzi o grubo\u015bci 6 mm (minimum) pozwala utrzyma\u0107 pe\u0142n\u0105 pr\u0119dko\u015b\u0107 \u2013 2.3 Ghz!<\/p>\n<h4>Skuteczne urz\u0105dzenia ch\u0142odz\u0105ce dla maksymalnego rozpraszania ciep\u0142a<\/h4>\n<p>Unikalny radiator i rurka ciep\u0142a Perfectron zosta\u0142y zaprojektowane z wielk\u0105 precyzj\u0105. Ka\u017cdy z kluczowych element\u00f3w odprowadzaj\u0105cych ciep\u0142o jest dostosowywany do indywidualnych potrzeb, zgodnie z inn\u0105 struktur\u0105 wewn\u0119trzn\u0105 i zewn\u0119trzn\u0105. Specjalnie zaprojektowany radiator z czystej miedzi jest obrabiany za pomoc\u0105 najbardziej precyzyjnej technologii CNC, przecinaj\u0105c cztery \u015bcie\u017cki o szeroko\u015bci 6,1 mm, dzi\u0119ki czemu rury cieplne o szeroko\u015bci 6 mm mog\u0105 by\u0107 bezproblemowo dopasowane. W por\u00f3wnaniu z konwencjonalnymi sta\u0142ymi przewodnikami ciep\u0142a, takimi jak aluminium, mied\u017a, granit i grafit, kt\u00f3rych przewodno\u015b\u0107 cieplna wynosi od zaledwie 250W\/m\u2022K do 1500W\/m\u2022K, efektywna konstrukcja rurki cieplnej Perfectron o imponuj\u0105co wysokiej przewodno\u015bci cieplnej (5000W\/m\u2022K do 200000W\/m\u2022K), kt\u00f3ra jest 40 razy wy\u017csza ni\u017c standardowe aluminium, gwarantuje na\u0142adowanie systemu do maksymalnej pr\u0119dko\u015bci turbodo\u0142adowania przy minimalnym ca\u0142kowitym wp\u0142ywie.<\/p>\n<p>&nbsp;<\/p>\n<h4>Procedura instalacji:<\/h4>\n<p>Podk\u0142adka termiczna jest najpierw umieszczana bezpo\u015brednio na matrycy procesora, aby utworzy\u0107 \u015bcis\u0142e po\u0142\u0105czenie mi\u0119dzy nimi. Specjalnie wykonany rozpraszacz ciep\u0142a z czterema p\u00f3\u0142kolistymi \u015bcie\u017ckami precyzyjnie frezowanymi CNC, bezpiecznie mie\u015bci cztery rury z czystej miedzi. G\u00f3rna warstwa to p\u0142aski aluminiowy radiator, kt\u00f3ry mo\u017ce stanowi\u0107 najbardziej efektywne rozwi\u0105zanie rozpraszania ciep\u0142a.<\/p>\n<p>&nbsp;<\/p>\n<h4>P\u0142yta g\u0142\u00f3wna systemu: Mini-ITX SBC INS8335A<\/h4>\n<h4><\/h4>\n<p><strong>1. Wszechmocny procesor Intel Core i7<\/strong><\/p>\n<p>Wytrzyma\u0142y system wymaga jeszcze silniejszego serca, kt\u00f3re podtrzyma \u017cycie we wszystkich trudnych aplikacjach. PER335A jest zasilany procesorem Intel Core i7, dzi\u0119ki czemu zar\u00f3wno moc obliczeniowa, jak i wytrzyma\u0142o\u015b\u0107 s\u0105 nie do zdarcia, a dzi\u0119ki technologii Turbo Boost moc obliczeniowa jest jeszcze wi\u0119ksza i jeszcze bardziej niezawodna.<\/p>\n<p><strong>2. Ergonomiczna solidna konstrukcja &#8211; uchwyty i n\u00f3\u017cki<\/strong><\/p>\n<p>Dzi\u0119ki umieszczonym z boku wyj\u0105tkowo niezawodnym uchwytom klasy przemys\u0142owej, system mo\u017cna \u0142atwo instalowa\u0107 i przenosi\u0107. W przypadku operacji wymagaj\u0105cych mobilno\u015bci i elastyczno\u015bci konstrukcja uchwytu pomaga ustali\u0107 dogodne ustawienie. Solidne uchwyty pomagaj\u0105 r\u00f3wnie\u017c w tworzeniu solidniejszych ram. Cztery gumowe n\u00f3\u017cki s\u0105 zainstalowane z przodu, aby chroni\u0107 przednie I\/O i wy\u0142\u0105cznik zasilania przed kolizj\u0105, a tak\u017ce minimalizuj\u0105 wstrz\u0105sy.<\/p>\n<p><strong>3. Kompleksowa konstrukcja termiczna<\/strong><\/p>\n<p>PER335A sk\u0142ada si\u0119 z czterech rurek cieplnych z czystej miedzi oraz pasywnego rozpraszacza ciep\u0142a z miedzi i aluminium. Po obu stronach systemu znajduj\u0105 si\u0119 aluminiowe radiatory, kt\u00f3re zwi\u0119kszaj\u0105 zdolno\u015b\u0107 rozpraszania do zupe\u0142nie nowego poziomu.<\/p>\n<h4>4. Najwy\u017csza odporno\u015b\u0107 na wstrz\u0105sy i wibracje (zgodno\u015b\u0107 z IEC)<\/h4>\n<p>Zdolno\u015b\u0107 do wytrzymania wysokiego poziomu wstrz\u0105s\u00f3w i wibracji jest gwarantowana przez testy wibracji i wstrz\u0105s\u00f3w EC 60068-2-64 i IEC 60068-2-27.<\/p>\n<h4>Dane techniczne:<\/h4>\n\n<table id=\"tablepress-252\" class=\"tablepress tablepress-id-252 tbody-has-connected-cells\">\n<thead>\n<tr class=\"row-1\">\n\t<th class=\"column-1\"><strong>Operating Temp.\t<\/strong><\/th><td class=\"column-2\"><\/td><th class=\"column-3\">-10\u00b0C ~ +60\u00b0C<br \/>\n<\/th>\n<\/tr>\n<\/thead>\n<tbody class=\"row-striping row-hover\">\n<tr class=\"row-2\">\n\t<td rowspan=\"6\" class=\"column-1\"><strong>System\t<\/strong><\/td><td class=\"column-2\">CPU<\/td><td class=\"column-3\">Intel\u00ae Xeon\u00ae Processor D-1541<br \/>\n<\/td>\n<\/tr>\n<tr class=\"row-3\">\n\t<td class=\"column-2\">Chipset\t<br \/>\n<\/td><td class=\"column-3\">SoC, integrated with CPU<br \/>\n<br \/>\n<\/td>\n<\/tr>\n<tr class=\"row-4\">\n\t<td class=\"column-2\">Memory Type\t<br \/>\n<\/td><td class=\"column-3\">Up to 128GB ECC RDIMM DDR4-2400MHz<br \/>\n<br \/>\n<\/td>\n<\/tr>\n<tr class=\"row-5\">\n\t<td class=\"column-2\">BIOS<\/td><td class=\"column-3\">AMI\u00ae SPI BIOS<br \/>\n<\/td>\n<\/tr>\n<tr class=\"row-6\">\n\t<td class=\"column-2\">Expansion Slot\t<br \/>\n<\/td><td class=\"column-3\">1 x PCIex16<br \/>\n<br \/>\n<\/td>\n<\/tr>\n<tr class=\"row-7\">\n\t<td class=\"column-2\">Storage Device<\/td><td class=\"column-3\">2 x 2.5\" Solid State Disk (SSD)<br \/>\n<\/td>\n<\/tr>\n<tr class=\"row-8\">\n\t<td rowspan=\"2\" class=\"column-1\"><strong>Display\t<\/strong><\/td><td class=\"column-2\">DisplayPort<\/td><td class=\"column-3\">1 (Max Resolution 4096*2304)<br \/>\n<\/td>\n<\/tr>\n<tr class=\"row-9\">\n\t<td class=\"column-2\">VGA<\/td><td class=\"column-3\">Resolution up to 1920\u00d71200@60Hz<br \/>\n<\/td>\n<\/tr>\n<tr class=\"row-10\">\n\t<td rowspan=\"3\" class=\"column-1\"><strong>Ethernet\t<\/strong><\/td><td class=\"column-2\">Chipset<\/td><td class=\"column-3\">1 x Intel\u00ae I350-AM2 GbE LAN<br \/>\n(support 10\/100\/1000 Mbps for RJ45 port)<\/td>\n<\/tr>\n<tr class=\"row-11\">\n\t<td class=\"column-2\">WOL<\/td><td class=\"column-3\">Yes<\/td>\n<\/tr>\n<tr class=\"row-12\">\n\t<td class=\"column-2\">Boot from LAN<\/td><td class=\"column-3\">Yes for PXE<br \/>\n<\/td>\n<\/tr>\n<tr class=\"row-13\">\n\t<td rowspan=\"4\" class=\"column-1\"><strong>Rear I\/O\t<\/strong><\/td><td class=\"column-2\">Ethernet<\/td><td class=\"column-3\">2 x RJ45 Gigabit Ethernet LAN Interfaces<br \/>\n1 x IPMI LAN Interface<\/td>\n<\/tr>\n<tr class=\"row-14\">\n\t<td class=\"column-2\">VGA Port<\/td><td class=\"column-3\">1 x DB15 connector<br \/>\n<\/td>\n<\/tr>\n<tr class=\"row-15\">\n\t<td class=\"column-2\">USB<\/td><td class=\"column-3\">2 x USB3.0 standard-A connectors<br \/>\n2 x USB2.0 standard-A connectors<\/td>\n<\/tr>\n<tr class=\"row-16\">\n\t<td class=\"column-2\">AC-IN<\/td><td class=\"column-3\">1 x IEC C14 Plug<br \/>\n<\/td>\n<\/tr>\n<tr class=\"row-17\">\n\t<td rowspan=\"4\" class=\"column-1\"><strong>Front I\/O\t<\/strong><\/td><td class=\"column-2\">Button<\/td><td class=\"column-3\">1 x Power Button w\/Indicator LED<br \/>\n<\/td>\n<\/tr>\n<tr class=\"row-18\">\n\t<td class=\"column-2\">Indicator LED<\/td><td class=\"column-3\">1 x HDD LED<br \/>\n<\/td>\n<\/tr>\n<tr class=\"row-19\">\n\t<td class=\"column-2\">USB Port<\/td><td class=\"column-3\">2 x USB2.0 standard-A connectors<br \/>\n<\/td>\n<\/tr>\n<tr class=\"row-20\">\n\t<td class=\"column-2\">SSD Tray<\/td><td class=\"column-3\">2 x 2.5 SSD Easy Swap Tray<br \/>\n<\/td>\n<\/tr>\n<tr class=\"row-21\">\n\t<td rowspan=\"3\" class=\"column-1\"><strong>OS support list\t<\/strong><\/td><td class=\"column-2\">Windows<\/td><td class=\"column-3\">Windows 10 64Bit, Windows Server 2008 R2, Windows Server 2012 R2<br \/>\n<\/td>\n<\/tr>\n<tr class=\"row-22\">\n\t<td class=\"column-2\">Linux<\/td><td class=\"column-3\">Ubuntu14.04, Fedora 20\/23, RedHat Linux EL 7.1\/7.2, Vmware ESXi 6.0, ESXi 6.5<br \/>\n<\/td>\n<\/tr>\n<tr class=\"row-23\">\n\t<td class=\"column-2\"><strong>Mechanical and Environment<br \/>\n<\/strong><\/td><td class=\"column-3\"><\/td>\n<\/tr>\n<tr class=\"row-24\">\n\t<td class=\"column-1\">Form Factor<\/td><td class=\"column-2\">Mini-ITX<br \/>\n<\/td><td class=\"column-3\"><\/td>\n<\/tr>\n<tr class=\"row-25\">\n\t<td class=\"column-1\">Power Type<\/td><td class=\"column-2\">90V to 264V AC-in, 200W max<br \/>\n<\/td><td class=\"column-3\"><\/td>\n<\/tr>\n<tr class=\"row-26\">\n\t<td class=\"column-1\">Dimension<\/td><td class=\"column-2\">430 x 380 x 44.6 mm<br \/>\n<\/td><td class=\"column-3\"><\/td>\n<\/tr>\n<tr class=\"row-27\">\n\t<td class=\"column-1\">Operating Temp.<\/td><td class=\"column-2\">-10 to 60\u00b0C<br \/>\n<\/td><td class=\"column-3\"><\/td>\n<\/tr>\n<tr class=\"row-28\">\n\t<td class=\"column-1\">Storage Temp.<\/td><td class=\"column-2\">-40 to 85\u00b0C<br \/>\n<\/td><td class=\"column-3\"><\/td>\n<\/tr>\n<tr class=\"row-29\">\n\t<td class=\"column-1\">Relative Humidity<\/td><td class=\"column-2\">10% to 90%, non-condensing<\/td><td class=\"column-3\"><\/td>\n<\/tr>\n<\/tbody>\n<\/table>\n<!-- #tablepress-252 from cache -->\n","protected":false},"excerpt":{"rendered":"<h4>System typu &#8222;rugged&#8221; bez wentylatora Intel\u00ae Ivy Bridge QM77 z procesorem Ivy Bridge core i7\/i5\/i3, szerokim zakresem DC-in (9V do 24V) oraz wysok\u0105 tolerancj\u0105 temperatury (-40 do 70\u00b0C)<\/h4>\n","protected":false},"featured_media":11068,"template":"","meta":{"_acf_changed":false,"inline_featured_image":false,"_monsterinsights_skip_tracking":false,"_monsterinsights_sitenote_active":false,"_monsterinsights_sitenote_note":"","_monsterinsights_sitenote_category":0},"product_brand":[],"product_cat":[715,1585,509],"product_tag":[],"class_list":{"0":"post-5509","1":"product","2":"type-product","3":"status-publish","4":"has-post-thumbnail","6":"product_cat-komputery-kompaktowe-2","7":"product_cat-komputery-kompatkowe-boxpc","8":"product_cat-perfectron","10":"first","11":"instock","12":"shipping-taxable","13":"product-type-simple"},"acf":[],"_links":{"self":[{"href":"https:\/\/quantum.com.pl\/pl\/wp-json\/wp\/v2\/product\/5509","targetHints":{"allow":["GET"]}}],"collection":[{"href":"https:\/\/quantum.com.pl\/pl\/wp-json\/wp\/v2\/product"}],"about":[{"href":"https:\/\/quantum.com.pl\/pl\/wp-json\/wp\/v2\/types\/product"}],"wp:featuredmedia":[{"embeddable":true,"href":"https:\/\/quantum.com.pl\/pl\/wp-json\/wp\/v2\/media\/11068"}],"wp:attachment":[{"href":"https:\/\/quantum.com.pl\/pl\/wp-json\/wp\/v2\/media?parent=5509"}],"wp:term":[{"taxonomy":"product_brand","embeddable":true,"href":"https:\/\/quantum.com.pl\/pl\/wp-json\/wp\/v2\/product_brand?post=5509"},{"taxonomy":"product_cat","embeddable":true,"href":"https:\/\/quantum.com.pl\/pl\/wp-json\/wp\/v2\/product_cat?post=5509"},{"taxonomy":"product_tag","embeddable":true,"href":"https:\/\/quantum.com.pl\/pl\/wp-json\/wp\/v2\/product_tag?post=5509"}],"curies":[{"name":"wp","href":"https:\/\/api.w.org\/{rel}","templated":true}]}}