{"id":5562,"date":"2019-10-30T13:26:45","date_gmt":"2019-10-30T12:26:45","guid":{"rendered":"https:\/\/quantum.com.pl\/?post_type=product&#038;p=5562"},"modified":"2022-03-07T12:37:40","modified_gmt":"2022-03-07T11:37:40","slug":"per33a","status":"publish","type":"product","link":"https:\/\/quantum.com.pl\/pl\/product\/per33a\/","title":{"rendered":"PER33A"},"content":{"rendered":"<h4>System typu \u201erugged\u201d bez wentylatora Intel\u00ae Core&#x2122; i7\/i5 z chipsetem Intel QM57 oraz szerokim zakresem DC-in (9V do 30V)<\/h4>\n<p>&nbsp;<\/p>\n<p>Wykorzystuj\u0105cy 32 nm procesor Intel\u00ae Core &#x2122; i7\/i5, system bez wentylatora PER33A obs\u0142uguje 2 gniazda rozszerze\u0144 (1 x PCI, 1 x PCIe) i zapewnia szerok\u0105 gam\u0119 konfiguracji I\/O wy\u015bwietlacza oraz bogate interfejsy I\/O, w tym dwa porty Intel\u00ae GbE Ethernet, 5 port\u00f3w COM, 6 port\u00f3w USB, 8 BIT GPIO, 2 x SATAII i interfejsy audio.<\/p>\n<p>PER33A zosta\u0142 zaprojektowany z my\u015bl\u0105 o klientach z wysokimi wymaganiami w zakresie przetwarzania grafiki oraz aplikacjach docelowych, takich jak automatyka przemys\u0142owa, systemy informacyjno-rozrywkowe, nadz\u00f3r bezpiecze\u0144stwa czy obrazowanie medyczne.<\/p>\n<h4>Cechy szczeg\u00f3lne:<\/h4>\n<ul>\n<li>Procesor Intel\u00ae Core&#x2122; i7 \/ i5<\/li>\n<li>Mobile Intel\u00ae QM57 PCH<\/li>\n<li>Dwa porty LAN Intel\u00ae GbE<\/li>\n<li>Podw\u00f3jny niezale\u017cny wy\u015bwietlacz VGA lub VGA\/DVI<\/li>\n<li>3 x RS232 i 1 x RS232\/422\/485<\/li>\n<li>8-bit DIO (4 in\/4 out)<\/li>\n<li>Gniazda rozszerze\u0144 1x PCI, 1x PCle<\/li>\n<li>Konstrukcja zasilania DC\/DC obs\u0142uguje szeroki zakres DC-in od 9V do 30V<\/li>\n<\/ul>\n","protected":false},"excerpt":{"rendered":"<p>System typu \u201erugged\u201d bez wentylatora Intel\u00ae Core&#x2122; i7\/i5 z chipsetem Intel QM57 oraz szerokim zakresem DC-in (9V do 30V)<\/p>\n","protected":false},"featured_media":11072,"template":"","meta":{"_acf_changed":false,"inline_featured_image":false,"_monsterinsights_skip_tracking":false,"_monsterinsights_sitenote_active":false,"_monsterinsights_sitenote_note":"","_monsterinsights_sitenote_category":0},"product_brand":[],"product_cat":[715,1585,509],"product_tag":[],"class_list":{"0":"post-5562","1":"product","2":"type-product","3":"status-publish","4":"has-post-thumbnail","6":"product_cat-komputery-kompaktowe-2","7":"product_cat-komputery-kompatkowe-boxpc","8":"product_cat-perfectron","10":"first","11":"instock","12":"shipping-taxable","13":"product-type-simple"},"acf":[],"_links":{"self":[{"href":"https:\/\/quantum.com.pl\/pl\/wp-json\/wp\/v2\/product\/5562","targetHints":{"allow":["GET"]}}],"collection":[{"href":"https:\/\/quantum.com.pl\/pl\/wp-json\/wp\/v2\/product"}],"about":[{"href":"https:\/\/quantum.com.pl\/pl\/wp-json\/wp\/v2\/types\/product"}],"wp:featuredmedia":[{"embeddable":true,"href":"https:\/\/quantum.com.pl\/pl\/wp-json\/wp\/v2\/media\/11072"}],"wp:attachment":[{"href":"https:\/\/quantum.com.pl\/pl\/wp-json\/wp\/v2\/media?parent=5562"}],"wp:term":[{"taxonomy":"product_brand","embeddable":true,"href":"https:\/\/quantum.com.pl\/pl\/wp-json\/wp\/v2\/product_brand?post=5562"},{"taxonomy":"product_cat","embeddable":true,"href":"https:\/\/quantum.com.pl\/pl\/wp-json\/wp\/v2\/product_cat?post=5562"},{"taxonomy":"product_tag","embeddable":true,"href":"https:\/\/quantum.com.pl\/pl\/wp-json\/wp\/v2\/product_tag?post=5562"}],"curies":[{"name":"wp","href":"https:\/\/api.w.org\/{rel}","templated":true}]}}