{"id":5574,"date":"2019-10-30T13:42:58","date_gmt":"2019-10-30T12:42:58","guid":{"rendered":"https:\/\/quantum.com.pl\/?post_type=product&#038;p=5574"},"modified":"2020-08-25T23:01:01","modified_gmt":"2020-08-25T21:01:01","slug":"per361a","status":"publish","type":"product","link":"https:\/\/quantum.com.pl\/pl\/product\/per361a\/","title":{"rendered":"PER361A"},"content":{"rendered":"<h4>System bez wentylatora z procesorem Intel\u00ae 6th Core&#x2122; i7-6600U, podw\u00f3jnym portem Display, 4 GbE LAN (max), COM, 6 x USB, szerokim zakresem DC-in (9V do 36V) oraz wysok\u0105 tolerancj\u0105 temperatury (-40 do 60\u00b0C )<\/h4>\n<p>&nbsp;<\/p>\n<h4>Cechy szczeg\u00f3lne:<\/h4>\n<ul>\n<li>Zgodno\u015b\u0107 z MIL-STD 810G<\/li>\n<li>Procesor Intel\u00ae Core &#x2122; i7-6600U 6. generacji<\/li>\n<li>2 x DDR4 SO-DIMM do 32 GB pami\u0119ci RAM<\/li>\n<li>4 x Intel\u00ae Gigabit Ethernet (maks.)<\/li>\n<li>6 x USB, 1 x port COM<\/li>\n<li>Zakres DC-in 9V do 36V<\/li>\n<li>Rozszerzona temperatura pracy: od -40 do 60\u00b0C<\/li>\n<\/ul>\n<h4>Dane techniczne:<\/h4>\n\n<table id=\"tablepress-255\" class=\"tablepress tablepress-id-255 tbody-has-connected-cells\">\n<thead>\n<tr class=\"row-1\">\n\t<th class=\"column-1\"><strong>Operating Temp.\t<\/strong><\/th><td class=\"column-2\"><\/td><th class=\"column-3\">-40\u00b0C ~ +70\u00b0C<br \/>\n<\/th>\n<\/tr>\n<\/thead>\n<tbody class=\"row-striping row-hover\">\n<tr class=\"row-2\">\n\t<td rowspan=\"5\" class=\"column-1\"><strong>System<\/strong><\/td><td class=\"column-2\">CPU<\/td><td class=\"column-3\">Intel\u00ae 22nm Ivy Bridge Processor (Mobile) socket(rPGA988)<br \/>\n<br \/>\nIntel\u00ae Core\u2122 i7-3610QE (4C x 3.3 GHZ), 6M L2 cache (45W)<br \/>\n<br \/>\nIntel\u00ae Core\u2122 i5-3610ME (2C x 2.7 GHZ), 3M L2 cache (35W)<br \/>\n<br \/>\nIntel\u00ae Core\u2122 i3-3120ME (2C x 2.4 GHZ), 3M L2 cache (35W)<\/td>\n<\/tr>\n<tr class=\"row-3\">\n\t<td class=\"column-2\">Chipset<\/td><td class=\"column-3\">Intel\u00ae QM77 Express Chipset (Intel\u00ae BD82QM77 PCH)<br \/>\n<\/td>\n<\/tr>\n<tr class=\"row-4\">\n\t<td class=\"column-2\">Memory Type<\/td><td class=\"column-3\">2 x 204-pin SO-DIMM DDR3 1333\/1600 MHz up to 16GB<br \/>\n<\/td>\n<\/tr>\n<tr class=\"row-5\">\n\t<td class=\"column-2\">Expansion Slot\t<br \/>\n<\/td><td class=\"column-3\">2 x PCI by PCIe x 1, from PCH<br \/>\n<br \/>\n1 x Mini PCIe for GEN2<\/td>\n<\/tr>\n<tr class=\"row-6\">\n\t<td class=\"column-2\">Storage Device<\/td><td class=\"column-3\">2 x 2.5\" SATA HDD\/SSD (Easy Swap 2.5\" HDD cage)<br \/>\nSupports RAID 0,1<\/td>\n<\/tr>\n<tr class=\"row-7\">\n\t<td rowspan=\"5\" class=\"column-1\"><strong>Front I\/O\t<\/strong><\/td><td class=\"column-2\">Power Button<\/td><td class=\"column-3\">1<\/td>\n<\/tr>\n<tr class=\"row-8\">\n\t<td class=\"column-2\">Power LED<\/td><td class=\"column-3\">1<\/td>\n<\/tr>\n<tr class=\"row-9\">\n\t<td class=\"column-2\">HDD LED<\/td><td class=\"column-3\">1<\/td>\n<\/tr>\n<tr class=\"row-10\">\n\t<td class=\"column-2\">USB<\/td><td class=\"column-3\">2 x USB 2.0<br \/>\n<\/td>\n<\/tr>\n<tr class=\"row-11\">\n\t<td class=\"column-2\">Reset<\/td><td class=\"column-3\">1<\/td>\n<\/tr>\n<tr class=\"row-12\">\n\t<td rowspan=\"10\" class=\"column-1\"><strong>Rear I\/O\t<\/strong><\/td><td class=\"column-2\">VGA<\/td><td class=\"column-3\">1 x 15-pin VGA connector (female)<br \/>\n<\/td>\n<\/tr>\n<tr class=\"row-13\">\n\t<td class=\"column-2\">DVI-D<\/td><td class=\"column-3\">1 x 25-pin DVI-D connector (female)<br \/>\n<\/td>\n<\/tr>\n<tr class=\"row-14\">\n\t<td class=\"column-2\">HDMI<\/td><td class=\"column-3\">1 x 19-pin HDMI A Type connector (female)<br \/>\n<\/td>\n<\/tr>\n<tr class=\"row-15\">\n\t<td class=\"column-2\">Ethernet<\/td><td class=\"column-3\">Intel\u00ae 82579LM &amp; 82574IT GbE LAN (support 10\/100\/1000 Mbps for x2 RJ45 ports)<br \/>\n<\/td>\n<\/tr>\n<tr class=\"row-16\">\n\t<td class=\"column-2\">Audio<\/td><td class=\"column-3\">Mic-in, Line-out<br \/>\n<\/td>\n<\/tr>\n<tr class=\"row-17\">\n\t<td class=\"column-2\">COM<\/td><td class=\"column-3\">1 x RS232\/422\/485<br \/>\n<\/td>\n<\/tr>\n<tr class=\"row-18\">\n\t<td class=\"column-2\"><\/td><td class=\"column-3\"><strong>Serial Signals<br \/>\n<\/strong><\/td>\n<\/tr>\n<tr class=\"row-19\">\n\t<td class=\"column-2\"><\/td><td class=\"column-3\">RS232: DCD-, RXD, TXD, DTR-, GND, DSR-, RTS-, CTS-<br \/>\n<br \/>\nRS422: TX-, RX+, TX+, RX-, GND,<br \/>\n<br \/>\nRS485: DATA-, DATA+, GND<\/td>\n<\/tr>\n<tr class=\"row-20\">\n\t<td class=\"column-2\">USB<\/td><td class=\"column-3\">4 x USB 3.0<br \/>\n<\/td>\n<\/tr>\n<tr class=\"row-21\">\n\t<td class=\"column-2\">DC-in<\/td><td class=\"column-3\">1 ( Terminal Block)<br \/>\n<\/td>\n<\/tr>\n<tr class=\"row-22\">\n\t<td rowspan=\"2\" class=\"column-1\"><strong>OS support list\t<\/strong><\/td><td class=\"column-2\">Windows<\/td><td class=\"column-3\">Windows 7 x32\/ x64\u3001Windows 8.1 x32\/ x64\u3001Windows 10 x32\/ x64<br \/>\n<\/td>\n<\/tr>\n<tr class=\"row-23\">\n\t<td class=\"column-2\">Linux<\/td><td class=\"column-3\">Open SUSE 12.2\u3001Ubuntu 12.04<br \/>\n<\/td>\n<\/tr>\n<tr class=\"row-24\">\n\t<td rowspan=\"5\" class=\"column-1\"><strong>Mechanical and Environment<br \/>\n<\/strong><\/td><td class=\"column-2\">Power Requirement<\/td><td class=\"column-3\">9V to 24V DC-in<br \/>\n<\/td>\n<\/tr>\n<tr class=\"row-25\">\n\t<td class=\"column-2\">Dimension<\/td><td class=\"column-3\">440 x 44 x 380 mm (17.32\" x 1.73\" x 14.96\")<br \/>\n<\/td>\n<\/tr>\n<tr class=\"row-26\">\n\t<td class=\"column-2\">Operating Temp.<\/td><td class=\"column-3\">-40 to 70\u00b0C (ambient with air flow)<br \/>\n<\/td>\n<\/tr>\n<tr class=\"row-27\">\n\t<td class=\"column-2\">Storage Temp.<\/td><td class=\"column-3\">-20 to 80\u00b0C<br \/>\n<\/td>\n<\/tr>\n<tr class=\"row-28\">\n\t<td class=\"column-2\">Relative Humidity<\/td><td class=\"column-3\">10% to 90%, non-condensing<br \/>\n<\/td>\n<\/tr>\n<tr class=\"row-29\">\n\t<td class=\"column-1\"><strong>Certifications<br \/>\n<\/strong><\/td><td class=\"column-2\">EMC<\/td><td class=\"column-3\">CE, FCC<\/td>\n<\/tr>\n<\/tbody>\n<\/table>\n<!-- #tablepress-255 from cache -->\n","protected":false},"excerpt":{"rendered":"<p>System bez wentylatora z procesorem Intel\u00ae 6th Core&#x2122; i7-6600U, podw\u00f3jnym portem Display, Quad GbE LAN (max), COM, 6 x USB, szerokim zakresem DC-in (9V do 36V) oraz wysok\u0105 tolerancj\u0105 temperatury (-40 do 60\u00b0C )<\/p>\n","protected":false},"featured_media":11076,"template":"","meta":{"_acf_changed":false,"inline_featured_image":false,"_monsterinsights_skip_tracking":false,"_monsterinsights_sitenote_active":false,"_monsterinsights_sitenote_note":"","_monsterinsights_sitenote_category":0},"product_brand":[],"product_cat":[715,1585,509],"product_tag":[],"class_list":{"0":"post-5574","1":"product","2":"type-product","3":"status-publish","4":"has-post-thumbnail","6":"product_cat-komputery-kompaktowe-2","7":"product_cat-komputery-kompatkowe-boxpc","8":"product_cat-perfectron","10":"first","11":"instock","12":"shipping-taxable","13":"product-type-simple"},"acf":[],"_links":{"self":[{"href":"https:\/\/quantum.com.pl\/pl\/wp-json\/wp\/v2\/product\/5574","targetHints":{"allow":["GET"]}}],"collection":[{"href":"https:\/\/quantum.com.pl\/pl\/wp-json\/wp\/v2\/product"}],"about":[{"href":"https:\/\/quantum.com.pl\/pl\/wp-json\/wp\/v2\/types\/product"}],"wp:featuredmedia":[{"embeddable":true,"href":"https:\/\/quantum.com.pl\/pl\/wp-json\/wp\/v2\/media\/11076"}],"wp:attachment":[{"href":"https:\/\/quantum.com.pl\/pl\/wp-json\/wp\/v2\/media?parent=5574"}],"wp:term":[{"taxonomy":"product_brand","embeddable":true,"href":"https:\/\/quantum.com.pl\/pl\/wp-json\/wp\/v2\/product_brand?post=5574"},{"taxonomy":"product_cat","embeddable":true,"href":"https:\/\/quantum.com.pl\/pl\/wp-json\/wp\/v2\/product_cat?post=5574"},{"taxonomy":"product_tag","embeddable":true,"href":"https:\/\/quantum.com.pl\/pl\/wp-json\/wp\/v2\/product_tag?post=5574"}],"curies":[{"name":"wp","href":"https:\/\/api.w.org\/{rel}","templated":true}]}}